{"id":5874,"date":"2020-03-14T19:42:51","date_gmt":"2020-03-14T23:42:51","guid":{"rendered":"https:\/\/milident.com\/rsvp-de-levenement\/"},"modified":"2022-07-12T09:49:14","modified_gmt":"2022-07-12T13:49:14","slug":"rsvp-de-levenement","status":"publish","type":"page","link":"https:\/\/milident.com\/fr\/rsvp-de-levenement\/","title":{"rendered":"RSVP de l&rsquo;\u00e9v\u00e9nement"},"content":{"rendered":"<div class=\"wpb-content-wrapper\">[vc_row][vc_column][vc_column_text]\n<h3 style=\"text-align: center;\">Meilleures pratiques pour les chirurgies d&rsquo;implants \u00e0 main lev\u00e9e et guid\u00e9es<\/h3>\n[\/vc_column_text][vc_column_text]\n<p style=\"text-align: center;\">Veuillez remplir vos coordonn\u00e9es dans le formulaire d&rsquo;inscription \u00e0 l&rsquo;\u00e9v\u00e9nement ci-dessous et vous serez automatiquement inscrit ; nous vous contacterons pour les d\u00e9tails du paiement. L&rsquo;inscription \u00e0 l&rsquo;\u00e9v\u00e9nement doit \u00eatre effectu\u00e9e au moins sept (7) jours avant l&rsquo;\u00e9v\u00e9nement.<\/p>\n[\/vc_column_text][vc_column_text][ninja_form id=\u00a0\u00bb10&Prime;][\/vc_column_text][\/vc_column][\/vc_row]\n<\/div>","protected":false},"excerpt":{"rendered":"<p>[vc_row][vc_column][vc_column_text] Meilleures pratiques pour les chirurgies d&rsquo;implants \u00e0 main lev\u00e9e et guid\u00e9es [\/vc_column_text][vc_column_text] Veuillez remplir vos coordonn\u00e9es dans le formulaire d&rsquo;inscription \u00e0 l&rsquo;\u00e9v\u00e9nement ci-dessous et vous serez automatiquement inscrit ; nous vous contacterons pour les d\u00e9tails du paiement. L&rsquo;inscription \u00e0 l&rsquo;\u00e9v\u00e9nement doit \u00eatre effectu\u00e9e au moins sept (7) jours avant l&rsquo;\u00e9v\u00e9nement. [\/vc_column_text][vc_column_text][ninja_form id=\u00a0\u00bb10&Prime;][\/vc_column_text][\/vc_column][\/vc_row]<\/p>\n","protected":false},"author":1,"featured_media":0,"parent":0,"menu_order":0,"comment_status":"closed","ping_status":"closed","template":"","meta":{"inline_featured_image":false,"footnotes":""},"class_list":["post-5874","page","type-page","status-publish","hentry"],"yoast_head":"<!-- This site is optimized with the Yoast SEO plugin v27.2 - https:\/\/yoast.com\/product\/yoast-seo-wordpress\/ -->\n<title>RSVP de l&#039;\u00e9v\u00e9nement - Milident<\/title>\n<meta name=\"robots\" content=\"index, follow, max-snippet:-1, max-image-preview:large, max-video-preview:-1\" \/>\n<link rel=\"canonical\" href=\"https:\/\/milident.com\/fr\/rsvp-de-levenement\/\" \/>\n<meta property=\"og:locale\" content=\"fr_FR\" \/>\n<meta property=\"og:type\" content=\"article\" \/>\n<meta property=\"og:title\" content=\"RSVP de l&#039;\u00e9v\u00e9nement - Milident\" \/>\n<meta property=\"og:description\" content=\"[vc_row][vc_column][vc_column_text] Meilleures pratiques pour les chirurgies d&rsquo;implants \u00e0 main lev\u00e9e et guid\u00e9es [\/vc_column_text][vc_column_text] Veuillez remplir vos coordonn\u00e9es dans le formulaire d&rsquo;inscription \u00e0 l&rsquo;\u00e9v\u00e9nement ci-dessous et vous serez automatiquement inscrit ; nous vous contacterons pour les d\u00e9tails du paiement. L&rsquo;inscription \u00e0 l&rsquo;\u00e9v\u00e9nement doit \u00eatre effectu\u00e9e au moins sept (7) jours avant l&rsquo;\u00e9v\u00e9nement. [\/vc_column_text][vc_column_text][ninja_form id=\u00a0\u00bb10&Prime;][\/vc_column_text][\/vc_column][\/vc_row]\" \/>\n<meta property=\"og:url\" content=\"https:\/\/milident.com\/fr\/rsvp-de-levenement\/\" \/>\n<meta property=\"og:site_name\" content=\"Milident\" \/>\n<meta property=\"article:publisher\" content=\"https:\/\/www.facebook.com\/capitalceramicsEdmonton\" \/>\n<meta property=\"article:modified_time\" content=\"2022-07-12T13:49:14+00:00\" \/>\n<meta name=\"twitter:card\" content=\"summary_large_image\" \/>\n<script type=\"application\/ld+json\" class=\"yoast-schema-graph\">{\"@context\":\"https:\/\/schema.org\",\"@graph\":[{\"@type\":\"WebPage\",\"@id\":\"https:\/\/milident.com\/fr\/rsvp-de-levenement\/\",\"url\":\"https:\/\/milident.com\/fr\/rsvp-de-levenement\/\",\"name\":\"RSVP de l'\u00e9v\u00e9nement - Milident\",\"isPartOf\":{\"@id\":\"https:\/\/milident.com\/fr\/#website\"},\"datePublished\":\"2020-03-14T23:42:51+00:00\",\"dateModified\":\"2022-07-12T13:49:14+00:00\",\"breadcrumb\":{\"@id\":\"https:\/\/milident.com\/fr\/rsvp-de-levenement\/#breadcrumb\"},\"inLanguage\":\"fr-FR\",\"potentialAction\":[{\"@type\":\"ReadAction\",\"target\":[\"https:\/\/milident.com\/fr\/rsvp-de-levenement\/\"]}]},{\"@type\":\"BreadcrumbList\",\"@id\":\"https:\/\/milident.com\/fr\/rsvp-de-levenement\/#breadcrumb\",\"itemListElement\":[{\"@type\":\"ListItem\",\"position\":1,\"name\":\"Home\",\"item\":\"https:\/\/milident.com\/fr\/\"},{\"@type\":\"ListItem\",\"position\":2,\"name\":\"RSVP de l&#8217;\u00e9v\u00e9nement\"}]},{\"@type\":\"WebSite\",\"@id\":\"https:\/\/milident.com\/fr\/#website\",\"url\":\"https:\/\/milident.com\/fr\/\",\"name\":\"Milident\",\"description\":\"Fully digital laboratory\",\"potentialAction\":[{\"@type\":\"SearchAction\",\"target\":{\"@type\":\"EntryPoint\",\"urlTemplate\":\"https:\/\/milident.com\/fr\/?s={search_term_string}\"},\"query-input\":{\"@type\":\"PropertyValueSpecification\",\"valueRequired\":true,\"valueName\":\"search_term_string\"}}],\"inLanguage\":\"fr-FR\"}]}<\/script>\n<!-- \/ Yoast SEO plugin. -->","yoast_head_json":{"title":"RSVP de l'\u00e9v\u00e9nement - Milident","robots":{"index":"index","follow":"follow","max-snippet":"max-snippet:-1","max-image-preview":"max-image-preview:large","max-video-preview":"max-video-preview:-1"},"canonical":"https:\/\/milident.com\/fr\/rsvp-de-levenement\/","og_locale":"fr_FR","og_type":"article","og_title":"RSVP de l'\u00e9v\u00e9nement - Milident","og_description":"[vc_row][vc_column][vc_column_text] Meilleures pratiques pour les chirurgies d&rsquo;implants \u00e0 main lev\u00e9e et guid\u00e9es [\/vc_column_text][vc_column_text] Veuillez remplir vos coordonn\u00e9es dans le formulaire d&rsquo;inscription \u00e0 l&rsquo;\u00e9v\u00e9nement ci-dessous et vous serez automatiquement inscrit ; nous vous contacterons pour les d\u00e9tails du paiement. L&rsquo;inscription \u00e0 l&rsquo;\u00e9v\u00e9nement doit \u00eatre effectu\u00e9e au moins sept (7) jours avant l&rsquo;\u00e9v\u00e9nement. [\/vc_column_text][vc_column_text][ninja_form id=\u00a0\u00bb10&Prime;][\/vc_column_text][\/vc_column][\/vc_row]","og_url":"https:\/\/milident.com\/fr\/rsvp-de-levenement\/","og_site_name":"Milident","article_publisher":"https:\/\/www.facebook.com\/capitalceramicsEdmonton","article_modified_time":"2022-07-12T13:49:14+00:00","twitter_card":"summary_large_image","schema":{"@context":"https:\/\/schema.org","@graph":[{"@type":"WebPage","@id":"https:\/\/milident.com\/fr\/rsvp-de-levenement\/","url":"https:\/\/milident.com\/fr\/rsvp-de-levenement\/","name":"RSVP de l'\u00e9v\u00e9nement - Milident","isPartOf":{"@id":"https:\/\/milident.com\/fr\/#website"},"datePublished":"2020-03-14T23:42:51+00:00","dateModified":"2022-07-12T13:49:14+00:00","breadcrumb":{"@id":"https:\/\/milident.com\/fr\/rsvp-de-levenement\/#breadcrumb"},"inLanguage":"fr-FR","potentialAction":[{"@type":"ReadAction","target":["https:\/\/milident.com\/fr\/rsvp-de-levenement\/"]}]},{"@type":"BreadcrumbList","@id":"https:\/\/milident.com\/fr\/rsvp-de-levenement\/#breadcrumb","itemListElement":[{"@type":"ListItem","position":1,"name":"Home","item":"https:\/\/milident.com\/fr\/"},{"@type":"ListItem","position":2,"name":"RSVP de l&#8217;\u00e9v\u00e9nement"}]},{"@type":"WebSite","@id":"https:\/\/milident.com\/fr\/#website","url":"https:\/\/milident.com\/fr\/","name":"Milident","description":"Fully digital laboratory","potentialAction":[{"@type":"SearchAction","target":{"@type":"EntryPoint","urlTemplate":"https:\/\/milident.com\/fr\/?s={search_term_string}"},"query-input":{"@type":"PropertyValueSpecification","valueRequired":true,"valueName":"search_term_string"}}],"inLanguage":"fr-FR"}]}},"_links":{"self":[{"href":"https:\/\/milident.com\/fr\/wp-json\/wp\/v2\/pages\/5874","targetHints":{"allow":["GET"]}}],"collection":[{"href":"https:\/\/milident.com\/fr\/wp-json\/wp\/v2\/pages"}],"about":[{"href":"https:\/\/milident.com\/fr\/wp-json\/wp\/v2\/types\/page"}],"author":[{"embeddable":true,"href":"https:\/\/milident.com\/fr\/wp-json\/wp\/v2\/users\/1"}],"replies":[{"embeddable":true,"href":"https:\/\/milident.com\/fr\/wp-json\/wp\/v2\/comments?post=5874"}],"version-history":[{"count":2,"href":"https:\/\/milident.com\/fr\/wp-json\/wp\/v2\/pages\/5874\/revisions"}],"predecessor-version":[{"id":5886,"href":"https:\/\/milident.com\/fr\/wp-json\/wp\/v2\/pages\/5874\/revisions\/5886"}],"wp:attachment":[{"href":"https:\/\/milident.com\/fr\/wp-json\/wp\/v2\/media?parent=5874"}],"curies":[{"name":"wp","href":"https:\/\/api.w.org\/{rel}","templated":true}]}}