{"id":5875,"date":"2022-02-26T15:40:30","date_gmt":"2022-02-26T19:40:30","guid":{"rendered":"https:\/\/milident.com\/ordonnances-et-dossiers\/"},"modified":"2024-06-18T21:23:50","modified_gmt":"2024-06-19T01:23:50","slug":"ordonnances-et-dossiers","status":"publish","type":"page","link":"https:\/\/milident.com\/fr\/ordonnances-et-dossiers\/","title":{"rendered":"Ordonnances et dossiers"},"content":{"rendered":"<div class=\"wpb-content-wrapper\">[vc_row css=\u00a0\u00bb.vc_custom_1584245804053{background-position: center !important;background-repeat: no-repeat !important;background-size: contain !important;}\u00a0\u00bb][vc_column width=\u00a0\u00bb1\/2&Prime;][vc_column_text]\n<h6><span style=\"font-size: 1rem;\">D\u00e9lais d&rsquo;ex\u00e9cution des laboratoires<\/span><\/h6>\n[\/vc_column_text][vc_column_text][\/vc_column_text][vc_column_text]Le nombre total de jours ouvrables comprend l&rsquo;enl\u00e8vement et la livraison au Qu\u00e9bec. Pour les cas hors province, veuillez pr\u00e9voir 2 jours suppl\u00e9mentaires pour l&rsquo;exp\u00e9dition.[\/vc_column_text][vc_column_text]*Pour des cas plus complets, veuillez nous appeler ![\/vc_column_text][\/vc_column][vc_column width=\u00a0\u00bb1\/6&Prime;][\/vc_column][vc_column width=\u00a0\u00bb1\/3&Prime;][vc_column_text]\n<h6><span style=\"font-size: 1rem;\">Veuillez t\u00e9l\u00e9charger et soumettre votre formulaire PDF rempli ; voir les options ci-dessous.<\/span><\/h6>\n[\/vc_column_text][vc_column_text]\n<h6>Veuillez joindre \u00e0 vos dossiers les formulaires de prescription remplis:<\/h6>\n<i class=\"fas fa-\"><\/i> <a href=\"https:\/\/milident.com\/wp-content\/uploads\/2024\/06\/FR_Filltable_Milident_sleep_rx_l_047_panthera_classic_n_a_fr_VER0524_2.pdf\" target=\"_blank\" rel=\"noopener\"><strong>Panthera RX | Classic forms<\/strong><\/a><\/p>\n<i class=\"fas fa-\"><\/i> <a href=\"https:\/\/milident.com\/wp-content\/uploads\/2024\/06\/FR_Milident_sleep_rx_l_047_panthera_x3_n_a_fr_VER0524.pdf\" target=\"_blank\" rel=\"noopener\"><strong>Panthera RX | X3 forms<\/strong><\/a><\/p>\n<i class=\"fas fa-\"><\/i> <a href=\"https:\/\/milident.com\/wp-content\/uploads\/2024\/06\/FINAL_Milident_CB_Implants_l-Rx_Form_8.5x11_French_VER0524.pdf\" target=\"_blank\" rel=\"noopener\"><strong>Couronnes et Ponts Implants<\/strong><\/a><\/p>\n<i class=\"fas fa-\"><\/i><a href=\"https:\/\/milident.com\/wp-content\/uploads\/2024\/06\/FINAL_Milident_Ortho-Dentures_Rx_Form_8.5x11_French_VER0524-1.pdf\" target=\"_blank\" rel=\"noopener\"><strong> Ortho et Dentiers<\/strong><\/a>[\/vc_column_text][vc_separator border_width=\u00a0\u00bb2&Prime;][vc_column_text]\n<h6><span style=\"font-size: 1rem;\">SOLUTION DE FLUX DE TRAVAIL NUM\u00c9RIQUE<\/span><\/h6>\n[\/vc_column_text][vc_column_text]Comment nous envoyer votre dossier par voie num\u00e9rique. Cliquez ci-dessous<\/p>\n<i class=\"fas fa-\"><\/i> <a href=\"https:\/\/milident.com\/wp-content\/uploads\/2022\/05\/Milident_Case-Submission_EN.pdf\" target=\"_blank\" rel=\"noopener\"><strong>Pr\u00e9sentation du cas Milident<\/strong><\/a>[\/vc_column_text][\/vc_column][\/vc_row][vc_row curly_padding=\u00a0\u00bbcontent-padding-none\u00a0\u00bb][vc_column css=\u00a0\u00bb.vc_custom_1649301414684{margin-top: -4rem !important;}\u00a0\u00bb][ninja_form id=\u00a0\u00bb3&Prime;][\/vc_column][\/vc_row]\n<\/div>","protected":false},"excerpt":{"rendered":"<p>[vc_row css=\u00a0\u00bb.vc_custom_1584245804053{background-position: center !important;background-repeat: no-repeat !important;background-size: contain !important;}\u00a0\u00bb][vc_column width=\u00a0\u00bb1\/2&Prime;][vc_column_text] D\u00e9lais d&rsquo;ex\u00e9cution des laboratoires [\/vc_column_text][vc_column_text][\/vc_column_text][vc_column_text]Le nombre total de jours ouvrables comprend l&rsquo;enl\u00e8vement et la livraison au Qu\u00e9bec. Pour les cas hors province, veuillez pr\u00e9voir 2 jours suppl\u00e9mentaires pour l&rsquo;exp\u00e9dition.[\/vc_column_text][vc_column_text]*Pour des cas plus complets, veuillez nous appeler ![\/vc_column_text][\/vc_column][vc_column width=\u00a0\u00bb1\/6&Prime;][\/vc_column][vc_column width=\u00a0\u00bb1\/3&Prime;][vc_column_text] Veuillez t\u00e9l\u00e9charger et soumettre votre formulaire PDF rempli ; voir les options [&hellip;]<\/p>\n","protected":false},"author":1,"featured_media":0,"parent":0,"menu_order":0,"comment_status":"closed","ping_status":"open","template":"","meta":{"inline_featured_image":false,"footnotes":""},"class_list":["post-5875","page","type-page","status-publish","hentry"],"yoast_head":"<!-- This site is optimized with the Yoast SEO plugin v27.2 - https:\/\/yoast.com\/product\/yoast-seo-wordpress\/ -->\n<title>Ordonnances et dossiers - Milident<\/title>\n<meta name=\"robots\" content=\"index, follow, max-snippet:-1, max-image-preview:large, max-video-preview:-1\" \/>\n<link rel=\"canonical\" href=\"https:\/\/milident.com\/fr\/ordonnances-et-dossiers\/\" \/>\n<meta property=\"og:locale\" content=\"fr_FR\" \/>\n<meta property=\"og:type\" content=\"article\" \/>\n<meta property=\"og:title\" content=\"Ordonnances et dossiers - Milident\" \/>\n<meta property=\"og:description\" content=\"[vc_row css=\u00a0\u00bb.vc_custom_1584245804053{background-position: center !important;background-repeat: no-repeat !important;background-size: contain !important;}\u00a0\u00bb][vc_column width=\u00a0\u00bb1\/2&Prime;][vc_column_text] D\u00e9lais d&rsquo;ex\u00e9cution des laboratoires [\/vc_column_text][vc_column_text][\/vc_column_text][vc_column_text]Le nombre total de jours ouvrables comprend l&rsquo;enl\u00e8vement et la livraison au Qu\u00e9bec. Pour les cas hors province, veuillez pr\u00e9voir 2 jours suppl\u00e9mentaires pour l&rsquo;exp\u00e9dition.[\/vc_column_text][vc_column_text]*Pour des cas plus complets, veuillez nous appeler ![\/vc_column_text][\/vc_column][vc_column width=\u00a0\u00bb1\/6&Prime;][\/vc_column][vc_column width=\u00a0\u00bb1\/3&Prime;][vc_column_text] Veuillez t\u00e9l\u00e9charger et soumettre votre formulaire PDF rempli ; voir les options [&hellip;]\" \/>\n<meta property=\"og:url\" content=\"https:\/\/milident.com\/fr\/ordonnances-et-dossiers\/\" \/>\n<meta property=\"og:site_name\" content=\"Milident\" \/>\n<meta property=\"article:publisher\" content=\"https:\/\/www.facebook.com\/capitalceramicsEdmonton\" \/>\n<meta property=\"article:modified_time\" content=\"2024-06-19T01:23:50+00:00\" \/>\n<meta name=\"twitter:card\" content=\"summary_large_image\" \/>\n<meta name=\"twitter:label1\" content=\"Dur\u00e9e de lecture estim\u00e9e\" \/>\n\t<meta name=\"twitter:data1\" content=\"1 minute\" \/>\n<script type=\"application\/ld+json\" class=\"yoast-schema-graph\">{\"@context\":\"https:\/\/schema.org\",\"@graph\":[{\"@type\":\"WebPage\",\"@id\":\"https:\/\/milident.com\/fr\/ordonnances-et-dossiers\/\",\"url\":\"https:\/\/milident.com\/fr\/ordonnances-et-dossiers\/\",\"name\":\"Ordonnances et dossiers - Milident\",\"isPartOf\":{\"@id\":\"https:\/\/milident.com\/fr\/#website\"},\"datePublished\":\"2022-02-26T19:40:30+00:00\",\"dateModified\":\"2024-06-19T01:23:50+00:00\",\"breadcrumb\":{\"@id\":\"https:\/\/milident.com\/fr\/ordonnances-et-dossiers\/#breadcrumb\"},\"inLanguage\":\"fr-FR\",\"potentialAction\":[{\"@type\":\"ReadAction\",\"target\":[\"https:\/\/milident.com\/fr\/ordonnances-et-dossiers\/\"]}]},{\"@type\":\"BreadcrumbList\",\"@id\":\"https:\/\/milident.com\/fr\/ordonnances-et-dossiers\/#breadcrumb\",\"itemListElement\":[{\"@type\":\"ListItem\",\"position\":1,\"name\":\"Home\",\"item\":\"https:\/\/milident.com\/fr\/\"},{\"@type\":\"ListItem\",\"position\":2,\"name\":\"Ordonnances et dossiers\"}]},{\"@type\":\"WebSite\",\"@id\":\"https:\/\/milident.com\/fr\/#website\",\"url\":\"https:\/\/milident.com\/fr\/\",\"name\":\"Milident\",\"description\":\"Fully digital laboratory\",\"potentialAction\":[{\"@type\":\"SearchAction\",\"target\":{\"@type\":\"EntryPoint\",\"urlTemplate\":\"https:\/\/milident.com\/fr\/?s={search_term_string}\"},\"query-input\":{\"@type\":\"PropertyValueSpecification\",\"valueRequired\":true,\"valueName\":\"search_term_string\"}}],\"inLanguage\":\"fr-FR\"}]}<\/script>\n<!-- \/ Yoast SEO plugin. -->","yoast_head_json":{"title":"Ordonnances et dossiers - Milident","robots":{"index":"index","follow":"follow","max-snippet":"max-snippet:-1","max-image-preview":"max-image-preview:large","max-video-preview":"max-video-preview:-1"},"canonical":"https:\/\/milident.com\/fr\/ordonnances-et-dossiers\/","og_locale":"fr_FR","og_type":"article","og_title":"Ordonnances et dossiers - Milident","og_description":"[vc_row css=\u00a0\u00bb.vc_custom_1584245804053{background-position: center !important;background-repeat: no-repeat !important;background-size: contain !important;}\u00a0\u00bb][vc_column width=\u00a0\u00bb1\/2&Prime;][vc_column_text] D\u00e9lais d&rsquo;ex\u00e9cution des laboratoires [\/vc_column_text][vc_column_text][\/vc_column_text][vc_column_text]Le nombre total de jours ouvrables comprend l&rsquo;enl\u00e8vement et la livraison au Qu\u00e9bec. Pour les cas hors province, veuillez pr\u00e9voir 2 jours suppl\u00e9mentaires pour l&rsquo;exp\u00e9dition.[\/vc_column_text][vc_column_text]*Pour des cas plus complets, veuillez nous appeler ![\/vc_column_text][\/vc_column][vc_column width=\u00a0\u00bb1\/6&Prime;][\/vc_column][vc_column width=\u00a0\u00bb1\/3&Prime;][vc_column_text] Veuillez t\u00e9l\u00e9charger et soumettre votre formulaire PDF rempli ; voir les options [&hellip;]","og_url":"https:\/\/milident.com\/fr\/ordonnances-et-dossiers\/","og_site_name":"Milident","article_publisher":"https:\/\/www.facebook.com\/capitalceramicsEdmonton","article_modified_time":"2024-06-19T01:23:50+00:00","twitter_card":"summary_large_image","twitter_misc":{"Dur\u00e9e de lecture estim\u00e9e":"1 minute"},"schema":{"@context":"https:\/\/schema.org","@graph":[{"@type":"WebPage","@id":"https:\/\/milident.com\/fr\/ordonnances-et-dossiers\/","url":"https:\/\/milident.com\/fr\/ordonnances-et-dossiers\/","name":"Ordonnances et dossiers - Milident","isPartOf":{"@id":"https:\/\/milident.com\/fr\/#website"},"datePublished":"2022-02-26T19:40:30+00:00","dateModified":"2024-06-19T01:23:50+00:00","breadcrumb":{"@id":"https:\/\/milident.com\/fr\/ordonnances-et-dossiers\/#breadcrumb"},"inLanguage":"fr-FR","potentialAction":[{"@type":"ReadAction","target":["https:\/\/milident.com\/fr\/ordonnances-et-dossiers\/"]}]},{"@type":"BreadcrumbList","@id":"https:\/\/milident.com\/fr\/ordonnances-et-dossiers\/#breadcrumb","itemListElement":[{"@type":"ListItem","position":1,"name":"Home","item":"https:\/\/milident.com\/fr\/"},{"@type":"ListItem","position":2,"name":"Ordonnances et dossiers"}]},{"@type":"WebSite","@id":"https:\/\/milident.com\/fr\/#website","url":"https:\/\/milident.com\/fr\/","name":"Milident","description":"Fully digital laboratory","potentialAction":[{"@type":"SearchAction","target":{"@type":"EntryPoint","urlTemplate":"https:\/\/milident.com\/fr\/?s={search_term_string}"},"query-input":{"@type":"PropertyValueSpecification","valueRequired":true,"valueName":"search_term_string"}}],"inLanguage":"fr-FR"}]}},"_links":{"self":[{"href":"https:\/\/milident.com\/fr\/wp-json\/wp\/v2\/pages\/5875","targetHints":{"allow":["GET"]}}],"collection":[{"href":"https:\/\/milident.com\/fr\/wp-json\/wp\/v2\/pages"}],"about":[{"href":"https:\/\/milident.com\/fr\/wp-json\/wp\/v2\/types\/page"}],"author":[{"embeddable":true,"href":"https:\/\/milident.com\/fr\/wp-json\/wp\/v2\/users\/1"}],"replies":[{"embeddable":true,"href":"https:\/\/milident.com\/fr\/wp-json\/wp\/v2\/comments?post=5875"}],"version-history":[{"count":5,"href":"https:\/\/milident.com\/fr\/wp-json\/wp\/v2\/pages\/5875\/revisions"}],"predecessor-version":[{"id":7841,"href":"https:\/\/milident.com\/fr\/wp-json\/wp\/v2\/pages\/5875\/revisions\/7841"}],"wp:attachment":[{"href":"https:\/\/milident.com\/fr\/wp-json\/wp\/v2\/media?parent=5875"}],"curies":[{"name":"wp","href":"https:\/\/api.w.org\/{rel}","templated":true}]}}