{"id":5880,"date":"2020-01-31T06:17:21","date_gmt":"2020-01-31T10:17:21","guid":{"rendered":"https:\/\/milident.com\/produits-de-service\/"},"modified":"2022-07-12T09:49:14","modified_gmt":"2022-07-12T13:49:14","slug":"produits-de-service","status":"publish","type":"page","link":"https:\/\/milident.com\/fr\/produits-de-service\/","title":{"rendered":"Produits de service"},"content":{"rendered":"<div class=\"wpb-content-wrapper\">[vc_row curly_padding=\u00a0\u00bbcontent-padding\u00a0\u00bb][vc_column width=\u00a0\u00bb1\/2&Prime;][vc_single_image image=\u00a0\u00bb5162&Prime; img_size=\u00a0\u00bblarge\u00a0\u00bb alignment=\u00a0\u00bbcenter\u00a0\u00bb style=\u00a0\u00bbvc_box_shadow_border_circle_2&Prime; el_class=\u00a0\u00bbxtd-offset-dots\u00a0\u00bb][\/vc_column][vc_column width=\u00a0\u00bb5\/12&Prime; offset=\u00a0\u00bbvc_col-lg-offset-1 vc_col-lg-4 vc_col-sm-offset-1&Prime;]<div class='xtd-shape xtd-shadow--large-light xtd-shape--position-absolute xtd-shape--z-index-0  vc_custom_1498069685249'  style=\"width: 13rem; height: 13rem; top: 17.5%; opacity: 0.75\" ><\/div><div class='xtd-shape xtd-shadow--normal-light xtd-shape--position-absolute xtd-shape--z-index-0  vc_custom_1498068041800'  style=\"width: 4rem; height: 4rem; top: 0; left: 100%\" ><\/div>[vc_column_text]\n<h1 class=\"special-title\"><strong>IPS e.max<\/strong><\/h1>\n[\/vc_column_text][vc_column_text]IPS e.max\u00ae est fabriqu\u00e9 en de disilicate de lithium et offre une esth\u00e9tique exceptionnelle et un ajustement pr\u00e9cis. IPS e.max\u00ae est couramment utilis\u00e9 pour atteindre des contacts et une occlusion pratiquement parfaite. Sa c\u00e9ramique unique offre une r\u00e9sistance \u00e0 la flexion de 340 \u00e0 360 MPa, ce qui en fait la solution id\u00e9ale pour les couronnes ant\u00e9rieures ou post\u00e9rieures unitaires ainsi que pour les ponts ant\u00e9rieurs jusqu&rsquo;\u00e0 trois \u00e9l\u00e9ments, en plus des facettes, des inlays, des onlays et des couronnes sur implant viss\u00e9e.[\/vc_column_text]<div class='xtd-shape xtd-shadow--normal-light xtd-shape--position-absolute xtd-shape--z-index-0  vc_custom_1580453096248'  style=\"width: 4rem; height: 4rem; right: 90%; bottom: 0\" ><\/div>[\/vc_column][\/vc_row][vc_row content_placement=\u00a0\u00bbmiddle\u00a0\u00bb curly_padding=\u00a0\u00bbcontent-padding\u00a0\u00bb][vc_column width=\u00a0\u00bb1\/2&Prime;][vc_single_image image=\u00a0\u00bb5067&Prime; img_size=\u00a0\u00bblarge\u00a0\u00bb alignment=\u00a0\u00bbcenter\u00a0\u00bb style=\u00a0\u00bbvc_box_shadow_border_circle_2&Prime; el_class=\u00a0\u00bbxtd-offset-dots\u00a0\u00bb][\/vc_column][vc_column width=\u00a0\u00bb5\/12&Prime; offset=\u00a0\u00bbvc_col-sm-offset-1&Prime;][vc_column_text]\n<h1 class=\"special-title\"><strong>Structure Enti\u00e8rement en Zircone<\/strong><\/h1>\n[\/vc_column_text][vc_column_text]La structure enti\u00e8rement en zircone viss\u00e9e est un pont monolithique en zircone et constitue une bonne alternative \u00e0 la proth\u00e8se hybride. C&rsquo;est un produit hautement esth\u00e9tique et c&rsquo;est une bonne option pour les patients ayant une morsure forte ou pr\u00e9sentant une usure accrue de leurs dents proth\u00e9tiques habituelles. Il est enti\u00e8rement personnalisable, ce qui nous permet de superposer de la porcelaine pour ceux qui souhaitent un niveau d&rsquo;esth\u00e9tique avanc\u00e9. D\u00e9sormais, les restaurations pr\u00e9sentent une translucidit\u00e9 et une couleur am\u00e9lior\u00e9es similaires \u00e0 celles de la dentition naturelle, ce qui en fait une excellente option de restauration.[\/vc_column_text]<div class='xtd-shape xtd-shadow--normal-light xtd-shape--position-absolute xtd-shape--z-index-0  vc_custom_1580453096248'  style=\"width: 4rem; height: 4rem; right: 90%; bottom: 0\" ><\/div>[\/vc_column][\/vc_row][vc_row content_placement=\u00a0\u00bbmiddle\u00a0\u00bb curly_padding=\u00a0\u00bbcontent-padding\u00a0\u00bb][vc_column width=\u00a0\u00bb1\/2&Prime;][vc_single_image image=\u00a0\u00bb5066&Prime; img_size=\u00a0\u00bblarge\u00a0\u00bb alignment=\u00a0\u00bbcenter\u00a0\u00bb style=\u00a0\u00bbvc_box_shadow_border_circle_2&Prime; el_class=\u00a0\u00bbxtd-offset-dots\u00a0\u00bb][\/vc_column][vc_column width=\u00a0\u00bb5\/12&Prime; offset=\u00a0\u00bbvc_col-sm-offset-1&Prime;][vc_empty_space height=\u00a0\u00bb\u00a0\u00bb el_class=\u00a0\u00bbxtd-spacer\u00a0\u00bb][vc_column_text]\n<h1 class=\"special-title\"><strong>PROTH\u00c8SE HYBRIDE VISS\u00c9E<\/strong><\/h1>\n[\/vc_column_text][vc_column_text]Les proth\u00e8ses hybrides viss\u00e9es sont des substituts \u00e9prouv\u00e9s pour les proth\u00e8ses amovibles port\u00e9es par les patients \u00e9dent\u00e9s. Une armature acrylique personnalis\u00e9e est fabriqu\u00e9e sur votre mod\u00e8le ma\u00eetre puis scann\u00e9e. Les donn\u00e9es num\u00e9ris\u00e9es de l&rsquo;armature et des plaques-formes implantaires individuelles sont transf\u00e9r\u00e9es vers une station de conception o\u00f9 la barre en titane est finalis\u00e9e. Apr\u00e8s la conception, il est frais\u00e9 pour un ajustement pr\u00e9cis. La barre de titane peut ensuite \u00eatre incorpor\u00e9e dans l&rsquo;acrylique lors du traitement de la proth\u00e8se ou rendue amovible. Autres solutions personnalisables hautement esth\u00e9tiques disponibles ; veuillez contacter nos consultants en cas.<\/p>\n<p>Les autres appareils et mat\u00e9riaux amovibles propos\u00e9s incluent :<\/p>\n<ul>\n<li>Proth\u00e8ses Compl\u00e8tes<\/li>\n<li>Proth\u00e8ses partielles<\/li>\n<li>  Valplast<\/li>\n<\/ul>\n[\/vc_column_text]<div class='xtd-shape xtd-shadow--normal-light xtd-shape--position-absolute xtd-shape--z-index-0  vc_custom_1580453096248'  style=\"width: 4rem; height: 4rem; right: 90%; bottom: 0\" ><\/div>[\/vc_column][\/vc_row][vc_row content_placement=\u00a0\u00bbmiddle\u00a0\u00bb curly_padding=\u00a0\u00bbcontent-padding\u00a0\u00bb][vc_column width=\u00a0\u00bb1\/2&Prime;][vc_single_image image=\u00a0\u00bb5063&Prime; img_size=\u00a0\u00bblarge\u00a0\u00bb alignment=\u00a0\u00bbcenter\u00a0\u00bb style=\u00a0\u00bbvc_box_shadow_border_circle_2&Prime; el_class=\u00a0\u00bbxtd-offset-dots\u00a0\u00bb][\/vc_column][vc_column width=\u00a0\u00bb5\/12&Prime; offset=\u00a0\u00bbvc_col-sm-offset-1&Prime;][vc_empty_space height=\u00a0\u00bb\u00a0\u00bb el_class=\u00a0\u00bbxtd-spacer\u00a0\u00bb][vc_column_text]\n<h1 class=\"special-title\"><strong>Plaques occlusales Fabriqu\u00e9es Num\u00e9riquement<\/strong><\/h1>\n[\/vc_column_text][vc_column_text]Avec des milliers de fabrication, les plaques occlusales fabriqu\u00e9es num\u00e9riquement sont devenues l&rsquo;un de nos produits les plus fiables. Nous sommes pr\u00eats \u00e0 soutenir ce produit avec une garantie d&rsquo;un an. Ce produit est hypoallerg\u00e8ne et en raison de ses propri\u00e9t\u00e9s rigides, nous pouvons fabriquer une proth\u00e8se thermo-flexible pour assurer un plus grand confort au patient. En raison de sa flexibilit\u00e9 et de sa petite taille, cet appareil entra\u00eene un taux de r\u00e9ussite \u00e9lev\u00e9 pour votre patient.[\/vc_column_text]<div class='xtd-shape xtd-shadow--normal-light xtd-shape--position-absolute xtd-shape--z-index-0  vc_custom_1580453096248'  style=\"width: 4rem; height: 4rem; right: 90%; bottom: 0\" ><\/div>[\/vc_column][\/vc_row][vc_row content_placement=\u00a0\u00bbmiddle\u00a0\u00bb curly_padding=\u00a0\u00bbcontent-padding\u00a0\u00bb][vc_column width=\u00a0\u00bb1\/2&Prime;][vc_single_image image=\u00a0\u00bb5065&Prime; img_size=\u00a0\u00bblarge\u00a0\u00bb alignment=\u00a0\u00bbcenter\u00a0\u00bb style=\u00a0\u00bbvc_box_shadow_border_circle_2&Prime; el_class=\u00a0\u00bbxtd-offset-dots\u00a0\u00bb][\/vc_column][vc_column width=\u00a0\u00bb5\/12&Prime; offset=\u00a0\u00bbvc_col-sm-offset-1&Prime;][vc_empty_space height=\u00a0\u00bb\u00a0\u00bb el_class=\u00a0\u00bbxtd-spacer\u00a0\u00bb][vc_column_text]\n<h1 class=\"special-title\"><strong>S.W.A.N &#8211; Bien dormir la nuit<\/strong><\/h1>\n[\/vc_column_text][vc_column_text]L&rsquo;appareil buccal SWAN est un appareil amovible personnalis\u00e9 cr\u00e9\u00e9 pour le traitement non invasif du ronflement et de l&rsquo;apn\u00e9e obstructive du sommeil (AOS). L&rsquo;appareil est l&rsquo;un des seuls appareils disponibles pour faire avancer la mandibule et permettre l&rsquo;ouverture et la fermeture, ainsi que les mouvements lat\u00e9raux. mouvement tout en maintenant des voies respiratoires ouvertes positives. Les appareils S.W.A.N aident \u00e0 favoriser un sommeil plus profond et plus r\u00e9parateur en pr\u00e9venant le ronflement et en soulageant les sympt\u00f4mes de l&rsquo;apn\u00e9e du sommeil.<\/p>\n<p>Les autres appareils et mat\u00e9riaux orthodontiques propos\u00e9s incluent :<\/p>\n<ul>\n<li>Aligneurs Truline<\/li>\n<li>Appareils ALF (fonctions Lightwire avanc\u00e9es)<\/li>\n<li>Dispositifs de retenue Hawley<\/li>\n<li>Mainteneur D&rsquo;espace de Bande et de Boucle<\/li>\n<li>Appareils Hyrax<\/li>\n<li>Dispositifs de Detenue ClearBow<\/li>\n<\/ul>\n[\/vc_column_text]<div class='xtd-shape xtd-shadow--normal-light xtd-shape--position-absolute xtd-shape--z-index-0  vc_custom_1580453096248'  style=\"width: 4rem; height: 4rem; right: 90%; bottom: 0\" ><\/div>[\/vc_column][\/vc_row][vc_row content_placement=\u00a0\u00bbmiddle\u00a0\u00bb curly_padding=\u00a0\u00bbcontent-padding\u00a0\u00bb][vc_column width=\u00a0\u00bb1\/2&Prime;][vc_single_image image=\u00a0\u00bb5163&Prime; img_size=\u00a0\u00bblarge\u00a0\u00bb alignment=\u00a0\u00bbcenter\u00a0\u00bb style=\u00a0\u00bbvc_box_shadow_border_circle_2&Prime; el_class=\u00a0\u00bbxtd-offset-dots\u00a0\u00bb][\/vc_column][vc_column width=\u00a0\u00bb5\/12&Prime; offset=\u00a0\u00bbvc_col-sm-offset-1&Prime;][vc_empty_space height=\u00a0\u00bb\u00a0\u00bb el_class=\u00a0\u00bbxtd-spacer\u00a0\u00bb][vc_column_text]\n<h1 class=\"special-title\"><strong>Restauration implanto-port\u00e9e<\/strong><\/h1>\n[\/vc_column_text][vc_column_text]Milident propose des piliers personnalis\u00e9s. Les piliers en titane sont couramment utilis\u00e9s dans toutes les r\u00e9gions de la bouche en raison de leur r\u00e9sistance. Les piliers en zircone offrent la meilleure esth\u00e9tique possible et sont couramment utilis\u00e9s pour les dents ant\u00e9rieures avec des restaurations tout c\u00e9ramique ou en zircone. Lorsque vous prescrivez des piliers d&rsquo;implant, une \u00e9mergence d&rsquo;aspect naturel est usin\u00e9e avec pr\u00e9cision \u00e0 l&rsquo;aide de la technologie CAD\/CAM pour optimiser les contours des tissus mous et l&rsquo;esth\u00e9tique de la couronne. Cette interface pr\u00e9cise assure \u00e9galement une excellente sant\u00e9 gingivale.<\/p>\n<p>Les autres appareils et mat\u00e9riaux propos\u00e9s incluent :<\/p>\n<ul>\n<li>Restaurations de dents simples ou multiples<\/li>\n<li>Piliers sur mesure (Zircone ou Titane)<\/li>\n<li>Proth\u00e8ses hybrides<\/li>\n<li>Barres frais\u00e9es avec attaches<\/li>\n<li>Barres doubles frais\u00e9es<\/li>\n<li>Barre en titane<\/li>\n<li>Barre Dolder<\/li>\n<li>Localisateur de Piliers<\/li>\n<\/ul>\n[\/vc_column_text]<div class='xtd-shape xtd-shadow--normal-light xtd-shape--position-absolute xtd-shape--z-index-0  vc_custom_1580453096248'  style=\"width: 4rem; height: 4rem; right: 90%; bottom: 0\" ><\/div>[\/vc_column][\/vc_row][vc_row content_placement=\u00a0\u00bbmiddle\u00a0\u00bb curly_padding=\u00a0\u00bbcontent-padding\u00a0\u00bb][vc_column width=\u00a0\u00bb1\/2&Prime;][vc_single_image image=\u00a0\u00bb5097&Prime; img_size=\u00a0\u00bblarge\u00a0\u00bb alignment=\u00a0\u00bbcenter\u00a0\u00bb style=\u00a0\u00bbvc_box_shadow_border_circle_2&Prime; el_class=\u00a0\u00bbxtd-offset-dots\u00a0\u00bb][\/vc_column][vc_column width=\u00a0\u00bb5\/12&Prime; offset=\u00a0\u00bbvc_col-sm-offset-1&Prime;][vc_empty_space height=\u00a0\u00bb\u00a0\u00bb el_class=\u00a0\u00bbxtd-spacer\u00a0\u00bb][vc_column_text]\n<h1 class=\"special-title\"><strong>Services VIP (Planification D&rsquo;implant Virtuel)<\/strong><\/h1>\n[\/vc_column_text][vc_column_text]Commencez par le produit final en t\u00eate et laissez-nous vous aider \u00e0 visualiser le cas jusqu&rsquo;\u00e0 la restauration finale. La chirurgie d&rsquo;implant dentaire pour une ou plusieurs dents n\u00e9cessite une planification appropri\u00e9e, ainsi que les bonnes ressources. Notre \u00e9quipe d&rsquo;experts offre un soutien complet pour que votre chirurgie et la restauration finale soient r\u00e9ussies, garantissant une grande satisfaction des patients. L&rsquo;impression 3D imprim\u00e9e \u00e0 l&rsquo;interne permet d&rsquo;am\u00e9liorer les d\u00e9lais d&rsquo;ex\u00e9cution, en plus de r\u00e9duire les co\u00fbts. Placer avec pr\u00e9cision !<\/p>\n<ul>\n<li>Guides de r\u00e9duction osseuse<\/li>\n<li>Guides de Placement D&rsquo;implants<\/li>\n<li>Temporaires<\/li>\n<\/ul>\n[\/vc_column_text]<div class='xtd-shape xtd-shadow--normal-light xtd-shape--position-absolute xtd-shape--z-index-0  vc_custom_1580453096248'  style=\"width: 4rem; height: 4rem; right: 90%; bottom: 0\" ><\/div>[\/vc_column][\/vc_row][vc_row full_width=\u00a0\u00bbstretch_row\u00a0\u00bb equal_height=\u00a0\u00bbyes\u00a0\u00bb curly_padding=\u00a0\u00bbcontent-padding-none\u00a0\u00bb el_class=\u00a0\u00bbcolor&#8211;text-inverted xtd\u00a0\u00bb css=\u00a0\u00bb.vc_custom_1637825865212{background-color: #231f20 !important;}\u00a0\u00bb][vc_column][vc_column_text el_class=\u00a0\u00bbunderline-contact\u00a0\u00bb]\n<p style=\"text-align: center;\">Vous avez des questions sur nos services, veuillez <strong><br \/>\n  <a style=\"text-decoration: underline !important;\" href=\"https:\/\/milident.com\/fr\/nous-contacter\/\">nous contacter<\/a><br \/>\n<\/strong><\/p>\n[\/vc_column_text][\/vc_column][\/vc_row]\n<\/div>","protected":false},"excerpt":{"rendered":"<p>[vc_row curly_padding=\u00a0\u00bbcontent-padding\u00a0\u00bb][vc_column width=\u00a0\u00bb1\/2&Prime;][vc_single_image image=\u00a0\u00bb5162&Prime; img_size=\u00a0\u00bblarge\u00a0\u00bb alignment=\u00a0\u00bbcenter\u00a0\u00bb style=\u00a0\u00bbvc_box_shadow_border_circle_2&Prime; el_class=\u00a0\u00bbxtd-offset-dots\u00a0\u00bb][\/vc_column][vc_column width=\u00a0\u00bb5\/12&Prime; offset=\u00a0\u00bbvc_col-lg-offset-1 vc_col-lg-4 vc_col-sm-offset-1&Prime;][vc_column_text] IPS e.max [\/vc_column_text][vc_column_text]IPS e.max\u00ae est fabriqu\u00e9 en de disilicate de lithium et offre une esth\u00e9tique exceptionnelle et un ajustement pr\u00e9cis. IPS e.max\u00ae est couramment utilis\u00e9 pour atteindre des contacts et une occlusion pratiquement parfaite. Sa c\u00e9ramique unique offre une r\u00e9sistance \u00e0 la flexion de 340 \u00e0 360 MPa, [&hellip;]<\/p>\n","protected":false},"author":1,"featured_media":0,"parent":0,"menu_order":0,"comment_status":"closed","ping_status":"closed","template":"","meta":{"inline_featured_image":false,"footnotes":""},"class_list":["post-5880","page","type-page","status-publish","hentry"],"yoast_head":"<!-- This site is optimized with the Yoast SEO plugin v27.2 - https:\/\/yoast.com\/product\/yoast-seo-wordpress\/ -->\n<title>Produits de service - Milident<\/title>\n<meta name=\"robots\" content=\"index, follow, max-snippet:-1, max-image-preview:large, max-video-preview:-1\" \/>\n<link rel=\"canonical\" href=\"https:\/\/milident.com\/fr\/produits-de-service\/\" \/>\n<meta property=\"og:locale\" content=\"fr_FR\" \/>\n<meta property=\"og:type\" content=\"article\" \/>\n<meta property=\"og:title\" content=\"Produits de service - Milident\" \/>\n<meta property=\"og:description\" content=\"[vc_row curly_padding=\u00a0\u00bbcontent-padding\u00a0\u00bb][vc_column width=\u00a0\u00bb1\/2&Prime;][vc_single_image image=\u00a0\u00bb5162&Prime; img_size=\u00a0\u00bblarge\u00a0\u00bb alignment=\u00a0\u00bbcenter\u00a0\u00bb style=\u00a0\u00bbvc_box_shadow_border_circle_2&Prime; el_class=\u00a0\u00bbxtd-offset-dots\u00a0\u00bb][\/vc_column][vc_column width=\u00a0\u00bb5\/12&Prime; offset=\u00a0\u00bbvc_col-lg-offset-1 vc_col-lg-4 vc_col-sm-offset-1&Prime;][vc_column_text] IPS e.max [\/vc_column_text][vc_column_text]IPS e.max\u00ae est fabriqu\u00e9 en de disilicate de lithium et offre une esth\u00e9tique exceptionnelle et un ajustement pr\u00e9cis. IPS e.max\u00ae est couramment utilis\u00e9 pour atteindre des contacts et une occlusion pratiquement parfaite. Sa c\u00e9ramique unique offre une r\u00e9sistance \u00e0 la flexion de 340 \u00e0 360 MPa, [&hellip;]\" \/>\n<meta property=\"og:url\" content=\"https:\/\/milident.com\/fr\/produits-de-service\/\" \/>\n<meta property=\"og:site_name\" content=\"Milident\" \/>\n<meta property=\"article:publisher\" content=\"https:\/\/www.facebook.com\/capitalceramicsEdmonton\" \/>\n<meta property=\"article:modified_time\" content=\"2022-07-12T13:49:14+00:00\" \/>\n<meta name=\"twitter:card\" content=\"summary_large_image\" \/>\n<meta name=\"twitter:label1\" content=\"Dur\u00e9e de lecture estim\u00e9e\" \/>\n\t<meta name=\"twitter:data1\" content=\"8 minutes\" \/>\n<script type=\"application\/ld+json\" class=\"yoast-schema-graph\">{\"@context\":\"https:\/\/schema.org\",\"@graph\":[{\"@type\":\"WebPage\",\"@id\":\"https:\/\/milident.com\/fr\/produits-de-service\/\",\"url\":\"https:\/\/milident.com\/fr\/produits-de-service\/\",\"name\":\"Produits de service - Milident\",\"isPartOf\":{\"@id\":\"https:\/\/milident.com\/fr\/#website\"},\"datePublished\":\"2020-01-31T10:17:21+00:00\",\"dateModified\":\"2022-07-12T13:49:14+00:00\",\"breadcrumb\":{\"@id\":\"https:\/\/milident.com\/fr\/produits-de-service\/#breadcrumb\"},\"inLanguage\":\"fr-FR\",\"potentialAction\":[{\"@type\":\"ReadAction\",\"target\":[\"https:\/\/milident.com\/fr\/produits-de-service\/\"]}]},{\"@type\":\"BreadcrumbList\",\"@id\":\"https:\/\/milident.com\/fr\/produits-de-service\/#breadcrumb\",\"itemListElement\":[{\"@type\":\"ListItem\",\"position\":1,\"name\":\"Home\",\"item\":\"https:\/\/milident.com\/fr\/\"},{\"@type\":\"ListItem\",\"position\":2,\"name\":\"Produits de service\"}]},{\"@type\":\"WebSite\",\"@id\":\"https:\/\/milident.com\/fr\/#website\",\"url\":\"https:\/\/milident.com\/fr\/\",\"name\":\"Milident\",\"description\":\"Fully digital laboratory\",\"potentialAction\":[{\"@type\":\"SearchAction\",\"target\":{\"@type\":\"EntryPoint\",\"urlTemplate\":\"https:\/\/milident.com\/fr\/?s={search_term_string}\"},\"query-input\":{\"@type\":\"PropertyValueSpecification\",\"valueRequired\":true,\"valueName\":\"search_term_string\"}}],\"inLanguage\":\"fr-FR\"}]}<\/script>\n<!-- \/ Yoast SEO plugin. -->","yoast_head_json":{"title":"Produits de service - Milident","robots":{"index":"index","follow":"follow","max-snippet":"max-snippet:-1","max-image-preview":"max-image-preview:large","max-video-preview":"max-video-preview:-1"},"canonical":"https:\/\/milident.com\/fr\/produits-de-service\/","og_locale":"fr_FR","og_type":"article","og_title":"Produits de service - Milident","og_description":"[vc_row curly_padding=\u00a0\u00bbcontent-padding\u00a0\u00bb][vc_column width=\u00a0\u00bb1\/2&Prime;][vc_single_image image=\u00a0\u00bb5162&Prime; img_size=\u00a0\u00bblarge\u00a0\u00bb alignment=\u00a0\u00bbcenter\u00a0\u00bb style=\u00a0\u00bbvc_box_shadow_border_circle_2&Prime; el_class=\u00a0\u00bbxtd-offset-dots\u00a0\u00bb][\/vc_column][vc_column width=\u00a0\u00bb5\/12&Prime; offset=\u00a0\u00bbvc_col-lg-offset-1 vc_col-lg-4 vc_col-sm-offset-1&Prime;][vc_column_text] IPS e.max [\/vc_column_text][vc_column_text]IPS e.max\u00ae est fabriqu\u00e9 en de disilicate de lithium et offre une esth\u00e9tique exceptionnelle et un ajustement pr\u00e9cis. IPS e.max\u00ae est couramment utilis\u00e9 pour atteindre des contacts et une occlusion pratiquement parfaite. Sa c\u00e9ramique unique offre une r\u00e9sistance \u00e0 la flexion de 340 \u00e0 360 MPa, [&hellip;]","og_url":"https:\/\/milident.com\/fr\/produits-de-service\/","og_site_name":"Milident","article_publisher":"https:\/\/www.facebook.com\/capitalceramicsEdmonton","article_modified_time":"2022-07-12T13:49:14+00:00","twitter_card":"summary_large_image","twitter_misc":{"Dur\u00e9e de lecture estim\u00e9e":"8 minutes"},"schema":{"@context":"https:\/\/schema.org","@graph":[{"@type":"WebPage","@id":"https:\/\/milident.com\/fr\/produits-de-service\/","url":"https:\/\/milident.com\/fr\/produits-de-service\/","name":"Produits de service - Milident","isPartOf":{"@id":"https:\/\/milident.com\/fr\/#website"},"datePublished":"2020-01-31T10:17:21+00:00","dateModified":"2022-07-12T13:49:14+00:00","breadcrumb":{"@id":"https:\/\/milident.com\/fr\/produits-de-service\/#breadcrumb"},"inLanguage":"fr-FR","potentialAction":[{"@type":"ReadAction","target":["https:\/\/milident.com\/fr\/produits-de-service\/"]}]},{"@type":"BreadcrumbList","@id":"https:\/\/milident.com\/fr\/produits-de-service\/#breadcrumb","itemListElement":[{"@type":"ListItem","position":1,"name":"Home","item":"https:\/\/milident.com\/fr\/"},{"@type":"ListItem","position":2,"name":"Produits de service"}]},{"@type":"WebSite","@id":"https:\/\/milident.com\/fr\/#website","url":"https:\/\/milident.com\/fr\/","name":"Milident","description":"Fully digital laboratory","potentialAction":[{"@type":"SearchAction","target":{"@type":"EntryPoint","urlTemplate":"https:\/\/milident.com\/fr\/?s={search_term_string}"},"query-input":{"@type":"PropertyValueSpecification","valueRequired":true,"valueName":"search_term_string"}}],"inLanguage":"fr-FR"}]}},"_links":{"self":[{"href":"https:\/\/milident.com\/fr\/wp-json\/wp\/v2\/pages\/5880","targetHints":{"allow":["GET"]}}],"collection":[{"href":"https:\/\/milident.com\/fr\/wp-json\/wp\/v2\/pages"}],"about":[{"href":"https:\/\/milident.com\/fr\/wp-json\/wp\/v2\/types\/page"}],"author":[{"embeddable":true,"href":"https:\/\/milident.com\/fr\/wp-json\/wp\/v2\/users\/1"}],"replies":[{"embeddable":true,"href":"https:\/\/milident.com\/fr\/wp-json\/wp\/v2\/comments?post=5880"}],"version-history":[{"count":2,"href":"https:\/\/milident.com\/fr\/wp-json\/wp\/v2\/pages\/5880\/revisions"}],"predecessor-version":[{"id":5897,"href":"https:\/\/milident.com\/fr\/wp-json\/wp\/v2\/pages\/5880\/revisions\/5897"}],"wp:attachment":[{"href":"https:\/\/milident.com\/fr\/wp-json\/wp\/v2\/media?parent=5880"}],"curies":[{"name":"wp","href":"https:\/\/api.w.org\/{rel}","templated":true}]}}