{"id":5881,"date":"2022-02-26T01:00:19","date_gmt":"2022-02-26T05:00:19","guid":{"rendered":"https:\/\/milident.com\/entreprise\/"},"modified":"2025-01-20T23:46:00","modified_gmt":"2025-01-21T03:46:00","slug":"entreprise","status":"publish","type":"page","link":"https:\/\/milident.com\/fr\/entreprise\/","title":{"rendered":"Entreprise"},"content":{"rendered":"<div class=\"wpb-content-wrapper\">[vc_row curly_padding=\u00a0\u00bbcontent-padding-xs\u00a0\u00bb css=\u00a0\u00bb.vc_custom_1583266422230{padding-bottom: -3px !important;}\u00a0\u00bb][vc_column width=\u00a0\u00bb1\/2&Prime;][vc_single_image image=\u00a0\u00bb5843&Prime; img_size=\u00a0\u00bbfull\u00a0\u00bb style=\u00a0\u00bbxtd-shadow&#8211;large-light\u00a0\u00bb el_class=\u00a0\u00bbxtd-offset-dots\u00a0\u00bb][\/vc_column][vc_column width=\u00a0\u00bb5\/12&Prime; offset=\u00a0\u00bbvc_col-lg-offset-1 vc_col-lg-4 vc_col-sm-offset-1&Prime;]<div class='xtd-shape xtd-shadow--large-light xtd-shape--position-absolute xtd-shape--z-index-0  vc_custom_1498069685249'  style=\"width: 13rem; height: 13rem; top: 17.5%; opacity: 0.75\" ><\/div><div class='xtd-shape xtd-shadow--normal-light xtd-shape--position-absolute xtd-shape--z-index-0  vc_custom_1498068041800'  style=\"width: 4rem; height: 4rem; top: 0; left: 100%\" ><\/div>[vc_column_text]\n<h2 class=\"special-title\"><strong>Int\u00e9grit\u00e9 Qualit\u00e9 Fiabilit\u00e9 Expertise<\/strong><\/h2>\n[\/vc_column_text][vc_column_text]\n<p class=\"lead\">Fond\u00e9e \u00e0 l&rsquo;origine en 1995<\/p>\n[\/vc_column_text][vc_column_text]\n<div id=\"comp-ihdj528q\" class=\"txtNew\" data-packed=\"true\">\n<p>En tant que laboratoire dentaire \u00e0 service complet, le laboratoire dentaire Milident est au service de la communaut\u00e9 dentaire du Qu\u00e9bec et de l&rsquo;Ontario depuis plus de quatre d\u00e9cennies. Il fournit des produits et des services de la plus haute qualit\u00e9 et se sp\u00e9cialise dans la cr\u00e9ation de cas complexes, de couronnes et de ponts sur implants, de proth\u00e8ses fixes et amovibles ainsi que d&rsquo;appareils orthodontiques. Toujours \u00e0 la pointe de la technologie, Milident continue d&rsquo;offrir ses produits et services adapt\u00e9s aux besoins sp\u00e9cifiques de sa client\u00e8le. Gr\u00e2ce \u00e0 ses programmes internes de recherche et d\u00e9veloppement, et en partenariat avec plusieurs \u00e9tablissements d&rsquo;enseignement, Milident explore continuellement de nouvelles avanc\u00e9es technologiques dans la fabrication de ses proth\u00e8ses dentaires de haute pr\u00e9cision. D\u00e9sormais install\u00e9e dans une magnifique installation de 20 000 pieds carr\u00e9s construite sur mesure et \u00e0 la pointe de la technologie, Milident utilise les meilleures technologies de conception, d&rsquo;impression et de fraisage du march\u00e9 actuel. L&rsquo;\u00e9quipe hautement qualifi\u00e9e de Milident est compos\u00e9e de plus de 80 membres enthousiastes et passionn\u00e9s, qui travaillent pour atteindre un r\u00e9sultat commun : cr\u00e9er des produits qui d\u00e9passent les attentes distinctives de chaque client. Comment pouvons-nous vous aider ?<\/p><\/div>\n[\/vc_column_text][vc_column_text]\n<p class=\"lead\">D\u00e9claration de mission<\/p>\n<div id=\"comp-ihdj528q\" class=\"txtNew\" data-packed=\"true\">\n<p>Nous sommes une organisation fond\u00e9e sur la <b>cr\u00e9dibilit\u00e9 de<\/b> personnes qui font ce qu&rsquo;elles disent. Notre objectif est de fournir une <b>valeur ajout\u00e9e<\/b> gr\u00e2ce \u00e0 une qualit\u00e9 \u00e9lev\u00e9e et \u00e0 des gains d&rsquo;efficacit\u00e9.<br \/>\nNous avons des<b> dirigeants responsables<\/b> qui joignent le geste \u00e0 la parole. Une entreprise qui r\u00e9ussit fait grandir son personnel. Nous mettons l&rsquo;<b>accent sur les personnes,<\/b> ce qui nous permet d&rsquo;attirer les meilleurs, afin que notre \u00e9quipe puisse offrir l&rsquo;excellence dans tous les domaines \u00e0 nos clients.<\/div>\n[\/vc_column_text][\/vc_column][\/vc_row][vc_row full_width=\u00a0\u00bbstretch_row\u00a0\u00bb curly_padding=\u00a0\u00bbcontent-padding-none\u00a0\u00bb el_class=\u00a0\u00bbcolor&#8211;text-inverted xtd-\u00a0\u00bb css=\u00a0\u00bb.vc_custom_1637825651291{background-color: #231f20 !important;}\u00a0\u00bb][vc_column][vc_column_text css=\u00a0\u00bb\u00a0\u00bb]\n<p style=\"text-align: center;\"><span style=\"color: #ffffff;\">Notre \u00e9quipe s&rsquo;engage \u00e0 poursuivre sa qu\u00eate d&rsquo;excellence et se consacre aux normes les plus \u00e9lev\u00e9es de la profession dentaire.<\/span><br \/>\n<span style=\"color: #ffffff;\">Nous sommes heureux de pouvoir vous pr\u00e9senter nos services et l&rsquo;\u00e9quipe de Milident Inc.<\/span><\/p>\n[\/vc_column_text][vc_btn title=\u00a0\u00bbKit de bienvenue\u00a0\u00bb style=\u00a0\u00bbclassic\u00a0\u00bb shape=\u00a0\u00bbsquare\u00a0\u00bb color=\u00a0\u00bbgreen\u00a0\u00bb align=\u00a0\u00bbcenter\u00a0\u00bb link=\u00a0\u00bburl:https%3A%2F%2Fwww.milident.com%2Fmilident%2Fwelcome-kit%2F|title:Kit%20de%20bienvenue|\u00a0\u00bb][\/vc_column][\/vc_row]\n<\/div>","protected":false},"excerpt":{"rendered":"<p>[vc_row curly_padding=\u00a0\u00bbcontent-padding-xs\u00a0\u00bb css=\u00a0\u00bb.vc_custom_1583266422230{padding-bottom: -3px !important;}\u00a0\u00bb][vc_column width=\u00a0\u00bb1\/2&Prime;][vc_single_image image=\u00a0\u00bb5843&Prime; img_size=\u00a0\u00bbfull\u00a0\u00bb style=\u00a0\u00bbxtd-shadow&#8211;large-light\u00a0\u00bb el_class=\u00a0\u00bbxtd-offset-dots\u00a0\u00bb][\/vc_column][vc_column width=\u00a0\u00bb5\/12&Prime; offset=\u00a0\u00bbvc_col-lg-offset-1 vc_col-lg-4 vc_col-sm-offset-1&Prime;][vc_column_text] Int\u00e9grit\u00e9 Qualit\u00e9 Fiabilit\u00e9 Expertise [\/vc_column_text][vc_column_text] Fond\u00e9e \u00e0 l&rsquo;origine en 1995 [\/vc_column_text][vc_column_text] En tant que laboratoire dentaire \u00e0 service complet, le laboratoire dentaire Milident est au service de la communaut\u00e9 dentaire du Qu\u00e9bec et de l&rsquo;Ontario depuis plus de quatre d\u00e9cennies. Il fournit des produits et des [&hellip;]<\/p>\n","protected":false},"author":1,"featured_media":0,"parent":0,"menu_order":0,"comment_status":"closed","ping_status":"closed","template":"","meta":{"inline_featured_image":false,"footnotes":""},"class_list":["post-5881","page","type-page","status-publish","hentry"],"yoast_head":"<!-- This site is optimized with the Yoast SEO plugin v27.2 - https:\/\/yoast.com\/product\/yoast-seo-wordpress\/ -->\n<title>Entreprise - Milident<\/title>\n<meta name=\"robots\" content=\"index, follow, max-snippet:-1, max-image-preview:large, max-video-preview:-1\" \/>\n<link rel=\"canonical\" href=\"https:\/\/milident.com\/fr\/entreprise\/\" \/>\n<meta property=\"og:locale\" content=\"fr_FR\" \/>\n<meta property=\"og:type\" content=\"article\" \/>\n<meta property=\"og:title\" content=\"Entreprise - Milident\" \/>\n<meta property=\"og:description\" content=\"[vc_row curly_padding=\u00a0\u00bbcontent-padding-xs\u00a0\u00bb css=\u00a0\u00bb.vc_custom_1583266422230{padding-bottom: -3px !important;}\u00a0\u00bb][vc_column width=\u00a0\u00bb1\/2&Prime;][vc_single_image image=\u00a0\u00bb5843&Prime; img_size=\u00a0\u00bbfull\u00a0\u00bb style=\u00a0\u00bbxtd-shadow&#8211;large-light\u00a0\u00bb el_class=\u00a0\u00bbxtd-offset-dots\u00a0\u00bb][\/vc_column][vc_column width=\u00a0\u00bb5\/12&Prime; offset=\u00a0\u00bbvc_col-lg-offset-1 vc_col-lg-4 vc_col-sm-offset-1&Prime;][vc_column_text] Int\u00e9grit\u00e9 Qualit\u00e9 Fiabilit\u00e9 Expertise [\/vc_column_text][vc_column_text] Fond\u00e9e \u00e0 l&rsquo;origine en 1995 [\/vc_column_text][vc_column_text] En tant que laboratoire dentaire \u00e0 service complet, le laboratoire dentaire Milident est au service de la communaut\u00e9 dentaire du Qu\u00e9bec et de l&rsquo;Ontario depuis plus de quatre d\u00e9cennies. Il fournit des produits et des [&hellip;]\" \/>\n<meta property=\"og:url\" content=\"https:\/\/milident.com\/fr\/entreprise\/\" \/>\n<meta property=\"og:site_name\" content=\"Milident\" \/>\n<meta property=\"article:publisher\" content=\"https:\/\/www.facebook.com\/capitalceramicsEdmonton\" \/>\n<meta property=\"article:modified_time\" content=\"2025-01-21T03:46:00+00:00\" \/>\n<meta name=\"twitter:card\" content=\"summary_large_image\" \/>\n<meta name=\"twitter:label1\" content=\"Dur\u00e9e de lecture estim\u00e9e\" \/>\n\t<meta name=\"twitter:data1\" content=\"3 minutes\" \/>\n<script type=\"application\/ld+json\" class=\"yoast-schema-graph\">{\"@context\":\"https:\/\/schema.org\",\"@graph\":[{\"@type\":\"WebPage\",\"@id\":\"https:\/\/milident.com\/fr\/entreprise\/\",\"url\":\"https:\/\/milident.com\/fr\/entreprise\/\",\"name\":\"Entreprise - Milident\",\"isPartOf\":{\"@id\":\"https:\/\/milident.com\/fr\/#website\"},\"datePublished\":\"2022-02-26T05:00:19+00:00\",\"dateModified\":\"2025-01-21T03:46:00+00:00\",\"breadcrumb\":{\"@id\":\"https:\/\/milident.com\/fr\/entreprise\/#breadcrumb\"},\"inLanguage\":\"fr-FR\",\"potentialAction\":[{\"@type\":\"ReadAction\",\"target\":[\"https:\/\/milident.com\/fr\/entreprise\/\"]}]},{\"@type\":\"BreadcrumbList\",\"@id\":\"https:\/\/milident.com\/fr\/entreprise\/#breadcrumb\",\"itemListElement\":[{\"@type\":\"ListItem\",\"position\":1,\"name\":\"Home\",\"item\":\"https:\/\/milident.com\/fr\/\"},{\"@type\":\"ListItem\",\"position\":2,\"name\":\"Entreprise\"}]},{\"@type\":\"WebSite\",\"@id\":\"https:\/\/milident.com\/fr\/#website\",\"url\":\"https:\/\/milident.com\/fr\/\",\"name\":\"Milident\",\"description\":\"Fully digital laboratory\",\"potentialAction\":[{\"@type\":\"SearchAction\",\"target\":{\"@type\":\"EntryPoint\",\"urlTemplate\":\"https:\/\/milident.com\/fr\/?s={search_term_string}\"},\"query-input\":{\"@type\":\"PropertyValueSpecification\",\"valueRequired\":true,\"valueName\":\"search_term_string\"}}],\"inLanguage\":\"fr-FR\"}]}<\/script>\n<!-- \/ Yoast SEO plugin. -->","yoast_head_json":{"title":"Entreprise - Milident","robots":{"index":"index","follow":"follow","max-snippet":"max-snippet:-1","max-image-preview":"max-image-preview:large","max-video-preview":"max-video-preview:-1"},"canonical":"https:\/\/milident.com\/fr\/entreprise\/","og_locale":"fr_FR","og_type":"article","og_title":"Entreprise - Milident","og_description":"[vc_row curly_padding=\u00a0\u00bbcontent-padding-xs\u00a0\u00bb css=\u00a0\u00bb.vc_custom_1583266422230{padding-bottom: -3px !important;}\u00a0\u00bb][vc_column width=\u00a0\u00bb1\/2&Prime;][vc_single_image image=\u00a0\u00bb5843&Prime; img_size=\u00a0\u00bbfull\u00a0\u00bb style=\u00a0\u00bbxtd-shadow&#8211;large-light\u00a0\u00bb el_class=\u00a0\u00bbxtd-offset-dots\u00a0\u00bb][\/vc_column][vc_column width=\u00a0\u00bb5\/12&Prime; offset=\u00a0\u00bbvc_col-lg-offset-1 vc_col-lg-4 vc_col-sm-offset-1&Prime;][vc_column_text] Int\u00e9grit\u00e9 Qualit\u00e9 Fiabilit\u00e9 Expertise [\/vc_column_text][vc_column_text] Fond\u00e9e \u00e0 l&rsquo;origine en 1995 [\/vc_column_text][vc_column_text] En tant que laboratoire dentaire \u00e0 service complet, le laboratoire dentaire Milident est au service de la communaut\u00e9 dentaire du Qu\u00e9bec et de l&rsquo;Ontario depuis plus de quatre d\u00e9cennies. Il fournit des produits et des [&hellip;]","og_url":"https:\/\/milident.com\/fr\/entreprise\/","og_site_name":"Milident","article_publisher":"https:\/\/www.facebook.com\/capitalceramicsEdmonton","article_modified_time":"2025-01-21T03:46:00+00:00","twitter_card":"summary_large_image","twitter_misc":{"Dur\u00e9e de lecture estim\u00e9e":"3 minutes"},"schema":{"@context":"https:\/\/schema.org","@graph":[{"@type":"WebPage","@id":"https:\/\/milident.com\/fr\/entreprise\/","url":"https:\/\/milident.com\/fr\/entreprise\/","name":"Entreprise - Milident","isPartOf":{"@id":"https:\/\/milident.com\/fr\/#website"},"datePublished":"2022-02-26T05:00:19+00:00","dateModified":"2025-01-21T03:46:00+00:00","breadcrumb":{"@id":"https:\/\/milident.com\/fr\/entreprise\/#breadcrumb"},"inLanguage":"fr-FR","potentialAction":[{"@type":"ReadAction","target":["https:\/\/milident.com\/fr\/entreprise\/"]}]},{"@type":"BreadcrumbList","@id":"https:\/\/milident.com\/fr\/entreprise\/#breadcrumb","itemListElement":[{"@type":"ListItem","position":1,"name":"Home","item":"https:\/\/milident.com\/fr\/"},{"@type":"ListItem","position":2,"name":"Entreprise"}]},{"@type":"WebSite","@id":"https:\/\/milident.com\/fr\/#website","url":"https:\/\/milident.com\/fr\/","name":"Milident","description":"Fully digital laboratory","potentialAction":[{"@type":"SearchAction","target":{"@type":"EntryPoint","urlTemplate":"https:\/\/milident.com\/fr\/?s={search_term_string}"},"query-input":{"@type":"PropertyValueSpecification","valueRequired":true,"valueName":"search_term_string"}}],"inLanguage":"fr-FR"}]}},"_links":{"self":[{"href":"https:\/\/milident.com\/fr\/wp-json\/wp\/v2\/pages\/5881","targetHints":{"allow":["GET"]}}],"collection":[{"href":"https:\/\/milident.com\/fr\/wp-json\/wp\/v2\/pages"}],"about":[{"href":"https:\/\/milident.com\/fr\/wp-json\/wp\/v2\/types\/page"}],"author":[{"embeddable":true,"href":"https:\/\/milident.com\/fr\/wp-json\/wp\/v2\/users\/1"}],"replies":[{"embeddable":true,"href":"https:\/\/milident.com\/fr\/wp-json\/wp\/v2\/comments?post=5881"}],"version-history":[{"count":8,"href":"https:\/\/milident.com\/fr\/wp-json\/wp\/v2\/pages\/5881\/revisions"}],"predecessor-version":[{"id":8291,"href":"https:\/\/milident.com\/fr\/wp-json\/wp\/v2\/pages\/5881\/revisions\/8291"}],"wp:attachment":[{"href":"https:\/\/milident.com\/fr\/wp-json\/wp\/v2\/media?parent=5881"}],"curies":[{"name":"wp","href":"https:\/\/api.w.org\/{rel}","templated":true}]}}