{"id":5882,"date":"2022-02-26T00:07:12","date_gmt":"2022-02-26T04:07:12","guid":{"rendered":"https:\/\/milident.com\/accueil\/"},"modified":"2024-11-06T23:30:06","modified_gmt":"2024-11-07T03:30:06","slug":"accueil","status":"publish","type":"page","link":"https:\/\/milident.com\/fr\/","title":{"rendered":"Accueil"},"content":{"rendered":"<div class=\"wpb-content-wrapper\">[vc_row curly_padding=\u00a0\u00bbcontent-padding-none\u00a0\u00bb][vc_column curly_padding=\u00a0\u00bbcontent-padding-none\u00a0\u00bb el_class=\u00a0\u00bbxtd-shadow&#8211;large-light z-index&#8211;1 xtd-padding&#8211;3&Prime; offset=\u00a0\u00bbvc_col-lg-offset-9 vc_col-lg-3 vc_col-md-offset-6 vc_col-md-5 vc_col-sm-offset-5&Prime;][vc_empty_space height=\u00a0\u00bb200px\u00a0\u00bb][\/vc_column][\/vc_row][vc_row][vc_column offset=\u00a0\u00bbvc_col-lg-offset-8 vc_col-lg-4 vc_col-md-offset-6 vc_col-md-5 vc_col-sm-offset-5&Prime; el_class=\u00a0\u00bbxl-padding&#8211;1&Prime;][\/vc_column][\/vc_row][vc_row content_placement=\u00a0\u00bbmiddle\u00a0\u00bb curly_padding=\u00a0\u00bbcontent-padding-none\u00a0\u00bb el_id=\u00a0\u00bbbienvenue \u00e0\u00a0\u00bb css=\u00a0\u00bb.vc_custom_1583264527851{padding-bottom: 1rem !important;}\u00a0\u00bb][vc_column width=\u00a0\u00bb5\/6&Prime; offset=\u00a0\u00bbvc_col-md-offset-0 vc_col-md-6 vc_col-sm-offset-1&Prime;][vc_single_image image=\u00a0\u00bb7044&Prime; img_size=\u00a0\u00bbfull\u00a0\u00bb style=\u00a0\u00bbxtd-shadow&#8211;large-light\u00a0\u00bb css=\u00a0\u00bb.vc_custom_1695405383553{margin-right: 4rem !important;}\u00a0\u00bb el_class=\u00a0\u00bbxtd-offset-dots\u00a0\u00bb][\/vc_column][vc_column width=\u00a0\u00bb5\/6&Prime; offset=\u00a0\u00bbvc_col-lg-offset-1 vc_col-lg-5 vc_col-md-offset-0 vc_col-md-6 vc_col-sm-offset-1&Prime;]<div class='xtd-shape xtd-shadow--normal-light xtd-shape--position-absolute xtd-shape--z-index-0 '  style=\"width: 4rem; height: 4rem; top: 0; left: 100%\" ><\/div>[vc_column_text]\n<h1><strong>L&rsquo;avantage Milident ?<\/strong><\/h1>\n[\/vc_column_text][vc_empty_space height=\u00a0\u00bb\u00a0\u00bb el_class=\u00a0\u00bbxtd-spacer\u00a0\u00bb][vc_column_text]Chez Milident, nous avons un objectif principal : nous efforcer en permanence de fournir des produits et des services qui d\u00e9passent les attentes de nos clients.<\/p>\n<p>Nous prenons toujours le temps de trouver des solutions \u00e0 chaque situation. Nous sommes bien reli\u00e9s aux sp\u00e9cialistes et investissons continuellement dans l&rsquo;\u00e9ducation et la technologie pour nous am\u00e9liorer et am\u00e9liorer nos produits. Nous sommes enti\u00e8rement d\u00e9vou\u00e9s \u00e0 nos clients, et fiers de notre service exemplaire !<\/p>\n<p><span style=\"font-size: 1rem;\">Nous sommes impatients de vous soutenir, vous, votre \u00e9quipe et vos patients. Pour commencer, permettez-nous de vous envoyer notre kit de bienvenue. <\/span><strong><a style=\"background-color: #ffffff; font-size: 1rem;\" href=\"https:\/\/milident.com\/fr\/kit-de-bienvenue\/\">Kit de bienvenue<\/a><\/strong>[\/vc_column_text][\/vc_column][\/vc_row][vc_row full_width=\u00a0\u00bbstretch_row\u00a0\u00bb content_placement=\u00a0\u00bbmiddle\u00a0\u00bb curly_bg_position=\u00a0\u00bbbg-pos-center-center\u00a0\u00bb curly_padding=\u00a0\u00bbcontent-padding-xxl\u00a0\u00bb css=\u00a0\u00bb.vc_custom_1648625969664{background-image: url(https:\/\/milident.com\/wp-content\/uploads\/2022\/03\/Appointment.jpg?id=4983) !important;background-position: center !important;background-repeat: no-repeat !important;background-size: cover !important;}\u00a0\u00bb el_id=\u00a0\u00bbnomination\u00a0\u00bb][vc_column width=\u00a0\u00bb5\/6&Prime; el_class=\u00a0\u00bbxtd-offset-dots-white\u00a0\u00bb offset=\u00a0\u00bbvc_col-lg-7 vc_col-md-offset-0 vc_col-md-8 vc_col-sm-offset-1&Prime;][vc_column_text css=\u00a0\u00bb.vc_custom_1649474697825{padding-top: 3rem !important;padding-right: 3rem !important;padding-bottom: 1rem !important;padding-left: 3rem !important;background-color: #ffffff !important;}\u00a0\u00bb]\n<h2 style=\"color: #166131;\">R\u00e9servez <strong>votre rendez-vous<\/strong> en ligne<\/h2>\n[bookly-form hide=\u00a0\u00bbcategories,staff_members,date,week_days,time_range\u00a0\u00bb][\/vc_column_text][\/vc_column][vc_column width=\u00a0\u00bb2\/3&Prime; el_class=\u00a0\u00bbcolor&#8211;text-inverted\u00a0\u00bb offset=\u00a0\u00bbvc_col-lg-offset-1 vc_col-lg-3 vc_col-md-4 vc_col-sm-offset-2 vc_hidden-sm vc_hidden-xs\u00a0\u00bb][vc_column_text el_class=\u00a0\u00bbbookly\u00a0\u00bb][\/vc_column_text][\/vc_column][\/vc_row][vc_row content_placement=\u00a0\u00bbmiddle\u00a0\u00bb][vc_column width=\u00a0\u00bb5\/6&Prime; offset=\u00a0\u00bbvc_col-md-offset-0 vc_col-md-4 vc_col-sm-offset-1&Prime;][vc_empty_space height=\u00a0\u00bb50px\u00a0\u00bb][vc_column_text]\n<h2><strong>\u00c9v\u00e9nements \u00e0 venir<\/strong><\/h2>\n[\/vc_column_text][vc_empty_space height=\u00a0\u00bb16px\u00a0\u00bb][vc_btn title=\u00a0\u00bbVoir tous les \u00e9v\u00e9nements \u00e0 venir\u00a0\u00bb style=\u00a0\u00bbbtn-outline-primary\u00a0\u00bb size=\u00a0\u00bbsm\u00a0\u00bb css=\u00a0\u00bb.vc_custom_1646117329704{margin-bottom: 0px !important;}\u00a0\u00bb link=\u00a0\u00bburl:https%3A%2F%2Fwww.milident.com%2Fevents%2F|title:%C3%89v%C3%A9nements|\u00a0\u00bb][vc_empty_space height=\u00a0\u00bb3rem\u00a0\u00bb][\/vc_column][vc_column width=\u00a0\u00bb5\/6&Prime; el_class=\u00a0\u00bbxtd-offset-dots\u00a0\u00bb offset=\u00a0\u00bbvc_col-lg-offset-1 vc_col-lg-7 vc_col-md-offset-0 vc_col-md-8 vc_col-sm-offset-1&Prime;][vc_empty_space height=\u00a0\u00bb50px\u00a0\u00bb][vc_row_inner equal_height=\u00a0\u00bbyes\u00a0\u00bb content_placement=\u00a0\u00bbmiddle\u00a0\u00bb css=\u00a0\u00bb.vc_custom_1627627036601{padding-right: 12px !important;padding-left: 12px !important;}\u00a0\u00bb][vc_column_inner width=\u00a0\u00bb1\/3&Prime; css=\u00a0\u00bb.vc_custom_1627627500138{padding-right: 5px !important;padding-left: 5px !important;}\u00a0\u00bb]<div class='xtd-person itero '><img fetchpriority=\"high\" decoding=\"async\" width=\"398\" height=\"1000\" src=\"https:\/\/milident.com\/wp-content\/uploads\/2021\/07\/53982_28_Jan-1.png\" class=\"attachment-large size-large\" alt=\"iTero\" srcset=\"https:\/\/milident.com\/wp-content\/uploads\/2021\/07\/53982_28_Jan-1.png 398w, https:\/\/milident.com\/wp-content\/uploads\/2021\/07\/53982_28_Jan-1-119x300.png 119w\" sizes=\"(max-width: 398px) 100vw, 398px\" \/><div class='xtd-person__info'><div class='xtd-person__title'>Webinar with Dr. Caron<\/div><div class='xtd-person__content'>Rejoignez-nous pour une soir\u00e9e d&rsquo;apprentissage et de balayage ! Visualisez les possibilit\u00e9s de la dentisterie num\u00e9rique avec le scanner intra-oral iTero Element<\/p>\n<p style=\"text-align: right;\"><a class=\"btn btn-sm btn-link\" href=\"https:\/\/milident.com\/fr\/evenements\/\">Lire la suite<\/a><\/p>\n<\/div><\/div><\/div>[\/vc_column_inner][vc_column_inner width=\u00a0\u00bb1\/3&Prime; css=\u00a0\u00bb.vc_custom_1627678778140{margin-top: 3rem !important;padding-right: 5px !important;padding-left: 5px !important;}\u00a0\u00bb offset=\u00a0\u00bbvc_col-xs-6&Prime;]<div class='xtd-person  '><img decoding=\"async\" width=\"398\" height=\"1000\" src=\"https:\/\/milident.com\/wp-content\/uploads\/2020\/02\/Dental-Photography3.jpg\" class=\"attachment-large size-large\" alt=\"\" srcset=\"https:\/\/milident.com\/wp-content\/uploads\/2020\/02\/Dental-Photography3.jpg 398w, https:\/\/milident.com\/wp-content\/uploads\/2020\/02\/Dental-Photography3-119x300.jpg 119w\" sizes=\"(max-width: 398px) 100vw, 398px\" \/><div class='xtd-person__info'><div class='xtd-person__title'><small>Professor<\/small>Dr. Rick Carvalho<\/div><div class='xtd-person__content'>Comprendre la science. \u00c9liminez les approximations.<br \/>\nLiaison pr\u00e9visible avec le Li-Disilicate et la Zircone<\/p>\n<p style=\"text-align: right;\"><a class=\"btn btn-sm btn-link\" href=\"https:\/\/milident.com\/fr\/evenements\/\">Lire la suite<\/a><\/p>\n<\/div><\/div><\/div>[\/vc_column_inner][vc_column_inner width=\u00a0\u00bb1\/3&Prime; css=\u00a0\u00bb.vc_custom_1627678785072{margin-top: 6rem !important;padding-right: 5px !important;padding-left: 5px !important;}\u00a0\u00bb offset=\u00a0\u00bbvc_col-xs-6&Prime;]<div class='xtd-person  '><img decoding=\"async\" width=\"398\" height=\"1000\" src=\"https:\/\/milident.com\/wp-content\/uploads\/2020\/02\/Dental-Photography4.jpg\" class=\"attachment-large size-large\" alt=\"\" srcset=\"https:\/\/milident.com\/wp-content\/uploads\/2020\/02\/Dental-Photography4.jpg 398w, https:\/\/milident.com\/wp-content\/uploads\/2020\/02\/Dental-Photography4-119x300.jpg 119w\" sizes=\"(max-width: 398px) 100vw, 398px\" \/><div class='xtd-person__info'><div class='xtd-person__title'><small>&amp; Cornelia Cone<\/small>Dr. Miles R. Cone<\/div><div class='xtd-person__content'>Un guide visuel pour am\u00e9liorer la collaboration, le marketing et le d\u00e9veloppement professionnel<\/p>\n<p style=\"text-align: right;\"><a class=\"btn btn-sm btn-link\" href=\"https:\/\/milident.com\/fr\/evenements\/\">Lire la suite<\/a><\/p>\n<\/div><\/div><\/div>[\/vc_column_inner][\/vc_row_inner][\/vc_column][\/vc_row][vc_row full_width=\u00a0\u00bbstretch_row\u00a0\u00bb curly_padding=\u00a0\u00bbcontent-padding-none\u00a0\u00bb css=\u00a0\u00bb.vc_custom_1592443042009{background-color: #ffffff !important;}\u00a0\u00bb][vc_column][vc_column_text]\n<h3 style=\"text-align: center;\">Nos partenaires<\/h3>\n[\/vc_column_text][vc_column_text]\n<p style=\"text-align: center; color: black;\">Combiner tradition et innovation<\/p>\n[\/vc_column_text][vc_separator color=\u00a0\u00bbcustom\u00a0\u00bb style=\u00a0\u00bbshadow\u00a0\u00bb border_width=\u00a0\u00bb3&Prime; el_width=\u00a0\u00bb40&Prime; css=\u00a0\u00bb\u00a0\u00bb accent_color=\u00a0\u00bb#006307&Prime;][\/vc_column][vc_column width=\u00a0\u00bb1\/5&Prime; offset=\u00a0\u00bbvc_col-xs-1\/5&Prime;][vc_single_image image=\u00a0\u00bb5665&Prime; img_size=\u00a0\u00bbfull\u00a0\u00bb alignment=\u00a0\u00bbcenter\u00a0\u00bb onclick=\u00a0\u00bbcustom_link\u00a0\u00bb img_link_target=\u00a0\u00bb_blank\u00a0\u00bb el_class=\u00a0\u00bbxtd-hover-05&Prime; curly_max_width=\u00a0\u00bb6.5rem\u00a0\u00bb link=\u00a0\u00bbhttps:%2F%2Fwww.straumann.com%2F|\u00a0\u00bb][vc_single_image image=\u00a0\u00bb5679&Prime; img_size=\u00a0\u00bbfull\u00a0\u00bb alignment=\u00a0\u00bbcenter\u00a0\u00bb onclick=\u00a0\u00bbcustom_link\u00a0\u00bb img_link_target=\u00a0\u00bb_blank\u00a0\u00bb el_class=\u00a0\u00bbxtd-hover-05&Prime; curly_max_width=\u00a0\u00bb6rem\u00a0\u00bb link=\u00a0\u00bbhttps:%2F%2Fwww.nobelbiocare.com%2Finternational%2Fen|\u00a0\u00bb][\/vc_column][vc_column width=\u00a0\u00bb1\/5&Prime; offset=\u00a0\u00bbvc_col-xs-1\/5&Prime;][vc_single_image image=\u00a0\u00bb5681&Prime; img_size=\u00a0\u00bbfull\u00a0\u00bb alignment=\u00a0\u00bbcenter\u00a0\u00bb onclick=\u00a0\u00bbcustom_link\u00a0\u00bb img_link_target=\u00a0\u00bb_blank\u00a0\u00bb el_class=\u00a0\u00bbxtd-hover-05&Prime; curly_max_width=\u00a0\u00bb6rem\u00a0\u00bb link=\u00a0\u00bbhttp:%2F%2Fitero.com|\u00a0\u00bb][vc_single_image image=\u00a0\u00bb5687&Prime; img_size=\u00a0\u00bbfull\u00a0\u00bb alignment=\u00a0\u00bbcenter\u00a0\u00bb onclick=\u00a0\u00bbcustom_link\u00a0\u00bb img_link_target=\u00a0\u00bb_blank\u00a0\u00bb el_class=\u00a0\u00bbxtd-hover-05&Prime; curly_max_width=\u00a0\u00bb6rem\u00a0\u00bb link=\u00a0\u00bbhttps:%2F%2Fargen.com%2F%23%2F|\u00a0\u00bb][\/vc_column][vc_column width=\u00a0\u00bb1\/5&Prime; offset=\u00a0\u00bbvc_col-xs-1\/5&Prime;][vc_single_image image=\u00a0\u00bb5678&Prime; img_size=\u00a0\u00bbfull\u00a0\u00bb alignment=\u00a0\u00bbcenter\u00a0\u00bb onclick=\u00a0\u00bbcustom_link\u00a0\u00bb img_link_target=\u00a0\u00bb_blank\u00a0\u00bb el_class=\u00a0\u00bbxtd-hover-05&Prime; curly_max_width=\u00a0\u00bb6rem\u00a0\u00bb link=\u00a0\u00bbhttps:%2F%2Fwww.ivoclarvivadent.ca%2F|\u00a0\u00bb][vc_single_image image=\u00a0\u00bb5675&Prime; img_size=\u00a0\u00bbfull\u00a0\u00bb alignment=\u00a0\u00bbcenter\u00a0\u00bb onclick=\u00a0\u00bbcustom_link\u00a0\u00bb img_link_target=\u00a0\u00bb_blank\u00a0\u00bb curly_max_width=\u00a0\u00bb6rem\u00a0\u00bb el_class=\u00a0\u00bbxtd-hover-05&Prime; link=\u00a0\u00bbhttps:%2F%2Fwww.dentsplysirona.com%2Fen-ca|\u00a0\u00bb][\/vc_column][vc_column width=\u00a0\u00bb1\/5&Prime; offset=\u00a0\u00bbvc_col-xs-1\/5&Prime;][vc_single_image image=\u00a0\u00bb5805&Prime; img_size=\u00a0\u00bbfull\u00a0\u00bb alignment=\u00a0\u00bbcenter\u00a0\u00bb onclick=\u00a0\u00bbcustom_link\u00a0\u00bb img_link_target=\u00a0\u00bb_blank\u00a0\u00bb el_class=\u00a0\u00bbxtd-hover-05&Prime; curly_max_width=\u00a0\u00bb6rem\u00a0\u00bb link=\u00a0\u00bbhttps:%2F%2Fcurion.ca%2F|\u00a0\u00bb][vc_single_image image=\u00a0\u00bb5804&Prime; img_size=\u00a0\u00bbfull\u00a0\u00bb alignment=\u00a0\u00bbcenter\u00a0\u00bb onclick=\u00a0\u00bbcustom_link\u00a0\u00bb img_link_target=\u00a0\u00bb_blank\u00a0\u00bb el_class=\u00a0\u00bbxtd-hover-05&Prime; curly_max_width=\u00a0\u00bb6rem\u00a0\u00bb link=\u00a0\u00bbhttps:%2F%2Fwww.stratasys.com%2F|\u00a0\u00bb][\/vc_column][vc_column width=\u00a0\u00bb1\/5&Prime; offset=\u00a0\u00bbvc_col-xs-1\/5&Prime;][vc_single_image image=\u00a0\u00bb5724&Prime; img_size=\u00a0\u00bbfull\u00a0\u00bb alignment=\u00a0\u00bbcenter\u00a0\u00bb onclick=\u00a0\u00bbcustom_link\u00a0\u00bb img_link_target=\u00a0\u00bb_blank\u00a0\u00bb el_class=\u00a0\u00bbxtd-hover-05&Prime; curly_max_width=\u00a0\u00bb6rem\u00a0\u00bb link=\u00a0\u00bbhttps:%2F%2Fwww.3shape.com%2F|\u00a0\u00bb][vc_single_image image=\u00a0\u00bb5725&Prime; img_size=\u00a0\u00bbfull\u00a0\u00bb alignment=\u00a0\u00bbcenter\u00a0\u00bb onclick=\u00a0\u00bbcustom_link\u00a0\u00bb img_link_target=\u00a0\u00bb_blank\u00a0\u00bb el_class=\u00a0\u00bbxtd-hover-05&Prime; curly_max_width=\u00a0\u00bb6rem\u00a0\u00bb link=\u00a0\u00bbhttps:%2F%2Fwww.harvestdental.com%2F|\u00a0\u00bb][\/vc_column][\/vc_row][vc_row full_width=\u00a0\u00bbstretch_row\u00a0\u00bb curly_padding=\u00a0\u00bbcontent-padding-none\u00a0\u00bb css=\u00a0\u00bb.vc_custom_1637825684403{background-color: #231f20 !important;}\u00a0\u00bb][vc_column][\/vc_column][\/vc_row]\n<\/div>","protected":false},"excerpt":{"rendered":"<p>[vc_row curly_padding=\u00a0\u00bbcontent-padding-none\u00a0\u00bb][vc_column curly_padding=\u00a0\u00bbcontent-padding-none\u00a0\u00bb el_class=\u00a0\u00bbxtd-shadow&#8211;large-light z-index&#8211;1 xtd-padding&#8211;3&Prime; offset=\u00a0\u00bbvc_col-lg-offset-9 vc_col-lg-3 vc_col-md-offset-6 vc_col-md-5 vc_col-sm-offset-5&Prime;][vc_empty_space height=\u00a0\u00bb200px\u00a0\u00bb][\/vc_column][\/vc_row][vc_row][vc_column offset=\u00a0\u00bbvc_col-lg-offset-8 vc_col-lg-4 vc_col-md-offset-6 vc_col-md-5 vc_col-sm-offset-5&Prime; el_class=\u00a0\u00bbxl-padding&#8211;1&Prime;][\/vc_column][\/vc_row][vc_row content_placement=\u00a0\u00bbmiddle\u00a0\u00bb curly_padding=\u00a0\u00bbcontent-padding-none\u00a0\u00bb el_id=\u00a0\u00bbbienvenue \u00e0\u00a0\u00bb css=\u00a0\u00bb.vc_custom_1583264527851{padding-bottom: 1rem !important;}\u00a0\u00bb][vc_column width=\u00a0\u00bb5\/6&Prime; offset=\u00a0\u00bbvc_col-md-offset-0 vc_col-md-6 vc_col-sm-offset-1&Prime;][vc_single_image image=\u00a0\u00bb7044&Prime; img_size=\u00a0\u00bbfull\u00a0\u00bb style=\u00a0\u00bbxtd-shadow&#8211;large-light\u00a0\u00bb css=\u00a0\u00bb.vc_custom_1695405383553{margin-right: 4rem !important;}\u00a0\u00bb el_class=\u00a0\u00bbxtd-offset-dots\u00a0\u00bb][\/vc_column][vc_column width=\u00a0\u00bb5\/6&Prime; offset=\u00a0\u00bbvc_col-lg-offset-1 vc_col-lg-5 vc_col-md-offset-0 vc_col-md-6 vc_col-sm-offset-1&Prime;][vc_column_text] L&rsquo;avantage Milident ? [\/vc_column_text][vc_empty_space height=\u00a0\u00bb\u00a0\u00bb el_class=\u00a0\u00bbxtd-spacer\u00a0\u00bb][vc_column_text]Chez Milident, nous avons un objectif principal : nous efforcer en permanence de [&hellip;]<\/p>\n","protected":false},"author":1,"featured_media":0,"parent":0,"menu_order":0,"comment_status":"closed","ping_status":"closed","template":"","meta":{"inline_featured_image":false,"footnotes":""},"class_list":["post-5882","page","type-page","status-publish","hentry"],"yoast_head":"<!-- This site is optimized with the Yoast SEO plugin v27.2 - https:\/\/yoast.com\/product\/yoast-seo-wordpress\/ -->\n<title>Milident - 165, boul. de la Technologie, Gatineau, Qc, J8Z 3G4<\/title>\n<meta name=\"robots\" content=\"index, follow, max-snippet:-1, max-image-preview:large, max-video-preview:-1\" \/>\n<link rel=\"canonical\" href=\"https:\/\/milident.com\/fr\/\" \/>\n<meta property=\"og:locale\" content=\"fr_FR\" \/>\n<meta property=\"og:type\" content=\"article\" \/>\n<meta property=\"og:title\" content=\"Milident - 165, boul. de la Technologie, Gatineau, Qc, J8Z 3G4\" \/>\n<meta property=\"og:description\" content=\"[vc_row curly_padding=\u00a0\u00bbcontent-padding-none\u00a0\u00bb][vc_column curly_padding=\u00a0\u00bbcontent-padding-none\u00a0\u00bb el_class=\u00a0\u00bbxtd-shadow&#8211;large-light z-index&#8211;1 xtd-padding&#8211;3&Prime; offset=\u00a0\u00bbvc_col-lg-offset-9 vc_col-lg-3 vc_col-md-offset-6 vc_col-md-5 vc_col-sm-offset-5&Prime;][vc_empty_space height=\u00a0\u00bb200px\u00a0\u00bb][\/vc_column][\/vc_row][vc_row][vc_column offset=\u00a0\u00bbvc_col-lg-offset-8 vc_col-lg-4 vc_col-md-offset-6 vc_col-md-5 vc_col-sm-offset-5&Prime; el_class=\u00a0\u00bbxl-padding&#8211;1&Prime;][\/vc_column][\/vc_row][vc_row content_placement=\u00a0\u00bbmiddle\u00a0\u00bb curly_padding=\u00a0\u00bbcontent-padding-none\u00a0\u00bb el_id=\u00a0\u00bbbienvenue \u00e0\u00a0\u00bb css=\u00a0\u00bb.vc_custom_1583264527851{padding-bottom: 1rem !important;}\u00a0\u00bb][vc_column width=\u00a0\u00bb5\/6&Prime; offset=\u00a0\u00bbvc_col-md-offset-0 vc_col-md-6 vc_col-sm-offset-1&Prime;][vc_single_image image=\u00a0\u00bb7044&Prime; img_size=\u00a0\u00bbfull\u00a0\u00bb style=\u00a0\u00bbxtd-shadow&#8211;large-light\u00a0\u00bb css=\u00a0\u00bb.vc_custom_1695405383553{margin-right: 4rem !important;}\u00a0\u00bb el_class=\u00a0\u00bbxtd-offset-dots\u00a0\u00bb][\/vc_column][vc_column width=\u00a0\u00bb5\/6&Prime; offset=\u00a0\u00bbvc_col-lg-offset-1 vc_col-lg-5 vc_col-md-offset-0 vc_col-md-6 vc_col-sm-offset-1&Prime;][vc_column_text] L&rsquo;avantage Milident ? [\/vc_column_text][vc_empty_space height=\u00a0\u00bb\u00a0\u00bb el_class=\u00a0\u00bbxtd-spacer\u00a0\u00bb][vc_column_text]Chez Milident, nous avons un objectif principal : nous efforcer en permanence de [&hellip;]\" \/>\n<meta property=\"og:url\" content=\"https:\/\/milident.com\/fr\/\" \/>\n<meta property=\"og:site_name\" content=\"Milident\" \/>\n<meta property=\"article:publisher\" content=\"https:\/\/www.facebook.com\/capitalceramicsEdmonton\" \/>\n<meta property=\"article:modified_time\" content=\"2024-11-07T03:30:06+00:00\" \/>\n<meta name=\"twitter:card\" content=\"summary_large_image\" \/>\n<meta name=\"twitter:label1\" content=\"Dur\u00e9e de lecture estim\u00e9e\" \/>\n\t<meta name=\"twitter:data1\" content=\"3 minutes\" \/>\n<script type=\"application\/ld+json\" class=\"yoast-schema-graph\">{\"@context\":\"https:\/\/schema.org\",\"@graph\":[{\"@type\":\"WebPage\",\"@id\":\"https:\/\/milident.com\/fr\/\",\"url\":\"https:\/\/milident.com\/fr\/\",\"name\":\"Milident - 165, boul. de la Technologie, Gatineau, Qc, J8Z 3G4\",\"isPartOf\":{\"@id\":\"https:\/\/milident.com\/fr\/#website\"},\"datePublished\":\"2022-02-26T04:07:12+00:00\",\"dateModified\":\"2024-11-07T03:30:06+00:00\",\"breadcrumb\":{\"@id\":\"https:\/\/milident.com\/fr\/#breadcrumb\"},\"inLanguage\":\"fr-FR\",\"potentialAction\":[{\"@type\":\"ReadAction\",\"target\":[\"https:\/\/milident.com\/fr\/\"]}]},{\"@type\":\"BreadcrumbList\",\"@id\":\"https:\/\/milident.com\/fr\/#breadcrumb\",\"itemListElement\":[{\"@type\":\"ListItem\",\"position\":1,\"name\":\"Home\",\"item\":\"https:\/\/milident.com\/fr\/\"},{\"@type\":\"ListItem\",\"position\":2,\"name\":\"Accueil\"}]},{\"@type\":\"WebSite\",\"@id\":\"https:\/\/milident.com\/fr\/#website\",\"url\":\"https:\/\/milident.com\/fr\/\",\"name\":\"Milident\",\"description\":\"Fully digital laboratory\",\"potentialAction\":[{\"@type\":\"SearchAction\",\"target\":{\"@type\":\"EntryPoint\",\"urlTemplate\":\"https:\/\/milident.com\/fr\/?s={search_term_string}\"},\"query-input\":{\"@type\":\"PropertyValueSpecification\",\"valueRequired\":true,\"valueName\":\"search_term_string\"}}],\"inLanguage\":\"fr-FR\"}]}<\/script>\n<!-- \/ Yoast SEO plugin. -->","yoast_head_json":{"title":"Milident - 165, boul. de la Technologie, Gatineau, Qc, J8Z 3G4","robots":{"index":"index","follow":"follow","max-snippet":"max-snippet:-1","max-image-preview":"max-image-preview:large","max-video-preview":"max-video-preview:-1"},"canonical":"https:\/\/milident.com\/fr\/","og_locale":"fr_FR","og_type":"article","og_title":"Milident - 165, boul. de la Technologie, Gatineau, Qc, J8Z 3G4","og_description":"[vc_row curly_padding=\u00a0\u00bbcontent-padding-none\u00a0\u00bb][vc_column curly_padding=\u00a0\u00bbcontent-padding-none\u00a0\u00bb el_class=\u00a0\u00bbxtd-shadow&#8211;large-light z-index&#8211;1 xtd-padding&#8211;3&Prime; offset=\u00a0\u00bbvc_col-lg-offset-9 vc_col-lg-3 vc_col-md-offset-6 vc_col-md-5 vc_col-sm-offset-5&Prime;][vc_empty_space height=\u00a0\u00bb200px\u00a0\u00bb][\/vc_column][\/vc_row][vc_row][vc_column offset=\u00a0\u00bbvc_col-lg-offset-8 vc_col-lg-4 vc_col-md-offset-6 vc_col-md-5 vc_col-sm-offset-5&Prime; el_class=\u00a0\u00bbxl-padding&#8211;1&Prime;][\/vc_column][\/vc_row][vc_row content_placement=\u00a0\u00bbmiddle\u00a0\u00bb curly_padding=\u00a0\u00bbcontent-padding-none\u00a0\u00bb el_id=\u00a0\u00bbbienvenue \u00e0\u00a0\u00bb css=\u00a0\u00bb.vc_custom_1583264527851{padding-bottom: 1rem !important;}\u00a0\u00bb][vc_column width=\u00a0\u00bb5\/6&Prime; offset=\u00a0\u00bbvc_col-md-offset-0 vc_col-md-6 vc_col-sm-offset-1&Prime;][vc_single_image image=\u00a0\u00bb7044&Prime; img_size=\u00a0\u00bbfull\u00a0\u00bb style=\u00a0\u00bbxtd-shadow&#8211;large-light\u00a0\u00bb css=\u00a0\u00bb.vc_custom_1695405383553{margin-right: 4rem !important;}\u00a0\u00bb el_class=\u00a0\u00bbxtd-offset-dots\u00a0\u00bb][\/vc_column][vc_column width=\u00a0\u00bb5\/6&Prime; offset=\u00a0\u00bbvc_col-lg-offset-1 vc_col-lg-5 vc_col-md-offset-0 vc_col-md-6 vc_col-sm-offset-1&Prime;][vc_column_text] L&rsquo;avantage Milident ? [\/vc_column_text][vc_empty_space height=\u00a0\u00bb\u00a0\u00bb el_class=\u00a0\u00bbxtd-spacer\u00a0\u00bb][vc_column_text]Chez Milident, nous avons un objectif principal : nous efforcer en permanence de [&hellip;]","og_url":"https:\/\/milident.com\/fr\/","og_site_name":"Milident","article_publisher":"https:\/\/www.facebook.com\/capitalceramicsEdmonton","article_modified_time":"2024-11-07T03:30:06+00:00","twitter_card":"summary_large_image","twitter_misc":{"Dur\u00e9e de lecture estim\u00e9e":"3 minutes"},"schema":{"@context":"https:\/\/schema.org","@graph":[{"@type":"WebPage","@id":"https:\/\/milident.com\/fr\/","url":"https:\/\/milident.com\/fr\/","name":"Milident - 165, boul. de la Technologie, Gatineau, Qc, J8Z 3G4","isPartOf":{"@id":"https:\/\/milident.com\/fr\/#website"},"datePublished":"2022-02-26T04:07:12+00:00","dateModified":"2024-11-07T03:30:06+00:00","breadcrumb":{"@id":"https:\/\/milident.com\/fr\/#breadcrumb"},"inLanguage":"fr-FR","potentialAction":[{"@type":"ReadAction","target":["https:\/\/milident.com\/fr\/"]}]},{"@type":"BreadcrumbList","@id":"https:\/\/milident.com\/fr\/#breadcrumb","itemListElement":[{"@type":"ListItem","position":1,"name":"Home","item":"https:\/\/milident.com\/fr\/"},{"@type":"ListItem","position":2,"name":"Accueil"}]},{"@type":"WebSite","@id":"https:\/\/milident.com\/fr\/#website","url":"https:\/\/milident.com\/fr\/","name":"Milident","description":"Fully digital laboratory","potentialAction":[{"@type":"SearchAction","target":{"@type":"EntryPoint","urlTemplate":"https:\/\/milident.com\/fr\/?s={search_term_string}"},"query-input":{"@type":"PropertyValueSpecification","valueRequired":true,"valueName":"search_term_string"}}],"inLanguage":"fr-FR"}]}},"_links":{"self":[{"href":"https:\/\/milident.com\/fr\/wp-json\/wp\/v2\/pages\/5882","targetHints":{"allow":["GET"]}}],"collection":[{"href":"https:\/\/milident.com\/fr\/wp-json\/wp\/v2\/pages"}],"about":[{"href":"https:\/\/milident.com\/fr\/wp-json\/wp\/v2\/types\/page"}],"author":[{"embeddable":true,"href":"https:\/\/milident.com\/fr\/wp-json\/wp\/v2\/users\/1"}],"replies":[{"embeddable":true,"href":"https:\/\/milident.com\/fr\/wp-json\/wp\/v2\/comments?post=5882"}],"version-history":[{"count":10,"href":"https:\/\/milident.com\/fr\/wp-json\/wp\/v2\/pages\/5882\/revisions"}],"predecessor-version":[{"id":8126,"href":"https:\/\/milident.com\/fr\/wp-json\/wp\/v2\/pages\/5882\/revisions\/8126"}],"wp:attachment":[{"href":"https:\/\/milident.com\/fr\/wp-json\/wp\/v2\/media?parent=5882"}],"curies":[{"name":"wp","href":"https:\/\/api.w.org\/{rel}","templated":true}]}}