{"id":5895,"date":"2022-02-26T01:05:50","date_gmt":"2022-02-26T05:05:50","guid":{"rendered":"https:\/\/milident.com\/evenements\/"},"modified":"2025-02-25T21:45:50","modified_gmt":"2025-02-26T01:45:50","slug":"evenements","status":"publish","type":"page","link":"https:\/\/milident.com\/fr\/evenements\/","title":{"rendered":"\u00c9v\u00e9nements"},"content":{"rendered":"<div class=\"wpb-content-wrapper\">[vc_row full_width=\u00a0\u00bbstretch_row\u00a0\u00bb full_height=\u00a0\u00bbyes\u00a0\u00bb columns_placement=\u00a0\u00bbtop\u00a0\u00bb][vc_column width=\u00a0\u00bb2\/3&Prime;][vc_column_text css=\u00a0\u00bb\u00a0\u00bb]\n<h4>\u00c9v\u00e8nements \u00e0 venir<\/h4>\n<i class=\"fas fa-\"><\/i> <a href=\"https:\/\/milident.com\/fr\/evenements\/gbt-une-revolution-en-hygiene-dentaire-etes-vous-pret\/\" target=\"_blank\" rel=\"noopener\">GBT: Une R\u00e9volution en Hygi\u00e8ne Dentaire &#8211; \u00cates Vous Pr\u00eat?<\/a><\/p>\n<i class=\"fas fa-\"><\/i> <a href=\"https:\/\/milident.com\/fr\/evenements\/quest-ce-qui-se-passe-ici-la-cimentation-a-la-zircone-simplifiee\/\">Que se passe-t-il ici ?! Cimentation de la zircone simplifi\u00e9e<\/a><\/p>\n<i class=\"fas fa-\"><\/i> <a href=\"https:\/\/milident.com\/fr\/evenements\/materiaux-biologiques-pour-la-vitalite-pulpaire\/\">Mat\u00e9riaux biologiques pour la vitalit\u00e9 pulpaire<\/a><\/p>\n<p><strong>Pour tous les \u00e9v\u00e9nements, veuillez RSVP \u00e0 <a href=\"mailto:events@milident.com\">events@milident.com<\/a><\/strong>[\/vc_column_text][\/vc_column][vc_column width=\u00a0\u00bb1\/3&Prime;][\/vc_column][\/vc_row][vc_row full_width=\u00a0\u00bbstretch_row\u00a0\u00bb curly_padding=\u00a0\u00bbcontent-padding-none\u00a0\u00bb el_class=\u00a0\u00bbcolor&#8211;text-inverted xtd-background-animation&#8211;left-right\u00a0\u00bb css=\u00a0\u00bb.vc_custom_1626212958924{background: #231f20 url(http:\/\/localhost\/dentist\/wp-content\/uploads\/sites\/20\/2017\/06\/Seamlessteethlight-bluepattern_d9c7faf5-9516-4c8b-af46-05a4aa273320-2.png?id=283) !important;}\u00a0\u00bb][vc_column][vc_column_text]\n<p style=\"text-align: center;\">Combiner tradition et innovation<\/p>\n[\/vc_column_text][\/vc_column][\/vc_row]\n<\/div>","protected":false},"excerpt":{"rendered":"<p>[vc_row full_width=\u00a0\u00bbstretch_row\u00a0\u00bb full_height=\u00a0\u00bbyes\u00a0\u00bb columns_placement=\u00a0\u00bbtop\u00a0\u00bb][vc_column width=\u00a0\u00bb2\/3&Prime;][vc_column_text css=\u00a0\u00bb\u00a0\u00bb] \u00c9v\u00e8nements \u00e0 venir GBT: Une R\u00e9volution en Hygi\u00e8ne Dentaire &#8211; \u00cates Vous Pr\u00eat? Que se passe-t-il ici ?! Cimentation de la zircone simplifi\u00e9e Mat\u00e9riaux biologiques pour la vitalit\u00e9 pulpaire Pour tous les \u00e9v\u00e9nements, veuillez RSVP \u00e0 events@milident.com[\/vc_column_text][\/vc_column][vc_column width=\u00a0\u00bb1\/3&Prime;][\/vc_column][\/vc_row][vc_row full_width=\u00a0\u00bbstretch_row\u00a0\u00bb curly_padding=\u00a0\u00bbcontent-padding-none\u00a0\u00bb el_class=\u00a0\u00bbcolor&#8211;text-inverted xtd-background-animation&#8211;left-right\u00a0\u00bb css=\u00a0\u00bb.vc_custom_1626212958924{background: #231f20 url(http:\/\/localhost\/dentist\/wp-content\/uploads\/sites\/20\/2017\/06\/Seamlessteethlight-bluepattern_d9c7faf5-9516-4c8b-af46-05a4aa273320-2.png?id=283) !important;}\u00a0\u00bb][vc_column][vc_column_text] Combiner tradition et innovation [\/vc_column_text][\/vc_column][\/vc_row]<\/p>\n","protected":false},"author":1,"featured_media":0,"parent":0,"menu_order":0,"comment_status":"closed","ping_status":"closed","template":"","meta":{"inline_featured_image":false,"footnotes":""},"class_list":["post-5895","page","type-page","status-publish","hentry"],"yoast_head":"<!-- This site is optimized with the Yoast SEO plugin v27.2 - https:\/\/yoast.com\/product\/yoast-seo-wordpress\/ -->\n<title>\u00c9v\u00e9nements - Milident<\/title>\n<meta name=\"robots\" content=\"index, follow, max-snippet:-1, max-image-preview:large, max-video-preview:-1\" \/>\n<link rel=\"canonical\" href=\"https:\/\/milident.com\/fr\/evenements\/\" \/>\n<meta property=\"og:locale\" content=\"fr_FR\" \/>\n<meta property=\"og:type\" content=\"article\" \/>\n<meta property=\"og:title\" content=\"\u00c9v\u00e9nements - Milident\" \/>\n<meta property=\"og:description\" content=\"[vc_row full_width=\u00a0\u00bbstretch_row\u00a0\u00bb full_height=\u00a0\u00bbyes\u00a0\u00bb columns_placement=\u00a0\u00bbtop\u00a0\u00bb][vc_column width=\u00a0\u00bb2\/3&Prime;][vc_column_text css=\u00a0\u00bb\u00a0\u00bb] \u00c9v\u00e8nements \u00e0 venir GBT: Une R\u00e9volution en Hygi\u00e8ne Dentaire &#8211; \u00cates Vous Pr\u00eat? Que se passe-t-il ici ?! Cimentation de la zircone simplifi\u00e9e Mat\u00e9riaux biologiques pour la vitalit\u00e9 pulpaire Pour tous les \u00e9v\u00e9nements, veuillez RSVP \u00e0 events@milident.com[\/vc_column_text][\/vc_column][vc_column width=\u00a0\u00bb1\/3&Prime;][\/vc_column][\/vc_row][vc_row full_width=\u00a0\u00bbstretch_row\u00a0\u00bb curly_padding=\u00a0\u00bbcontent-padding-none\u00a0\u00bb el_class=\u00a0\u00bbcolor&#8211;text-inverted xtd-background-animation&#8211;left-right\u00a0\u00bb css=\u00a0\u00bb.vc_custom_1626212958924{background: #231f20 url(http:\/\/localhost\/dentist\/wp-content\/uploads\/sites\/20\/2017\/06\/Seamlessteethlight-bluepattern_d9c7faf5-9516-4c8b-af46-05a4aa273320-2.png?id=283) !important;}\u00a0\u00bb][vc_column][vc_column_text] Combiner tradition et innovation [\/vc_column_text][\/vc_column][\/vc_row]\" \/>\n<meta property=\"og:url\" content=\"https:\/\/milident.com\/fr\/evenements\/\" \/>\n<meta property=\"og:site_name\" content=\"Milident\" \/>\n<meta property=\"article:publisher\" content=\"https:\/\/www.facebook.com\/capitalceramicsEdmonton\" \/>\n<meta property=\"article:modified_time\" content=\"2025-02-26T01:45:50+00:00\" \/>\n<meta name=\"twitter:card\" content=\"summary_large_image\" \/>\n<meta name=\"twitter:label1\" content=\"Dur\u00e9e de lecture estim\u00e9e\" \/>\n\t<meta name=\"twitter:data1\" content=\"1 minute\" \/>\n<script type=\"application\/ld+json\" class=\"yoast-schema-graph\">{\"@context\":\"https:\/\/schema.org\",\"@graph\":[{\"@type\":\"WebPage\",\"@id\":\"https:\/\/milident.com\/fr\/evenements\/\",\"url\":\"https:\/\/milident.com\/fr\/evenements\/\",\"name\":\"\u00c9v\u00e9nements - Milident\",\"isPartOf\":{\"@id\":\"https:\/\/milident.com\/fr\/#website\"},\"datePublished\":\"2022-02-26T05:05:50+00:00\",\"dateModified\":\"2025-02-26T01:45:50+00:00\",\"breadcrumb\":{\"@id\":\"https:\/\/milident.com\/fr\/evenements\/#breadcrumb\"},\"inLanguage\":\"fr-FR\",\"potentialAction\":[{\"@type\":\"ReadAction\",\"target\":[\"https:\/\/milident.com\/fr\/evenements\/\"]}]},{\"@type\":\"BreadcrumbList\",\"@id\":\"https:\/\/milident.com\/fr\/evenements\/#breadcrumb\",\"itemListElement\":[{\"@type\":\"ListItem\",\"position\":1,\"name\":\"Home\",\"item\":\"https:\/\/milident.com\/fr\/\"},{\"@type\":\"ListItem\",\"position\":2,\"name\":\"\u00c9v\u00e9nements\"}]},{\"@type\":\"WebSite\",\"@id\":\"https:\/\/milident.com\/fr\/#website\",\"url\":\"https:\/\/milident.com\/fr\/\",\"name\":\"Milident\",\"description\":\"Fully digital laboratory\",\"potentialAction\":[{\"@type\":\"SearchAction\",\"target\":{\"@type\":\"EntryPoint\",\"urlTemplate\":\"https:\/\/milident.com\/fr\/?s={search_term_string}\"},\"query-input\":{\"@type\":\"PropertyValueSpecification\",\"valueRequired\":true,\"valueName\":\"search_term_string\"}}],\"inLanguage\":\"fr-FR\"}]}<\/script>\n<!-- \/ Yoast SEO plugin. -->","yoast_head_json":{"title":"\u00c9v\u00e9nements - Milident","robots":{"index":"index","follow":"follow","max-snippet":"max-snippet:-1","max-image-preview":"max-image-preview:large","max-video-preview":"max-video-preview:-1"},"canonical":"https:\/\/milident.com\/fr\/evenements\/","og_locale":"fr_FR","og_type":"article","og_title":"\u00c9v\u00e9nements - Milident","og_description":"[vc_row full_width=\u00a0\u00bbstretch_row\u00a0\u00bb full_height=\u00a0\u00bbyes\u00a0\u00bb columns_placement=\u00a0\u00bbtop\u00a0\u00bb][vc_column width=\u00a0\u00bb2\/3&Prime;][vc_column_text css=\u00a0\u00bb\u00a0\u00bb] \u00c9v\u00e8nements \u00e0 venir GBT: Une R\u00e9volution en Hygi\u00e8ne Dentaire &#8211; \u00cates Vous Pr\u00eat? Que se passe-t-il ici ?! Cimentation de la zircone simplifi\u00e9e Mat\u00e9riaux biologiques pour la vitalit\u00e9 pulpaire Pour tous les \u00e9v\u00e9nements, veuillez RSVP \u00e0 events@milident.com[\/vc_column_text][\/vc_column][vc_column width=\u00a0\u00bb1\/3&Prime;][\/vc_column][\/vc_row][vc_row full_width=\u00a0\u00bbstretch_row\u00a0\u00bb curly_padding=\u00a0\u00bbcontent-padding-none\u00a0\u00bb el_class=\u00a0\u00bbcolor&#8211;text-inverted xtd-background-animation&#8211;left-right\u00a0\u00bb css=\u00a0\u00bb.vc_custom_1626212958924{background: #231f20 url(http:\/\/localhost\/dentist\/wp-content\/uploads\/sites\/20\/2017\/06\/Seamlessteethlight-bluepattern_d9c7faf5-9516-4c8b-af46-05a4aa273320-2.png?id=283) !important;}\u00a0\u00bb][vc_column][vc_column_text] Combiner tradition et innovation [\/vc_column_text][\/vc_column][\/vc_row]","og_url":"https:\/\/milident.com\/fr\/evenements\/","og_site_name":"Milident","article_publisher":"https:\/\/www.facebook.com\/capitalceramicsEdmonton","article_modified_time":"2025-02-26T01:45:50+00:00","twitter_card":"summary_large_image","twitter_misc":{"Dur\u00e9e de lecture estim\u00e9e":"1 minute"},"schema":{"@context":"https:\/\/schema.org","@graph":[{"@type":"WebPage","@id":"https:\/\/milident.com\/fr\/evenements\/","url":"https:\/\/milident.com\/fr\/evenements\/","name":"\u00c9v\u00e9nements - Milident","isPartOf":{"@id":"https:\/\/milident.com\/fr\/#website"},"datePublished":"2022-02-26T05:05:50+00:00","dateModified":"2025-02-26T01:45:50+00:00","breadcrumb":{"@id":"https:\/\/milident.com\/fr\/evenements\/#breadcrumb"},"inLanguage":"fr-FR","potentialAction":[{"@type":"ReadAction","target":["https:\/\/milident.com\/fr\/evenements\/"]}]},{"@type":"BreadcrumbList","@id":"https:\/\/milident.com\/fr\/evenements\/#breadcrumb","itemListElement":[{"@type":"ListItem","position":1,"name":"Home","item":"https:\/\/milident.com\/fr\/"},{"@type":"ListItem","position":2,"name":"\u00c9v\u00e9nements"}]},{"@type":"WebSite","@id":"https:\/\/milident.com\/fr\/#website","url":"https:\/\/milident.com\/fr\/","name":"Milident","description":"Fully digital laboratory","potentialAction":[{"@type":"SearchAction","target":{"@type":"EntryPoint","urlTemplate":"https:\/\/milident.com\/fr\/?s={search_term_string}"},"query-input":{"@type":"PropertyValueSpecification","valueRequired":true,"valueName":"search_term_string"}}],"inLanguage":"fr-FR"}]}},"_links":{"self":[{"href":"https:\/\/milident.com\/fr\/wp-json\/wp\/v2\/pages\/5895","targetHints":{"allow":["GET"]}}],"collection":[{"href":"https:\/\/milident.com\/fr\/wp-json\/wp\/v2\/pages"}],"about":[{"href":"https:\/\/milident.com\/fr\/wp-json\/wp\/v2\/types\/page"}],"author":[{"embeddable":true,"href":"https:\/\/milident.com\/fr\/wp-json\/wp\/v2\/users\/1"}],"replies":[{"embeddable":true,"href":"https:\/\/milident.com\/fr\/wp-json\/wp\/v2\/comments?post=5895"}],"version-history":[{"count":19,"href":"https:\/\/milident.com\/fr\/wp-json\/wp\/v2\/pages\/5895\/revisions"}],"predecessor-version":[{"id":8387,"href":"https:\/\/milident.com\/fr\/wp-json\/wp\/v2\/pages\/5895\/revisions\/8387"}],"wp:attachment":[{"href":"https:\/\/milident.com\/fr\/wp-json\/wp\/v2\/media?parent=5895"}],"curies":[{"name":"wp","href":"https:\/\/api.w.org\/{rel}","templated":true}]}}