{"id":5912,"date":"2020-01-31T06:17:21","date_gmt":"2020-01-31T10:17:21","guid":{"rendered":"https:\/\/milident.com\/services\/"},"modified":"2024-06-18T21:56:16","modified_gmt":"2024-06-19T01:56:16","slug":"services","status":"publish","type":"page","link":"https:\/\/milident.com\/fr\/services\/","title":{"rendered":"Services"},"content":{"rendered":"<div class=\"wpb-content-wrapper\">[vc_row curly_padding=\u00a0\u00bbcontent-padding\u00a0\u00bb][vc_column width=\u00a0\u00bb1\/2&Prime;][vc_single_image image=\u00a0\u00bb5846&Prime; img_size=\u00a0\u00bblarge\u00a0\u00bb alignment=\u00a0\u00bbcenter\u00a0\u00bb style=\u00a0\u00bbvc_box_shadow_border_circle_2&Prime; el_class=\u00a0\u00bbxtd-offset-dots\u00a0\u00bb][\/vc_column][vc_column width=\u00a0\u00bb5\/12&Prime; offset=\u00a0\u00bbvc_col-lg-offset-1 vc_col-lg-4 vc_col-sm-offset-1&Prime;]<div class='xtd-shape xtd-shadow--large-light xtd-shape--position-absolute xtd-shape--z-index-0  vc_custom_1498069685249'  style=\"width: 13rem; height: 13rem; top: 17.5%; opacity: 0.75\" ><\/div><div class='xtd-shape xtd-shadow--normal-light xtd-shape--position-absolute xtd-shape--z-index-0  vc_custom_1498068041800'  style=\"width: 4rem; height: 4rem; top: 0; left: 100%\" ><\/div>[vc_column_text]\n<h1 class=\"special-title\"><strong>IPS e.max<span style=\"font-size: 20px; position: absolute; top: 10px; padding-left: 5px;\"><sup>MD<\/sup><\/span><\/strong><\/h1>\n[\/vc_column_text][vc_column_text]Compos\u00e9 d\u2019une c\u00e9ramique monolithique en disilicate de lithium, IPS e.max<sup>MD<\/sup> offre une apparence exceptionnelle et un ajustement pr\u00e9cis. IPS e.max<sup>MD<\/sup> est couramment utilis\u00e9 pour obtenir des contacts et une occlusion quasi parfaits. Sa c\u00e9ramique unique \u00e0 base de disilicate de lithium offre une r\u00e9sistance \u00e0 la flexion de 340 \u00e0 360\u00a0MPa, ce qui en fait la solution id\u00e9ale pour les couronnes ant\u00e9rieures ou post\u00e9rieures simples et les ponts dentaires ant\u00e9rieurs jusqu\u2019\u00e0 trois \u00e9l\u00e9ments, ainsi que pour les facettes, les incrustations, les proth\u00e8ses extrins\u00e8ques et les couronnes implantaires viss\u00e9es.[\/vc_column_text]<div class='xtd-shape xtd-shadow--normal-light xtd-shape--position-absolute xtd-shape--z-index-0  vc_custom_1580453096248'  style=\"width: 4rem; height: 4rem; right: 90%; bottom: 0\" ><\/div>[\/vc_column][\/vc_row][vc_row content_placement=\u00a0\u00bbmiddle\u00a0\u00bb curly_padding=\u00a0\u00bbcontent-padding\u00a0\u00bb][vc_column width=\u00a0\u00bb1\/2&Prime;][vc_single_image image=\u00a0\u00bb5830&Prime; img_size=\u00a0\u00bblarge\u00a0\u00bb alignment=\u00a0\u00bbcenter\u00a0\u00bb style=\u00a0\u00bbvc_box_shadow_border_circle_2&Prime; el_class=\u00a0\u00bbxtd-offset-dots\u00a0\u00bb][\/vc_column][vc_column width=\u00a0\u00bb5\/12&Prime; offset=\u00a0\u00bbvc_col-sm-offset-1&Prime;][vc_column_text]\n<h1 class=\"special-title\"><strong>Structure en zircone<\/strong><\/h1>\n[\/vc_column_text][vc_column_text]La structure viss\u00e9e en zircone est un pont monolithique en zircone qui offre une bonne solution de remplacement \u00e0 la proth\u00e8se hybride. Ce produit de tr\u00e8s belle apparence convient particuli\u00e8rement aux patients qui pr\u00e9sentent une forte occlusion ou une usure accrue des dents de leur proth\u00e8se habituelle. Enti\u00e8rement personnalisable, il peut \u00eatre recouvert de porcelaine pour les personnes qui se soucient beaucoup de l\u2019aspect esth\u00e9tique.\u00a0Les mat\u00e9riaux d\u2019aujourd\u2019hui \u00e9tant plus translucides qu\u2019autrefois et offrant des couleurs semblables \u00e0 celles des dents naturelles, il s\u2019agit d\u2019une excellente option de restauration.[\/vc_column_text]<div class='xtd-shape xtd-shadow--normal-light xtd-shape--position-absolute xtd-shape--z-index-0  vc_custom_1580453096248'  style=\"width: 4rem; height: 4rem; right: 90%; bottom: 0\" ><\/div>[\/vc_column][\/vc_row][vc_row content_placement=\u00a0\u00bbmiddle\u00a0\u00bb curly_padding=\u00a0\u00bbcontent-padding\u00a0\u00bb][vc_column width=\u00a0\u00bb1\/2&Prime;][vc_single_image image=\u00a0\u00bb5829&Prime; img_size=\u00a0\u00bblarge\u00a0\u00bb alignment=\u00a0\u00bbcenter\u00a0\u00bb style=\u00a0\u00bbvc_box_shadow_border_circle_2&Prime; el_class=\u00a0\u00bbxtd-offset-dots\u00a0\u00bb][\/vc_column][vc_column width=\u00a0\u00bb5\/12&Prime; offset=\u00a0\u00bbvc_col-sm-offset-1&Prime;][vc_empty_space height=\u00a0\u00bb\u00a0\u00bb el_class=\u00a0\u00bbxtd-spacer\u00a0\u00bb][vc_column_text]\n<h1 class=\"special-title\"><strong>Proth\u00e8se hybride viss\u00e9e <\/strong><\/h1>\n[\/vc_column_text][vc_column_text]Les proth\u00e8ses hybrides viss\u00e9es ont fait leurs preuves comme substitut aux proth\u00e8ses amovibles pour les patients \u00e9dent\u00e9s. Une armature en acrylique est fabriqu\u00e9e sur mesure \u00e0 partir de votre mod\u00e8le ma\u00eetre, puis scann\u00e9e. Les donn\u00e9es scann\u00e9es de l\u2019armature et de la plateforme de chaque implant sont transf\u00e9r\u00e9es \u00e0 un poste de conception o\u00f9 la barre de titane est achev\u00e9e. Apr\u00e8s la conception, elle est frais\u00e9e pour un ajustement pr\u00e9cis. La barre de titane peut ensuite \u00eatre incorpor\u00e9e \u00e0 l\u2019acrylique durant la fabrication de la proth\u00e8se, ou \u00eatre rendue amovible. Nous offrons d\u2019autres solutions de tr\u00e8s belle apparence et personnalisables; veuillez vous adresser \u00e0 nos conseillers. Voici les autres mat\u00e9riaux et appareils amovibles offerts\u00a0:<\/p>\n<ul>\n<li>Proth\u00e8ses dentaires compl\u00e8tes<\/li>\n<li>Proth\u00e8ses partielles moul\u00e9es<\/li>\n<li>\u00a0Valplast<\/li>\n<\/ul>\n[\/vc_column_text]<div class='xtd-shape xtd-shadow--normal-light xtd-shape--position-absolute xtd-shape--z-index-0  vc_custom_1580453096248'  style=\"width: 4rem; height: 4rem; right: 90%; bottom: 0\" ><\/div>[\/vc_column][\/vc_row][vc_row content_placement=\u00a0\u00bbmiddle\u00a0\u00bb curly_padding=\u00a0\u00bbcontent-padding\u00a0\u00bb][vc_column width=\u00a0\u00bb1\/2&Prime;][vc_single_image image=\u00a0\u00bb5826&Prime; img_size=\u00a0\u00bblarge\u00a0\u00bb alignment=\u00a0\u00bbcenter\u00a0\u00bb style=\u00a0\u00bbvc_box_shadow_border_circle_2&Prime; el_class=\u00a0\u00bbxtd-offset-dots\u00a0\u00bb][\/vc_column][vc_column width=\u00a0\u00bb5\/12&Prime; offset=\u00a0\u00bbvc_col-sm-offset-1&Prime;][vc_empty_space height=\u00a0\u00bb\u00a0\u00bb el_class=\u00a0\u00bbxtd-spacer\u00a0\u00bb][vc_column_text]\n<h1 class=\"special-title\"><strong>Attelles fabriqu\u00e9es num\u00e9riquement<\/strong><\/h1>\n[\/vc_column_text][vc_column_text]D\u00e9j\u00e0 r\u00e9alis\u00e9es en milliers d\u2019exemplaires, les attelles fabriqu\u00e9es num\u00e9riquement font maintenant partie de nos produits les plus fiables,\u00a0 au point de faire l\u2019objet d\u2019une garantie d\u2019un an. Ce produit hypoallerg\u00e9nique poss\u00e8de une rigidit\u00e9 qui nous permet de fabriquer une attelle thermosouple beaucoup plus confortable pour les patients.\u00a0Gr\u00e2ce \u00e0 sa flexibilit\u00e9 et \u00e0 sa petite taille, cet appareil se traduit par un taux de r\u00e9ussite \u00e9lev\u00e9 pour vos patients.[\/vc_column_text]<div class='xtd-shape xtd-shadow--normal-light xtd-shape--position-absolute xtd-shape--z-index-0  vc_custom_1580453096248'  style=\"width: 4rem; height: 4rem; right: 90%; bottom: 0\" ><\/div>[\/vc_column][\/vc_row][vc_row content_placement=\u00a0\u00bbmiddle\u00a0\u00bb curly_padding=\u00a0\u00bbcontent-padding\u00a0\u00bb][vc_column width=\u00a0\u00bb1\/2&Prime;][vc_single_image image=\u00a0\u00bb7845&Prime; img_size=\u00a0\u00bbfull\u00a0\u00bb alignment=\u00a0\u00bbcenter\u00a0\u00bb el_class=\u00a0\u00bbxtd-offset-dots\u00a0\u00bb][\/vc_column][vc_column width=\u00a0\u00bb5\/12&Prime; offset=\u00a0\u00bbvc_col-sm-offset-1&Prime;][vc_single_image image=\u00a0\u00bb7843&Prime; img_size=\u00a0\u00bb200&#215;146&Prime;][vc_column_text]\n<h2 class=\"special-title\"><strong>Traitement de L&rsquo;apn\u00e9e du sommeil avec un confort et une durabilit\u00e9 in\u00e9gal\u00e9s <\/strong><\/h2>\n[\/vc_column_text][vc_column_text]Les appareils DSAD sont petits, l\u00e9gers et sur mesure, offrant un confort maximal et une adh\u00e9sion optimale du patient, tout en \u00e9tant r\u00e9sistants au bruxisme et \u00e0 la rupture.<\/p>\n<ul>\n<li>CAO\/FAO 100 % NYLON<\/li>\n<li>R\u00c9TENTION EN CONTRE-D\u00c9P\u00d4TE<\/li>\n<li>PAS DE CONTACT POST\u00c9RIEUR PR\u00c9MATUR\u00c9<\/li>\n<li>TITRAGE \u00c0 CLIP-ON<\/li>\n<li>IMPRIM\u00c9 EN 3D PERSONNALIS\u00c9 \u00c0 PARTIR DE NYLON BIOCOMPATIBLE<\/li>\n<li>SOLIDE ET FLEXIBLE<\/li>\n<\/ul>\n[\/vc_column_text]<div class='xtd-shape xtd-shadow--normal-light xtd-shape--position-absolute xtd-shape--z-index-0  vc_custom_1580453096248'  style=\"width: 4rem; height: 4rem; right: 90%; bottom: 0\" ><\/div>[\/vc_column][\/vc_row][vc_row content_placement=\u00a0\u00bbmiddle\u00a0\u00bb curly_padding=\u00a0\u00bbcontent-padding\u00a0\u00bb][vc_column width=\u00a0\u00bb1\/2&Prime;][vc_single_image image=\u00a0\u00bb5845&Prime; img_size=\u00a0\u00bblarge\u00a0\u00bb alignment=\u00a0\u00bbcenter\u00a0\u00bb style=\u00a0\u00bbvc_box_shadow_border_circle_2&Prime; el_class=\u00a0\u00bbxtd-offset-dots\u00a0\u00bb][\/vc_column][vc_column width=\u00a0\u00bb5\/12&Prime; offset=\u00a0\u00bbvc_col-sm-offset-1&Prime;][vc_empty_space height=\u00a0\u00bb\u00a0\u00bb el_class=\u00a0\u00bbxtd-spacer\u00a0\u00bb][vc_column_text]\n<h1 class=\"special-title\"><strong>Restauration par implant<\/strong><\/h1>\n[\/vc_column_text][vc_column_text]Milident propose des piliers d\u2019implant sur mesure. Les piliers en titane sont couramment utilis\u00e9s dans toutes les r\u00e9gions de la bouche en raison de leur solidit\u00e9. Les piliers en zircone offrent la meilleure apparence possible et sont g\u00e9n\u00e9ralement utilis\u00e9s pour les dents ant\u00e9rieures avec des restaurations enti\u00e8rement en c\u00e9ramique ou en zircone. Lorsque vous prescrivez des piliers d\u2019implant, un profil d\u2019\u00e9mergence d\u2019aspect naturel est frais\u00e9 avec pr\u00e9cision \u00e0 l\u2019aide de la technologie CAD\/CAM afin d\u2019optimiser les contours des tissus mous et l\u2019apparence de la couronne. Cette interface pr\u00e9cise favorise \u00e9galement une excellente sant\u00e9 gingivale. Nous offrons une vari\u00e9t\u00e9 d\u2019options de proth\u00e8ses implantaires, notamment\u00a0:<\/p>\n<ul>\n<li>Restauration d\u2019une ou de plusieurs dents<\/li>\n<li>Piliers sur mesure (zircone ou titane)<\/li>\n<li>Proth\u00e8ses supradentaires<\/li>\n<li>Barres frais\u00e9es avec attaches<\/li>\n<li>Barres doubles frais\u00e9es<\/li>\n<li>Barre de titane<\/li>\n<li>Barre de Dolder<\/li>\n<li>Piliers de rep\u00e9rage<\/li>\n<\/ul>\n[\/vc_column_text]<div class='xtd-shape xtd-shadow--normal-light xtd-shape--position-absolute xtd-shape--z-index-0  vc_custom_1580453096248'  style=\"width: 4rem; height: 4rem; right: 90%; bottom: 0\" ><\/div>[\/vc_column][\/vc_row][vc_row content_placement=\u00a0\u00bbmiddle\u00a0\u00bb curly_padding=\u00a0\u00bbcontent-padding\u00a0\u00bb][vc_column width=\u00a0\u00bb1\/2&Prime;][vc_single_image image=\u00a0\u00bb5839&Prime; img_size=\u00a0\u00bblarge\u00a0\u00bb alignment=\u00a0\u00bbcenter\u00a0\u00bb style=\u00a0\u00bbvc_box_shadow_border_circle_2&Prime; el_class=\u00a0\u00bbxtd-offset-dots\u00a0\u00bb][\/vc_column][vc_column width=\u00a0\u00bb5\/12&Prime; offset=\u00a0\u00bbvc_col-sm-offset-1&Prime;][vc_empty_space height=\u00a0\u00bb\u00a0\u00bb el_class=\u00a0\u00bbxtd-spacer\u00a0\u00bb][vc_column_text]\n<h1 class=\"special-title\"><strong>Services VIP (planification virtuelle des implants)<\/strong><\/h1>\n[\/vc_column_text][vc_column_text]Pensez d\u2019abord au r\u00e9sultat et laissez-nous vous aider \u00e0 visualiser le cas jusqu\u2019\u00e0 la restauration finale. La pose d\u2019implants dentaires pour une ou plusieurs dents n\u00e9cessite une bonne planification et des ressources appropri\u00e9es. Notre \u00e9quipe d\u2019experts vous offre un soutien complet pour assurer le succ\u00e8s de votre intervention et de la restauration finale et, au bout du compte, la satisfaction de vos patients. L\u2019impression en 3D, r\u00e9alis\u00e9e sur place, raccourcit les d\u00e9lais d\u2019ex\u00e9cution en plus de favoriser les \u00e9conomies. Placez avec pr\u00e9cision!<\/p>\n<ul>\n<li>Guides de r\u00e9duction osseuse<\/li>\n<li>Guides de pose d\u2019implants<\/li>\n<li>Temporaires<\/li>\n<\/ul>\n[\/vc_column_text]<div class='xtd-shape xtd-shadow--normal-light xtd-shape--position-absolute xtd-shape--z-index-0  vc_custom_1580453096248'  style=\"width: 4rem; height: 4rem; right: 90%; bottom: 0\" ><\/div>[vc_single_image image=\u00a0\u00bb5780&Prime;][\/vc_column][\/vc_row][vc_row full_width=\u00a0\u00bbstretch_row\u00a0\u00bb equal_height=\u00a0\u00bbyes\u00a0\u00bb curly_padding=\u00a0\u00bbcontent-padding-none\u00a0\u00bb el_class=\u00a0\u00bbcolor&#8211;text-inverted xtd\u00a0\u00bb css=\u00a0\u00bb.vc_custom_1637825865212{background-color: #231f20 !important;}\u00a0\u00bb][vc_column][vc_column_text el_class=\u00a0\u00bbunderline-contact\u00a0\u00bb]\n<p style=\"text-align: center;\">\u00a0Si vous avez des questions au sujet de nos services, veuillez <strong><a style=\"text-decoration: underline !important;\" href=\"https:\/\/milident.com\/fr\/nous-contacter\/\">nous contacter<\/a><\/strong><\/p>\n[\/vc_column_text][\/vc_column][\/vc_row][vc_row][vc_column][\/vc_column][\/vc_row]\n<\/div>","protected":false},"excerpt":{"rendered":"<p>[vc_row curly_padding=\u00a0\u00bbcontent-padding\u00a0\u00bb][vc_column width=\u00a0\u00bb1\/2&Prime;][vc_single_image image=\u00a0\u00bb5846&Prime; img_size=\u00a0\u00bblarge\u00a0\u00bb alignment=\u00a0\u00bbcenter\u00a0\u00bb style=\u00a0\u00bbvc_box_shadow_border_circle_2&Prime; el_class=\u00a0\u00bbxtd-offset-dots\u00a0\u00bb][\/vc_column][vc_column width=\u00a0\u00bb5\/12&Prime; offset=\u00a0\u00bbvc_col-lg-offset-1 vc_col-lg-4 vc_col-sm-offset-1&Prime;][vc_column_text] IPS e.maxMD [\/vc_column_text][vc_column_text]Compos\u00e9 d\u2019une c\u00e9ramique monolithique en disilicate de lithium, IPS e.maxMD offre une apparence exceptionnelle et un ajustement pr\u00e9cis. IPS e.maxMD est couramment utilis\u00e9 pour obtenir des contacts et une occlusion quasi parfaits. Sa c\u00e9ramique unique \u00e0 base de disilicate de lithium offre une r\u00e9sistance \u00e0 la [&hellip;]<\/p>\n","protected":false},"author":1,"featured_media":0,"parent":0,"menu_order":0,"comment_status":"closed","ping_status":"closed","template":"","meta":{"inline_featured_image":false,"footnotes":""},"class_list":["post-5912","page","type-page","status-publish","hentry"],"yoast_head":"<!-- This site is optimized with the Yoast SEO plugin v27.2 - https:\/\/yoast.com\/product\/yoast-seo-wordpress\/ -->\n<title>Services - Milident<\/title>\n<meta name=\"robots\" content=\"index, follow, max-snippet:-1, max-image-preview:large, max-video-preview:-1\" \/>\n<link rel=\"canonical\" href=\"https:\/\/milident.com\/fr\/services\/\" \/>\n<meta property=\"og:locale\" content=\"fr_FR\" \/>\n<meta property=\"og:type\" content=\"article\" \/>\n<meta property=\"og:title\" content=\"Services - Milident\" \/>\n<meta property=\"og:description\" content=\"[vc_row curly_padding=\u00a0\u00bbcontent-padding\u00a0\u00bb][vc_column width=\u00a0\u00bb1\/2&Prime;][vc_single_image image=\u00a0\u00bb5846&Prime; img_size=\u00a0\u00bblarge\u00a0\u00bb alignment=\u00a0\u00bbcenter\u00a0\u00bb style=\u00a0\u00bbvc_box_shadow_border_circle_2&Prime; el_class=\u00a0\u00bbxtd-offset-dots\u00a0\u00bb][\/vc_column][vc_column width=\u00a0\u00bb5\/12&Prime; offset=\u00a0\u00bbvc_col-lg-offset-1 vc_col-lg-4 vc_col-sm-offset-1&Prime;][vc_column_text] IPS e.maxMD [\/vc_column_text][vc_column_text]Compos\u00e9 d\u2019une c\u00e9ramique monolithique en disilicate de lithium, IPS e.maxMD offre une apparence exceptionnelle et un ajustement pr\u00e9cis. IPS e.maxMD est couramment utilis\u00e9 pour obtenir des contacts et une occlusion quasi parfaits. Sa c\u00e9ramique unique \u00e0 base de disilicate de lithium offre une r\u00e9sistance \u00e0 la [&hellip;]\" \/>\n<meta property=\"og:url\" content=\"https:\/\/milident.com\/fr\/services\/\" \/>\n<meta property=\"og:site_name\" content=\"Milident\" \/>\n<meta property=\"article:publisher\" content=\"https:\/\/www.facebook.com\/capitalceramicsEdmonton\" \/>\n<meta property=\"article:modified_time\" content=\"2024-06-19T01:56:16+00:00\" \/>\n<meta name=\"twitter:card\" content=\"summary_large_image\" \/>\n<meta name=\"twitter:label1\" content=\"Dur\u00e9e de lecture estim\u00e9e\" \/>\n\t<meta name=\"twitter:data1\" content=\"8 minutes\" \/>\n<script type=\"application\/ld+json\" class=\"yoast-schema-graph\">{\"@context\":\"https:\/\/schema.org\",\"@graph\":[{\"@type\":\"WebPage\",\"@id\":\"https:\/\/milident.com\/fr\/services\/\",\"url\":\"https:\/\/milident.com\/fr\/services\/\",\"name\":\"Services - Milident\",\"isPartOf\":{\"@id\":\"https:\/\/milident.com\/fr\/#website\"},\"datePublished\":\"2020-01-31T10:17:21+00:00\",\"dateModified\":\"2024-06-19T01:56:16+00:00\",\"breadcrumb\":{\"@id\":\"https:\/\/milident.com\/fr\/services\/#breadcrumb\"},\"inLanguage\":\"fr-FR\",\"potentialAction\":[{\"@type\":\"ReadAction\",\"target\":[\"https:\/\/milident.com\/fr\/services\/\"]}]},{\"@type\":\"BreadcrumbList\",\"@id\":\"https:\/\/milident.com\/fr\/services\/#breadcrumb\",\"itemListElement\":[{\"@type\":\"ListItem\",\"position\":1,\"name\":\"Home\",\"item\":\"https:\/\/milident.com\/fr\/\"},{\"@type\":\"ListItem\",\"position\":2,\"name\":\"Services\"}]},{\"@type\":\"WebSite\",\"@id\":\"https:\/\/milident.com\/fr\/#website\",\"url\":\"https:\/\/milident.com\/fr\/\",\"name\":\"Milident\",\"description\":\"Fully digital laboratory\",\"potentialAction\":[{\"@type\":\"SearchAction\",\"target\":{\"@type\":\"EntryPoint\",\"urlTemplate\":\"https:\/\/milident.com\/fr\/?s={search_term_string}\"},\"query-input\":{\"@type\":\"PropertyValueSpecification\",\"valueRequired\":true,\"valueName\":\"search_term_string\"}}],\"inLanguage\":\"fr-FR\"}]}<\/script>\n<!-- \/ Yoast SEO plugin. -->","yoast_head_json":{"title":"Services - Milident","robots":{"index":"index","follow":"follow","max-snippet":"max-snippet:-1","max-image-preview":"max-image-preview:large","max-video-preview":"max-video-preview:-1"},"canonical":"https:\/\/milident.com\/fr\/services\/","og_locale":"fr_FR","og_type":"article","og_title":"Services - Milident","og_description":"[vc_row curly_padding=\u00a0\u00bbcontent-padding\u00a0\u00bb][vc_column width=\u00a0\u00bb1\/2&Prime;][vc_single_image image=\u00a0\u00bb5846&Prime; img_size=\u00a0\u00bblarge\u00a0\u00bb alignment=\u00a0\u00bbcenter\u00a0\u00bb style=\u00a0\u00bbvc_box_shadow_border_circle_2&Prime; el_class=\u00a0\u00bbxtd-offset-dots\u00a0\u00bb][\/vc_column][vc_column width=\u00a0\u00bb5\/12&Prime; offset=\u00a0\u00bbvc_col-lg-offset-1 vc_col-lg-4 vc_col-sm-offset-1&Prime;][vc_column_text] IPS e.maxMD [\/vc_column_text][vc_column_text]Compos\u00e9 d\u2019une c\u00e9ramique monolithique en disilicate de lithium, IPS e.maxMD offre une apparence exceptionnelle et un ajustement pr\u00e9cis. IPS e.maxMD est couramment utilis\u00e9 pour obtenir des contacts et une occlusion quasi parfaits. Sa c\u00e9ramique unique \u00e0 base de disilicate de lithium offre une r\u00e9sistance \u00e0 la [&hellip;]","og_url":"https:\/\/milident.com\/fr\/services\/","og_site_name":"Milident","article_publisher":"https:\/\/www.facebook.com\/capitalceramicsEdmonton","article_modified_time":"2024-06-19T01:56:16+00:00","twitter_card":"summary_large_image","twitter_misc":{"Dur\u00e9e de lecture estim\u00e9e":"8 minutes"},"schema":{"@context":"https:\/\/schema.org","@graph":[{"@type":"WebPage","@id":"https:\/\/milident.com\/fr\/services\/","url":"https:\/\/milident.com\/fr\/services\/","name":"Services - Milident","isPartOf":{"@id":"https:\/\/milident.com\/fr\/#website"},"datePublished":"2020-01-31T10:17:21+00:00","dateModified":"2024-06-19T01:56:16+00:00","breadcrumb":{"@id":"https:\/\/milident.com\/fr\/services\/#breadcrumb"},"inLanguage":"fr-FR","potentialAction":[{"@type":"ReadAction","target":["https:\/\/milident.com\/fr\/services\/"]}]},{"@type":"BreadcrumbList","@id":"https:\/\/milident.com\/fr\/services\/#breadcrumb","itemListElement":[{"@type":"ListItem","position":1,"name":"Home","item":"https:\/\/milident.com\/fr\/"},{"@type":"ListItem","position":2,"name":"Services"}]},{"@type":"WebSite","@id":"https:\/\/milident.com\/fr\/#website","url":"https:\/\/milident.com\/fr\/","name":"Milident","description":"Fully digital laboratory","potentialAction":[{"@type":"SearchAction","target":{"@type":"EntryPoint","urlTemplate":"https:\/\/milident.com\/fr\/?s={search_term_string}"},"query-input":{"@type":"PropertyValueSpecification","valueRequired":true,"valueName":"search_term_string"}}],"inLanguage":"fr-FR"}]}},"_links":{"self":[{"href":"https:\/\/milident.com\/fr\/wp-json\/wp\/v2\/pages\/5912","targetHints":{"allow":["GET"]}}],"collection":[{"href":"https:\/\/milident.com\/fr\/wp-json\/wp\/v2\/pages"}],"about":[{"href":"https:\/\/milident.com\/fr\/wp-json\/wp\/v2\/types\/page"}],"author":[{"embeddable":true,"href":"https:\/\/milident.com\/fr\/wp-json\/wp\/v2\/users\/1"}],"replies":[{"embeddable":true,"href":"https:\/\/milident.com\/fr\/wp-json\/wp\/v2\/comments?post=5912"}],"version-history":[{"count":8,"href":"https:\/\/milident.com\/fr\/wp-json\/wp\/v2\/pages\/5912\/revisions"}],"predecessor-version":[{"id":7849,"href":"https:\/\/milident.com\/fr\/wp-json\/wp\/v2\/pages\/5912\/revisions\/7849"}],"wp:attachment":[{"href":"https:\/\/milident.com\/fr\/wp-json\/wp\/v2\/media?parent=5912"}],"curies":[{"name":"wp","href":"https:\/\/api.w.org\/{rel}","templated":true}]}}