{"id":5919,"date":"2022-02-27T22:43:29","date_gmt":"2022-02-28T02:43:29","guid":{"rendered":"https:\/\/milident.com\/protocoles-covid-19\/"},"modified":"2022-07-12T09:49:27","modified_gmt":"2022-07-12T13:49:27","slug":"protocoles-covid-19","status":"publish","type":"page","link":"https:\/\/milident.com\/fr\/protocoles-covid-19\/","title":{"rendered":"Protocoles COVID-19"},"content":{"rendered":"<div class=\"wpb-content-wrapper\">[vc_row][vc_column width=\u00a0\u00bb1\/6&Prime;][\/vc_column][vc_column width=\u00a0\u00bb2\/3&Prime;][vc_column_text]\n<h5 style=\"text-align: center;\"><span style=\"font-size: 1rem;\">Chez Milident Inc,<\/span><\/h5>\n<p style=\"text-align: center;\"><span style=\"font-size: 1rem;\">nous avons mis en place des protocoles de s\u00e9curit\u00e9 et de d\u00e9sinfection renforc\u00e9s, garantissant le respect de toutes les normes COVID-19 et des recommandations r\u00e9glementaires.<\/span><\/p>\n<h5 style=\"text-align: center;\">Voici ce \u00e0 quoi peuvent s&rsquo;attendre les visiteurs de l&rsquo;\u00e9tablissement :<\/h5>\n<p style=\"text-align: center;\">Toute personne entrant dans l&rsquo;\u00e9tablissement doit faire contr\u00f4ler sa temp\u00e9rature et remplir un questionnaire COVD-19. Afin de limiter la propagation du virus, veuillez vous assurer que vous portez un masque et maintenir une distance sociale avec toute personne pr\u00e9sente dans le b\u00e2timent. Nous vous demandons de ne pas arriver en avance \u00e0 votre rendez-vous ou \u00e0 votre r\u00e9union, afin de minimiser les contacts avec les autres.<\/p>\n<h5 style=\"text-align: center;\">Notre \u00e9tablissement :<\/h5>\n<p style=\"text-align: center;\">Les surfaces fr\u00e9quemment touch\u00e9es sont continuellement d\u00e9sinfect\u00e9es et des barri\u00e8res en plexiglas ont \u00e9t\u00e9 plac\u00e9es l\u00e0 o\u00f9 cela est n\u00e9cessaire, afin de garantir la s\u00e9curit\u00e9 de nos employ\u00e9s et de nos visiteurs. Des masques, des gants et des d\u00e9sinfectants pour les mains sont \u00e0 la disposition de tous dans l&rsquo;\u00e9tablissement ; vous les trouverez \u00e0 toutes les entr\u00e9es principales.<\/p>\n<p style=\"text-align: center;\">Pour les enl\u00e8vements et les livraisons de caisses, veuillez nous faire savoir si vous avez mis en place des pratiques COVID-19 suppl\u00e9mentaires, afin que nos chauffeurs puissent contribuer \u00e0 les soutenir. Nous continuons \u00e0 nous tenir au courant de toutes les recommandations r\u00e9glementaires au fur et \u00e0 mesure de leur \u00e9volution et nous vous remercions de nous soutenir, alors que nous faisons notre part pour r\u00e9duire la propagation du COVID-19.<\/p>\n<p style=\"text-align: center;\">Veuillez nous contacter si vous avez des questions !<\/p>\n<p style=\"text-align: center;\"><a href=\"mailto:info@milident.com\">info@milident.com<\/a>  <a href=\"tel:1.819.243.5654\">1.819.243.5654<\/a><\/p>\n<p style=\"text-align: center;\">\n&#13;\n<blockquote class=\"wp-block-quote is-layout-flow wp-block-quote-is-layout-flow\">&#13;\n<p style=\"text-align: center;\">Merci de soutenir LOCAL et sachez que derri\u00e8re nos masques se cachent des sourires !<\/p>&#13;\n<\/blockquote>&#13;\n[\/vc_column_text][\/vc_column][vc_column width=\u00a0\u00bb1\/6&Prime;][\/vc_column][\/vc_row]<\/div>","protected":false},"excerpt":{"rendered":"<p>[vc_row][vc_column width=\u00a0\u00bb1\/6&Prime;][\/vc_column][vc_column width=\u00a0\u00bb2\/3&Prime;][vc_column_text] Chez Milident Inc, nous avons mis en place des protocoles de s\u00e9curit\u00e9 et de d\u00e9sinfection renforc\u00e9s, garantissant le respect de toutes les normes COVID-19 et des recommandations r\u00e9glementaires. Voici ce \u00e0 quoi peuvent s&rsquo;attendre les visiteurs de l&rsquo;\u00e9tablissement : Toute personne entrant dans l&rsquo;\u00e9tablissement doit faire contr\u00f4ler sa temp\u00e9rature et remplir un questionnaire COVD-19. Afin de limiter [&hellip;]<\/p>\n","protected":false},"author":1,"featured_media":0,"parent":0,"menu_order":0,"comment_status":"closed","ping_status":"open","template":"","meta":{"inline_featured_image":false,"footnotes":""},"class_list":["post-5919","page","type-page","status-publish","hentry"],"yoast_head":"<!-- This site is optimized with the Yoast SEO plugin v27.2 - https:\/\/yoast.com\/product\/yoast-seo-wordpress\/ -->\n<title>Protocoles COVID-19 - Milident<\/title>\n<meta name=\"robots\" content=\"index, follow, max-snippet:-1, max-image-preview:large, max-video-preview:-1\" \/>\n<link rel=\"canonical\" href=\"https:\/\/milident.com\/fr\/protocoles-covid-19\/\" \/>\n<meta property=\"og:locale\" content=\"fr_FR\" \/>\n<meta property=\"og:type\" content=\"article\" \/>\n<meta property=\"og:title\" content=\"Protocoles COVID-19 - Milident\" \/>\n<meta property=\"og:description\" content=\"[vc_row][vc_column width=\u00a0\u00bb1\/6&Prime;][\/vc_column][vc_column width=\u00a0\u00bb2\/3&Prime;][vc_column_text] Chez Milident Inc, nous avons mis en place des protocoles de s\u00e9curit\u00e9 et de d\u00e9sinfection renforc\u00e9s, garantissant le respect de toutes les normes COVID-19 et des recommandations r\u00e9glementaires. Voici ce \u00e0 quoi peuvent s&rsquo;attendre les visiteurs de l&rsquo;\u00e9tablissement : Toute personne entrant dans l&rsquo;\u00e9tablissement doit faire contr\u00f4ler sa temp\u00e9rature et remplir un questionnaire COVD-19. Afin de limiter [&hellip;]\" \/>\n<meta property=\"og:url\" content=\"https:\/\/milident.com\/fr\/protocoles-covid-19\/\" \/>\n<meta property=\"og:site_name\" content=\"Milident\" \/>\n<meta property=\"article:publisher\" content=\"https:\/\/www.facebook.com\/capitalceramicsEdmonton\" \/>\n<meta property=\"article:modified_time\" content=\"2022-07-12T13:49:27+00:00\" \/>\n<meta name=\"twitter:card\" content=\"summary_large_image\" \/>\n<meta name=\"twitter:label1\" content=\"Dur\u00e9e de lecture estim\u00e9e\" \/>\n\t<meta name=\"twitter:data1\" content=\"2 minutes\" \/>\n<script type=\"application\/ld+json\" class=\"yoast-schema-graph\">{\"@context\":\"https:\/\/schema.org\",\"@graph\":[{\"@type\":\"WebPage\",\"@id\":\"https:\/\/milident.com\/fr\/protocoles-covid-19\/\",\"url\":\"https:\/\/milident.com\/fr\/protocoles-covid-19\/\",\"name\":\"Protocoles COVID-19 - Milident\",\"isPartOf\":{\"@id\":\"https:\/\/milident.com\/fr\/#website\"},\"datePublished\":\"2022-02-28T02:43:29+00:00\",\"dateModified\":\"2022-07-12T13:49:27+00:00\",\"breadcrumb\":{\"@id\":\"https:\/\/milident.com\/fr\/protocoles-covid-19\/#breadcrumb\"},\"inLanguage\":\"fr-FR\",\"potentialAction\":[{\"@type\":\"ReadAction\",\"target\":[\"https:\/\/milident.com\/fr\/protocoles-covid-19\/\"]}]},{\"@type\":\"BreadcrumbList\",\"@id\":\"https:\/\/milident.com\/fr\/protocoles-covid-19\/#breadcrumb\",\"itemListElement\":[{\"@type\":\"ListItem\",\"position\":1,\"name\":\"Home\",\"item\":\"https:\/\/milident.com\/fr\/\"},{\"@type\":\"ListItem\",\"position\":2,\"name\":\"Protocoles COVID-19\"}]},{\"@type\":\"WebSite\",\"@id\":\"https:\/\/milident.com\/fr\/#website\",\"url\":\"https:\/\/milident.com\/fr\/\",\"name\":\"Milident\",\"description\":\"Fully digital laboratory\",\"potentialAction\":[{\"@type\":\"SearchAction\",\"target\":{\"@type\":\"EntryPoint\",\"urlTemplate\":\"https:\/\/milident.com\/fr\/?s={search_term_string}\"},\"query-input\":{\"@type\":\"PropertyValueSpecification\",\"valueRequired\":true,\"valueName\":\"search_term_string\"}}],\"inLanguage\":\"fr-FR\"}]}<\/script>\n<!-- \/ Yoast SEO plugin. -->","yoast_head_json":{"title":"Protocoles COVID-19 - Milident","robots":{"index":"index","follow":"follow","max-snippet":"max-snippet:-1","max-image-preview":"max-image-preview:large","max-video-preview":"max-video-preview:-1"},"canonical":"https:\/\/milident.com\/fr\/protocoles-covid-19\/","og_locale":"fr_FR","og_type":"article","og_title":"Protocoles COVID-19 - Milident","og_description":"[vc_row][vc_column width=\u00a0\u00bb1\/6&Prime;][\/vc_column][vc_column width=\u00a0\u00bb2\/3&Prime;][vc_column_text] Chez Milident Inc, nous avons mis en place des protocoles de s\u00e9curit\u00e9 et de d\u00e9sinfection renforc\u00e9s, garantissant le respect de toutes les normes COVID-19 et des recommandations r\u00e9glementaires. Voici ce \u00e0 quoi peuvent s&rsquo;attendre les visiteurs de l&rsquo;\u00e9tablissement : Toute personne entrant dans l&rsquo;\u00e9tablissement doit faire contr\u00f4ler sa temp\u00e9rature et remplir un questionnaire COVD-19. Afin de limiter [&hellip;]","og_url":"https:\/\/milident.com\/fr\/protocoles-covid-19\/","og_site_name":"Milident","article_publisher":"https:\/\/www.facebook.com\/capitalceramicsEdmonton","article_modified_time":"2022-07-12T13:49:27+00:00","twitter_card":"summary_large_image","twitter_misc":{"Dur\u00e9e de lecture estim\u00e9e":"2 minutes"},"schema":{"@context":"https:\/\/schema.org","@graph":[{"@type":"WebPage","@id":"https:\/\/milident.com\/fr\/protocoles-covid-19\/","url":"https:\/\/milident.com\/fr\/protocoles-covid-19\/","name":"Protocoles COVID-19 - Milident","isPartOf":{"@id":"https:\/\/milident.com\/fr\/#website"},"datePublished":"2022-02-28T02:43:29+00:00","dateModified":"2022-07-12T13:49:27+00:00","breadcrumb":{"@id":"https:\/\/milident.com\/fr\/protocoles-covid-19\/#breadcrumb"},"inLanguage":"fr-FR","potentialAction":[{"@type":"ReadAction","target":["https:\/\/milident.com\/fr\/protocoles-covid-19\/"]}]},{"@type":"BreadcrumbList","@id":"https:\/\/milident.com\/fr\/protocoles-covid-19\/#breadcrumb","itemListElement":[{"@type":"ListItem","position":1,"name":"Home","item":"https:\/\/milident.com\/fr\/"},{"@type":"ListItem","position":2,"name":"Protocoles COVID-19"}]},{"@type":"WebSite","@id":"https:\/\/milident.com\/fr\/#website","url":"https:\/\/milident.com\/fr\/","name":"Milident","description":"Fully digital laboratory","potentialAction":[{"@type":"SearchAction","target":{"@type":"EntryPoint","urlTemplate":"https:\/\/milident.com\/fr\/?s={search_term_string}"},"query-input":{"@type":"PropertyValueSpecification","valueRequired":true,"valueName":"search_term_string"}}],"inLanguage":"fr-FR"}]}},"_links":{"self":[{"href":"https:\/\/milident.com\/fr\/wp-json\/wp\/v2\/pages\/5919","targetHints":{"allow":["GET"]}}],"collection":[{"href":"https:\/\/milident.com\/fr\/wp-json\/wp\/v2\/pages"}],"about":[{"href":"https:\/\/milident.com\/fr\/wp-json\/wp\/v2\/types\/page"}],"author":[{"embeddable":true,"href":"https:\/\/milident.com\/fr\/wp-json\/wp\/v2\/users\/1"}],"replies":[{"embeddable":true,"href":"https:\/\/milident.com\/fr\/wp-json\/wp\/v2\/comments?post=5919"}],"version-history":[{"count":1,"href":"https:\/\/milident.com\/fr\/wp-json\/wp\/v2\/pages\/5919\/revisions"}],"predecessor-version":[{"id":5922,"href":"https:\/\/milident.com\/fr\/wp-json\/wp\/v2\/pages\/5919\/revisions\/5922"}],"wp:attachment":[{"href":"https:\/\/milident.com\/fr\/wp-json\/wp\/v2\/media?parent=5919"}],"curies":[{"name":"wp","href":"https:\/\/api.w.org\/{rel}","templated":true}]}}