{"id":5925,"date":"2022-02-26T15:20:05","date_gmt":"2022-02-26T19:20:05","guid":{"rendered":"https:\/\/milident.com\/carrieres-2\/"},"modified":"2022-07-12T09:49:29","modified_gmt":"2022-07-12T13:49:29","slug":"carrieres-2","status":"publish","type":"page","link":"https:\/\/milident.com\/fr\/carrieres-2\/","title":{"rendered":"Carri\u00e8res"},"content":{"rendered":"<div class=\"wpb-content-wrapper\">[vc_row][vc_column width=\u00a0\u00bb1\/4&Prime;][\/vc_column][vc_column width=\u00a0\u00bb1\/2&Prime;][vc_column_text]\n<\/p>\n&#13;\n<blockquote class=\"wp-block-quote is-layout-flow wp-block-quote-is-layout-flow\">&#13;\n<p style=\"text-align: center;\">Nous sommes \u00ab\u00a0les gens d&rsquo;abord\u00a0\u00bb. Aime ce que tu fais !<\/p>&#13;\n<\/blockquote>&#13;\n<p style=\"text-align: center;\"><\/p><\/p>\n<p style=\"text-align: center;\">Chez Milident, nous sommes une \u00e9quipe de personnes motiv\u00e9es, engag\u00e9es et talentueuses, cherchant constamment \u00e0 nous am\u00e9liorer et \u00e0 am\u00e9liorer le travail que nous offrons. Partagez-vous les m\u00eames valeurs et le m\u00eame dynamisme ? Si oui, nous voulons parler avec vous ! Si vous ne voyez pas de r\u00f4le ci-dessous, qui correspond \u00e0 votre exp\u00e9rience, contactez-nous quand m\u00eame ! T\u00e9l\u00e9chargez votre CV et dites-nous ce qui vous int\u00e9resse et o\u00f9 nous pourrions b\u00e9n\u00e9ficier de vos contributions.<\/p>\n<p>\n[\/vc_column_text][vc_column_text]\n<p style=\"text-align: center;\">Cliquez ci-dessous pour trouver les opportunit\u00e9s qui vous conviennent !<\/p>\n[\/vc_column_text][vc_row_inner][vc_column_inner][vc_wp_text]\n<div id=\"BambooHR\" data-domain=\"smileinnovationsgroup.bamboohr.com\" data-version=\"1.0.0\" data-departmentid=\"\"> <\/div>\n<p><script src=\"https:\/\/smileinnovationsgroup.bamboohr.com\/js\/embed.js\" type=\"text\/javascript\" async=\"\" defer><\/script>[\/vc_wp_text][\/vc_column_inner][\/vc_row_inner][vc_column_text][ninja_form id=\u00a0\u00bb17&Prime;][\/vc_column_text][\/vc_column][vc_column width=\u00a0\u00bb1\/4&Prime;][\/vc_column][\/vc_row][vc_row full_width=\u00a0\u00bbstretch_row\u00a0\u00bb curly_padding=\u00a0\u00bbcontent-padding-none\u00a0\u00bb el_class=\u00a0\u00bbcolor&#8211;text-inverted\u00a0\u00bb css=\u00a0\u00bb.vc_custom_1583303449229{background-color: #231f20;}\u00a0\u00bb][vc_column][vc_column_text]\n<p style=\"text-align: center;\">Joignez-vous \u00e0 l&rsquo;\u00e9quipe dentaire \u00e0 la croissance la plus rapide au Canada !<\/p>\n[\/vc_column_text][\/vc_column][\/vc_row]\n<\/div>","protected":false},"excerpt":{"rendered":"<p>[vc_row][vc_column width=\u00a0\u00bb1\/4&Prime;][\/vc_column][vc_column width=\u00a0\u00bb1\/2&Prime;][vc_column_text] &#13; &#13; Nous sommes \u00ab\u00a0les gens d&rsquo;abord\u00a0\u00bb. Aime ce que tu fais ! &#13; &#13; Chez Milident, nous sommes une \u00e9quipe de personnes motiv\u00e9es, engag\u00e9es et talentueuses, cherchant constamment \u00e0 nous am\u00e9liorer et \u00e0 am\u00e9liorer le travail que nous offrons. Partagez-vous les m\u00eames valeurs et le m\u00eame dynamisme ? Si oui, nous voulons parler avec vous ! [&hellip;]<\/p>\n","protected":false},"author":1,"featured_media":0,"parent":0,"menu_order":0,"comment_status":"closed","ping_status":"open","template":"","meta":{"inline_featured_image":false,"footnotes":""},"class_list":["post-5925","page","type-page","status-publish","hentry"],"yoast_head":"<!-- This site is optimized with the Yoast SEO plugin v27.2 - https:\/\/yoast.com\/product\/yoast-seo-wordpress\/ -->\n<title>Carri\u00e8res - Milident<\/title>\n<meta name=\"robots\" content=\"index, follow, max-snippet:-1, max-image-preview:large, max-video-preview:-1\" \/>\n<link rel=\"canonical\" href=\"https:\/\/milident.com\/fr\/carrieres-2\/\" \/>\n<meta property=\"og:locale\" content=\"fr_FR\" \/>\n<meta property=\"og:type\" content=\"article\" \/>\n<meta property=\"og:title\" content=\"Carri\u00e8res - Milident\" \/>\n<meta property=\"og:description\" content=\"[vc_row][vc_column width=\u00a0\u00bb1\/4&Prime;][\/vc_column][vc_column width=\u00a0\u00bb1\/2&Prime;][vc_column_text] &#013; &#013; Nous sommes \u00ab\u00a0les gens d&rsquo;abord\u00a0\u00bb. Aime ce que tu fais ! &#013; &#013; Chez Milident, nous sommes une \u00e9quipe de personnes motiv\u00e9es, engag\u00e9es et talentueuses, cherchant constamment \u00e0 nous am\u00e9liorer et \u00e0 am\u00e9liorer le travail que nous offrons. Partagez-vous les m\u00eames valeurs et le m\u00eame dynamisme ? Si oui, nous voulons parler avec vous ! [&hellip;]\" \/>\n<meta property=\"og:url\" content=\"https:\/\/milident.com\/fr\/carrieres-2\/\" \/>\n<meta property=\"og:site_name\" content=\"Milident\" \/>\n<meta property=\"article:publisher\" content=\"https:\/\/www.facebook.com\/capitalceramicsEdmonton\" \/>\n<meta property=\"article:modified_time\" content=\"2022-07-12T13:49:29+00:00\" \/>\n<meta name=\"twitter:card\" content=\"summary_large_image\" \/>\n<meta name=\"twitter:label1\" content=\"Dur\u00e9e de lecture estim\u00e9e\" \/>\n\t<meta name=\"twitter:data1\" content=\"1 minute\" \/>\n<script type=\"application\/ld+json\" class=\"yoast-schema-graph\">{\"@context\":\"https:\/\/schema.org\",\"@graph\":[{\"@type\":\"WebPage\",\"@id\":\"https:\/\/milident.com\/fr\/carrieres-2\/\",\"url\":\"https:\/\/milident.com\/fr\/carrieres-2\/\",\"name\":\"Carri\u00e8res - Milident\",\"isPartOf\":{\"@id\":\"https:\/\/milident.com\/fr\/#website\"},\"datePublished\":\"2022-02-26T19:20:05+00:00\",\"dateModified\":\"2022-07-12T13:49:29+00:00\",\"breadcrumb\":{\"@id\":\"https:\/\/milident.com\/fr\/carrieres-2\/#breadcrumb\"},\"inLanguage\":\"fr-FR\",\"potentialAction\":[{\"@type\":\"ReadAction\",\"target\":[\"https:\/\/milident.com\/fr\/carrieres-2\/\"]}]},{\"@type\":\"BreadcrumbList\",\"@id\":\"https:\/\/milident.com\/fr\/carrieres-2\/#breadcrumb\",\"itemListElement\":[{\"@type\":\"ListItem\",\"position\":1,\"name\":\"Home\",\"item\":\"https:\/\/milident.com\/fr\/\"},{\"@type\":\"ListItem\",\"position\":2,\"name\":\"Carri\u00e8res\"}]},{\"@type\":\"WebSite\",\"@id\":\"https:\/\/milident.com\/fr\/#website\",\"url\":\"https:\/\/milident.com\/fr\/\",\"name\":\"Milident\",\"description\":\"Fully digital laboratory\",\"potentialAction\":[{\"@type\":\"SearchAction\",\"target\":{\"@type\":\"EntryPoint\",\"urlTemplate\":\"https:\/\/milident.com\/fr\/?s={search_term_string}\"},\"query-input\":{\"@type\":\"PropertyValueSpecification\",\"valueRequired\":true,\"valueName\":\"search_term_string\"}}],\"inLanguage\":\"fr-FR\"}]}<\/script>\n<!-- \/ Yoast SEO plugin. -->","yoast_head_json":{"title":"Carri\u00e8res - Milident","robots":{"index":"index","follow":"follow","max-snippet":"max-snippet:-1","max-image-preview":"max-image-preview:large","max-video-preview":"max-video-preview:-1"},"canonical":"https:\/\/milident.com\/fr\/carrieres-2\/","og_locale":"fr_FR","og_type":"article","og_title":"Carri\u00e8res - Milident","og_description":"[vc_row][vc_column width=\u00a0\u00bb1\/4&Prime;][\/vc_column][vc_column width=\u00a0\u00bb1\/2&Prime;][vc_column_text] &#13; &#13; Nous sommes \u00ab\u00a0les gens d&rsquo;abord\u00a0\u00bb. Aime ce que tu fais ! &#13; &#13; Chez Milident, nous sommes une \u00e9quipe de personnes motiv\u00e9es, engag\u00e9es et talentueuses, cherchant constamment \u00e0 nous am\u00e9liorer et \u00e0 am\u00e9liorer le travail que nous offrons. Partagez-vous les m\u00eames valeurs et le m\u00eame dynamisme ? Si oui, nous voulons parler avec vous ! [&hellip;]","og_url":"https:\/\/milident.com\/fr\/carrieres-2\/","og_site_name":"Milident","article_publisher":"https:\/\/www.facebook.com\/capitalceramicsEdmonton","article_modified_time":"2022-07-12T13:49:29+00:00","twitter_card":"summary_large_image","twitter_misc":{"Dur\u00e9e de lecture estim\u00e9e":"1 minute"},"schema":{"@context":"https:\/\/schema.org","@graph":[{"@type":"WebPage","@id":"https:\/\/milident.com\/fr\/carrieres-2\/","url":"https:\/\/milident.com\/fr\/carrieres-2\/","name":"Carri\u00e8res - Milident","isPartOf":{"@id":"https:\/\/milident.com\/fr\/#website"},"datePublished":"2022-02-26T19:20:05+00:00","dateModified":"2022-07-12T13:49:29+00:00","breadcrumb":{"@id":"https:\/\/milident.com\/fr\/carrieres-2\/#breadcrumb"},"inLanguage":"fr-FR","potentialAction":[{"@type":"ReadAction","target":["https:\/\/milident.com\/fr\/carrieres-2\/"]}]},{"@type":"BreadcrumbList","@id":"https:\/\/milident.com\/fr\/carrieres-2\/#breadcrumb","itemListElement":[{"@type":"ListItem","position":1,"name":"Home","item":"https:\/\/milident.com\/fr\/"},{"@type":"ListItem","position":2,"name":"Carri\u00e8res"}]},{"@type":"WebSite","@id":"https:\/\/milident.com\/fr\/#website","url":"https:\/\/milident.com\/fr\/","name":"Milident","description":"Fully digital laboratory","potentialAction":[{"@type":"SearchAction","target":{"@type":"EntryPoint","urlTemplate":"https:\/\/milident.com\/fr\/?s={search_term_string}"},"query-input":{"@type":"PropertyValueSpecification","valueRequired":true,"valueName":"search_term_string"}}],"inLanguage":"fr-FR"}]}},"_links":{"self":[{"href":"https:\/\/milident.com\/fr\/wp-json\/wp\/v2\/pages\/5925","targetHints":{"allow":["GET"]}}],"collection":[{"href":"https:\/\/milident.com\/fr\/wp-json\/wp\/v2\/pages"}],"about":[{"href":"https:\/\/milident.com\/fr\/wp-json\/wp\/v2\/types\/page"}],"author":[{"embeddable":true,"href":"https:\/\/milident.com\/fr\/wp-json\/wp\/v2\/users\/1"}],"replies":[{"embeddable":true,"href":"https:\/\/milident.com\/fr\/wp-json\/wp\/v2\/comments?post=5925"}],"version-history":[{"count":1,"href":"https:\/\/milident.com\/fr\/wp-json\/wp\/v2\/pages\/5925\/revisions"}],"predecessor-version":[{"id":5929,"href":"https:\/\/milident.com\/fr\/wp-json\/wp\/v2\/pages\/5925\/revisions\/5929"}],"wp:attachment":[{"href":"https:\/\/milident.com\/fr\/wp-json\/wp\/v2\/media?parent=5925"}],"curies":[{"name":"wp","href":"https:\/\/api.w.org\/{rel}","templated":true}]}}