{"id":5936,"date":"2022-02-26T01:05:50","date_gmt":"2022-02-26T05:05:50","guid":{"rendered":"https:\/\/milident.com\/evenements-2\/"},"modified":"2022-07-12T09:49:32","modified_gmt":"2022-07-12T13:49:32","slug":"evenements-2","status":"publish","type":"page","link":"https:\/\/milident.com\/fr\/evenements-2\/","title":{"rendered":"\u00c9v\u00e9nements"},"content":{"rendered":"<div class=\"wpb-content-wrapper\">[vc_row full_width=\u00a0\u00bbstretch_row\u00a0\u00bb full_height=\u00a0\u00bbyes\u00a0\u00bb][vc_column width=\u00a0\u00bb1\/2&Prime;]<div class='xtd-card  '>\n  <a href='https:\/\/bit.ly\/3LeNt6P'><\/a>  <div class='xtd-card__info'>\n        <div class='xtd-card__title h4'>\n      <div>\n        Sur la route des restaurations implantaires et des r\u00e9centes technologies avec Nobel Biocare              <\/div>\n    <\/div>\n      <div class='xtd-card__content'>\n      \n<div class=\"_1pdZF\" data-hook=\"title\">\n<p><strong>Informations sur le programme<\/strong><\/p>\n<p><b>7h30 \u00e0 8h00 : <\/b><span style=\"font-size: 1rem;\">Inscription \/ <\/span> Mot de Bienvenue &#8211; Nobel Biocare<\/p>\n<p><b>8h15 \u00e0 9h15 : <\/b><b>Dr Jean El-Fata<br \/>\n<\/b><span style=\"font-size: 1rem;\">Implant unitaire en zone esth\u00e9tique &#8211; De la planification \u00e0 la res-tauration<\/span><\/p>\n<p><b>9h15 \u00e0 10h30 : <\/b><b>Dr Claude Guimond<br \/>\n<\/b><span style=\"font-size: 1rem;\">Des surfaces r\u00e9volutionnaires issues de d\u00e9cennies de savoir-faire en mati\u00e8re d&rsquo;anodisation ; d\u00e9couvrez le concept de la mucoin-t\u00e9gration<\/span><\/p>\n<p><b>10h45 \u00e0 12h00 : <\/b><b>Dr Simon Gauthier<br \/>\n<\/b><span style=\"font-size: 1rem;\">L&rsquo;int\u00e9gration compl\u00e8te des nouvelles technologies en implantol-ogie : en d\u00e9butant par la planification 3D jusqu&rsquo; \u00e0 l&rsquo;implant im-m\u00e9diat au moyen d&rsquo;une chirurgie navigu\u00e9e<\/span><\/p>\n<p><b>13h00 \u00e0 16h30 : <\/b><b>Dr Jean El-Fata et Dr Nancy Dubois<br \/>\n<\/b><span style=\"font-size: 1rem;\">Traitement du maxillaire sup\u00e9rieur avec le concept Zygoma et le concept de traitement All-on-4\u00ae.<\/span><\/div>\n    <\/div>\n          <a href=\"https:\/\/bit.ly\/3LeNt6P\" class=\"btn btn-link btn-sm\">S\u2019inscrire en ligne<\/a>\n      <\/div>\n<\/div>\n[\/vc_column][vc_column width=\u00a0\u00bb1\/2&Prime;]<div class='xtd-card itero-int '>\n  <a href=''><img fetchpriority=\"high\" decoding=\"async\" width=\"660\" height=\"660\" src=\"https:\/\/milident.com\/wp-content\/uploads\/2021\/07\/itero-2.jpg\" class=\"attachment-large size-large\" alt=\"itero-machine\" srcset=\"https:\/\/milident.com\/wp-content\/uploads\/2021\/07\/itero-2.jpg 720w, https:\/\/milident.com\/wp-content\/uploads\/2021\/07\/itero-2-300x300.jpg 300w, https:\/\/milident.com\/wp-content\/uploads\/2021\/07\/itero-2-150x150.jpg 150w\" sizes=\"(max-width: 660px) 100vw, 660px\" \/><\/a>  <div class='xtd-card__info'>\n        <div class='xtd-card__title h4'>\n      <div>\n        Mains sur avec iTero\u00ae                  <small><\/small>\n                <\/div>\n    <\/div>\n      <div class='xtd-card__content'>\n      \n<div class=\"_1pdZF\" data-hook=\"title\">\n<p>Rejoignez-nous pour une soir\u00e9e d&rsquo;apprentissage, de num\u00e9risation, de siroter et de grignoter ! Apprenez-en plus sur la dentisterie num\u00e9rique avec une d\u00e9monstration du scanner intra-oral iTero\u00ae Element.<\/p>\n<p>D\u00e9couvrir :<\/p>\n<ul>\n<li style=\"list-style-type: none;\">\n<ul>\n<li style=\"list-style-type: none;\">\n<ul>\n<li>Comment iTero\u00ae Element 5D Plus et Capital Ceramics cr\u00e9ent un flux de travail num\u00e9rique transparent pour r\u00e9duire les d\u00e9lais d&rsquo;ex\u00e9cution, am\u00e9liorer la communication en laboratoire et am\u00e9liorer le succ\u00e8s des proc\u00e9dures dentaires gr\u00e2ce au num\u00e9rique.<\/li>\n<\/ul>\n<\/li>\n<\/ul>\n<p>&nbsp;<\/p>\n<ul>\n<li style=\"list-style-type: none;\">\n<ul>\n<li>Comment d\u00e9velopper votre pratique en augmentant l&rsquo;acceptation des patients lors de l&rsquo;utilisation d&rsquo;applications iTero telles que l&rsquo;occlusogramme, la technologie TimeLaspe et les simulations de r\u00e9sultats.<\/li>\n<\/ul>\n<\/li>\n<\/ul>\n<p>&nbsp;<\/p>\n<ul>\n<li style=\"list-style-type: none;\">\n<ul>\n<li>Comment l&rsquo;iTero Element 5D am\u00e9liore la communication avec le patient gr\u00e2ce \u00e0 un seul balayage qui enregistre simultan\u00e9ment des images 3D, des photos couleur et des images NIRI.<\/li>\n<\/ul>\n<\/li>\n<\/ul>\n<p>&nbsp;<\/li>\n<\/ul>\n<ul>\n<li style=\"list-style-type: none;\">\n<ul>\n<li style=\"list-style-type: none;\">\n<\/li>\n<\/ul>\n<\/li>\n<\/ul>\n<i class=\"fas fa-\"><\/i> <a href=\"https:\/\/milident.com\/wp-content\/uploads\/2022\/04\/Sip-n-Scan-I-Thurs.-August-12.21.pdf\" target=\"_blank\" rel=\"noopener noreferrer\">Sip &lsquo;n Scan I jeudi. 12.21 ao\u00fbt<\/a><\/p>\n<\/div>\n    <\/div>\n      <\/div>\n<\/div>\n[\/vc_column][vc_column width=\u00a0\u00bb1\/2&Prime;]<div class='xtd-card  '>\n  <a href='https:\/\/biscocanada.com\/blogs\/continuing-education\/dr-miles-r-cone'><img decoding=\"async\" width=\"660\" height=\"660\" src=\"https:\/\/milident.com\/wp-content\/uploads\/2020\/06\/1-n.jpg\" class=\"attachment-large size-large\" alt=\"\" srcset=\"https:\/\/milident.com\/wp-content\/uploads\/2020\/06\/1-n.jpg 720w, https:\/\/milident.com\/wp-content\/uploads\/2020\/06\/1-n-300x300.jpg 300w, https:\/\/milident.com\/wp-content\/uploads\/2020\/06\/1-n-150x150.jpg 150w\" sizes=\"(max-width: 660px) 100vw, 660px\" \/><\/a>  <div class='xtd-card__info'>\n        <div class='xtd-card__title h4'>\n      <div>\n        Forme rare : Planification du traitement Restaurations complexes utilisant la photographie dentaire et les protocoles de communication en laboratoire collaboratif              <\/div>\n    <\/div>\n      <div class='xtd-card__content'>\n      \n<div class=\"_1pdZF\" data-hook=\"title\">\n<p><strong>Haut-parleurs : Dr. Miles R. Cone &amp; Cornelia Cone<\/strong><\/p>\n<p>La dentisterie proth\u00e9tique est une sp\u00e9cialit\u00e9 en crise. Les publications \u00e9valu\u00e9es par des pairs, les publicit\u00e9s de l&rsquo;industrie, les rem\u00e8des en vente libre \/ \u00e0 faire soi-m\u00eame et les m\u00e9dias sociaux dictent actuellement le r\u00e9cit cosm\u00e9tique pour nos patients selon lequel des dents \u00ab\u00a0plus rapides, plus blanches et plus droites\u00a0\u00bb sont les v\u00e9ritables t\u00e9moignages de beaut\u00e9 et une sant\u00e9 bucco-dentaire optimale. Cette course vers le bas est juxtapos\u00e9e \u00e0 une r\u00e9cente r\u00e9surgence de cliniciens et de proth\u00e9sistes dentaires qui s&rsquo;efforcent de faciliter des techniques collaboratives utilisant des c\u00e9ramiques dentaires avanc\u00e9es, une photographie dentaire haut de gamme, une analyse de teinte intra-orale personnalis\u00e9e et des protocoles pr\u00e9visibles au fauteuil et sur la paillasse. Ce d\u00e9fi au statu quo a consid\u00e9rablement augment\u00e9 la capacit\u00e9 du professionnel dentaire \u00e0 d\u00e9passer les attentes croissantes de nos patients, \u00e0 obtenir des r\u00e9sultats de traitement r\u00e9ussis inhabituels et, finalement, \u00e0 red\u00e9finir les normes de l&rsquo;esth\u00e9tique naturelle contemporaine et des proth\u00e8ses hyper-r\u00e9elles dans les domaines des proth\u00e8ses fixes, implantaires et dentisterie amovible.<\/p>\n<h5><span style=\"color: #166131;\">T\u00e9l\u00e9charger les webinaires pr\u00e9enregistr\u00e9s<\/span><\/h5>\n<\/div>\n    <\/div>\n          <a href=\"https:\/\/biscocanada.com\/blogs\/continuing-education\/dr-miles-r-cone\" class=\"btn btn-link btn-sm\">Ici<\/a>\n      <\/div>\n<\/div>\n[\/vc_column][vc_column width=\u00a0\u00bb1\/2&Prime;]<div class='xtd-card  '>\n  <a href='https:\/\/biscocanada.com\/blogs\/continuing-education\/free-live-3-webinar-series-with-dr-ricardo-m-carvalho'><img decoding=\"async\" width=\"660\" height=\"660\" src=\"https:\/\/milident.com\/wp-content\/uploads\/2020\/06\/3n.jpg\" class=\"attachment-large size-large\" alt=\"\" srcset=\"https:\/\/milident.com\/wp-content\/uploads\/2020\/06\/3n.jpg 720w, https:\/\/milident.com\/wp-content\/uploads\/2020\/06\/3n-300x300.jpg 300w, https:\/\/milident.com\/wp-content\/uploads\/2020\/06\/3n-150x150.jpg 150w\" sizes=\"(max-width: 660px) 100vw, 660px\" \/><\/a>  <div class='xtd-card__info'>\n        <div class='xtd-card__title h4'>\n      <div>\n        Comprendre la science. \u00c9liminez les conjectures.              <\/div>\n    <\/div>\n      <div class='xtd-card__content'>\n      \n<div class=\"_1pdZF\" data-hook=\"title\">\n<div class=\"_1pdZF\" data-hook=\"title\">\n<p><strong>Liaison pr\u00e9visible avec le Li-Disilicate et la Zircone<\/strong><\/p>\n<p>Plusieurs \u00ab\u00a0recettes\u00a0\u00bb diff\u00e9rentes sont disponibles aupr\u00e8s de diff\u00e9rentes sources, pr\u00e9tendant que la proc\u00e9dure est \u00ab\u00a0rapide et facile\u00a0\u00bb pour le collage des proth\u00e8ses en Li-Disilicate ou en Zircone. La meilleure pratique consiste toutefois \u00e0 comprendre les diff\u00e9rences de structure de ces mat\u00e9riaux et la fa\u00e7on dont ils r\u00e9agissent aux proc\u00e9dures de fabrication et de pr\u00e9paration, ainsi que la fa\u00e7on dont cela affecte le collage et le succ\u00e8s clinique des proth\u00e8ses.<\/p>\n<p>Une grande partie du succ\u00e8s du collage d\u00e9pend des proc\u00e9dures ex\u00e9cut\u00e9es dans le laboratoire dentaire, par cons\u00e9quent le succ\u00e8s clinique d\u00e9pend de la meilleure pratique de communication entre le clinicien et le proth\u00e9siste. Le programme discutera de la pratique clinique actuelle pour le collage des proth\u00e8ses Li-disilicate et zircone et pr\u00e9sentera des preuves de ce qui est actuellement soutenu par une bonne science. L&rsquo;objectif est de fournir aux participants les outils scientifiques leur permettant de prendre leurs propres d\u00e9cisions en mati\u00e8re de meilleures pratiques lors du collage de ces mat\u00e9riaux c\u00e9ramiques et d&rsquo;am\u00e9liorer la communication avec leurs laboratoires.<\/p>\n<h5><span style=\"color: #166131;\">T\u00e9l\u00e9charger les webinaires pr\u00e9enregistr\u00e9s<\/span><\/h5>\n<\/div>\n<\/div>\n    <\/div>\n          <a href=\"https:\/\/biscocanada.com\/blogs\/continuing-education\/free-live-3-webinar-series-with-dr-ricardo-m-carvalho\" class=\"btn btn-link btn-sm\">Ici<\/a>\n      <\/div>\n<\/div>\n[\/vc_column][\/vc_row][vc_row full_width=\u00a0\u00bbstretch_row\u00a0\u00bb curly_padding=\u00a0\u00bbcontent-padding-none\u00a0\u00bb el_class=\u00a0\u00bbcolor&#8211;text-inverted xtd-background-animation&#8211;left-right\u00a0\u00bb css=\u00a0\u00bb.vc_custom_1626212958924{background: #231f20 url(http:\/\/localhost\/dentist\/wp-content\/uploads\/sites\/20\/2017\/06\/Seamlessteethlight-bluepattern_d9c7faf5-9516-4c8b-af46-05a4aa273320-2.png?id=283) !important;}\u00a0\u00bb][vc_column][vc_column_text]\n<p style=\"text-align: center;\">Allier tradition et innovation<\/p>\n[\/vc_column_text][\/vc_column][\/vc_row]\n<\/div>","protected":false},"excerpt":{"rendered":"<p>[vc_row full_width=\u00a0\u00bbstretch_row\u00a0\u00bb full_height=\u00a0\u00bbyes\u00a0\u00bb][vc_column width=\u00a0\u00bb1\/2&Prime;][\/vc_column][vc_column width=\u00a0\u00bb1\/2&Prime;][\/vc_column][vc_column width=\u00a0\u00bb1\/2&Prime;][\/vc_column][vc_column width=\u00a0\u00bb1\/2&Prime;][\/vc_column][\/vc_row][vc_row full_width=\u00a0\u00bbstretch_row\u00a0\u00bb curly_padding=\u00a0\u00bbcontent-padding-none\u00a0\u00bb el_class=\u00a0\u00bbcolor&#8211;text-inverted xtd-background-animation&#8211;left-right\u00a0\u00bb css=\u00a0\u00bb.vc_custom_1626212958924{background: #231f20 url(http:\/\/localhost\/dentist\/wp-content\/uploads\/sites\/20\/2017\/06\/Seamlessteethlight-bluepattern_d9c7faf5-9516-4c8b-af46-05a4aa273320-2.png?id=283) !important;}\u00a0\u00bb][vc_column][vc_column_text] Allier tradition et innovation [\/vc_column_text][\/vc_column][\/vc_row]<\/p>\n","protected":false},"author":1,"featured_media":0,"parent":0,"menu_order":0,"comment_status":"closed","ping_status":"closed","template":"","meta":{"inline_featured_image":false,"footnotes":""},"class_list":["post-5936","page","type-page","status-publish","hentry"],"yoast_head":"<!-- This site is optimized with the Yoast SEO plugin v27.2 - https:\/\/yoast.com\/product\/yoast-seo-wordpress\/ -->\n<title>\u00c9v\u00e9nements - Milident<\/title>\n<meta name=\"robots\" content=\"index, follow, max-snippet:-1, max-image-preview:large, max-video-preview:-1\" \/>\n<link rel=\"canonical\" href=\"https:\/\/milident.com\/fr\/evenements-2\/\" \/>\n<meta property=\"og:locale\" content=\"fr_FR\" \/>\n<meta property=\"og:type\" content=\"article\" \/>\n<meta property=\"og:title\" content=\"\u00c9v\u00e9nements - Milident\" \/>\n<meta property=\"og:description\" content=\"[vc_row full_width=\u00a0\u00bbstretch_row\u00a0\u00bb full_height=\u00a0\u00bbyes\u00a0\u00bb][vc_column width=\u00a0\u00bb1\/2&Prime;][\/vc_column][vc_column width=\u00a0\u00bb1\/2&Prime;][\/vc_column][vc_column width=\u00a0\u00bb1\/2&Prime;][\/vc_column][vc_column width=\u00a0\u00bb1\/2&Prime;][\/vc_column][\/vc_row][vc_row full_width=\u00a0\u00bbstretch_row\u00a0\u00bb curly_padding=\u00a0\u00bbcontent-padding-none\u00a0\u00bb el_class=\u00a0\u00bbcolor&#8211;text-inverted xtd-background-animation&#8211;left-right\u00a0\u00bb css=\u00a0\u00bb.vc_custom_1626212958924{background: #231f20 url(http:\/\/localhost\/dentist\/wp-content\/uploads\/sites\/20\/2017\/06\/Seamlessteethlight-bluepattern_d9c7faf5-9516-4c8b-af46-05a4aa273320-2.png?id=283) !important;}\u00a0\u00bb][vc_column][vc_column_text] Allier tradition et innovation [\/vc_column_text][\/vc_column][\/vc_row]\" \/>\n<meta property=\"og:url\" content=\"https:\/\/milident.com\/fr\/evenements-2\/\" \/>\n<meta property=\"og:site_name\" content=\"Milident\" \/>\n<meta property=\"article:publisher\" content=\"https:\/\/www.facebook.com\/capitalceramicsEdmonton\" \/>\n<meta property=\"article:modified_time\" content=\"2022-07-12T13:49:32+00:00\" \/>\n<meta name=\"twitter:card\" content=\"summary_large_image\" \/>\n<meta name=\"twitter:label1\" content=\"Dur\u00e9e de lecture estim\u00e9e\" \/>\n\t<meta name=\"twitter:data1\" content=\"5 minutes\" \/>\n<script type=\"application\/ld+json\" class=\"yoast-schema-graph\">{\"@context\":\"https:\/\/schema.org\",\"@graph\":[{\"@type\":\"WebPage\",\"@id\":\"https:\/\/milident.com\/fr\/evenements-2\/\",\"url\":\"https:\/\/milident.com\/fr\/evenements-2\/\",\"name\":\"\u00c9v\u00e9nements - Milident\",\"isPartOf\":{\"@id\":\"https:\/\/milident.com\/fr\/#website\"},\"datePublished\":\"2022-02-26T05:05:50+00:00\",\"dateModified\":\"2022-07-12T13:49:32+00:00\",\"breadcrumb\":{\"@id\":\"https:\/\/milident.com\/fr\/evenements-2\/#breadcrumb\"},\"inLanguage\":\"fr-FR\",\"potentialAction\":[{\"@type\":\"ReadAction\",\"target\":[\"https:\/\/milident.com\/fr\/evenements-2\/\"]}]},{\"@type\":\"BreadcrumbList\",\"@id\":\"https:\/\/milident.com\/fr\/evenements-2\/#breadcrumb\",\"itemListElement\":[{\"@type\":\"ListItem\",\"position\":1,\"name\":\"Home\",\"item\":\"https:\/\/milident.com\/fr\/\"},{\"@type\":\"ListItem\",\"position\":2,\"name\":\"\u00c9v\u00e9nements\"}]},{\"@type\":\"WebSite\",\"@id\":\"https:\/\/milident.com\/fr\/#website\",\"url\":\"https:\/\/milident.com\/fr\/\",\"name\":\"Milident\",\"description\":\"Fully digital laboratory\",\"potentialAction\":[{\"@type\":\"SearchAction\",\"target\":{\"@type\":\"EntryPoint\",\"urlTemplate\":\"https:\/\/milident.com\/fr\/?s={search_term_string}\"},\"query-input\":{\"@type\":\"PropertyValueSpecification\",\"valueRequired\":true,\"valueName\":\"search_term_string\"}}],\"inLanguage\":\"fr-FR\"}]}<\/script>\n<!-- \/ Yoast SEO plugin. -->","yoast_head_json":{"title":"\u00c9v\u00e9nements - Milident","robots":{"index":"index","follow":"follow","max-snippet":"max-snippet:-1","max-image-preview":"max-image-preview:large","max-video-preview":"max-video-preview:-1"},"canonical":"https:\/\/milident.com\/fr\/evenements-2\/","og_locale":"fr_FR","og_type":"article","og_title":"\u00c9v\u00e9nements - Milident","og_description":"[vc_row full_width=\u00a0\u00bbstretch_row\u00a0\u00bb full_height=\u00a0\u00bbyes\u00a0\u00bb][vc_column width=\u00a0\u00bb1\/2&Prime;][\/vc_column][vc_column width=\u00a0\u00bb1\/2&Prime;][\/vc_column][vc_column width=\u00a0\u00bb1\/2&Prime;][\/vc_column][vc_column width=\u00a0\u00bb1\/2&Prime;][\/vc_column][\/vc_row][vc_row full_width=\u00a0\u00bbstretch_row\u00a0\u00bb curly_padding=\u00a0\u00bbcontent-padding-none\u00a0\u00bb el_class=\u00a0\u00bbcolor&#8211;text-inverted xtd-background-animation&#8211;left-right\u00a0\u00bb css=\u00a0\u00bb.vc_custom_1626212958924{background: #231f20 url(http:\/\/localhost\/dentist\/wp-content\/uploads\/sites\/20\/2017\/06\/Seamlessteethlight-bluepattern_d9c7faf5-9516-4c8b-af46-05a4aa273320-2.png?id=283) !important;}\u00a0\u00bb][vc_column][vc_column_text] Allier tradition et innovation [\/vc_column_text][\/vc_column][\/vc_row]","og_url":"https:\/\/milident.com\/fr\/evenements-2\/","og_site_name":"Milident","article_publisher":"https:\/\/www.facebook.com\/capitalceramicsEdmonton","article_modified_time":"2022-07-12T13:49:32+00:00","twitter_card":"summary_large_image","twitter_misc":{"Dur\u00e9e de lecture estim\u00e9e":"5 minutes"},"schema":{"@context":"https:\/\/schema.org","@graph":[{"@type":"WebPage","@id":"https:\/\/milident.com\/fr\/evenements-2\/","url":"https:\/\/milident.com\/fr\/evenements-2\/","name":"\u00c9v\u00e9nements - Milident","isPartOf":{"@id":"https:\/\/milident.com\/fr\/#website"},"datePublished":"2022-02-26T05:05:50+00:00","dateModified":"2022-07-12T13:49:32+00:00","breadcrumb":{"@id":"https:\/\/milident.com\/fr\/evenements-2\/#breadcrumb"},"inLanguage":"fr-FR","potentialAction":[{"@type":"ReadAction","target":["https:\/\/milident.com\/fr\/evenements-2\/"]}]},{"@type":"BreadcrumbList","@id":"https:\/\/milident.com\/fr\/evenements-2\/#breadcrumb","itemListElement":[{"@type":"ListItem","position":1,"name":"Home","item":"https:\/\/milident.com\/fr\/"},{"@type":"ListItem","position":2,"name":"\u00c9v\u00e9nements"}]},{"@type":"WebSite","@id":"https:\/\/milident.com\/fr\/#website","url":"https:\/\/milident.com\/fr\/","name":"Milident","description":"Fully digital laboratory","potentialAction":[{"@type":"SearchAction","target":{"@type":"EntryPoint","urlTemplate":"https:\/\/milident.com\/fr\/?s={search_term_string}"},"query-input":{"@type":"PropertyValueSpecification","valueRequired":true,"valueName":"search_term_string"}}],"inLanguage":"fr-FR"}]}},"_links":{"self":[{"href":"https:\/\/milident.com\/fr\/wp-json\/wp\/v2\/pages\/5936","targetHints":{"allow":["GET"]}}],"collection":[{"href":"https:\/\/milident.com\/fr\/wp-json\/wp\/v2\/pages"}],"about":[{"href":"https:\/\/milident.com\/fr\/wp-json\/wp\/v2\/types\/page"}],"author":[{"embeddable":true,"href":"https:\/\/milident.com\/fr\/wp-json\/wp\/v2\/users\/1"}],"replies":[{"embeddable":true,"href":"https:\/\/milident.com\/fr\/wp-json\/wp\/v2\/comments?post=5936"}],"version-history":[{"count":2,"href":"https:\/\/milident.com\/fr\/wp-json\/wp\/v2\/pages\/5936\/revisions"}],"predecessor-version":[{"id":5938,"href":"https:\/\/milident.com\/fr\/wp-json\/wp\/v2\/pages\/5936\/revisions\/5938"}],"wp:attachment":[{"href":"https:\/\/milident.com\/fr\/wp-json\/wp\/v2\/media?parent=5936"}],"curies":[{"name":"wp","href":"https:\/\/api.w.org\/{rel}","templated":true}]}}