{"id":7140,"date":"2023-09-12T13:54:35","date_gmt":"2023-09-12T17:54:35","guid":{"rendered":"https:\/\/milident.com\/evenements\/innovations-dans-le-domaine-de-la-dentisterie-au-laser-novembre-2023\/"},"modified":"2023-10-31T13:06:19","modified_gmt":"2023-10-31T17:06:19","slug":"innovations-dans-le-domaine-de-la-dentisterie-au-laser-novembre-2023","status":"publish","type":"page","link":"https:\/\/milident.com\/fr\/evenements\/innovations-dans-le-domaine-de-la-dentisterie-au-laser-novembre-2023\/","title":{"rendered":"EVENTS"},"content":{"rendered":"<div class=\"wpb-content-wrapper\">[vc_row full_width=\u00a0\u00bbstretch_row\u00a0\u00bb full_height=\u00a0\u00bbyes\u00a0\u00bb columns_placement=\u00a0\u00bbtop\u00a0\u00bb][vc_column width=\u00a0\u00bb1\/2&Prime;][vc_column_text]\n<h4>Innovations en dentisterie laser &#8211; Montr\u00e9al<\/h4>\n<p>DATE : Samedi 4 novembre 2023<br \/>\nHEURE : 8h30 &#8211; 16h00<br \/>\nLIEU : H\u00f4tel Sheraton A\u00e9roport de Montr\u00e9al 555 Bd McMillan, Montr\u00e9al, Qu\u00e9bec<\/p>\n<p>Participez \u00e0 notre dernier \u00e9v\u00e9nement pour d\u00e9couvrir les derni\u00e8res innovations en mati\u00e8re de laser dentaire :<br \/>\n&#8211; Am\u00e9liorer les soins aux patients gr\u00e2ce \u00e0 des proc\u00e9dures plus rapides et pratiquement sans sang.<br \/>\n&#8211; Plongez dans les traitements dentaires de pointe.<br \/>\n&#8211; D\u00e9couvrez les indications pratiques pour les appareils laser les plus polyvalents.<br \/>\n&#8211; Comprendre les principes fondamentaux, la physique et la s\u00e9curit\u00e9 de la dentisterie au laser.<br \/>\n&#8211; R\u00e9aliser une croissance rentable du chiffre d&rsquo;affaires et am\u00e9liorer les r\u00e9sultats cliniques.<br \/>\n&#8211; Obtenez 6 cr\u00e9dits de formation continue.<\/p>\n<p>Le nombre de places est limit\u00e9 pour cette exp\u00e9rience pratique et transformatrice.<\/p>\n<p>Inscrivez-vous d\u00e8s maintenant <a href=\"https:\/\/www.instituteforlaserdentistry.com\/copy-of-innovations-1\">: https:\/\/www.instituteforlaserdentistry.com\/copy-of-innovations-1<\/a>[\/vc_column_text][\/vc_column][vc_column width=\u00a0\u00bb1\/2&Prime;][vc_single_image image=\u00a0\u00bb6984&Prime; img_size=\u00a0\u00bblarge\u00a0\u00bb][\/vc_column][\/vc_row][vc_row full_width=\u00a0\u00bbstretch_row\u00a0\u00bb curly_padding=\u00a0\u00bbcontent-padding-none\u00a0\u00bb el_class=\u00a0\u00bbcolor&#8211;text-inverted xtd-background-animation&#8211;left-right\u00a0\u00bb css=\u00a0\u00bb.vc_custom_1626212958924{background: #231f20 url(http:\/\/localhost\/dentist\/wp-content\/uploads\/sites\/20\/2017\/06\/Seamlessteethlight-bluepattern_d9c7faf5-9516-4c8b-af46-05a4aa273320-2.png?id=283) !important;}\u00a0\u00bb][vc_column][vc_column_text]\n<p style=\"text-align: center;\">Combiner tradition et innovation<\/p>\n[\/vc_column_text][\/vc_column][\/vc_row]\n<\/div>","protected":false},"excerpt":{"rendered":"<p>[vc_row full_width=\u00a0\u00bbstretch_row\u00a0\u00bb full_height=\u00a0\u00bbyes\u00a0\u00bb columns_placement=\u00a0\u00bbtop\u00a0\u00bb][vc_column width=\u00a0\u00bb1\/2&Prime;][vc_column_text] Innovations en dentisterie laser &#8211; Montr\u00e9al DATE : Samedi 4 novembre 2023 HEURE : 8h30 &#8211; 16h00 LIEU : H\u00f4tel Sheraton A\u00e9roport de Montr\u00e9al 555 Bd McMillan, Montr\u00e9al, Qu\u00e9bec Participez \u00e0 notre dernier \u00e9v\u00e9nement pour d\u00e9couvrir les derni\u00e8res innovations en mati\u00e8re de laser dentaire : &#8211; Am\u00e9liorer les soins aux patients gr\u00e2ce \u00e0 des proc\u00e9dures [&hellip;]<\/p>\n","protected":false},"author":14,"featured_media":0,"parent":5895,"menu_order":0,"comment_status":"closed","ping_status":"closed","template":"","meta":{"inline_featured_image":false,"footnotes":""},"class_list":["post-7140","page","type-page","status-publish","hentry"],"yoast_head":"<!-- This site is optimized with the Yoast SEO plugin v27.2 - https:\/\/yoast.com\/product\/yoast-seo-wordpress\/ -->\n<title>EVENTS - Milident<\/title>\n<meta name=\"description\" content=\"Nos prochains \u00e9v\u00e9nements au laboratoire Milident.\" \/>\n<meta name=\"robots\" content=\"index, follow, max-snippet:-1, max-image-preview:large, max-video-preview:-1\" \/>\n<link rel=\"canonical\" href=\"https:\/\/milident.com\/fr\/evenements\/innovations-dans-le-domaine-de-la-dentisterie-au-laser-novembre-2023\/\" \/>\n<meta property=\"og:locale\" content=\"fr_FR\" \/>\n<meta property=\"og:type\" content=\"article\" \/>\n<meta property=\"og:title\" content=\"EVENTS - Milident\" \/>\n<meta property=\"og:description\" content=\"Nos prochains \u00e9v\u00e9nements au laboratoire Milident.\" \/>\n<meta property=\"og:url\" content=\"https:\/\/milident.com\/fr\/evenements\/innovations-dans-le-domaine-de-la-dentisterie-au-laser-novembre-2023\/\" \/>\n<meta property=\"og:site_name\" content=\"Milident\" \/>\n<meta property=\"article:publisher\" content=\"https:\/\/www.facebook.com\/capitalceramicsEdmonton\" \/>\n<meta property=\"article:modified_time\" content=\"2023-10-31T17:06:19+00:00\" \/>\n<meta name=\"twitter:card\" content=\"summary_large_image\" \/>\n<meta name=\"twitter:label1\" content=\"Dur\u00e9e de lecture estim\u00e9e\" \/>\n\t<meta name=\"twitter:data1\" content=\"1 minute\" \/>\n<script type=\"application\/ld+json\" class=\"yoast-schema-graph\">{\"@context\":\"https:\/\/schema.org\",\"@graph\":[{\"@type\":\"WebPage\",\"@id\":\"https:\/\/milident.com\/fr\/evenements\/innovations-dans-le-domaine-de-la-dentisterie-au-laser-novembre-2023\/\",\"url\":\"https:\/\/milident.com\/fr\/evenements\/innovations-dans-le-domaine-de-la-dentisterie-au-laser-novembre-2023\/\",\"name\":\"EVENTS - Milident\",\"isPartOf\":{\"@id\":\"https:\/\/milident.com\/fr\/#website\"},\"datePublished\":\"2023-09-12T17:54:35+00:00\",\"dateModified\":\"2023-10-31T17:06:19+00:00\",\"description\":\"Nos prochains \u00e9v\u00e9nements au laboratoire Milident.\",\"breadcrumb\":{\"@id\":\"https:\/\/milident.com\/fr\/evenements\/innovations-dans-le-domaine-de-la-dentisterie-au-laser-novembre-2023\/#breadcrumb\"},\"inLanguage\":\"fr-FR\",\"potentialAction\":[{\"@type\":\"ReadAction\",\"target\":[\"https:\/\/milident.com\/fr\/evenements\/innovations-dans-le-domaine-de-la-dentisterie-au-laser-novembre-2023\/\"]}]},{\"@type\":\"BreadcrumbList\",\"@id\":\"https:\/\/milident.com\/fr\/evenements\/innovations-dans-le-domaine-de-la-dentisterie-au-laser-novembre-2023\/#breadcrumb\",\"itemListElement\":[{\"@type\":\"ListItem\",\"position\":1,\"name\":\"Home\",\"item\":\"https:\/\/milident.com\/fr\/\"},{\"@type\":\"ListItem\",\"position\":2,\"name\":\"\u00c9v\u00e9nements\",\"item\":\"https:\/\/milident.com\/fr\/evenements\/\"},{\"@type\":\"ListItem\",\"position\":3,\"name\":\"EVENTS\"}]},{\"@type\":\"WebSite\",\"@id\":\"https:\/\/milident.com\/fr\/#website\",\"url\":\"https:\/\/milident.com\/fr\/\",\"name\":\"Milident\",\"description\":\"Fully digital laboratory\",\"potentialAction\":[{\"@type\":\"SearchAction\",\"target\":{\"@type\":\"EntryPoint\",\"urlTemplate\":\"https:\/\/milident.com\/fr\/?s={search_term_string}\"},\"query-input\":{\"@type\":\"PropertyValueSpecification\",\"valueRequired\":true,\"valueName\":\"search_term_string\"}}],\"inLanguage\":\"fr-FR\"}]}<\/script>\n<!-- \/ Yoast SEO plugin. -->","yoast_head_json":{"title":"EVENTS - Milident","description":"Nos prochains \u00e9v\u00e9nements au laboratoire Milident.","robots":{"index":"index","follow":"follow","max-snippet":"max-snippet:-1","max-image-preview":"max-image-preview:large","max-video-preview":"max-video-preview:-1"},"canonical":"https:\/\/milident.com\/fr\/evenements\/innovations-dans-le-domaine-de-la-dentisterie-au-laser-novembre-2023\/","og_locale":"fr_FR","og_type":"article","og_title":"EVENTS - Milident","og_description":"Nos prochains \u00e9v\u00e9nements au laboratoire Milident.","og_url":"https:\/\/milident.com\/fr\/evenements\/innovations-dans-le-domaine-de-la-dentisterie-au-laser-novembre-2023\/","og_site_name":"Milident","article_publisher":"https:\/\/www.facebook.com\/capitalceramicsEdmonton","article_modified_time":"2023-10-31T17:06:19+00:00","twitter_card":"summary_large_image","twitter_misc":{"Dur\u00e9e de lecture estim\u00e9e":"1 minute"},"schema":{"@context":"https:\/\/schema.org","@graph":[{"@type":"WebPage","@id":"https:\/\/milident.com\/fr\/evenements\/innovations-dans-le-domaine-de-la-dentisterie-au-laser-novembre-2023\/","url":"https:\/\/milident.com\/fr\/evenements\/innovations-dans-le-domaine-de-la-dentisterie-au-laser-novembre-2023\/","name":"EVENTS - Milident","isPartOf":{"@id":"https:\/\/milident.com\/fr\/#website"},"datePublished":"2023-09-12T17:54:35+00:00","dateModified":"2023-10-31T17:06:19+00:00","description":"Nos prochains \u00e9v\u00e9nements au laboratoire Milident.","breadcrumb":{"@id":"https:\/\/milident.com\/fr\/evenements\/innovations-dans-le-domaine-de-la-dentisterie-au-laser-novembre-2023\/#breadcrumb"},"inLanguage":"fr-FR","potentialAction":[{"@type":"ReadAction","target":["https:\/\/milident.com\/fr\/evenements\/innovations-dans-le-domaine-de-la-dentisterie-au-laser-novembre-2023\/"]}]},{"@type":"BreadcrumbList","@id":"https:\/\/milident.com\/fr\/evenements\/innovations-dans-le-domaine-de-la-dentisterie-au-laser-novembre-2023\/#breadcrumb","itemListElement":[{"@type":"ListItem","position":1,"name":"Home","item":"https:\/\/milident.com\/fr\/"},{"@type":"ListItem","position":2,"name":"\u00c9v\u00e9nements","item":"https:\/\/milident.com\/fr\/evenements\/"},{"@type":"ListItem","position":3,"name":"EVENTS"}]},{"@type":"WebSite","@id":"https:\/\/milident.com\/fr\/#website","url":"https:\/\/milident.com\/fr\/","name":"Milident","description":"Fully digital laboratory","potentialAction":[{"@type":"SearchAction","target":{"@type":"EntryPoint","urlTemplate":"https:\/\/milident.com\/fr\/?s={search_term_string}"},"query-input":{"@type":"PropertyValueSpecification","valueRequired":true,"valueName":"search_term_string"}}],"inLanguage":"fr-FR"}]}},"_links":{"self":[{"href":"https:\/\/milident.com\/fr\/wp-json\/wp\/v2\/pages\/7140","targetHints":{"allow":["GET"]}}],"collection":[{"href":"https:\/\/milident.com\/fr\/wp-json\/wp\/v2\/pages"}],"about":[{"href":"https:\/\/milident.com\/fr\/wp-json\/wp\/v2\/types\/page"}],"author":[{"embeddable":true,"href":"https:\/\/milident.com\/fr\/wp-json\/wp\/v2\/users\/14"}],"replies":[{"embeddable":true,"href":"https:\/\/milident.com\/fr\/wp-json\/wp\/v2\/comments?post=7140"}],"version-history":[{"count":13,"href":"https:\/\/milident.com\/fr\/wp-json\/wp\/v2\/pages\/7140\/revisions"}],"predecessor-version":[{"id":7175,"href":"https:\/\/milident.com\/fr\/wp-json\/wp\/v2\/pages\/7140\/revisions\/7175"}],"up":[{"embeddable":true,"href":"https:\/\/milident.com\/fr\/wp-json\/wp\/v2\/pages\/5895"}],"wp:attachment":[{"href":"https:\/\/milident.com\/fr\/wp-json\/wp\/v2\/media?parent=7140"}],"curies":[{"name":"wp","href":"https:\/\/api.w.org\/{rel}","templated":true}]}}