{"id":7143,"date":"2023-09-12T14:16:19","date_gmt":"2023-09-12T18:16:19","guid":{"rendered":"https:\/\/milident.com\/evenements\/maximiser-votre-technologie-ultrasonique-pour-une-gestion-efficace-du-biofilm\/"},"modified":"2023-12-22T15:23:38","modified_gmt":"2023-12-22T19:23:38","slug":"maximiser-votre-technologie-ultrasonique-pour-une-gestion-efficace-du-biofilm","status":"publish","type":"page","link":"https:\/\/milident.com\/fr\/evenements\/maximiser-votre-technologie-ultrasonique-pour-une-gestion-efficace-du-biofilm\/","title":{"rendered":"Evenements"},"content":{"rendered":"<div class=\"wpb-content-wrapper\">[vc_row full_width=\u00a0\u00bbstretch_row\u00a0\u00bb full_height=\u00a0\u00bbyes\u00a0\u00bb columns_placement=\u00a0\u00bbtop\u00a0\u00bb][vc_column width=\u00a0\u00bb1\/2&Prime;][vc_column_text]\n<h4>Formulaire avec Fonction : Normes Actuelles en Mati\u00e8re de Pr\u00e9servation des Tissus et de D\u00e9veloppement du Site d&rsquo;Implant<\/h4>\n<h6>Pr\u00e9sent\u00e9 en anglais<\/h6>\n<p>Co\u00fbt : 199 $ + taxes applicables<\/p>\n<p>Date : 9 f\u00e9vrier 2024<br \/>\nHeure : 8 h 30 \u00e0 9 h 00 HNE (Inscription et petit-d\u00e9jeuner l\u00e9ger)<\/p>\n<p>Heure : 9 h 00 \u00e0 16 h 00 HNE (Pr\u00e9sentation en conf\u00e9rence et formation pratique)<\/p>\n<p>Conf\u00e9rencier : DR. RODRIGO NEIVA, DDS, MS<\/p>\n<p>Description du Cours :<\/p>\n<p>Historiquement, la pr\u00e9servation et le d\u00e9veloppement de la cr\u00eate alv\u00e9olaire se sont concentr\u00e9s sur les changements volum\u00e9triques avec peu d&rsquo;attention port\u00e9e \u00e0 la qualit\u00e9 des tissus. L&rsquo;objectif de cette pr\u00e9sentation est de discuter des avantages, inconv\u00e9nients et attentes r\u00e9alistes \u00e0 court et \u00e0 long terme des m\u00e9thodes traditionnelles de d\u00e9veloppement de la cr\u00eate alv\u00e9olaire pour la th\u00e9rapie implantaire, ainsi que de discuter des avantages potentiels des nouvelles techniques et des mat\u00e9riaux con\u00e7us pour maximiser la qualit\u00e9 des tissus. Au cours de cette session, nous examinerons les techniques de pr\u00e9servation de la dimension de la cr\u00eate alv\u00e9olaire apr\u00e8s l&rsquo;extraction d&rsquo;une dent. Plusieurs protocoles d&rsquo;extraction minimalement invasive et de greffe de l&rsquo;alv\u00e9ole seront explor\u00e9s en d\u00e9tail. Une approche simplifi\u00e9e pour la greffe osseuse de d\u00e9fauts tissulaires durs plus avanc\u00e9s au moment de l&rsquo;extraction d&rsquo;une dent sera \u00e9galement pr\u00e9sent\u00e9e. Ce cours comprendra un exercice pratique sur des mod\u00e8les. \u00c0 la fin de cette pr\u00e9sentation, les cliniciens devraient \u00eatre en mesure de conna\u00eetre et de comprendre :<\/p>\n<p>\u2022 La justification de la pr\u00e9servation du site avec des \u00e9chafaudages absorbables<br \/>\n\u2022 Les techniques contemporaines de pr\u00e9servation de la cr\u00eate<br \/>\n\u2022 La s\u00e9lection des mat\u00e9riaux en fonction de leurs propri\u00e9t\u00e9s et caract\u00e9ristiques<br \/>\n\u2022 La gestion des d\u00e9fauts complexes de la cr\u00eate alv\u00e9olaire<\/p>\n<p>Inscription : Pour des questions sur ce programme, veuillez contacter : ce.canada@dentsplysirona.com<\/p>\n<p><a href=\"https:\/\/web.cvent.com\/event\/aaac9d65-33af-4ea8-81f2-a48d77384e8e\/summary\">INSCRIVEZ-VOUS EN LIGNE ICI !<\/a>[\/vc_column_text][\/vc_column][vc_column width=\u00a0\u00bb1\/2&Prime;][vc_single_image image=\u00a0\u00bb7335&Prime; img_size=\u00a0\u00bblarge\u00a0\u00bb][\/vc_column][\/vc_row][vc_row full_width=\u00a0\u00bbstretch_row\u00a0\u00bb curly_padding=\u00a0\u00bbcontent-padding-none\u00a0\u00bb el_class=\u00a0\u00bbcolor&#8211;text-inverted xtd-background-animation&#8211;left-right\u00a0\u00bb css=\u00a0\u00bb.vc_custom_1626212958924{background: #231f20 url(http:\/\/localhost\/dentist\/wp-content\/uploads\/sites\/20\/2017\/06\/Seamlessteethlight-bluepattern_d9c7faf5-9516-4c8b-af46-05a4aa273320-2.png?id=283) !important;}\u00a0\u00bb][vc_column][vc_column_text]\n<p style=\"text-align: center;\">Combiner tradition et innovation<\/p>\n[\/vc_column_text][\/vc_column][\/vc_row]\n<\/div>","protected":false},"excerpt":{"rendered":"<p>[vc_row full_width=\u00a0\u00bbstretch_row\u00a0\u00bb full_height=\u00a0\u00bbyes\u00a0\u00bb columns_placement=\u00a0\u00bbtop\u00a0\u00bb][vc_column width=\u00a0\u00bb1\/2&Prime;][vc_column_text] Formulaire avec Fonction : Normes Actuelles en Mati\u00e8re de Pr\u00e9servation des Tissus et de D\u00e9veloppement du Site d&rsquo;Implant Pr\u00e9sent\u00e9 en anglais Co\u00fbt : 199 $ + taxes applicables Date : 9 f\u00e9vrier 2024 Heure : 8 h 30 \u00e0 9 h 00 HNE (Inscription et petit-d\u00e9jeuner l\u00e9ger) Heure : 9 h 00 \u00e0 16 h [&hellip;]<\/p>\n","protected":false},"author":14,"featured_media":0,"parent":5895,"menu_order":0,"comment_status":"closed","ping_status":"closed","template":"","meta":{"inline_featured_image":false,"footnotes":""},"class_list":["post-7143","page","type-page","status-publish","hentry"],"yoast_head":"<!-- This site is optimized with the Yoast SEO plugin v27.2 - https:\/\/yoast.com\/product\/yoast-seo-wordpress\/ -->\n<title>Evenements - Milident<\/title>\n<meta name=\"description\" content=\"Nos prochains \u00e9v\u00e9nements au laboratoire Milident.\" \/>\n<meta name=\"robots\" content=\"index, follow, max-snippet:-1, max-image-preview:large, max-video-preview:-1\" \/>\n<link rel=\"canonical\" href=\"https:\/\/milident.com\/fr\/evenements\/maximiser-votre-technologie-ultrasonique-pour-une-gestion-efficace-du-biofilm\/\" \/>\n<meta property=\"og:locale\" content=\"fr_FR\" \/>\n<meta property=\"og:type\" content=\"article\" \/>\n<meta property=\"og:title\" content=\"Evenements - Milident\" \/>\n<meta property=\"og:description\" content=\"Nos prochains \u00e9v\u00e9nements au laboratoire Milident.\" \/>\n<meta property=\"og:url\" content=\"https:\/\/milident.com\/fr\/evenements\/maximiser-votre-technologie-ultrasonique-pour-une-gestion-efficace-du-biofilm\/\" \/>\n<meta property=\"og:site_name\" content=\"Milident\" \/>\n<meta property=\"article:publisher\" content=\"https:\/\/www.facebook.com\/capitalceramicsEdmonton\" \/>\n<meta property=\"article:modified_time\" content=\"2023-12-22T19:23:38+00:00\" \/>\n<meta name=\"twitter:card\" content=\"summary_large_image\" \/>\n<meta name=\"twitter:label1\" content=\"Dur\u00e9e de lecture estim\u00e9e\" \/>\n\t<meta name=\"twitter:data1\" content=\"2 minutes\" \/>\n<script type=\"application\/ld+json\" class=\"yoast-schema-graph\">{\"@context\":\"https:\/\/schema.org\",\"@graph\":[{\"@type\":\"WebPage\",\"@id\":\"https:\/\/milident.com\/fr\/evenements\/maximiser-votre-technologie-ultrasonique-pour-une-gestion-efficace-du-biofilm\/\",\"url\":\"https:\/\/milident.com\/fr\/evenements\/maximiser-votre-technologie-ultrasonique-pour-une-gestion-efficace-du-biofilm\/\",\"name\":\"Evenements - Milident\",\"isPartOf\":{\"@id\":\"https:\/\/milident.com\/fr\/#website\"},\"datePublished\":\"2023-09-12T18:16:19+00:00\",\"dateModified\":\"2023-12-22T19:23:38+00:00\",\"description\":\"Nos prochains \u00e9v\u00e9nements au laboratoire Milident.\",\"breadcrumb\":{\"@id\":\"https:\/\/milident.com\/fr\/evenements\/maximiser-votre-technologie-ultrasonique-pour-une-gestion-efficace-du-biofilm\/#breadcrumb\"},\"inLanguage\":\"fr-FR\",\"potentialAction\":[{\"@type\":\"ReadAction\",\"target\":[\"https:\/\/milident.com\/fr\/evenements\/maximiser-votre-technologie-ultrasonique-pour-une-gestion-efficace-du-biofilm\/\"]}]},{\"@type\":\"BreadcrumbList\",\"@id\":\"https:\/\/milident.com\/fr\/evenements\/maximiser-votre-technologie-ultrasonique-pour-une-gestion-efficace-du-biofilm\/#breadcrumb\",\"itemListElement\":[{\"@type\":\"ListItem\",\"position\":1,\"name\":\"Home\",\"item\":\"https:\/\/milident.com\/fr\/\"},{\"@type\":\"ListItem\",\"position\":2,\"name\":\"\u00c9v\u00e9nements\",\"item\":\"https:\/\/milident.com\/fr\/evenements\/\"},{\"@type\":\"ListItem\",\"position\":3,\"name\":\"Evenements\"}]},{\"@type\":\"WebSite\",\"@id\":\"https:\/\/milident.com\/fr\/#website\",\"url\":\"https:\/\/milident.com\/fr\/\",\"name\":\"Milident\",\"description\":\"Fully digital laboratory\",\"potentialAction\":[{\"@type\":\"SearchAction\",\"target\":{\"@type\":\"EntryPoint\",\"urlTemplate\":\"https:\/\/milident.com\/fr\/?s={search_term_string}\"},\"query-input\":{\"@type\":\"PropertyValueSpecification\",\"valueRequired\":true,\"valueName\":\"search_term_string\"}}],\"inLanguage\":\"fr-FR\"}]}<\/script>\n<!-- \/ Yoast SEO plugin. -->","yoast_head_json":{"title":"Evenements - Milident","description":"Nos prochains \u00e9v\u00e9nements au laboratoire Milident.","robots":{"index":"index","follow":"follow","max-snippet":"max-snippet:-1","max-image-preview":"max-image-preview:large","max-video-preview":"max-video-preview:-1"},"canonical":"https:\/\/milident.com\/fr\/evenements\/maximiser-votre-technologie-ultrasonique-pour-une-gestion-efficace-du-biofilm\/","og_locale":"fr_FR","og_type":"article","og_title":"Evenements - Milident","og_description":"Nos prochains \u00e9v\u00e9nements au laboratoire Milident.","og_url":"https:\/\/milident.com\/fr\/evenements\/maximiser-votre-technologie-ultrasonique-pour-une-gestion-efficace-du-biofilm\/","og_site_name":"Milident","article_publisher":"https:\/\/www.facebook.com\/capitalceramicsEdmonton","article_modified_time":"2023-12-22T19:23:38+00:00","twitter_card":"summary_large_image","twitter_misc":{"Dur\u00e9e de lecture estim\u00e9e":"2 minutes"},"schema":{"@context":"https:\/\/schema.org","@graph":[{"@type":"WebPage","@id":"https:\/\/milident.com\/fr\/evenements\/maximiser-votre-technologie-ultrasonique-pour-une-gestion-efficace-du-biofilm\/","url":"https:\/\/milident.com\/fr\/evenements\/maximiser-votre-technologie-ultrasonique-pour-une-gestion-efficace-du-biofilm\/","name":"Evenements - Milident","isPartOf":{"@id":"https:\/\/milident.com\/fr\/#website"},"datePublished":"2023-09-12T18:16:19+00:00","dateModified":"2023-12-22T19:23:38+00:00","description":"Nos prochains \u00e9v\u00e9nements au laboratoire Milident.","breadcrumb":{"@id":"https:\/\/milident.com\/fr\/evenements\/maximiser-votre-technologie-ultrasonique-pour-une-gestion-efficace-du-biofilm\/#breadcrumb"},"inLanguage":"fr-FR","potentialAction":[{"@type":"ReadAction","target":["https:\/\/milident.com\/fr\/evenements\/maximiser-votre-technologie-ultrasonique-pour-une-gestion-efficace-du-biofilm\/"]}]},{"@type":"BreadcrumbList","@id":"https:\/\/milident.com\/fr\/evenements\/maximiser-votre-technologie-ultrasonique-pour-une-gestion-efficace-du-biofilm\/#breadcrumb","itemListElement":[{"@type":"ListItem","position":1,"name":"Home","item":"https:\/\/milident.com\/fr\/"},{"@type":"ListItem","position":2,"name":"\u00c9v\u00e9nements","item":"https:\/\/milident.com\/fr\/evenements\/"},{"@type":"ListItem","position":3,"name":"Evenements"}]},{"@type":"WebSite","@id":"https:\/\/milident.com\/fr\/#website","url":"https:\/\/milident.com\/fr\/","name":"Milident","description":"Fully digital laboratory","potentialAction":[{"@type":"SearchAction","target":{"@type":"EntryPoint","urlTemplate":"https:\/\/milident.com\/fr\/?s={search_term_string}"},"query-input":{"@type":"PropertyValueSpecification","valueRequired":true,"valueName":"search_term_string"}}],"inLanguage":"fr-FR"}]}},"_links":{"self":[{"href":"https:\/\/milident.com\/fr\/wp-json\/wp\/v2\/pages\/7143","targetHints":{"allow":["GET"]}}],"collection":[{"href":"https:\/\/milident.com\/fr\/wp-json\/wp\/v2\/pages"}],"about":[{"href":"https:\/\/milident.com\/fr\/wp-json\/wp\/v2\/types\/page"}],"author":[{"embeddable":true,"href":"https:\/\/milident.com\/fr\/wp-json\/wp\/v2\/users\/14"}],"replies":[{"embeddable":true,"href":"https:\/\/milident.com\/fr\/wp-json\/wp\/v2\/comments?post=7143"}],"version-history":[{"count":25,"href":"https:\/\/milident.com\/fr\/wp-json\/wp\/v2\/pages\/7143\/revisions"}],"predecessor-version":[{"id":7347,"href":"https:\/\/milident.com\/fr\/wp-json\/wp\/v2\/pages\/7143\/revisions\/7347"}],"up":[{"embeddable":true,"href":"https:\/\/milident.com\/fr\/wp-json\/wp\/v2\/pages\/5895"}],"wp:attachment":[{"href":"https:\/\/milident.com\/fr\/wp-json\/wp\/v2\/media?parent=7143"}],"curies":[{"name":"wp","href":"https:\/\/api.w.org\/{rel}","templated":true}]}}