{"id":7253,"date":"2023-11-09T14:25:52","date_gmt":"2023-11-09T18:25:52","guid":{"rendered":"https:\/\/milident.com\/evenements\/quest-ce-qui-se-passe-ici-la-cimentation-a-la-zircone-simplifiee\/"},"modified":"2023-11-09T15:03:34","modified_gmt":"2023-11-09T19:03:34","slug":"quest-ce-qui-se-passe-ici-la-cimentation-a-la-zircone-simplifiee","status":"publish","type":"page","link":"https:\/\/milident.com\/fr\/evenements\/quest-ce-qui-se-passe-ici-la-cimentation-a-la-zircone-simplifiee\/","title":{"rendered":"Qu&rsquo;est-ce qui se passe ici ? La cimentation \u00e0 la zircone simplifi\u00e9e"},"content":{"rendered":"<div class=\"wpb-content-wrapper\">[vc_row full_width=\u00a0\u00bbstretch_row\u00a0\u00bb full_height=\u00a0\u00bbyes\u00a0\u00bb columns_placement=\u00a0\u00bbtop\u00a0\u00bb][vc_column width=\u00a0\u00bb1\/2&Prime;][vc_column_text]\n<h4 class=\"page-header__title h4\">Qu&rsquo;est-ce qui se passe ici ? La cimentation \u00e0 la zircone simplifi\u00e9e<\/h4>\n<p>En partenariat avec Curion | <span class=\"ui-provider ee blx bib byz bza bzb bzc bzd bze bzf bzg bzh bzi bzj bzk bzl bzm bzn bzo bzp bzq bzr bzs bzt bzu bzv bzw bzx bzy bzz caa cab cac cae caf\" dir=\"ltr\">pr\u00e9sent\u00e9 en anglais<\/span><\/p>\n<div class=\"page\" title=\"Page 1\">\n<div class=\"section\">\n<div class=\"layoutArea\">\n<div class=\"column\">\n<p><strong>Co\u00fbt :<\/strong> GRATUIT<\/p>\n<p><strong>Date et <\/strong><strong>heure :<\/strong> Webinaire en ligne \u00e0 la demande<\/p>\n<\/div>\n<\/div>\n<\/div>\n<\/div>\n[\/vc_column_text][vc_btn title=\u00a0\u00bbS&rsquo;inscrire\u00a0\u00bb link=\u00a0\u00bburl:https%3A%2F%2Fcurion.ca%2Fblogs%2Fdentistry-events%2Fwhat-z-heck-is-going-on-here-zirconia-cementation-simplified|\u00a0\u00bb][vc_separator][vc_column_text]\n<div class=\"page\" title=\"Page 1\">\n<div class=\"section\">\n<div class=\"layoutArea\">\n<div class=\"column\">\n<h5><strong style=\"color: inherit; font-family: inherit; font-size: 1.25rem;\">Description du cours<\/strong><\/h5>\n<\/div>\n<\/div>\n<\/div>\n<\/div>\n[\/vc_column_text][vc_column_text]\n<div class=\"page\" title=\"Page 1\">\n<div class=\"section\">\n<div class=\"layoutArea\">\n<div class=\"column\">\n<p>Bond ou luth ? Essayer d&rsquo;abord ou essayer d&rsquo;abord ? Est-ce que je m&rsquo;y prends bien ? Ce webinaire divertissant d&rsquo;une heure vous aidera \u00e0 r\u00e9pondre \u00e0 toutes vos questions sur la pose de restaurations en zircone. De la pr\u00e9paration \u00e0 l&rsquo;insertion en passant par l&rsquo;appr\u00eat, le Dr Rolando Nu\u00f1ez expliquera comment et pourquoi certains mat\u00e9riaux sont s\u00e9lectionn\u00e9s pour obtenir des r\u00e9sultats cliniques optimaux lorsqu&rsquo;on travaille avec la zircone. \u00c0 l&rsquo;aide d&rsquo;un guide simple, il vous accompagnera pas \u00e0 pas dans la cr\u00e9ation d&rsquo;un syst\u00e8me utilisable pour optimiser les r\u00e9sultats et l&rsquo;efficacit\u00e9 \u00e0 long terme.<\/p>\n<\/div>\n<\/div>\n<\/div>\n<\/div>\n[\/vc_column_text][vc_column_text]\n<div class=\"page\" title=\"Page 1\">\n<div class=\"section\">\n<div class=\"layoutArea\">\n<div class=\"column\"><\/div>\n<\/div>\n<\/div>\n<\/div>\n<div class=\"page\" title=\"Page 1\">\n<div class=\"section\">\n<div class=\"layoutArea\">\n<div class=\"column\">\n<h5><strong>Objectifs d&rsquo;apprentissage cl\u00e9s :<\/strong><\/h5>\n<ul>\n<li>Comprendre les principes chimiques de base du collage de la zircone<\/li>\n<li>D\u00e9cider si les restaurations en zircone doivent \u00eatre coll\u00e9es ou lutt\u00e9es<\/li>\n<li>Pr\u00e9parer et poser les restaurations en zircone en toute confiance<\/li>\n<li>Mettre en \u0153uvre imm\u00e9diatement un protocole de bureau pour normaliser la mise en place des restaurations en zircone.<\/li>\n<\/ul>\n<\/div>\n<\/div>\n<\/div>\n<\/div>\n[\/vc_column_text][vc_separator][vc_single_image image=\u00a0\u00bb7236&Prime;][vc_column_text]\n<div class=\"page\" title=\"Page 1\">\n<div class=\"section\">\n<div class=\"layoutArea\">\n<div class=\"column\">\n<h5><strong style=\"color: inherit; font-family: inherit; font-size: 1.25rem;\">Biographie de l&rsquo;orateur<\/strong><\/h5>\n<\/div>\n<\/div>\n<\/div>\n<\/div>\n[\/vc_column_text][vc_column_text]\n<div class=\"page\" title=\"Page 1\">\n<div class=\"section\">\n<div class=\"layoutArea\">\n<div class=\"column\">\n<p>Le <strong>Dr Rolando Nu\u00f1ez<\/strong> a obtenu son dipl\u00f4me de dentiste \u00e0 l&rsquo;Universit\u00e9 centrale du Venezuela en 1997. Il s&rsquo;est inscrit \u00e0 un programme d&rsquo;\u00e9tudes sup\u00e9rieures sur les biomat\u00e9riaux \u00e0 l&rsquo;universit\u00e9 d&rsquo;Alabama \u00e0 Birmingham, o\u00f9 il a obtenu une ma\u00eetrise en sciences. en 2004. Il a rejoint BISCO en tant que consultant clinique priv\u00e9 de 2005 \u00e0 2013, o\u00f9 il a travaill\u00e9 en \u00e9troite collaboration avec le d\u00e9partement de recherche et d\u00e9veloppement pour mettre au point de nouveaux produits innovants. En 2014, il est devenu directeur des affaires cliniques pour BISCO, Inc.<br \/>\nLe docteur Nu\u00f1ez exerce depuis 10 ans en cabinet priv\u00e9 dans le domaine de la dentisterie esth\u00e9tique et de la dentisterie restauratrice. Il a donn\u00e9 des conf\u00e9rences dans plus de 30 pays sur un large \u00e9ventail de sujets concernant la dentisterie adh\u00e9sive. Il a publi\u00e9 de nombreux articles sur les techniques cliniques ainsi que des articles scientifiques dans des revues \u00e0 comit\u00e9 de lecture.<br \/>\nLe Dr Nu\u00f1ez est membre des groupes suivants : Association internationale de recherche dentaire, Association am\u00e9ricaine de recherche internationale, Soci\u00e9t\u00e9 latino-am\u00e9ricaine de dentisterie op\u00e9ratoire et de biomat\u00e9riaux, Groupe des mat\u00e9riaux dentaires de l&rsquo;IADR et Soci\u00e9t\u00e9 v\u00e9n\u00e9zu\u00e9lienne de dentisterie op\u00e9ratoire, de biomat\u00e9riaux et d&rsquo;esth\u00e9tique.<\/p>\n<\/div>\n<\/div>\n<\/div>\n<\/div>\n[\/vc_column_text][\/vc_column][vc_column width=\u00a0\u00bb1\/2&Prime;][vc_single_image image=\u00a0\u00bb7238&Prime; img_size=\u00a0\u00bblarge\u00a0\u00bb][\/vc_column][\/vc_row][vc_row full_width=\u00a0\u00bbstretch_row\u00a0\u00bb curly_padding=\u00a0\u00bbcontent-padding-none\u00a0\u00bb el_class=\u00a0\u00bbcolor&#8211;text-inverted xtd-background-animation&#8211;left-right\u00a0\u00bb css=\u00a0\u00bb.vc_custom_1626212958924{background: #231f20 url(http:\/\/localhost\/dentist\/wp-content\/uploads\/sites\/20\/2017\/06\/Seamlessteethlight-bluepattern_d9c7faf5-9516-4c8b-af46-05a4aa273320-2.png?id=283) !important;}\u00a0\u00bb][vc_column][vc_column_text]\n<p style=\"text-align: center;\">Combiner tradition et innovation<\/p>\n[\/vc_column_text][\/vc_column][\/vc_row]\n<\/div>","protected":false},"excerpt":{"rendered":"<p>[vc_row full_width=\u00a0\u00bbstretch_row\u00a0\u00bb full_height=\u00a0\u00bbyes\u00a0\u00bb columns_placement=\u00a0\u00bbtop\u00a0\u00bb][vc_column width=\u00a0\u00bb1\/2&Prime;][vc_column_text] Qu&rsquo;est-ce qui se passe ici ? La cimentation \u00e0 la zircone simplifi\u00e9e En partenariat avec Curion | pr\u00e9sent\u00e9 en anglais Co\u00fbt : GRATUIT Date et heure : Webinaire en ligne \u00e0 la demande [\/vc_column_text][vc_btn title=\u00a0\u00bbS&rsquo;inscrire\u00a0\u00bb link=\u00a0\u00bburl:https%3A%2F%2Fcurion.ca%2Fblogs%2Fdentistry-events%2Fwhat-z-heck-is-going-on-here-zirconia-cementation-simplified|\u00a0\u00bb][vc_separator][vc_column_text] Description du cours [\/vc_column_text][vc_column_text] Bond ou luth ? Essayer d&rsquo;abord ou essayer d&rsquo;abord ? Est-ce que je m&rsquo;y prends [&hellip;]<\/p>\n","protected":false},"author":14,"featured_media":0,"parent":5895,"menu_order":0,"comment_status":"closed","ping_status":"closed","template":"","meta":{"inline_featured_image":false,"footnotes":""},"class_list":["post-7253","page","type-page","status-publish","hentry"],"yoast_head":"<!-- This site is optimized with the Yoast SEO plugin v27.2 - https:\/\/yoast.com\/product\/yoast-seo-wordpress\/ -->\n<title>Qu&#039;est-ce qui se passe ici ? La cimentation \u00e0 la zircone simplifi\u00e9e - Milident<\/title>\n<meta name=\"description\" content=\"Nos prochains \u00e9v\u00e9nements au laboratoire Milident.\" \/>\n<meta name=\"robots\" content=\"index, follow, max-snippet:-1, max-image-preview:large, max-video-preview:-1\" \/>\n<link rel=\"canonical\" href=\"https:\/\/milident.com\/fr\/evenements\/quest-ce-qui-se-passe-ici-la-cimentation-a-la-zircone-simplifiee\/\" \/>\n<meta property=\"og:locale\" content=\"fr_FR\" \/>\n<meta property=\"og:type\" content=\"article\" \/>\n<meta property=\"og:title\" content=\"Qu&#039;est-ce qui se passe ici ? La cimentation \u00e0 la zircone simplifi\u00e9e - Milident\" \/>\n<meta property=\"og:description\" content=\"Nos prochains \u00e9v\u00e9nements au laboratoire Milident.\" \/>\n<meta property=\"og:url\" content=\"https:\/\/milident.com\/fr\/evenements\/quest-ce-qui-se-passe-ici-la-cimentation-a-la-zircone-simplifiee\/\" \/>\n<meta property=\"og:site_name\" content=\"Milident\" \/>\n<meta property=\"article:publisher\" content=\"https:\/\/www.facebook.com\/capitalceramicsEdmonton\" \/>\n<meta property=\"article:modified_time\" content=\"2023-11-09T19:03:34+00:00\" \/>\n<meta name=\"twitter:card\" content=\"summary_large_image\" \/>\n<meta name=\"twitter:label1\" content=\"Dur\u00e9e de lecture estim\u00e9e\" \/>\n\t<meta name=\"twitter:data1\" content=\"2 minutes\" \/>\n<script type=\"application\/ld+json\" class=\"yoast-schema-graph\">{\"@context\":\"https:\/\/schema.org\",\"@graph\":[{\"@type\":\"WebPage\",\"@id\":\"https:\/\/milident.com\/fr\/evenements\/quest-ce-qui-se-passe-ici-la-cimentation-a-la-zircone-simplifiee\/\",\"url\":\"https:\/\/milident.com\/fr\/evenements\/quest-ce-qui-se-passe-ici-la-cimentation-a-la-zircone-simplifiee\/\",\"name\":\"Qu'est-ce qui se passe ici ? La cimentation \u00e0 la zircone simplifi\u00e9e - Milident\",\"isPartOf\":{\"@id\":\"https:\/\/milident.com\/fr\/#website\"},\"datePublished\":\"2023-11-09T18:25:52+00:00\",\"dateModified\":\"2023-11-09T19:03:34+00:00\",\"description\":\"Nos prochains \u00e9v\u00e9nements au laboratoire Milident.\",\"breadcrumb\":{\"@id\":\"https:\/\/milident.com\/fr\/evenements\/quest-ce-qui-se-passe-ici-la-cimentation-a-la-zircone-simplifiee\/#breadcrumb\"},\"inLanguage\":\"fr-FR\",\"potentialAction\":[{\"@type\":\"ReadAction\",\"target\":[\"https:\/\/milident.com\/fr\/evenements\/quest-ce-qui-se-passe-ici-la-cimentation-a-la-zircone-simplifiee\/\"]}]},{\"@type\":\"BreadcrumbList\",\"@id\":\"https:\/\/milident.com\/fr\/evenements\/quest-ce-qui-se-passe-ici-la-cimentation-a-la-zircone-simplifiee\/#breadcrumb\",\"itemListElement\":[{\"@type\":\"ListItem\",\"position\":1,\"name\":\"Home\",\"item\":\"https:\/\/milident.com\/fr\/\"},{\"@type\":\"ListItem\",\"position\":2,\"name\":\"\u00c9v\u00e9nements\",\"item\":\"https:\/\/milident.com\/fr\/evenements\/\"},{\"@type\":\"ListItem\",\"position\":3,\"name\":\"Qu&#8217;est-ce qui se passe ici ? La cimentation \u00e0 la zircone simplifi\u00e9e\"}]},{\"@type\":\"WebSite\",\"@id\":\"https:\/\/milident.com\/fr\/#website\",\"url\":\"https:\/\/milident.com\/fr\/\",\"name\":\"Milident\",\"description\":\"Fully digital laboratory\",\"potentialAction\":[{\"@type\":\"SearchAction\",\"target\":{\"@type\":\"EntryPoint\",\"urlTemplate\":\"https:\/\/milident.com\/fr\/?s={search_term_string}\"},\"query-input\":{\"@type\":\"PropertyValueSpecification\",\"valueRequired\":true,\"valueName\":\"search_term_string\"}}],\"inLanguage\":\"fr-FR\"}]}<\/script>\n<!-- \/ Yoast SEO plugin. -->","yoast_head_json":{"title":"Qu'est-ce qui se passe ici ? La cimentation \u00e0 la zircone simplifi\u00e9e - Milident","description":"Nos prochains \u00e9v\u00e9nements au laboratoire Milident.","robots":{"index":"index","follow":"follow","max-snippet":"max-snippet:-1","max-image-preview":"max-image-preview:large","max-video-preview":"max-video-preview:-1"},"canonical":"https:\/\/milident.com\/fr\/evenements\/quest-ce-qui-se-passe-ici-la-cimentation-a-la-zircone-simplifiee\/","og_locale":"fr_FR","og_type":"article","og_title":"Qu'est-ce qui se passe ici ? La cimentation \u00e0 la zircone simplifi\u00e9e - Milident","og_description":"Nos prochains \u00e9v\u00e9nements au laboratoire Milident.","og_url":"https:\/\/milident.com\/fr\/evenements\/quest-ce-qui-se-passe-ici-la-cimentation-a-la-zircone-simplifiee\/","og_site_name":"Milident","article_publisher":"https:\/\/www.facebook.com\/capitalceramicsEdmonton","article_modified_time":"2023-11-09T19:03:34+00:00","twitter_card":"summary_large_image","twitter_misc":{"Dur\u00e9e de lecture estim\u00e9e":"2 minutes"},"schema":{"@context":"https:\/\/schema.org","@graph":[{"@type":"WebPage","@id":"https:\/\/milident.com\/fr\/evenements\/quest-ce-qui-se-passe-ici-la-cimentation-a-la-zircone-simplifiee\/","url":"https:\/\/milident.com\/fr\/evenements\/quest-ce-qui-se-passe-ici-la-cimentation-a-la-zircone-simplifiee\/","name":"Qu'est-ce qui se passe ici ? La cimentation \u00e0 la zircone simplifi\u00e9e - Milident","isPartOf":{"@id":"https:\/\/milident.com\/fr\/#website"},"datePublished":"2023-11-09T18:25:52+00:00","dateModified":"2023-11-09T19:03:34+00:00","description":"Nos prochains \u00e9v\u00e9nements au laboratoire Milident.","breadcrumb":{"@id":"https:\/\/milident.com\/fr\/evenements\/quest-ce-qui-se-passe-ici-la-cimentation-a-la-zircone-simplifiee\/#breadcrumb"},"inLanguage":"fr-FR","potentialAction":[{"@type":"ReadAction","target":["https:\/\/milident.com\/fr\/evenements\/quest-ce-qui-se-passe-ici-la-cimentation-a-la-zircone-simplifiee\/"]}]},{"@type":"BreadcrumbList","@id":"https:\/\/milident.com\/fr\/evenements\/quest-ce-qui-se-passe-ici-la-cimentation-a-la-zircone-simplifiee\/#breadcrumb","itemListElement":[{"@type":"ListItem","position":1,"name":"Home","item":"https:\/\/milident.com\/fr\/"},{"@type":"ListItem","position":2,"name":"\u00c9v\u00e9nements","item":"https:\/\/milident.com\/fr\/evenements\/"},{"@type":"ListItem","position":3,"name":"Qu&#8217;est-ce qui se passe ici ? La cimentation \u00e0 la zircone simplifi\u00e9e"}]},{"@type":"WebSite","@id":"https:\/\/milident.com\/fr\/#website","url":"https:\/\/milident.com\/fr\/","name":"Milident","description":"Fully digital laboratory","potentialAction":[{"@type":"SearchAction","target":{"@type":"EntryPoint","urlTemplate":"https:\/\/milident.com\/fr\/?s={search_term_string}"},"query-input":{"@type":"PropertyValueSpecification","valueRequired":true,"valueName":"search_term_string"}}],"inLanguage":"fr-FR"}]}},"_links":{"self":[{"href":"https:\/\/milident.com\/fr\/wp-json\/wp\/v2\/pages\/7253","targetHints":{"allow":["GET"]}}],"collection":[{"href":"https:\/\/milident.com\/fr\/wp-json\/wp\/v2\/pages"}],"about":[{"href":"https:\/\/milident.com\/fr\/wp-json\/wp\/v2\/types\/page"}],"author":[{"embeddable":true,"href":"https:\/\/milident.com\/fr\/wp-json\/wp\/v2\/users\/14"}],"replies":[{"embeddable":true,"href":"https:\/\/milident.com\/fr\/wp-json\/wp\/v2\/comments?post=7253"}],"version-history":[{"count":4,"href":"https:\/\/milident.com\/fr\/wp-json\/wp\/v2\/pages\/7253\/revisions"}],"predecessor-version":[{"id":7264,"href":"https:\/\/milident.com\/fr\/wp-json\/wp\/v2\/pages\/7253\/revisions\/7264"}],"up":[{"embeddable":true,"href":"https:\/\/milident.com\/fr\/wp-json\/wp\/v2\/pages\/5895"}],"wp:attachment":[{"href":"https:\/\/milident.com\/fr\/wp-json\/wp\/v2\/media?parent=7253"}],"curies":[{"name":"wp","href":"https:\/\/api.w.org\/{rel}","templated":true}]}}