{"id":7256,"date":"2023-11-09T14:37:31","date_gmt":"2023-11-09T18:37:31","guid":{"rendered":"https:\/\/milident.com\/evenements\/materiaux-biologiques-pour-la-vitalite-pulpaire\/"},"modified":"2023-11-09T15:04:42","modified_gmt":"2023-11-09T19:04:42","slug":"materiaux-biologiques-pour-la-vitalite-pulpaire","status":"publish","type":"page","link":"https:\/\/milident.com\/fr\/evenements\/materiaux-biologiques-pour-la-vitalite-pulpaire\/","title":{"rendered":"Mat\u00e9riaux biologiques pour la vitalit\u00e9 pulpaire"},"content":{"rendered":"<div class=\"wpb-content-wrapper\">[vc_row full_width=\u00a0\u00bbstretch_row\u00a0\u00bb full_height=\u00a0\u00bbyes\u00a0\u00bb columns_placement=\u00a0\u00bbtop\u00a0\u00bb][vc_column width=\u00a0\u00bb1\/2&Prime;][vc_column_text]\n<h1 class=\"page-header__title h4\">Mat\u00e9riaux biologiques pour la vitalit\u00e9 pulpaire<\/h1>\n<p>En partenariat avec Curion | <span class=\"ui-provider ee blx bib byz bza bzb bzc bzd bze bzf bzg bzh bzi bzj bzk bzl bzm bzn bzo bzp bzq bzr bzs bzt bzu bzv bzw bzx bzy bzz caa cab cac cae caf\" dir=\"ltr\">pr\u00e9sent\u00e9 en anglais<\/span><\/p>\n<div class=\"page\" title=\"Page 1\">\n<div class=\"section\">\n<div class=\"layoutArea\">\n<div class=\"column\">\n<p><strong>Co\u00fbt :<\/strong> GRATUIT<\/p>\n<p><strong>Date et <\/strong><strong>heure :<\/strong> Webinaire en ligne \u00e0 la demande<\/p>\n<p>1 cr\u00e9dit CE<\/p>\n<\/div>\n<\/div>\n<\/div>\n<\/div>\n[\/vc_column_text][vc_btn title=\u00a0\u00bbS&rsquo;inscrire\u00a0\u00bb link=\u00a0\u00bburl:https%3A%2F%2Fcurion.ca%2Fblogs%2Fdentistry-events%2Fwhat-z-heck-is-going-on-here-zirconia-cementation-simplified|\u00a0\u00bb][vc_separator][vc_column_text]\n<div class=\"page\" title=\"Page 1\">\n<div class=\"section\">\n<div class=\"layoutArea\">\n<div class=\"column\">\n<h5><strong style=\"color: inherit; font-family: inherit; font-size: 1.25rem;\">Description du cours<\/strong><\/h5>\n<\/div>\n<\/div>\n<\/div>\n<\/div>\n[\/vc_column_text][vc_column_text]\n<div class=\"page\" title=\"Page 1\">\n<div class=\"section\">\n<div class=\"layoutArea\">\n<div class=\"column\">\n<p><span style=\"font-family: -apple-system, system-ui, BlinkMacSystemFont, 'Segoe UI', Roboto, 'Helvetica Neue', Arial, sans-serif; font-size: 1rem;\">Les r\u00e9cents d\u00e9veloppements dans la technologie des r\u00e9sines ont favoris\u00e9 l&rsquo;introduction de r\u00e9sines hydrophiles pour l&rsquo;\u00e9volution des produits dentaires th\u00e9rapeutiques. Ces r\u00e9sines permettent d&rsquo;ajouter des composants biologiquement actifs afin d&rsquo;influencer positivement la sant\u00e9 pulpaire. Outre la pr\u00e9servation de la vitalit\u00e9 cellulaire, ces nouveaux mat\u00e9riaux favorisent la formation de ponts dentinaires et pr\u00e9servent la couche hybride de la dentine et les processus de restauration. En outre, ces mat\u00e9riaux constituent une base plus durable sur laquelle la restauration est plac\u00e9e.<\/span><\/p>\n<\/div>\n<\/div>\n<\/div>\n<\/div>\n[\/vc_column_text][vc_column_text]\n<div class=\"page\" title=\"Page 1\">\n<div class=\"section\">\n<div class=\"layoutArea\">\n<div class=\"column\">\n<h5><strong style=\"color: inherit; font-family: inherit; font-size: 1.25rem;\">Objectifs d&rsquo;apprentissage cl\u00e9s :<\/strong><\/h5>\n<\/div>\n<\/div>\n<\/div>\n<\/div>\n[\/vc_column_text][vc_column_text]\n<div class=\"page\" title=\"Page 1\">\n<div class=\"section\">\n<div class=\"layoutArea\">\n<div class=\"column\">\n<ul>\n<li><span style=\"font-family: -apple-system, system-ui, BlinkMacSystemFont, 'Segoe UI', Roboto, 'Helvetica Neue', Arial, sans-serif; font-size: 1rem;\">D\u00e9finir les mat\u00e9riaux \u00e0 base de r\u00e9sine qui sont hydrophiles et biologiques. En outre, le participant comprendra pourquoi l&rsquo;utilisation de mat\u00e9riaux hydrophobes \u00e0 des fins th\u00e9rapeutiques n&rsquo;est pas recommand\u00e9e.<\/span><\/li>\n<\/ul>\n<\/div>\n<\/div>\n<\/div>\n<\/div>\n<div class=\"page\" title=\"Page 1\">\n<div class=\"section\">\n<div class=\"layoutArea\">\n<div class=\"column\">\n<ul>\n<li>\u00c9num\u00e9rer les mesures n\u00e9cessaires pour maintenir la vitalit\u00e9 pulpaire (\u00e0 long terme) et ce que les \u00e9tudes animales ont d\u00e9montr\u00e9. En outre, le participant appr\u00e9ciera l&rsquo;interaction entre la pulpe et les m\u00e9dicaments.<\/li>\n<li>Comprendre pourquoi les techniques de protection pulpaire promues pr\u00e9c\u00e9demment utilisaient souvent des mat\u00e9riaux non compatibles, cr\u00e9ant ainsi des interfaces faibles permettant l&rsquo;\u00e9chec de la restauration et\/ou des micro-fuites.<\/li>\n<li>Appr\u00e9cier le r\u00f4le que les cliniciens peuvent jouer dans la recherche sur les biomat\u00e9riaux.<\/li>\n<\/ul>\n<\/div>\n<\/div>\n<\/div>\n<\/div>\n[\/vc_column_text][vc_separator][vc_single_image image=\u00a0\u00bb7240&Prime;][vc_column_text]\n<div class=\"page\" title=\"Page 1\">\n<div class=\"section\">\n<div class=\"layoutArea\">\n<div class=\"column\">\n<h5><strong style=\"color: inherit; font-family: inherit; font-size: 1.25rem;\">Biographie de l&rsquo;orateur<\/strong><\/h5>\n<\/div>\n<\/div>\n<\/div>\n<\/div>\n[\/vc_column_text][vc_column_text]\n<div class=\"page\" title=\"Page 1\">\n<div class=\"section\">\n<div class=\"layoutArea\">\n<p class=\"column\">\n<\/div>\n<\/div>\n<\/div>\n<div class=\"page\" title=\"Page 1\">\n<div class=\"section\">\n<div class=\"layoutArea\">\n<div class=\"column\">\n<p><strong>Mark L. Cannon<\/strong> est professeur d&rsquo;oto-rhino-laryngologie, division d&rsquo;odontologie \u00e0 la Northwestern University, Feinberg School of Medicine, m\u00e9decin traitant \u00e0 l&rsquo;h\u00f4pital pour enfants Ann and Robert Lurie et membre de l&rsquo;Association internationale d&rsquo;odontologie p\u00e9diatrique. Fondateur de l&rsquo;Associated Dental Specialists of Long Grove (1981), il est \u00e9galement coordinateur de la recherche pour le programme de r\u00e9sidence en dentisterie p\u00e9diatrique \u00e0 l&rsquo;h\u00f4pital pour enfants Ann and Robert Lurie, \u00e0 Chicago, dans l&rsquo;Illinois. Le docteur Cannon a 40 ans d&rsquo;exp\u00e9rience en dentisterie p\u00e9diatrique et a donn\u00e9 des conf\u00e9rences au niveau national et international. Il donne des conf\u00e9rences sur de nombreux sujets li\u00e9s \u00e0 la sant\u00e9 bucco-dentaire, notamment la m\u00e9decine bucco-dentaire \u00e9volutive, les microbiomes de la porte d&rsquo;entr\u00e9e, les mat\u00e9riaux dentaires biologiques et bioactifs (titulaire de brevets), les probiotiques et tous les aspects de la sant\u00e9 bucco-dentaire p\u00e9diatrique au quotidien. Le Dr Cannon a humblement accept\u00e9 deux invitations du Karolinska Institutet, la premi\u00e8re au Forum Nobel (2016) et la seconde \u00e0 l&rsquo;Assembl\u00e9e Nobel (2017).<\/p>\n<\/div>\n<\/div>\n<\/div>\n<\/div>\n[\/vc_column_text][\/vc_column][vc_column width=\u00a0\u00bb1\/2&Prime;][vc_single_image image=\u00a0\u00bb7234&Prime; img_size=\u00a0\u00bblarge\u00a0\u00bb][\/vc_column][\/vc_row][vc_row full_width=\u00a0\u00bbstretch_row\u00a0\u00bb curly_padding=\u00a0\u00bbcontent-padding-none\u00a0\u00bb el_class=\u00a0\u00bbcolor&#8211;text-inverted xtd-background-animation&#8211;left-right\u00a0\u00bb css=\u00a0\u00bb.vc_custom_1626212958924{background: #231f20 url(http:\/\/localhost\/dentist\/wp-content\/uploads\/sites\/20\/2017\/06\/Seamlessteethlight-bluepattern_d9c7faf5-9516-4c8b-af46-05a4aa273320-2.png?id=283) !important;}\u00a0\u00bb][vc_column][vc_column_text]\n<p style=\"text-align: center;\">Combiner tradition et innovation<\/p>\n[\/vc_column_text][\/vc_column][\/vc_row]\n<\/div>","protected":false},"excerpt":{"rendered":"<p>[vc_row full_width=\u00a0\u00bbstretch_row\u00a0\u00bb full_height=\u00a0\u00bbyes\u00a0\u00bb columns_placement=\u00a0\u00bbtop\u00a0\u00bb][vc_column width=\u00a0\u00bb1\/2&Prime;][vc_column_text] Mat\u00e9riaux biologiques pour la vitalit\u00e9 pulpaire En partenariat avec Curion | pr\u00e9sent\u00e9 en anglais Co\u00fbt : GRATUIT Date et heure : Webinaire en ligne \u00e0 la demande 1 cr\u00e9dit CE [\/vc_column_text][vc_btn title=\u00a0\u00bbS&rsquo;inscrire\u00a0\u00bb link=\u00a0\u00bburl:https%3A%2F%2Fcurion.ca%2Fblogs%2Fdentistry-events%2Fwhat-z-heck-is-going-on-here-zirconia-cementation-simplified|\u00a0\u00bb][vc_separator][vc_column_text] Description du cours [\/vc_column_text][vc_column_text] Les r\u00e9cents d\u00e9veloppements dans la technologie des r\u00e9sines ont favoris\u00e9 l&rsquo;introduction de r\u00e9sines hydrophiles pour l&rsquo;\u00e9volution des produits [&hellip;]<\/p>\n","protected":false},"author":14,"featured_media":0,"parent":5895,"menu_order":0,"comment_status":"closed","ping_status":"closed","template":"","meta":{"inline_featured_image":false,"footnotes":""},"class_list":["post-7256","page","type-page","status-publish","hentry"],"yoast_head":"<!-- This site is optimized with the Yoast SEO plugin v27.2 - https:\/\/yoast.com\/product\/yoast-seo-wordpress\/ -->\n<title>Mat\u00e9riaux biologiques pour la vitalit\u00e9 pulpaire - Milident<\/title>\n<meta name=\"description\" content=\"Nos prochains \u00e9v\u00e9nements au laboratoire Milident.\" \/>\n<meta name=\"robots\" content=\"index, follow, max-snippet:-1, max-image-preview:large, max-video-preview:-1\" \/>\n<link rel=\"canonical\" href=\"https:\/\/milident.com\/fr\/evenements\/materiaux-biologiques-pour-la-vitalite-pulpaire\/\" \/>\n<meta property=\"og:locale\" content=\"fr_FR\" \/>\n<meta property=\"og:type\" content=\"article\" \/>\n<meta property=\"og:title\" content=\"Mat\u00e9riaux biologiques pour la vitalit\u00e9 pulpaire - Milident\" \/>\n<meta property=\"og:description\" content=\"Nos prochains \u00e9v\u00e9nements au laboratoire Milident.\" \/>\n<meta property=\"og:url\" content=\"https:\/\/milident.com\/fr\/evenements\/materiaux-biologiques-pour-la-vitalite-pulpaire\/\" \/>\n<meta property=\"og:site_name\" content=\"Milident\" \/>\n<meta property=\"article:publisher\" content=\"https:\/\/www.facebook.com\/capitalceramicsEdmonton\" \/>\n<meta property=\"article:modified_time\" content=\"2023-11-09T19:04:42+00:00\" \/>\n<meta name=\"twitter:card\" content=\"summary_large_image\" \/>\n<meta name=\"twitter:label1\" content=\"Dur\u00e9e de lecture estim\u00e9e\" \/>\n\t<meta name=\"twitter:data1\" content=\"2 minutes\" \/>\n<script type=\"application\/ld+json\" class=\"yoast-schema-graph\">{\"@context\":\"https:\/\/schema.org\",\"@graph\":[{\"@type\":\"WebPage\",\"@id\":\"https:\/\/milident.com\/fr\/evenements\/materiaux-biologiques-pour-la-vitalite-pulpaire\/\",\"url\":\"https:\/\/milident.com\/fr\/evenements\/materiaux-biologiques-pour-la-vitalite-pulpaire\/\",\"name\":\"Mat\u00e9riaux biologiques pour la vitalit\u00e9 pulpaire - Milident\",\"isPartOf\":{\"@id\":\"https:\/\/milident.com\/fr\/#website\"},\"datePublished\":\"2023-11-09T18:37:31+00:00\",\"dateModified\":\"2023-11-09T19:04:42+00:00\",\"description\":\"Nos prochains \u00e9v\u00e9nements au laboratoire Milident.\",\"breadcrumb\":{\"@id\":\"https:\/\/milident.com\/fr\/evenements\/materiaux-biologiques-pour-la-vitalite-pulpaire\/#breadcrumb\"},\"inLanguage\":\"fr-FR\",\"potentialAction\":[{\"@type\":\"ReadAction\",\"target\":[\"https:\/\/milident.com\/fr\/evenements\/materiaux-biologiques-pour-la-vitalite-pulpaire\/\"]}]},{\"@type\":\"BreadcrumbList\",\"@id\":\"https:\/\/milident.com\/fr\/evenements\/materiaux-biologiques-pour-la-vitalite-pulpaire\/#breadcrumb\",\"itemListElement\":[{\"@type\":\"ListItem\",\"position\":1,\"name\":\"Home\",\"item\":\"https:\/\/milident.com\/fr\/\"},{\"@type\":\"ListItem\",\"position\":2,\"name\":\"\u00c9v\u00e9nements\",\"item\":\"https:\/\/milident.com\/fr\/evenements\/\"},{\"@type\":\"ListItem\",\"position\":3,\"name\":\"Mat\u00e9riaux biologiques pour la vitalit\u00e9 pulpaire\"}]},{\"@type\":\"WebSite\",\"@id\":\"https:\/\/milident.com\/fr\/#website\",\"url\":\"https:\/\/milident.com\/fr\/\",\"name\":\"Milident\",\"description\":\"Fully digital laboratory\",\"potentialAction\":[{\"@type\":\"SearchAction\",\"target\":{\"@type\":\"EntryPoint\",\"urlTemplate\":\"https:\/\/milident.com\/fr\/?s={search_term_string}\"},\"query-input\":{\"@type\":\"PropertyValueSpecification\",\"valueRequired\":true,\"valueName\":\"search_term_string\"}}],\"inLanguage\":\"fr-FR\"}]}<\/script>\n<!-- \/ Yoast SEO plugin. -->","yoast_head_json":{"title":"Mat\u00e9riaux biologiques pour la vitalit\u00e9 pulpaire - Milident","description":"Nos prochains \u00e9v\u00e9nements au laboratoire Milident.","robots":{"index":"index","follow":"follow","max-snippet":"max-snippet:-1","max-image-preview":"max-image-preview:large","max-video-preview":"max-video-preview:-1"},"canonical":"https:\/\/milident.com\/fr\/evenements\/materiaux-biologiques-pour-la-vitalite-pulpaire\/","og_locale":"fr_FR","og_type":"article","og_title":"Mat\u00e9riaux biologiques pour la vitalit\u00e9 pulpaire - Milident","og_description":"Nos prochains \u00e9v\u00e9nements au laboratoire Milident.","og_url":"https:\/\/milident.com\/fr\/evenements\/materiaux-biologiques-pour-la-vitalite-pulpaire\/","og_site_name":"Milident","article_publisher":"https:\/\/www.facebook.com\/capitalceramicsEdmonton","article_modified_time":"2023-11-09T19:04:42+00:00","twitter_card":"summary_large_image","twitter_misc":{"Dur\u00e9e de lecture estim\u00e9e":"2 minutes"},"schema":{"@context":"https:\/\/schema.org","@graph":[{"@type":"WebPage","@id":"https:\/\/milident.com\/fr\/evenements\/materiaux-biologiques-pour-la-vitalite-pulpaire\/","url":"https:\/\/milident.com\/fr\/evenements\/materiaux-biologiques-pour-la-vitalite-pulpaire\/","name":"Mat\u00e9riaux biologiques pour la vitalit\u00e9 pulpaire - Milident","isPartOf":{"@id":"https:\/\/milident.com\/fr\/#website"},"datePublished":"2023-11-09T18:37:31+00:00","dateModified":"2023-11-09T19:04:42+00:00","description":"Nos prochains \u00e9v\u00e9nements au laboratoire Milident.","breadcrumb":{"@id":"https:\/\/milident.com\/fr\/evenements\/materiaux-biologiques-pour-la-vitalite-pulpaire\/#breadcrumb"},"inLanguage":"fr-FR","potentialAction":[{"@type":"ReadAction","target":["https:\/\/milident.com\/fr\/evenements\/materiaux-biologiques-pour-la-vitalite-pulpaire\/"]}]},{"@type":"BreadcrumbList","@id":"https:\/\/milident.com\/fr\/evenements\/materiaux-biologiques-pour-la-vitalite-pulpaire\/#breadcrumb","itemListElement":[{"@type":"ListItem","position":1,"name":"Home","item":"https:\/\/milident.com\/fr\/"},{"@type":"ListItem","position":2,"name":"\u00c9v\u00e9nements","item":"https:\/\/milident.com\/fr\/evenements\/"},{"@type":"ListItem","position":3,"name":"Mat\u00e9riaux biologiques pour la vitalit\u00e9 pulpaire"}]},{"@type":"WebSite","@id":"https:\/\/milident.com\/fr\/#website","url":"https:\/\/milident.com\/fr\/","name":"Milident","description":"Fully digital laboratory","potentialAction":[{"@type":"SearchAction","target":{"@type":"EntryPoint","urlTemplate":"https:\/\/milident.com\/fr\/?s={search_term_string}"},"query-input":{"@type":"PropertyValueSpecification","valueRequired":true,"valueName":"search_term_string"}}],"inLanguage":"fr-FR"}]}},"_links":{"self":[{"href":"https:\/\/milident.com\/fr\/wp-json\/wp\/v2\/pages\/7256","targetHints":{"allow":["GET"]}}],"collection":[{"href":"https:\/\/milident.com\/fr\/wp-json\/wp\/v2\/pages"}],"about":[{"href":"https:\/\/milident.com\/fr\/wp-json\/wp\/v2\/types\/page"}],"author":[{"embeddable":true,"href":"https:\/\/milident.com\/fr\/wp-json\/wp\/v2\/users\/14"}],"replies":[{"embeddable":true,"href":"https:\/\/milident.com\/fr\/wp-json\/wp\/v2\/comments?post=7256"}],"version-history":[{"count":4,"href":"https:\/\/milident.com\/fr\/wp-json\/wp\/v2\/pages\/7256\/revisions"}],"predecessor-version":[{"id":7265,"href":"https:\/\/milident.com\/fr\/wp-json\/wp\/v2\/pages\/7256\/revisions\/7265"}],"up":[{"embeddable":true,"href":"https:\/\/milident.com\/fr\/wp-json\/wp\/v2\/pages\/5895"}],"wp:attachment":[{"href":"https:\/\/milident.com\/fr\/wp-json\/wp\/v2\/media?parent=7256"}],"curies":[{"name":"wp","href":"https:\/\/api.w.org\/{rel}","templated":true}]}}