{"id":7510,"date":"2023-03-08T20:48:01","date_gmt":"2023-03-09T00:48:01","guid":{"rendered":"https:\/\/milident.com\/garanties\/"},"modified":"2024-02-26T11:18:55","modified_gmt":"2024-02-26T15:18:55","slug":"garanties","status":"publish","type":"page","link":"https:\/\/milident.com\/fr\/garanties\/","title":{"rendered":"Garanties"},"content":{"rendered":"<div class=\"wpb-content-wrapper\">[vc_row][vc_column][vc_column_text]<strong>Garantie de cinq ans sur toutes les restaurations<\/strong> zircone, porcelaine fusionn\u00e9e au m\u00e9tal, e.max<sup>MD<\/sup> contre les d\u00e9fectuosit\u00e9s dans les mat\u00e9riaux ou le savoir-faire, en date de la facturation. Des mat\u00e9riaux originaux seront utilis\u00e9s.<\/p>\n<p><strong><span class=\"ui-provider cnd cne c d e f g h i j k l m n o p q r s t cnf cng w x y z ab ac ae af ag ah ai aj ak\" dir=\"ltr\">Garantie <\/span>de 6\u00a0mois sur touts les appareils orthodontiques<\/strong> Tous les appareils sont garantis contre les d\u00e9fectuosit\u00e9s dans les mat\u00e9riaux ou le savoir-faire pendant 6\u00a0mois \u00e0 partir de la date de facturation. <em>*Garantie limit\u00e9e sur les appareils Essix, des conditions s\u2019appliquent. Communiquez avec nous pour plus de renseignements.\u00a0<\/em><\/p>\n<p><strong>Garantie d\u2019un an sur toutes les proth\u00e8ses dentaires<\/strong> Nous offrons une garantie d\u2019un an contre toute d\u00e9fectuosit\u00e9 dans les mat\u00e9riaux ou le savoir-faire pour tout travail de moulage ou d\u2019acrylique. Aucune garantie n\u2019est applicable aux proth\u00e8ses imm\u00e9diates ni \u00e0 toute r\u00e9paration ou regarnissage\/rebasage de proth\u00e8se ou de proth\u00e8se partielle moul\u00e9e.<\/p>\n<p><strong>Garantie d\u2019un an sur les implants All-on-4<\/strong> Nous offrons une garantie d\u2019un an contre toute d\u00e9fectuosit\u00e9 dans les mat\u00e9riaux ou le savoir-faire pour tous les cas de All-on-4.<\/p>\n<p><strong>Garantie de cinq ans sur les implants Bars<\/strong> Nous offrons une garantie de 5\u00a0ans contre toute d\u00e9fectuosit\u00e9 dans les mat\u00e9riaux ou le savoir-faire pour tous les implants Bars. La garantie est \u00e9mise au nom du docteur ayant \u00e9mis l\u2019ordonnance d\u2019origine et n\u2019est pas transf\u00e9rable. Elle est valide pour l\u2019ordonnance originale seulement, et tout changement au traitement, y compris les mat\u00e9riaux ou les ajouts, n\u2019est pas applicable. Le compte avec Milident Inc. doit \u00eatre \u00e0 jour au moment o\u00f9 la garantie est soumise.[\/vc_column_text][\/vc_column][\/vc_row][vc_row][vc_column][vc_column_text]\n<hr \/>\n<p>Tous les frais sont sujets \u00e0 changement sans pr\u00e9avis. Les comptes qui ne sont pas r\u00e9gl\u00e9s en vertu des conditions indiqu\u00e9es seront sujets au statut CR et un frais de service de 2\u00a0% par mois sur les comptes en souffrance s\u2019appliquera. Pour les cas urgents prioritaires, des frais suppl\u00e9mentaires peuvent s\u2019appliquer.[\/vc_column_text][\/vc_column][\/vc_row]\n<\/div>","protected":false},"excerpt":{"rendered":"<p>[vc_row][vc_column][vc_column_text]Garantie de cinq ans sur toutes les restaurations zircone, porcelaine fusionn\u00e9e au m\u00e9tal, e.maxMD contre les d\u00e9fectuosit\u00e9s dans les mat\u00e9riaux ou le savoir-faire, en date de la facturation. Des mat\u00e9riaux originaux seront utilis\u00e9s. Garantie de 6\u00a0mois sur touts les appareils orthodontiques Tous les appareils sont garantis contre les d\u00e9fectuosit\u00e9s dans les mat\u00e9riaux ou le savoir-faire pendant 6\u00a0mois \u00e0 partir de [&hellip;]<\/p>\n","protected":false},"author":1,"featured_media":0,"parent":0,"menu_order":0,"comment_status":"closed","ping_status":"closed","template":"","meta":{"inline_featured_image":false,"footnotes":""},"class_list":["post-7510","page","type-page","status-publish","hentry"],"yoast_head":"<!-- This site is optimized with the Yoast SEO plugin v27.2 - https:\/\/yoast.com\/product\/yoast-seo-wordpress\/ -->\n<title>Garanties - Milident<\/title>\n<meta name=\"robots\" content=\"index, follow, max-snippet:-1, max-image-preview:large, max-video-preview:-1\" \/>\n<link rel=\"canonical\" href=\"https:\/\/milident.com\/fr\/garanties\/\" \/>\n<meta property=\"og:locale\" content=\"fr_FR\" \/>\n<meta property=\"og:type\" content=\"article\" \/>\n<meta property=\"og:title\" content=\"Garanties - Milident\" \/>\n<meta property=\"og:description\" content=\"[vc_row][vc_column][vc_column_text]Garantie de cinq ans sur toutes les restaurations zircone, porcelaine fusionn\u00e9e au m\u00e9tal, e.maxMD contre les d\u00e9fectuosit\u00e9s dans les mat\u00e9riaux ou le savoir-faire, en date de la facturation. Des mat\u00e9riaux originaux seront utilis\u00e9s. Garantie de 6\u00a0mois sur touts les appareils orthodontiques Tous les appareils sont garantis contre les d\u00e9fectuosit\u00e9s dans les mat\u00e9riaux ou le savoir-faire pendant 6\u00a0mois \u00e0 partir de [&hellip;]\" \/>\n<meta property=\"og:url\" content=\"https:\/\/milident.com\/fr\/garanties\/\" \/>\n<meta property=\"og:site_name\" content=\"Milident\" \/>\n<meta property=\"article:publisher\" content=\"https:\/\/www.facebook.com\/capitalceramicsEdmonton\" \/>\n<meta property=\"article:modified_time\" content=\"2024-02-26T15:18:55+00:00\" \/>\n<meta name=\"twitter:card\" content=\"summary_large_image\" \/>\n<meta name=\"twitter:label1\" content=\"Dur\u00e9e de lecture estim\u00e9e\" \/>\n\t<meta name=\"twitter:data1\" content=\"2 minutes\" \/>\n<script type=\"application\/ld+json\" class=\"yoast-schema-graph\">{\"@context\":\"https:\/\/schema.org\",\"@graph\":[{\"@type\":\"WebPage\",\"@id\":\"https:\/\/milident.com\/fr\/garanties\/\",\"url\":\"https:\/\/milident.com\/fr\/garanties\/\",\"name\":\"Garanties - Milident\",\"isPartOf\":{\"@id\":\"https:\/\/milident.com\/fr\/#website\"},\"datePublished\":\"2023-03-09T00:48:01+00:00\",\"dateModified\":\"2024-02-26T15:18:55+00:00\",\"breadcrumb\":{\"@id\":\"https:\/\/milident.com\/fr\/garanties\/#breadcrumb\"},\"inLanguage\":\"fr-FR\",\"potentialAction\":[{\"@type\":\"ReadAction\",\"target\":[\"https:\/\/milident.com\/fr\/garanties\/\"]}]},{\"@type\":\"BreadcrumbList\",\"@id\":\"https:\/\/milident.com\/fr\/garanties\/#breadcrumb\",\"itemListElement\":[{\"@type\":\"ListItem\",\"position\":1,\"name\":\"Home\",\"item\":\"https:\/\/milident.com\/fr\/\"},{\"@type\":\"ListItem\",\"position\":2,\"name\":\"Garanties\"}]},{\"@type\":\"WebSite\",\"@id\":\"https:\/\/milident.com\/fr\/#website\",\"url\":\"https:\/\/milident.com\/fr\/\",\"name\":\"Milident\",\"description\":\"Fully digital laboratory\",\"potentialAction\":[{\"@type\":\"SearchAction\",\"target\":{\"@type\":\"EntryPoint\",\"urlTemplate\":\"https:\/\/milident.com\/fr\/?s={search_term_string}\"},\"query-input\":{\"@type\":\"PropertyValueSpecification\",\"valueRequired\":true,\"valueName\":\"search_term_string\"}}],\"inLanguage\":\"fr-FR\"}]}<\/script>\n<!-- \/ Yoast SEO plugin. -->","yoast_head_json":{"title":"Garanties - Milident","robots":{"index":"index","follow":"follow","max-snippet":"max-snippet:-1","max-image-preview":"max-image-preview:large","max-video-preview":"max-video-preview:-1"},"canonical":"https:\/\/milident.com\/fr\/garanties\/","og_locale":"fr_FR","og_type":"article","og_title":"Garanties - Milident","og_description":"[vc_row][vc_column][vc_column_text]Garantie de cinq ans sur toutes les restaurations zircone, porcelaine fusionn\u00e9e au m\u00e9tal, e.maxMD contre les d\u00e9fectuosit\u00e9s dans les mat\u00e9riaux ou le savoir-faire, en date de la facturation. Des mat\u00e9riaux originaux seront utilis\u00e9s. Garantie de 6\u00a0mois sur touts les appareils orthodontiques Tous les appareils sont garantis contre les d\u00e9fectuosit\u00e9s dans les mat\u00e9riaux ou le savoir-faire pendant 6\u00a0mois \u00e0 partir de [&hellip;]","og_url":"https:\/\/milident.com\/fr\/garanties\/","og_site_name":"Milident","article_publisher":"https:\/\/www.facebook.com\/capitalceramicsEdmonton","article_modified_time":"2024-02-26T15:18:55+00:00","twitter_card":"summary_large_image","twitter_misc":{"Dur\u00e9e de lecture estim\u00e9e":"2 minutes"},"schema":{"@context":"https:\/\/schema.org","@graph":[{"@type":"WebPage","@id":"https:\/\/milident.com\/fr\/garanties\/","url":"https:\/\/milident.com\/fr\/garanties\/","name":"Garanties - Milident","isPartOf":{"@id":"https:\/\/milident.com\/fr\/#website"},"datePublished":"2023-03-09T00:48:01+00:00","dateModified":"2024-02-26T15:18:55+00:00","breadcrumb":{"@id":"https:\/\/milident.com\/fr\/garanties\/#breadcrumb"},"inLanguage":"fr-FR","potentialAction":[{"@type":"ReadAction","target":["https:\/\/milident.com\/fr\/garanties\/"]}]},{"@type":"BreadcrumbList","@id":"https:\/\/milident.com\/fr\/garanties\/#breadcrumb","itemListElement":[{"@type":"ListItem","position":1,"name":"Home","item":"https:\/\/milident.com\/fr\/"},{"@type":"ListItem","position":2,"name":"Garanties"}]},{"@type":"WebSite","@id":"https:\/\/milident.com\/fr\/#website","url":"https:\/\/milident.com\/fr\/","name":"Milident","description":"Fully digital laboratory","potentialAction":[{"@type":"SearchAction","target":{"@type":"EntryPoint","urlTemplate":"https:\/\/milident.com\/fr\/?s={search_term_string}"},"query-input":{"@type":"PropertyValueSpecification","valueRequired":true,"valueName":"search_term_string"}}],"inLanguage":"fr-FR"}]}},"_links":{"self":[{"href":"https:\/\/milident.com\/fr\/wp-json\/wp\/v2\/pages\/7510","targetHints":{"allow":["GET"]}}],"collection":[{"href":"https:\/\/milident.com\/fr\/wp-json\/wp\/v2\/pages"}],"about":[{"href":"https:\/\/milident.com\/fr\/wp-json\/wp\/v2\/types\/page"}],"author":[{"embeddable":true,"href":"https:\/\/milident.com\/fr\/wp-json\/wp\/v2\/users\/1"}],"replies":[{"embeddable":true,"href":"https:\/\/milident.com\/fr\/wp-json\/wp\/v2\/comments?post=7510"}],"version-history":[{"count":3,"href":"https:\/\/milident.com\/fr\/wp-json\/wp\/v2\/pages\/7510\/revisions"}],"predecessor-version":[{"id":7515,"href":"https:\/\/milident.com\/fr\/wp-json\/wp\/v2\/pages\/7510\/revisions\/7515"}],"wp:attachment":[{"href":"https:\/\/milident.com\/fr\/wp-json\/wp\/v2\/media?parent=7510"}],"curies":[{"name":"wp","href":"https:\/\/api.w.org\/{rel}","templated":true}]}}