{"id":7611,"date":"2024-04-09T05:07:14","date_gmt":"2024-04-09T09:07:14","guid":{"rendered":"https:\/\/milident.com\/evenements\/advanced-restorative-scanning-with-itero\/"},"modified":"2024-04-09T05:47:38","modified_gmt":"2024-04-09T09:47:38","slug":"advanced-restorative-scanning-with-itero","status":"publish","type":"page","link":"https:\/\/milident.com\/fr\/evenements\/advanced-restorative-scanning-with-itero\/","title":{"rendered":"Num\u00e9risation Restauratrice Avanc\u00e9e Avec ITERO"},"content":{"rendered":"<div class=\"wpb-content-wrapper\">[vc_row full_width=\u00a0\u00bbstretch_row\u00a0\u00bb full_height=\u00a0\u00bbyes\u00a0\u00bb columns_placement=\u00a0\u00bbtop\u00a0\u00bb][vc_column width=\u00a0\u00bb1\/2&Prime;][vc_column_text]\n<h4 class=\"x_elementToProof\">Num\u00e9risation Restauratrice Avanc\u00e9e Avec ITERO<\/h4>\n<div class=\"page\" title=\"Page 1\">\n<div class=\"section\">\n<div class=\"layoutArea\">\n<div class=\"column\">\n<p><strong>Co\u00fbt :<\/strong> GRATUIT<\/p>\n<p><strong>Date et <\/strong><strong>heure :<\/strong> Jun 4, 2024 18:30 &#8211; 20:00 Eastern Time (US et Canada)<\/p>\n<p><strong>Lieu :<\/strong> Webinaire en ligne<\/p>\n<\/div>\n<\/div>\n<\/div>\n<\/div>\n[\/vc_column_text][vc_btn title=\u00a0\u00bbInscription\u00a0\u00bb link=\u00a0\u00bburl:https%3A%2F%2Faligntech-us00.zoom.us%2Fmeeting%2Fregister%2FtJMpd-ugrzwjEt3-Y9YFOIY_NutbSGuCstPh|target:%20_blank|\u00a0\u00bb][vc_separator][vc_column_text]\n<div class=\"page\" title=\"Page 1\">\n<div class=\"section\">\n<div class=\"layoutArea\">\n<div class=\"column\">\n<h5><strong style=\"color: inherit; font-family: inherit; font-size: 1.25rem;\">Description du cours<\/strong><\/h5>\n<\/div>\n<\/div>\n<\/div>\n<\/div>\n[\/vc_column_text][vc_column_text]\n<div class=\"page\" title=\"Page 1\">\n<div class=\"section\">\n<div class=\"layoutArea\">\n<div class=\"column\">\n<p>Ce que vous apprendrez.<\/p>\n<ul>\n<li>Principes fondamentaux de la mani\u00e8re dont le scanner iTero capture les informations.<\/li>\n<li>iTero Rx &#8211; comment rationaliser la communication avec votre laboratoire.<\/li>\n<li>Flux de travail num\u00e9riques pour les proc\u00e9dures de restauration : couronnes et bridges, implants et proth\u00e8ses dentaires Ma\u00eetrisez les techniques de num\u00e9risation et augmentez l&rsquo;efficacit\u00e9 de vos num\u00e9risations.<\/li>\n<li>Comment augmenter l&rsquo;acceptation des dossiers gr\u00e2ce \u00e0 l&rsquo;utilisation des applications logicielles propri\u00e9taires d&rsquo;iTero, Occlusogram,<\/li>\n<li>Time-lapse, technologie NIRI et Outcome Simulator PRO<\/li>\n<li>Vue d&rsquo;ensemble de la famille de scanners iTero<\/li>\n<\/ul>\n<\/div>\n<\/div>\n<\/div>\n<\/div>\n[\/vc_column_text][vc_separator][\/vc_column][vc_column width=\u00a0\u00bb1\/2&Prime;][vc_single_image image=\u00a0\u00bb7606&Prime; img_size=\u00a0\u00bblarge\u00a0\u00bb][vc_single_image image=\u00a0\u00bb7604&Prime; img_size=\u00a0\u00bblarge\u00a0\u00bb][\/vc_column][\/vc_row][vc_row full_width=\u00a0\u00bbstretch_row\u00a0\u00bb curly_padding=\u00a0\u00bbcontent-padding-none\u00a0\u00bb el_class=\u00a0\u00bbcolor&#8211;text-inverted xtd-background-animation&#8211;left-right\u00a0\u00bb css=\u00a0\u00bb.vc_custom_1626212958924{background: #231f20 url(http:\/\/localhost\/dentist\/wp-content\/uploads\/sites\/20\/2017\/06\/Seamlessteethlight-bluepattern_d9c7faf5-9516-4c8b-af46-05a4aa273320-2.png?id=283) !important;}\u00a0\u00bb][vc_column][vc_column_text]\n<p style=\"text-align: center;\">Combiner tradition et innovation<\/p>\n[\/vc_column_text][\/vc_column][\/vc_row]\n<\/div>","protected":false},"excerpt":{"rendered":"<p>[vc_row full_width=\u00a0\u00bbstretch_row\u00a0\u00bb full_height=\u00a0\u00bbyes\u00a0\u00bb columns_placement=\u00a0\u00bbtop\u00a0\u00bb][vc_column width=\u00a0\u00bb1\/2&Prime;][vc_column_text] Num\u00e9risation Restauratrice Avanc\u00e9e Avec ITERO Co\u00fbt : GRATUIT Date et heure : Jun 4, 2024 18:30 &#8211; 20:00 Eastern Time (US et Canada) Lieu : Webinaire en ligne [\/vc_column_text][vc_btn title=\u00a0\u00bbInscription\u00a0\u00bb link=\u00a0\u00bburl:https%3A%2F%2Faligntech-us00.zoom.us%2Fmeeting%2Fregister%2FtJMpd-ugrzwjEt3-Y9YFOIY_NutbSGuCstPh|target:%20_blank|\u00a0\u00bb][vc_separator][vc_column_text] Description du cours [\/vc_column_text][vc_column_text] Ce que vous apprendrez. Principes fondamentaux de la mani\u00e8re dont le scanner iTero capture les informations. iTero Rx &#8211; comment [&hellip;]<\/p>\n","protected":false},"author":1,"featured_media":0,"parent":5895,"menu_order":0,"comment_status":"closed","ping_status":"closed","template":"","meta":{"inline_featured_image":false,"footnotes":""},"class_list":["post-7611","page","type-page","status-publish","hentry"],"yoast_head":"<!-- This site is optimized with the Yoast SEO plugin v27.2 - https:\/\/yoast.com\/product\/yoast-seo-wordpress\/ -->\n<title>Num\u00e9risation Restauratrice Avanc\u00e9e Avec ITERO - Milident<\/title>\n<meta name=\"description\" content=\"Nos prochains \u00e9v\u00e9nements au laboratoire Milident.\" \/>\n<meta name=\"robots\" content=\"index, follow, max-snippet:-1, max-image-preview:large, max-video-preview:-1\" \/>\n<link rel=\"canonical\" href=\"https:\/\/milident.com\/fr\/evenements\/advanced-restorative-scanning-with-itero\/\" \/>\n<meta property=\"og:locale\" content=\"fr_FR\" \/>\n<meta property=\"og:type\" content=\"article\" \/>\n<meta property=\"og:title\" content=\"Num\u00e9risation Restauratrice Avanc\u00e9e Avec ITERO - Milident\" \/>\n<meta property=\"og:description\" content=\"Nos prochains \u00e9v\u00e9nements au laboratoire Milident.\" \/>\n<meta property=\"og:url\" content=\"https:\/\/milident.com\/fr\/evenements\/advanced-restorative-scanning-with-itero\/\" \/>\n<meta property=\"og:site_name\" content=\"Milident\" \/>\n<meta property=\"article:publisher\" content=\"https:\/\/www.facebook.com\/capitalceramicsEdmonton\" \/>\n<meta property=\"article:modified_time\" content=\"2024-04-09T09:47:38+00:00\" \/>\n<meta name=\"twitter:card\" content=\"summary_large_image\" \/>\n<meta name=\"twitter:label1\" content=\"Dur\u00e9e de lecture estim\u00e9e\" \/>\n\t<meta name=\"twitter:data1\" content=\"1 minute\" \/>\n<script type=\"application\/ld+json\" class=\"yoast-schema-graph\">{\"@context\":\"https:\/\/schema.org\",\"@graph\":[{\"@type\":\"WebPage\",\"@id\":\"https:\/\/milident.com\/fr\/evenements\/advanced-restorative-scanning-with-itero\/\",\"url\":\"https:\/\/milident.com\/fr\/evenements\/advanced-restorative-scanning-with-itero\/\",\"name\":\"Num\u00e9risation Restauratrice Avanc\u00e9e Avec ITERO - Milident\",\"isPartOf\":{\"@id\":\"https:\/\/milident.com\/fr\/#website\"},\"datePublished\":\"2024-04-09T09:07:14+00:00\",\"dateModified\":\"2024-04-09T09:47:38+00:00\",\"description\":\"Nos prochains \u00e9v\u00e9nements au laboratoire Milident.\",\"breadcrumb\":{\"@id\":\"https:\/\/milident.com\/fr\/evenements\/advanced-restorative-scanning-with-itero\/#breadcrumb\"},\"inLanguage\":\"fr-FR\",\"potentialAction\":[{\"@type\":\"ReadAction\",\"target\":[\"https:\/\/milident.com\/fr\/evenements\/advanced-restorative-scanning-with-itero\/\"]}]},{\"@type\":\"BreadcrumbList\",\"@id\":\"https:\/\/milident.com\/fr\/evenements\/advanced-restorative-scanning-with-itero\/#breadcrumb\",\"itemListElement\":[{\"@type\":\"ListItem\",\"position\":1,\"name\":\"Home\",\"item\":\"https:\/\/milident.com\/fr\/\"},{\"@type\":\"ListItem\",\"position\":2,\"name\":\"\u00c9v\u00e9nements\",\"item\":\"https:\/\/milident.com\/fr\/evenements\/\"},{\"@type\":\"ListItem\",\"position\":3,\"name\":\"Num\u00e9risation Restauratrice Avanc\u00e9e Avec ITERO\"}]},{\"@type\":\"WebSite\",\"@id\":\"https:\/\/milident.com\/fr\/#website\",\"url\":\"https:\/\/milident.com\/fr\/\",\"name\":\"Milident\",\"description\":\"Fully digital laboratory\",\"potentialAction\":[{\"@type\":\"SearchAction\",\"target\":{\"@type\":\"EntryPoint\",\"urlTemplate\":\"https:\/\/milident.com\/fr\/?s={search_term_string}\"},\"query-input\":{\"@type\":\"PropertyValueSpecification\",\"valueRequired\":true,\"valueName\":\"search_term_string\"}}],\"inLanguage\":\"fr-FR\"}]}<\/script>\n<!-- \/ Yoast SEO plugin. -->","yoast_head_json":{"title":"Num\u00e9risation Restauratrice Avanc\u00e9e Avec ITERO - Milident","description":"Nos prochains \u00e9v\u00e9nements au laboratoire Milident.","robots":{"index":"index","follow":"follow","max-snippet":"max-snippet:-1","max-image-preview":"max-image-preview:large","max-video-preview":"max-video-preview:-1"},"canonical":"https:\/\/milident.com\/fr\/evenements\/advanced-restorative-scanning-with-itero\/","og_locale":"fr_FR","og_type":"article","og_title":"Num\u00e9risation Restauratrice Avanc\u00e9e Avec ITERO - Milident","og_description":"Nos prochains \u00e9v\u00e9nements au laboratoire Milident.","og_url":"https:\/\/milident.com\/fr\/evenements\/advanced-restorative-scanning-with-itero\/","og_site_name":"Milident","article_publisher":"https:\/\/www.facebook.com\/capitalceramicsEdmonton","article_modified_time":"2024-04-09T09:47:38+00:00","twitter_card":"summary_large_image","twitter_misc":{"Dur\u00e9e de lecture estim\u00e9e":"1 minute"},"schema":{"@context":"https:\/\/schema.org","@graph":[{"@type":"WebPage","@id":"https:\/\/milident.com\/fr\/evenements\/advanced-restorative-scanning-with-itero\/","url":"https:\/\/milident.com\/fr\/evenements\/advanced-restorative-scanning-with-itero\/","name":"Num\u00e9risation Restauratrice Avanc\u00e9e Avec ITERO - Milident","isPartOf":{"@id":"https:\/\/milident.com\/fr\/#website"},"datePublished":"2024-04-09T09:07:14+00:00","dateModified":"2024-04-09T09:47:38+00:00","description":"Nos prochains \u00e9v\u00e9nements au laboratoire Milident.","breadcrumb":{"@id":"https:\/\/milident.com\/fr\/evenements\/advanced-restorative-scanning-with-itero\/#breadcrumb"},"inLanguage":"fr-FR","potentialAction":[{"@type":"ReadAction","target":["https:\/\/milident.com\/fr\/evenements\/advanced-restorative-scanning-with-itero\/"]}]},{"@type":"BreadcrumbList","@id":"https:\/\/milident.com\/fr\/evenements\/advanced-restorative-scanning-with-itero\/#breadcrumb","itemListElement":[{"@type":"ListItem","position":1,"name":"Home","item":"https:\/\/milident.com\/fr\/"},{"@type":"ListItem","position":2,"name":"\u00c9v\u00e9nements","item":"https:\/\/milident.com\/fr\/evenements\/"},{"@type":"ListItem","position":3,"name":"Num\u00e9risation Restauratrice Avanc\u00e9e Avec ITERO"}]},{"@type":"WebSite","@id":"https:\/\/milident.com\/fr\/#website","url":"https:\/\/milident.com\/fr\/","name":"Milident","description":"Fully digital laboratory","potentialAction":[{"@type":"SearchAction","target":{"@type":"EntryPoint","urlTemplate":"https:\/\/milident.com\/fr\/?s={search_term_string}"},"query-input":{"@type":"PropertyValueSpecification","valueRequired":true,"valueName":"search_term_string"}}],"inLanguage":"fr-FR"}]}},"_links":{"self":[{"href":"https:\/\/milident.com\/fr\/wp-json\/wp\/v2\/pages\/7611","targetHints":{"allow":["GET"]}}],"collection":[{"href":"https:\/\/milident.com\/fr\/wp-json\/wp\/v2\/pages"}],"about":[{"href":"https:\/\/milident.com\/fr\/wp-json\/wp\/v2\/types\/page"}],"author":[{"embeddable":true,"href":"https:\/\/milident.com\/fr\/wp-json\/wp\/v2\/users\/1"}],"replies":[{"embeddable":true,"href":"https:\/\/milident.com\/fr\/wp-json\/wp\/v2\/comments?post=7611"}],"version-history":[{"count":7,"href":"https:\/\/milident.com\/fr\/wp-json\/wp\/v2\/pages\/7611\/revisions"}],"predecessor-version":[{"id":7619,"href":"https:\/\/milident.com\/fr\/wp-json\/wp\/v2\/pages\/7611\/revisions\/7619"}],"up":[{"embeddable":true,"href":"https:\/\/milident.com\/fr\/wp-json\/wp\/v2\/pages\/5895"}],"wp:attachment":[{"href":"https:\/\/milident.com\/fr\/wp-json\/wp\/v2\/media?parent=7611"}],"curies":[{"name":"wp","href":"https:\/\/api.w.org\/{rel}","templated":true}]}}