{"id":7665,"date":"2024-04-26T11:53:26","date_gmt":"2024-04-26T15:53:26","guid":{"rendered":"https:\/\/milident.com\/evenements\/reussir-une-restauration-directe-en-francais\/"},"modified":"2024-04-26T12:03:52","modified_gmt":"2024-04-26T16:03:52","slug":"reussir-une-restauration-directe-en-francais","status":"publish","type":"page","link":"https:\/\/milident.com\/fr\/evenements\/reussir-une-restauration-directe-en-francais\/","title":{"rendered":"R\u00e9ussir une restauration directe | en fran\u00e7ais"},"content":{"rendered":"<div class=\"wpb-content-wrapper\">[vc_row full_width=\u00a0\u00bbstretch_row\u00a0\u00bb full_height=\u00a0\u00bbyes\u00a0\u00bb columns_placement=\u00a0\u00bbtop\u00a0\u00bb][vc_column width=\u00a0\u00bb1\/2&Prime;][vc_column_text]\n<h4 class=\"x_elementToProof\">R\u00e9ussir une restauration directe | en fran\u00e7ais<\/h4>\n<div class=\"page\" title=\"Page 1\">\n<div class=\"section\">\n<div class=\"layoutArea\">\n<div class=\"column\">\n<p><strong>Cost:<\/strong> FREE<\/p>\n<p><strong>Date<\/strong><strong>:<\/strong> 16 Mai 2024<\/p>\n<p><strong>Time:<\/strong><\/p>\n<ul>\n<li>17h00 &#8211; 17h30 Inscription et bouch\u00e9es<\/li>\n<li>17h30 \u2013 20h30 Pr\u00e9sentation Eastern Time (US and Canada)<\/li>\n<\/ul>\n<p><strong>Location:<\/strong>\u00a0 Laboratoire Dentaire Milident | 165 Boul de la Technologie, Gatineau, J8Z 3G4<\/p>\n<\/div>\n<\/div>\n<\/div>\n<\/div>\n[\/vc_column_text][vc_btn title=\u00a0\u00bbT\u00e9l\u00e9charger des documents\u00a0\u00bb link=\u00a0\u00bburl:https%3A%2F%2Fmilident.com%2Fwp-content%2Fuploads%2F2024%2F04%2FRestorative_Gatineau_20240516.pdf||target:%20_blank|\u00a0\u00bb][vc_separator][vc_column_text]\n<div class=\"page\" title=\"Page 1\">\n<div class=\"section\">\n<div class=\"layoutArea\">\n<div class=\"column\">\n<h5><strong>Courriel d&rsquo;inscription<\/strong><\/h5>\n<\/div>\n<\/div>\n<\/div>\n<\/div>\n[\/vc_column_text][vc_column_text]<strong>Envoyez:<\/strong><\/p>\n<p>Votre nom, nom de la clinique avec adresse et t\u00e9l\u00e9phone \u00e0: <strong>mstdenis@sinclairdental.com<\/strong>[\/vc_column_text][vc_separator][\/vc_column][vc_column width=\u00a0\u00bb1\/2&Prime;][vc_single_image image=\u00a0\u00bb7659&Prime; img_size=\u00a0\u00bblarge\u00a0\u00bb][\/vc_column][\/vc_row][vc_row full_width=\u00a0\u00bbstretch_row\u00a0\u00bb curly_padding=\u00a0\u00bbcontent-padding-none\u00a0\u00bb el_class=\u00a0\u00bbcolor&#8211;text-inverted xtd-background-animation&#8211;left-right\u00a0\u00bb css=\u00a0\u00bb.vc_custom_1626212958924{background: #231f20 url(http:\/\/localhost\/dentist\/wp-content\/uploads\/sites\/20\/2017\/06\/Seamlessteethlight-bluepattern_d9c7faf5-9516-4c8b-af46-05a4aa273320-2.png?id=283) !important;}\u00a0\u00bb][vc_column][vc_column_text]\n<p style=\"text-align: center;\">Combining Tradition with Innovation<\/p>\n[\/vc_column_text][\/vc_column][\/vc_row]\n<\/div>","protected":false},"excerpt":{"rendered":"<p>[vc_row full_width=\u00a0\u00bbstretch_row\u00a0\u00bb full_height=\u00a0\u00bbyes\u00a0\u00bb columns_placement=\u00a0\u00bbtop\u00a0\u00bb][vc_column width=\u00a0\u00bb1\/2&Prime;][vc_column_text] R\u00e9ussir une restauration directe | en fran\u00e7ais Cost: FREE Date: 16 Mai 2024 Time: 17h00 &#8211; 17h30 Inscription et bouch\u00e9es 17h30 \u2013 20h30 Pr\u00e9sentation Eastern Time (US and Canada) Location:\u00a0 Laboratoire Dentaire Milident | 165 Boul de la Technologie, Gatineau, J8Z 3G4 [\/vc_column_text][vc_btn title=\u00a0\u00bbT\u00e9l\u00e9charger des documents\u00a0\u00bb link=\u00a0\u00bburl:https%3A%2F%2Fmilident.com%2Fwp-content%2Fuploads%2F2024%2F04%2FRestorative_Gatineau_20240516.pdf||target:%20_blank|\u00a0\u00bb][vc_separator][vc_column_text] Courriel d&rsquo;inscription [\/vc_column_text][vc_column_text]Envoyez: Votre nom, nom de la [&hellip;]<\/p>\n","protected":false},"author":1,"featured_media":0,"parent":5895,"menu_order":0,"comment_status":"closed","ping_status":"closed","template":"","meta":{"inline_featured_image":false,"footnotes":""},"class_list":["post-7665","page","type-page","status-publish","hentry"],"yoast_head":"<!-- This site is optimized with the Yoast SEO plugin v27.2 - https:\/\/yoast.com\/product\/yoast-seo-wordpress\/ -->\n<title>R\u00e9ussir une restauration directe | en fran\u00e7ais - Milident<\/title>\n<meta name=\"description\" content=\"Our upcoming events at the Milident Laboratory.\" \/>\n<meta name=\"robots\" content=\"index, follow, max-snippet:-1, max-image-preview:large, max-video-preview:-1\" \/>\n<link rel=\"canonical\" href=\"https:\/\/milident.com\/fr\/evenements\/reussir-une-restauration-directe-en-francais\/\" \/>\n<meta property=\"og:locale\" content=\"fr_FR\" \/>\n<meta property=\"og:type\" content=\"article\" \/>\n<meta property=\"og:title\" content=\"R\u00e9ussir une restauration directe | en fran\u00e7ais - Milident\" \/>\n<meta property=\"og:description\" content=\"Our upcoming events at the Milident Laboratory.\" \/>\n<meta property=\"og:url\" content=\"https:\/\/milident.com\/fr\/evenements\/reussir-une-restauration-directe-en-francais\/\" \/>\n<meta property=\"og:site_name\" content=\"Milident\" \/>\n<meta property=\"article:publisher\" content=\"https:\/\/www.facebook.com\/capitalceramicsEdmonton\" \/>\n<meta property=\"article:modified_time\" content=\"2024-04-26T16:03:52+00:00\" \/>\n<meta name=\"twitter:card\" content=\"summary_large_image\" \/>\n<meta name=\"twitter:label1\" content=\"Dur\u00e9e de lecture estim\u00e9e\" \/>\n\t<meta name=\"twitter:data1\" content=\"1 minute\" \/>\n<script type=\"application\/ld+json\" class=\"yoast-schema-graph\">{\"@context\":\"https:\/\/schema.org\",\"@graph\":[{\"@type\":\"WebPage\",\"@id\":\"https:\/\/milident.com\/fr\/evenements\/reussir-une-restauration-directe-en-francais\/\",\"url\":\"https:\/\/milident.com\/fr\/evenements\/reussir-une-restauration-directe-en-francais\/\",\"name\":\"R\u00e9ussir une restauration directe | en fran\u00e7ais - Milident\",\"isPartOf\":{\"@id\":\"https:\/\/milident.com\/fr\/#website\"},\"datePublished\":\"2024-04-26T15:53:26+00:00\",\"dateModified\":\"2024-04-26T16:03:52+00:00\",\"description\":\"Our upcoming events at the Milident Laboratory.\",\"breadcrumb\":{\"@id\":\"https:\/\/milident.com\/fr\/evenements\/reussir-une-restauration-directe-en-francais\/#breadcrumb\"},\"inLanguage\":\"fr-FR\",\"potentialAction\":[{\"@type\":\"ReadAction\",\"target\":[\"https:\/\/milident.com\/fr\/evenements\/reussir-une-restauration-directe-en-francais\/\"]}]},{\"@type\":\"BreadcrumbList\",\"@id\":\"https:\/\/milident.com\/fr\/evenements\/reussir-une-restauration-directe-en-francais\/#breadcrumb\",\"itemListElement\":[{\"@type\":\"ListItem\",\"position\":1,\"name\":\"Home\",\"item\":\"https:\/\/milident.com\/fr\/\"},{\"@type\":\"ListItem\",\"position\":2,\"name\":\"\u00c9v\u00e9nements\",\"item\":\"https:\/\/milident.com\/fr\/evenements\/\"},{\"@type\":\"ListItem\",\"position\":3,\"name\":\"R\u00e9ussir une restauration directe | en fran\u00e7ais\"}]},{\"@type\":\"WebSite\",\"@id\":\"https:\/\/milident.com\/fr\/#website\",\"url\":\"https:\/\/milident.com\/fr\/\",\"name\":\"Milident\",\"description\":\"Fully digital laboratory\",\"potentialAction\":[{\"@type\":\"SearchAction\",\"target\":{\"@type\":\"EntryPoint\",\"urlTemplate\":\"https:\/\/milident.com\/fr\/?s={search_term_string}\"},\"query-input\":{\"@type\":\"PropertyValueSpecification\",\"valueRequired\":true,\"valueName\":\"search_term_string\"}}],\"inLanguage\":\"fr-FR\"}]}<\/script>\n<!-- \/ Yoast SEO plugin. -->","yoast_head_json":{"title":"R\u00e9ussir une restauration directe | en fran\u00e7ais - Milident","description":"Our upcoming events at the Milident Laboratory.","robots":{"index":"index","follow":"follow","max-snippet":"max-snippet:-1","max-image-preview":"max-image-preview:large","max-video-preview":"max-video-preview:-1"},"canonical":"https:\/\/milident.com\/fr\/evenements\/reussir-une-restauration-directe-en-francais\/","og_locale":"fr_FR","og_type":"article","og_title":"R\u00e9ussir une restauration directe | en fran\u00e7ais - Milident","og_description":"Our upcoming events at the Milident Laboratory.","og_url":"https:\/\/milident.com\/fr\/evenements\/reussir-une-restauration-directe-en-francais\/","og_site_name":"Milident","article_publisher":"https:\/\/www.facebook.com\/capitalceramicsEdmonton","article_modified_time":"2024-04-26T16:03:52+00:00","twitter_card":"summary_large_image","twitter_misc":{"Dur\u00e9e de lecture estim\u00e9e":"1 minute"},"schema":{"@context":"https:\/\/schema.org","@graph":[{"@type":"WebPage","@id":"https:\/\/milident.com\/fr\/evenements\/reussir-une-restauration-directe-en-francais\/","url":"https:\/\/milident.com\/fr\/evenements\/reussir-une-restauration-directe-en-francais\/","name":"R\u00e9ussir une restauration directe | en fran\u00e7ais - Milident","isPartOf":{"@id":"https:\/\/milident.com\/fr\/#website"},"datePublished":"2024-04-26T15:53:26+00:00","dateModified":"2024-04-26T16:03:52+00:00","description":"Our upcoming events at the Milident Laboratory.","breadcrumb":{"@id":"https:\/\/milident.com\/fr\/evenements\/reussir-une-restauration-directe-en-francais\/#breadcrumb"},"inLanguage":"fr-FR","potentialAction":[{"@type":"ReadAction","target":["https:\/\/milident.com\/fr\/evenements\/reussir-une-restauration-directe-en-francais\/"]}]},{"@type":"BreadcrumbList","@id":"https:\/\/milident.com\/fr\/evenements\/reussir-une-restauration-directe-en-francais\/#breadcrumb","itemListElement":[{"@type":"ListItem","position":1,"name":"Home","item":"https:\/\/milident.com\/fr\/"},{"@type":"ListItem","position":2,"name":"\u00c9v\u00e9nements","item":"https:\/\/milident.com\/fr\/evenements\/"},{"@type":"ListItem","position":3,"name":"R\u00e9ussir une restauration directe | en fran\u00e7ais"}]},{"@type":"WebSite","@id":"https:\/\/milident.com\/fr\/#website","url":"https:\/\/milident.com\/fr\/","name":"Milident","description":"Fully digital laboratory","potentialAction":[{"@type":"SearchAction","target":{"@type":"EntryPoint","urlTemplate":"https:\/\/milident.com\/fr\/?s={search_term_string}"},"query-input":{"@type":"PropertyValueSpecification","valueRequired":true,"valueName":"search_term_string"}}],"inLanguage":"fr-FR"}]}},"_links":{"self":[{"href":"https:\/\/milident.com\/fr\/wp-json\/wp\/v2\/pages\/7665","targetHints":{"allow":["GET"]}}],"collection":[{"href":"https:\/\/milident.com\/fr\/wp-json\/wp\/v2\/pages"}],"about":[{"href":"https:\/\/milident.com\/fr\/wp-json\/wp\/v2\/types\/page"}],"author":[{"embeddable":true,"href":"https:\/\/milident.com\/fr\/wp-json\/wp\/v2\/users\/1"}],"replies":[{"embeddable":true,"href":"https:\/\/milident.com\/fr\/wp-json\/wp\/v2\/comments?post=7665"}],"version-history":[{"count":3,"href":"https:\/\/milident.com\/fr\/wp-json\/wp\/v2\/pages\/7665\/revisions"}],"predecessor-version":[{"id":7668,"href":"https:\/\/milident.com\/fr\/wp-json\/wp\/v2\/pages\/7665\/revisions\/7668"}],"up":[{"embeddable":true,"href":"https:\/\/milident.com\/fr\/wp-json\/wp\/v2\/pages\/5895"}],"wp:attachment":[{"href":"https:\/\/milident.com\/fr\/wp-json\/wp\/v2\/media?parent=7665"}],"curies":[{"name":"wp","href":"https:\/\/api.w.org\/{rel}","templated":true}]}}