{"id":8440,"date":"2025-01-07T11:30:05","date_gmt":"2025-01-07T15:30:05","guid":{"rendered":"https:\/\/milident.com\/education-events\/"},"modified":"2026-01-21T02:46:58","modified_gmt":"2026-01-21T06:46:58","slug":"education-et-evenements","status":"publish","type":"page","link":"https:\/\/milident.com\/fr\/education-et-evenements\/","title":{"rendered":"\u00c9ducation et \u00e9v\u00e9nements"},"content":{"rendered":"<div class=\"wpb-content-wrapper\">[vc_row full_width=\u00a0\u00bbstretch_row_content\u00a0\u00bb gap=\u00a0\u00bb15&Prime; equal_height=\u00a0\u00bbyes\u00a0\u00bb curly_padding=\u00a0\u00bbcontent-padding-none\u00a0\u00bb css=\u00a0\u00bb.vc_custom_1740731809307{margin-top: 50px !important;}\u00a0\u00bb][vc_column width=\u00a0\u00bb1\/5&Prime; offset=\u00a0\u00bbvc_col-sm-offset-1&Prime; css=\u00a0\u00bb.vc_custom_1736265800223{border-radius: 15px !important;}\u00a0\u00bb][vc_single_image image=\u00a0\u00bb9580&Prime; img_size=\u00a0\u00bbfull\u00a0\u00bb css=\u00a0\u00bb\u00a0\u00bb][vc_column_text css=\u00a0\u00bb\u00a0\u00bb]<strong>GUIDES CHIRURGICAUX EN DENTISTERIE: Principes, applications et efficacit\u00e9 clinique<\/strong>[\/vc_column_text][vc_column_text css=\u00a0\u00bb\u00a0\u00bb]<strong>$249\u00a0 \u00a0 \u00a0 \u00a0 \u00a0 \u00a0 \u00a0 <a href=\"https:\/\/milident.com\/fr\/evenements\/guides-chirurgicaux-en-dentisterie-principes-applications-et-efficacite-clinique\/\" target=\"_blank\" rel=\"noopener\">&lt;&lt; Lire la suite &gt;&gt;<\/a><\/strong>[\/vc_column_text][\/vc_column][vc_column width=\u00a0\u00bb1\/5&Prime; css=\u00a0\u00bb.vc_custom_1736265814238{border-radius: 15px !important;}\u00a0\u00bb][vc_single_image image=\u00a0\u00bb9018&Prime; img_size=\u00a0\u00bbfull\u00a0\u00bb css=\u00a0\u00bb\u00a0\u00bb][vc_column_text css=\u00a0\u00bb\u00a0\u00bb]<strong>Deux emplacements. Une seule norme d\u2019excellence Milident<\/strong>[\/vc_column_text][vc_empty_space height=\u00a0\u00bb30&Prime;][vc_column_text css=\u00a0\u00bb\u00a0\u00bb]<strong>NOUVELLES\u00a0 \u00a0 \u00a0 \u00a0 \u00a0 \u00a0 \u00a0<a href=\"https:\/\/milident.com\/fr\/evenements\/deux-emplacements-une-seule-norme-dexcellence-milident\/\" target=\"_blank\" rel=\"noopener\"> &lt;&lt; Lire la suite &gt;&gt;<\/a><\/strong>[\/vc_column_text][vc_empty_space height=\u00a0\u00bb\u00a0\u00bb][\/vc_column][vc_column width=\u00a0\u00bb1\/5&Prime; css=\u00a0\u00bb.vc_custom_1736265828971{border-radius: 15px !important;}\u00a0\u00bb][vc_single_image image=\u00a0\u00bb8398&Prime; img_size=\u00a0\u00bbfull\u00a0\u00bb css=\u00a0\u00bb\u00a0\u00bb][vc_column_text css=\u00a0\u00bb\u00a0\u00bb]<strong>Que se passe-t-il ici ? Simplification de la cimentation de la zircone<\/strong>[\/vc_column_text][vc_empty_space height=\u00a0\u00bb30px\u00a0\u00bb][vc_column_text css=\u00a0\u00bb\u00a0\u00bb]<strong><b>Gratuit<\/b>\u00a0 \u00a0 \u00a0 \u00a0 \u00a0 \u00a0 \u00a0 \u00a0 \u00a0 \u00a0 \u00a0 \u00a0 \u00a0<a href=\"https:\/\/milident.com\/events\/zirconia-cementation-simplified\/\" target=\"_blank\" rel=\"noopener\">&lt;&lt; Lire la suite &gt;&gt;<\/a><\/strong>[\/vc_column_text][\/vc_column][vc_column width=\u00a0\u00bb1\/5&Prime; css=\u00a0\u00bb.vc_custom_1736265838319{border-radius: 15px !important;}\u00a0\u00bb][vc_single_image image=\u00a0\u00bb8400&Prime; img_size=\u00a0\u00bbfull\u00a0\u00bb css=\u00a0\u00bb\u00a0\u00bb][vc_column_text css=\u00a0\u00bb\u00a0\u00bb]<strong>Mat\u00e9riaux biologiques pour la vitalit\u00e9 pulpaire<\/strong>[\/vc_column_text][vc_empty_space height=\u00a0\u00bb28&Prime;][vc_column_text css=\u00a0\u00bb\u00a0\u00bb]<strong><b>Gratuit<\/b>\u00a0 \u00a0 \u00a0 \u00a0 \u00a0 \u00a0 \u00a0 \u00a0 \u00a0 \u00a0 \u00a0 \u00a0 \u00a0<a href=\"https:\/\/milident.com\/events\/biologic-materials-for-pulpal-vitality\/\" target=\"_blank\" rel=\"noopener\">&lt;&lt; Lire la suite &gt;&gt;<\/a><\/strong>[\/vc_column_text][\/vc_column][\/vc_row][vc_row full_width=\u00a0\u00bbstretch_row_content\u00a0\u00bb gap=\u00a0\u00bb15&Prime; equal_height=\u00a0\u00bbyes\u00a0\u00bb curly_padding=\u00a0\u00bbcontent-padding-none\u00a0\u00bb css=\u00a0\u00bb.vc_custom_1736265852988{margin-top: 50px !important;}\u00a0\u00bb][vc_column width=\u00a0\u00bb1\/5&Prime; offset=\u00a0\u00bbvc_col-sm-offset-1&Prime; css=\u00a0\u00bb.vc_custom_1736265800223{border-radius: 15px !important;}\u00a0\u00bb][vc_single_image image=\u00a0\u00bb8249&Prime; img_size=\u00a0\u00bbfull\u00a0\u00bb css=\u00a0\u00bb\u00a0\u00bb][vc_column_text css=\u00a0\u00bb\u00a0\u00bb]<strong>Ma\u00eetriser l&rsquo;implantologie compl\u00e8te : une transformation num\u00e9rique pionni\u00e8re en r\u00e9habilitations<\/strong>[\/vc_column_text][vc_column_text css=\u00a0\u00bb\u00a0\u00bb]<strong><b>Gratuit<\/b>\u00a0 \u00a0 \u00a0 \u00a0 \u00a0 \u00a0 \u00a0 \u00a0 \u00a0 \u00a0 \u00a0 \u00a0 \u00a0<a href=\"https:\/\/campuslive.straumann.com\/en\/webinar\/mastering-full-arch-implantology-pioneering-digital-transformation-in-rehabilitations-w-94226\/\" target=\"_blank\" rel=\"noopener\">&lt;&lt; Lire la suite &gt;&gt;<\/a><\/strong>[\/vc_column_text][\/vc_column][vc_column width=\u00a0\u00bb1\/5&Prime; css=\u00a0\u00bb.vc_custom_1741227504466{border-radius: 15px !important;}\u00a0\u00bb][vc_single_image image=\u00a0\u00bb8243&Prime; img_size=\u00a0\u00bbfull\u00a0\u00bb css=\u00a0\u00bb\u00a0\u00bb][vc_column_text css=\u00a0\u00bb\u00a0\u00bb]<strong>Facettes en porcelaine : pr\u00e9visibilit\u00e9 \u00e9prouv\u00e9e pour la pose<\/strong>[\/vc_column_text][vc_empty_space height=\u00a0\u00bb28px\u00a0\u00bb][vc_column_text css=\u00a0\u00bb\u00a0\u00bb]<strong><b>Gratuit<\/b>\u00a0 \u00a0 \u00a0 \u00a0 \u00a0 \u00a0 \u00a0 \u00a0 \u00a0 \u00a0 \u00a0 \u00a0 \u00a0<a href=\"https:\/\/curion.ca\/blogs\/dentistry-events\/porcelain-veneers-proven-predictability-for-delivery\" target=\"_blank\" rel=\"noopener\">&lt;&lt; Lire la suite &gt;&gt;<\/a><\/strong>[\/vc_column_text][\/vc_column][vc_column width=\u00a0\u00bb1\/5&Prime; css=\u00a0\u00bb.vc_custom_1747644955249{margin-top: 35px !important;}\u00a0\u00bb][vc_empty_space height=\u00a0\u00bb28&Prime;][vc_single_image image=\u00a0\u00bb8247&Prime; img_size=\u00a0\u00bbfull\u00a0\u00bb css=\u00a0\u00bb\u00a0\u00bb][vc_column_text css=\u00a0\u00bb\u00a0\u00bb]<strong>Flux de travail num\u00e9rique pour l\u2019implantation unitaire et la mise en charge imm\u00e9diate<\/strong>[\/vc_column_text][vc_empty_space height=\u00a0\u00bb0&Prime;][vc_column_text css=\u00a0\u00bb\u00a0\u00bb]<strong>Gratuit\u00a0 \u00a0 \u00a0 \u00a0 \u00a0 \u00a0 \u00a0 \u00a0 \u00a0 \u00a0 \u00a0 \u00a0 \u00a0 \u00a0<a href=\"https:\/\/web.cvent.com\/event\/ac5938a1-101d-4e50-ae77-c7fd95f41d6c\/summary\" target=\"_blank\" rel=\"noopener\">&lt;&lt; Lire la suite &gt;&gt;<\/a><\/strong>[\/vc_column_text][\/vc_column][vc_column width=\u00a0\u00bb1\/5&Prime; css=\u00a0\u00bb.vc_custom_1768978012156{margin-top: 35px !important;}\u00a0\u00bb][vc_single_image image=\u00a0\u00bb8253&Prime; img_size=\u00a0\u00bbfull\u00a0\u00bb css=\u00a0\u00bb\u00a0\u00bb][vc_column_text css=\u00a0\u00bb\u00a0\u00bb]<strong>Quand l\u2019analogique rencontre le flux de travail num\u00e9rique<\/strong>[\/vc_column_text][vc_empty_space height=\u00a0\u00bb38px\u00a0\u00bb][vc_column_text css=\u00a0\u00bb\u00a0\u00bb]<strong><b>Gratuit<\/b>\u00a0 \u00a0 \u00a0 \u00a0 \u00a0 \u00a0 \u00a0 \u00a0 \u00a0 \u00a0 \u00a0 \u00a0 \u00a0<a href=\"https:\/\/www.ivoclar.com\/en_ca\/course\/when-analog-meets-the-digital-workflow\/219375\" target=\"_blank\" rel=\"noopener\">&lt;&lt; Lire la suite &gt;&gt;<\/a><\/strong>[\/vc_column_text][\/vc_column][\/vc_row][vc_row][vc_column][\/vc_column][\/vc_row]\n<\/div>","protected":false},"excerpt":{"rendered":"<p>[vc_row full_width=\u00a0\u00bbstretch_row_content\u00a0\u00bb gap=\u00a0\u00bb15&Prime; equal_height=\u00a0\u00bbyes\u00a0\u00bb curly_padding=\u00a0\u00bbcontent-padding-none\u00a0\u00bb css=\u00a0\u00bb.vc_custom_1740731809307{margin-top: 50px !important;}\u00a0\u00bb][vc_column width=\u00a0\u00bb1\/5&Prime; offset=\u00a0\u00bbvc_col-sm-offset-1&Prime; css=\u00a0\u00bb.vc_custom_1736265800223{border-radius: 15px !important;}\u00a0\u00bb][vc_single_image image=\u00a0\u00bb9580&Prime; img_size=\u00a0\u00bbfull\u00a0\u00bb css=\u00a0\u00bb\u00a0\u00bb][vc_column_text css=\u00a0\u00bb\u00a0\u00bb]GUIDES CHIRURGICAUX EN DENTISTERIE: Principes, applications et efficacit\u00e9 clinique[\/vc_column_text][vc_column_text css=\u00a0\u00bb\u00a0\u00bb]$249\u00a0 \u00a0 \u00a0 \u00a0 \u00a0 \u00a0 \u00a0 &lt;&lt; Lire la suite &gt;&gt;[\/vc_column_text][\/vc_column][vc_column width=\u00a0\u00bb1\/5&Prime; css=\u00a0\u00bb.vc_custom_1736265814238{border-radius: 15px !important;}\u00a0\u00bb][vc_single_image image=\u00a0\u00bb9018&Prime; img_size=\u00a0\u00bbfull\u00a0\u00bb css=\u00a0\u00bb\u00a0\u00bb][vc_column_text css=\u00a0\u00bb\u00a0\u00bb]Deux emplacements. Une seule norme d\u2019excellence Milident[\/vc_column_text][vc_empty_space height=\u00a0\u00bb30&Prime;][vc_column_text css=\u00a0\u00bb\u00a0\u00bb]NOUVELLES\u00a0 \u00a0 \u00a0 \u00a0 \u00a0 \u00a0 \u00a0 &lt;&lt; [&hellip;]<\/p>\n","protected":false},"author":14,"featured_media":0,"parent":0,"menu_order":0,"comment_status":"closed","ping_status":"closed","template":"","meta":{"inline_featured_image":false,"footnotes":""},"class_list":["post-8440","page","type-page","status-publish","hentry"],"yoast_head":"<!-- This site is optimized with the Yoast SEO plugin v27.2 - https:\/\/yoast.com\/product\/yoast-seo-wordpress\/ -->\n<title>\u00c9ducation et \u00e9v\u00e9nements - Milident<\/title>\n<meta name=\"robots\" content=\"index, follow, max-snippet:-1, max-image-preview:large, max-video-preview:-1\" \/>\n<link rel=\"canonical\" href=\"https:\/\/milident.com\/fr\/education-et-evenements\/\" \/>\n<meta property=\"og:locale\" content=\"fr_FR\" \/>\n<meta property=\"og:type\" content=\"article\" \/>\n<meta property=\"og:title\" content=\"\u00c9ducation et \u00e9v\u00e9nements - Milident\" \/>\n<meta property=\"og:description\" content=\"[vc_row full_width=\u00a0\u00bbstretch_row_content\u00a0\u00bb gap=\u00a0\u00bb15&Prime; equal_height=\u00a0\u00bbyes\u00a0\u00bb curly_padding=\u00a0\u00bbcontent-padding-none\u00a0\u00bb css=\u00a0\u00bb.vc_custom_1740731809307{margin-top: 50px !important;}\u00a0\u00bb][vc_column width=\u00a0\u00bb1\/5&Prime; offset=\u00a0\u00bbvc_col-sm-offset-1&Prime; css=\u00a0\u00bb.vc_custom_1736265800223{border-radius: 15px !important;}\u00a0\u00bb][vc_single_image image=\u00a0\u00bb9580&Prime; img_size=\u00a0\u00bbfull\u00a0\u00bb css=\u00a0\u00bb\u00a0\u00bb][vc_column_text css=\u00a0\u00bb\u00a0\u00bb]GUIDES CHIRURGICAUX EN DENTISTERIE: Principes, applications et efficacit\u00e9 clinique[\/vc_column_text][vc_column_text css=\u00a0\u00bb\u00a0\u00bb]$249\u00a0 \u00a0 \u00a0 \u00a0 \u00a0 \u00a0 \u00a0 &lt;&lt; Lire la suite &gt;&gt;[\/vc_column_text][\/vc_column][vc_column width=\u00a0\u00bb1\/5&Prime; css=\u00a0\u00bb.vc_custom_1736265814238{border-radius: 15px !important;}\u00a0\u00bb][vc_single_image image=\u00a0\u00bb9018&Prime; img_size=\u00a0\u00bbfull\u00a0\u00bb css=\u00a0\u00bb\u00a0\u00bb][vc_column_text css=\u00a0\u00bb\u00a0\u00bb]Deux emplacements. Une seule norme d\u2019excellence Milident[\/vc_column_text][vc_empty_space height=\u00a0\u00bb30&Prime;][vc_column_text css=\u00a0\u00bb\u00a0\u00bb]NOUVELLES\u00a0 \u00a0 \u00a0 \u00a0 \u00a0 \u00a0 \u00a0 &lt;&lt; [&hellip;]\" \/>\n<meta property=\"og:url\" content=\"https:\/\/milident.com\/fr\/education-et-evenements\/\" \/>\n<meta property=\"og:site_name\" content=\"Milident\" \/>\n<meta property=\"article:publisher\" content=\"https:\/\/www.facebook.com\/capitalceramicsEdmonton\" \/>\n<meta property=\"article:modified_time\" content=\"2026-01-21T06:46:58+00:00\" \/>\n<meta name=\"twitter:card\" content=\"summary_large_image\" \/>\n<meta name=\"twitter:label1\" content=\"Dur\u00e9e de lecture estim\u00e9e\" \/>\n\t<meta name=\"twitter:data1\" content=\"2 minutes\" \/>\n<script type=\"application\/ld+json\" class=\"yoast-schema-graph\">{\"@context\":\"https:\/\/schema.org\",\"@graph\":[{\"@type\":\"WebPage\",\"@id\":\"https:\/\/milident.com\/fr\/education-et-evenements\/\",\"url\":\"https:\/\/milident.com\/fr\/education-et-evenements\/\",\"name\":\"\u00c9ducation et \u00e9v\u00e9nements - Milident\",\"isPartOf\":{\"@id\":\"https:\/\/milident.com\/fr\/#website\"},\"datePublished\":\"2025-01-07T15:30:05+00:00\",\"dateModified\":\"2026-01-21T06:46:58+00:00\",\"breadcrumb\":{\"@id\":\"https:\/\/milident.com\/fr\/education-et-evenements\/#breadcrumb\"},\"inLanguage\":\"fr-FR\",\"potentialAction\":[{\"@type\":\"ReadAction\",\"target\":[\"https:\/\/milident.com\/fr\/education-et-evenements\/\"]}]},{\"@type\":\"BreadcrumbList\",\"@id\":\"https:\/\/milident.com\/fr\/education-et-evenements\/#breadcrumb\",\"itemListElement\":[{\"@type\":\"ListItem\",\"position\":1,\"name\":\"Home\",\"item\":\"https:\/\/milident.com\/fr\/\"},{\"@type\":\"ListItem\",\"position\":2,\"name\":\"\u00c9ducation et \u00e9v\u00e9nements\"}]},{\"@type\":\"WebSite\",\"@id\":\"https:\/\/milident.com\/fr\/#website\",\"url\":\"https:\/\/milident.com\/fr\/\",\"name\":\"Milident\",\"description\":\"Fully digital laboratory\",\"potentialAction\":[{\"@type\":\"SearchAction\",\"target\":{\"@type\":\"EntryPoint\",\"urlTemplate\":\"https:\/\/milident.com\/fr\/?s={search_term_string}\"},\"query-input\":{\"@type\":\"PropertyValueSpecification\",\"valueRequired\":true,\"valueName\":\"search_term_string\"}}],\"inLanguage\":\"fr-FR\"}]}<\/script>\n<!-- \/ Yoast SEO plugin. -->","yoast_head_json":{"title":"\u00c9ducation et \u00e9v\u00e9nements - Milident","robots":{"index":"index","follow":"follow","max-snippet":"max-snippet:-1","max-image-preview":"max-image-preview:large","max-video-preview":"max-video-preview:-1"},"canonical":"https:\/\/milident.com\/fr\/education-et-evenements\/","og_locale":"fr_FR","og_type":"article","og_title":"\u00c9ducation et \u00e9v\u00e9nements - Milident","og_description":"[vc_row full_width=\u00a0\u00bbstretch_row_content\u00a0\u00bb gap=\u00a0\u00bb15&Prime; equal_height=\u00a0\u00bbyes\u00a0\u00bb curly_padding=\u00a0\u00bbcontent-padding-none\u00a0\u00bb css=\u00a0\u00bb.vc_custom_1740731809307{margin-top: 50px !important;}\u00a0\u00bb][vc_column width=\u00a0\u00bb1\/5&Prime; offset=\u00a0\u00bbvc_col-sm-offset-1&Prime; css=\u00a0\u00bb.vc_custom_1736265800223{border-radius: 15px !important;}\u00a0\u00bb][vc_single_image image=\u00a0\u00bb9580&Prime; img_size=\u00a0\u00bbfull\u00a0\u00bb css=\u00a0\u00bb\u00a0\u00bb][vc_column_text css=\u00a0\u00bb\u00a0\u00bb]GUIDES CHIRURGICAUX EN DENTISTERIE: Principes, applications et efficacit\u00e9 clinique[\/vc_column_text][vc_column_text css=\u00a0\u00bb\u00a0\u00bb]$249\u00a0 \u00a0 \u00a0 \u00a0 \u00a0 \u00a0 \u00a0 &lt;&lt; Lire la suite &gt;&gt;[\/vc_column_text][\/vc_column][vc_column width=\u00a0\u00bb1\/5&Prime; css=\u00a0\u00bb.vc_custom_1736265814238{border-radius: 15px !important;}\u00a0\u00bb][vc_single_image image=\u00a0\u00bb9018&Prime; img_size=\u00a0\u00bbfull\u00a0\u00bb css=\u00a0\u00bb\u00a0\u00bb][vc_column_text css=\u00a0\u00bb\u00a0\u00bb]Deux emplacements. Une seule norme d\u2019excellence Milident[\/vc_column_text][vc_empty_space height=\u00a0\u00bb30&Prime;][vc_column_text css=\u00a0\u00bb\u00a0\u00bb]NOUVELLES\u00a0 \u00a0 \u00a0 \u00a0 \u00a0 \u00a0 \u00a0 &lt;&lt; [&hellip;]","og_url":"https:\/\/milident.com\/fr\/education-et-evenements\/","og_site_name":"Milident","article_publisher":"https:\/\/www.facebook.com\/capitalceramicsEdmonton","article_modified_time":"2026-01-21T06:46:58+00:00","twitter_card":"summary_large_image","twitter_misc":{"Dur\u00e9e de lecture estim\u00e9e":"2 minutes"},"schema":{"@context":"https:\/\/schema.org","@graph":[{"@type":"WebPage","@id":"https:\/\/milident.com\/fr\/education-et-evenements\/","url":"https:\/\/milident.com\/fr\/education-et-evenements\/","name":"\u00c9ducation et \u00e9v\u00e9nements - Milident","isPartOf":{"@id":"https:\/\/milident.com\/fr\/#website"},"datePublished":"2025-01-07T15:30:05+00:00","dateModified":"2026-01-21T06:46:58+00:00","breadcrumb":{"@id":"https:\/\/milident.com\/fr\/education-et-evenements\/#breadcrumb"},"inLanguage":"fr-FR","potentialAction":[{"@type":"ReadAction","target":["https:\/\/milident.com\/fr\/education-et-evenements\/"]}]},{"@type":"BreadcrumbList","@id":"https:\/\/milident.com\/fr\/education-et-evenements\/#breadcrumb","itemListElement":[{"@type":"ListItem","position":1,"name":"Home","item":"https:\/\/milident.com\/fr\/"},{"@type":"ListItem","position":2,"name":"\u00c9ducation et \u00e9v\u00e9nements"}]},{"@type":"WebSite","@id":"https:\/\/milident.com\/fr\/#website","url":"https:\/\/milident.com\/fr\/","name":"Milident","description":"Fully digital laboratory","potentialAction":[{"@type":"SearchAction","target":{"@type":"EntryPoint","urlTemplate":"https:\/\/milident.com\/fr\/?s={search_term_string}"},"query-input":{"@type":"PropertyValueSpecification","valueRequired":true,"valueName":"search_term_string"}}],"inLanguage":"fr-FR"}]}},"_links":{"self":[{"href":"https:\/\/milident.com\/fr\/wp-json\/wp\/v2\/pages\/8440","targetHints":{"allow":["GET"]}}],"collection":[{"href":"https:\/\/milident.com\/fr\/wp-json\/wp\/v2\/pages"}],"about":[{"href":"https:\/\/milident.com\/fr\/wp-json\/wp\/v2\/types\/page"}],"author":[{"embeddable":true,"href":"https:\/\/milident.com\/fr\/wp-json\/wp\/v2\/users\/14"}],"replies":[{"embeddable":true,"href":"https:\/\/milident.com\/fr\/wp-json\/wp\/v2\/comments?post=8440"}],"version-history":[{"count":37,"href":"https:\/\/milident.com\/fr\/wp-json\/wp\/v2\/pages\/8440\/revisions"}],"predecessor-version":[{"id":9588,"href":"https:\/\/milident.com\/fr\/wp-json\/wp\/v2\/pages\/8440\/revisions\/9588"}],"wp:attachment":[{"href":"https:\/\/milident.com\/fr\/wp-json\/wp\/v2\/media?parent=8440"}],"curies":[{"name":"wp","href":"https:\/\/api.w.org\/{rel}","templated":true}]}}