{"id":8492,"date":"2025-03-13T22:09:35","date_gmt":"2025-03-14T02:09:35","guid":{"rendered":"https:\/\/milident.com\/evenements\/join-us-for-a-synergy-training-program-to-enhance-your-practice\/"},"modified":"2025-03-13T22:51:36","modified_gmt":"2025-03-14T02:51:36","slug":"joignez-vous-a-nous-dans-le-cadre-dune-formation-de-synergy-training-pour-rehausser-votre-pratique","status":"publish","type":"page","link":"https:\/\/milident.com\/fr\/evenements\/joignez-vous-a-nous-dans-le-cadre-dune-formation-de-synergy-training-pour-rehausser-votre-pratique\/","title":{"rendered":"Joignez-vous \u00e0 nous dans le cadre d\u2019une formation de Synergy Training pour rehausser votre pratique"},"content":{"rendered":"<div class=\"wpb-content-wrapper\">[vc_row full_width=\u00a0\u00bbstretch_row\u00a0\u00bb full_height=\u00a0\u00bbyes\u00a0\u00bb columns_placement=\u00a0\u00bbtop\u00a0\u00bb][vc_column width=\u00a0\u00bb1\/2&Prime;][vc_column_text css=\u00a0\u00bb.vc_custom_1741920691604{margin-left: -50px !important;}\u00a0\u00bb]\n<div style=\"max-width: 600px; margin: 00px auto; padding: 20px; background: white; border-radius: 10px; box-shadow: 0px 4px 10px rgba(0, 0, 0, 0.1);\">\n<h4 class=\"page-header__title h4\" style=\"text-align: left; margin-bottom: 20px;\">Joignez-vous \u00e0 nous dans le cadre d\u2019une formation de Synergy Training pour rehausser votre pratique<\/h4>\n<p style=\"text-align: left; color: #6c757d;\">Pr\u00e9sent\u00e9 en fran\u00e7ais<\/p>\n<div class=\"page\" title=\"Page 1\">\n<div class=\"section\">\n<div class=\"layoutArea\">\n<div class=\"column\">\n<div style=\"margin-bottom: 10px;\"><i class=\"fa-solid fa-calendar-days\"><\/i> <strong>Session 1 &#8211; Dentisterie implantaire simple et efficace<\/strong><br \/>\nVendredi 13 juin 2025, de 8h30 \u00e0 16h30<\/div>\n<div style=\"margin-bottom: 10px;\">\n<p><i class=\"fa-solid fa-calendar-days\"><\/i><strong> Session 2 &#8211; Planification du traitement et pr\u00e9sentations de cas<\/strong><br \/>\nVendredi 19 septembre 2025, de 8h30 \u00e0 16h30<br \/>\n<i class=\"fa-solid fa-calendar-days\"><\/i><strong> Session 3 &#8211; Planification du traitement, pr\u00e9sentations de cas et proc\u00e9dures de restauration<\/strong><br \/>\nVendredi 28 novembre 2025, de 8h \u00e0 16h30<br \/>\n<i class=\"fa-solid fa-calendar-days\"><\/i><strong> Session 4 &#8211; <\/strong><strong>Pr\u00e9sentations finales de cas<\/strong><br \/>\nVendredi 30 janvier 2026, de 8h \u00e0 16h30<\/p>\n<\/div>\n<hr style=\"border: 0; height: 1px; background-color: #ddd; margin: 20px 0;\" \/>\n<div style=\"margin-bottom: 5px;\"><b>Laboratoire Dentaire Milident<\/b><\/div>\n<div style=\"margin-bottom: 10px;\">165 Bd de la Technologie, Gatineau, QC J8Z 3G4<\/div>\n<hr style=\"border: 0; height: 1px; background-color: #ddd; margin: 20px 0;\" \/>\n<div><b>CR\u00c9DITS DE FORMATION CONTINUE<\/b><\/div>\n<ul>\n<li>Vingt-huit (28) heures<b><br \/>\n<\/b><\/li>\n<\/ul>\n<div><b>FRAIS D\u2019INSCRIPTION<\/b><\/div>\n<ul>\n<li>2,150 $ par clinicien<\/li>\n<li>125 $ par employ\u00e9 (session 1 seulement)<\/li>\n<\/ul>\n<\/div>\n<\/div>\n<\/div>\n<\/div>\n<\/div>\n[\/vc_column_text][vc_row_inner][vc_column_inner width=\u00a0\u00bb1\/3&Prime;][vc_btn title=\u00a0\u00bbS&rsquo;inscrire\u00a0\u00bb align=\u00a0\u00bbleft\u00a0\u00bb css=\u00a0\u00bb\u00a0\u00bb link=\u00a0\u00bburl:https%3A%2F%2Feducation.zimvie.com%2Fevents%2FlearningProgram%3A70958_78246|target:_blank\u00a0\u00bb][\/vc_column_inner][vc_column_inner width=\u00a0\u00bb1\/3&Prime;][vc_btn title=\u00a0\u00bbT\u00e9l\u00e9charger le document\u00a0\u00bb align=\u00a0\u00bbleft\u00a0\u00bb css=\u00a0\u00bb\u00a0\u00bb link=\u00a0\u00bburl:https%3A%2F%2Fmilident.com%2Fwp-content%2Fuploads%2F2025%2F03%2FStepZ-Flyer-Gatineau-2025-2026-Final.pdf|target:_blank\u00a0\u00bb][\/vc_column_inner][vc_column_inner width=\u00a0\u00bb1\/3&Prime;][\/vc_column_inner][\/vc_row_inner][vc_separator css=\u00a0\u00bb\u00a0\u00bb][\/vc_column][vc_column width=\u00a0\u00bb1\/2&Prime;][vc_single_image image=\u00a0\u00bb8474&Prime; img_size=\u00a0\u00bbfull\u00a0\u00bb css=\u00a0\u00bb\u00a0\u00bb][\/vc_column][\/vc_row][vc_row full_width=\u00a0\u00bbstretch_row\u00a0\u00bb curly_padding=\u00a0\u00bbcontent-padding-none\u00a0\u00bb el_class=\u00a0\u00bbcolor&#8211;text-inverted xtd-background-animation&#8211;left-right\u00a0\u00bb css=\u00a0\u00bb.vc_custom_1626212958924{background: #231f20 url(http:\/\/localhost\/dentist\/wp-content\/uploads\/sites\/20\/2017\/06\/Seamlessteethlight-bluepattern_d9c7faf5-9516-4c8b-af46-05a4aa273320-2.png?id=283) !important;}\u00a0\u00bb][vc_column][vc_column_text css=\u00a0\u00bb\u00a0\u00bb]\n<p style=\"text-align: center;\"><span style=\"color: #ffffff;\">Combining Tradition with Innovation<\/span><\/p>\n[\/vc_column_text][\/vc_column][\/vc_row]\n<\/div>","protected":false},"excerpt":{"rendered":"<p>[vc_row full_width=\u00a0\u00bbstretch_row\u00a0\u00bb full_height=\u00a0\u00bbyes\u00a0\u00bb columns_placement=\u00a0\u00bbtop\u00a0\u00bb][vc_column width=\u00a0\u00bb1\/2&Prime;][vc_column_text css=\u00a0\u00bb.vc_custom_1741920691604{margin-left: -50px !important;}\u00a0\u00bb] Joignez-vous \u00e0 nous dans le cadre d\u2019une formation de Synergy Training pour rehausser votre pratique Pr\u00e9sent\u00e9 en fran\u00e7ais Session 1 &#8211; Dentisterie implantaire simple et efficace Vendredi 13 juin 2025, de 8h30 \u00e0 16h30 Session 2 &#8211; Planification du traitement et pr\u00e9sentations de cas Vendredi 19 septembre 2025, de 8h30 \u00e0 16h30 [&hellip;]<\/p>\n","protected":false},"author":14,"featured_media":0,"parent":5895,"menu_order":0,"comment_status":"closed","ping_status":"closed","template":"","meta":{"inline_featured_image":false,"footnotes":""},"class_list":["post-8492","page","type-page","status-publish","hentry"],"yoast_head":"<!-- This site is optimized with the Yoast SEO plugin v27.2 - https:\/\/yoast.com\/product\/yoast-seo-wordpress\/ -->\n<title>Joignez-vous \u00e0 nous dans le cadre d\u2019une formation de Synergy Training pour rehausser votre pratique - Milident<\/title>\n<meta name=\"description\" content=\"Our upcoming events at the Milident Laboratory.\" \/>\n<meta name=\"robots\" content=\"index, follow, max-snippet:-1, max-image-preview:large, max-video-preview:-1\" \/>\n<link rel=\"canonical\" href=\"https:\/\/milident.com\/fr\/evenements\/joignez-vous-a-nous-dans-le-cadre-dune-formation-de-synergy-training-pour-rehausser-votre-pratique\/\" \/>\n<meta property=\"og:locale\" content=\"fr_FR\" \/>\n<meta property=\"og:type\" content=\"article\" \/>\n<meta property=\"og:title\" content=\"Joignez-vous \u00e0 nous dans le cadre d\u2019une formation de Synergy Training pour rehausser votre pratique - Milident\" \/>\n<meta property=\"og:description\" content=\"Our upcoming events at the Milident Laboratory.\" \/>\n<meta property=\"og:url\" content=\"https:\/\/milident.com\/fr\/evenements\/joignez-vous-a-nous-dans-le-cadre-dune-formation-de-synergy-training-pour-rehausser-votre-pratique\/\" \/>\n<meta property=\"og:site_name\" content=\"Milident\" \/>\n<meta property=\"article:publisher\" content=\"https:\/\/www.facebook.com\/capitalceramicsEdmonton\" \/>\n<meta property=\"article:modified_time\" content=\"2025-03-14T02:51:36+00:00\" \/>\n<meta name=\"twitter:card\" content=\"summary_large_image\" \/>\n<meta name=\"twitter:label1\" content=\"Dur\u00e9e de lecture estim\u00e9e\" \/>\n\t<meta name=\"twitter:data1\" content=\"1 minute\" \/>\n<script type=\"application\/ld+json\" class=\"yoast-schema-graph\">{\"@context\":\"https:\/\/schema.org\",\"@graph\":[{\"@type\":\"WebPage\",\"@id\":\"https:\/\/milident.com\/fr\/evenements\/joignez-vous-a-nous-dans-le-cadre-dune-formation-de-synergy-training-pour-rehausser-votre-pratique\/\",\"url\":\"https:\/\/milident.com\/fr\/evenements\/joignez-vous-a-nous-dans-le-cadre-dune-formation-de-synergy-training-pour-rehausser-votre-pratique\/\",\"name\":\"Joignez-vous \u00e0 nous dans le cadre d\u2019une formation de Synergy Training pour rehausser votre pratique - Milident\",\"isPartOf\":{\"@id\":\"https:\/\/milident.com\/fr\/#website\"},\"datePublished\":\"2025-03-14T02:09:35+00:00\",\"dateModified\":\"2025-03-14T02:51:36+00:00\",\"description\":\"Our upcoming events at the Milident Laboratory.\",\"breadcrumb\":{\"@id\":\"https:\/\/milident.com\/fr\/evenements\/joignez-vous-a-nous-dans-le-cadre-dune-formation-de-synergy-training-pour-rehausser-votre-pratique\/#breadcrumb\"},\"inLanguage\":\"fr-FR\",\"potentialAction\":[{\"@type\":\"ReadAction\",\"target\":[\"https:\/\/milident.com\/fr\/evenements\/joignez-vous-a-nous-dans-le-cadre-dune-formation-de-synergy-training-pour-rehausser-votre-pratique\/\"]}]},{\"@type\":\"BreadcrumbList\",\"@id\":\"https:\/\/milident.com\/fr\/evenements\/joignez-vous-a-nous-dans-le-cadre-dune-formation-de-synergy-training-pour-rehausser-votre-pratique\/#breadcrumb\",\"itemListElement\":[{\"@type\":\"ListItem\",\"position\":1,\"name\":\"Home\",\"item\":\"https:\/\/milident.com\/fr\/\"},{\"@type\":\"ListItem\",\"position\":2,\"name\":\"\u00c9v\u00e9nements\",\"item\":\"https:\/\/milident.com\/fr\/evenements\/\"},{\"@type\":\"ListItem\",\"position\":3,\"name\":\"Joignez-vous \u00e0 nous dans le cadre d\u2019une formation de Synergy Training pour rehausser votre pratique\"}]},{\"@type\":\"WebSite\",\"@id\":\"https:\/\/milident.com\/fr\/#website\",\"url\":\"https:\/\/milident.com\/fr\/\",\"name\":\"Milident\",\"description\":\"Fully digital laboratory\",\"potentialAction\":[{\"@type\":\"SearchAction\",\"target\":{\"@type\":\"EntryPoint\",\"urlTemplate\":\"https:\/\/milident.com\/fr\/?s={search_term_string}\"},\"query-input\":{\"@type\":\"PropertyValueSpecification\",\"valueRequired\":true,\"valueName\":\"search_term_string\"}}],\"inLanguage\":\"fr-FR\"}]}<\/script>\n<!-- \/ Yoast SEO plugin. -->","yoast_head_json":{"title":"Joignez-vous \u00e0 nous dans le cadre d\u2019une formation de Synergy Training pour rehausser votre pratique - Milident","description":"Our upcoming events at the Milident Laboratory.","robots":{"index":"index","follow":"follow","max-snippet":"max-snippet:-1","max-image-preview":"max-image-preview:large","max-video-preview":"max-video-preview:-1"},"canonical":"https:\/\/milident.com\/fr\/evenements\/joignez-vous-a-nous-dans-le-cadre-dune-formation-de-synergy-training-pour-rehausser-votre-pratique\/","og_locale":"fr_FR","og_type":"article","og_title":"Joignez-vous \u00e0 nous dans le cadre d\u2019une formation de Synergy Training pour rehausser votre pratique - Milident","og_description":"Our upcoming events at the Milident Laboratory.","og_url":"https:\/\/milident.com\/fr\/evenements\/joignez-vous-a-nous-dans-le-cadre-dune-formation-de-synergy-training-pour-rehausser-votre-pratique\/","og_site_name":"Milident","article_publisher":"https:\/\/www.facebook.com\/capitalceramicsEdmonton","article_modified_time":"2025-03-14T02:51:36+00:00","twitter_card":"summary_large_image","twitter_misc":{"Dur\u00e9e de lecture estim\u00e9e":"1 minute"},"schema":{"@context":"https:\/\/schema.org","@graph":[{"@type":"WebPage","@id":"https:\/\/milident.com\/fr\/evenements\/joignez-vous-a-nous-dans-le-cadre-dune-formation-de-synergy-training-pour-rehausser-votre-pratique\/","url":"https:\/\/milident.com\/fr\/evenements\/joignez-vous-a-nous-dans-le-cadre-dune-formation-de-synergy-training-pour-rehausser-votre-pratique\/","name":"Joignez-vous \u00e0 nous dans le cadre d\u2019une formation de Synergy Training pour rehausser votre pratique - Milident","isPartOf":{"@id":"https:\/\/milident.com\/fr\/#website"},"datePublished":"2025-03-14T02:09:35+00:00","dateModified":"2025-03-14T02:51:36+00:00","description":"Our upcoming events at the Milident Laboratory.","breadcrumb":{"@id":"https:\/\/milident.com\/fr\/evenements\/joignez-vous-a-nous-dans-le-cadre-dune-formation-de-synergy-training-pour-rehausser-votre-pratique\/#breadcrumb"},"inLanguage":"fr-FR","potentialAction":[{"@type":"ReadAction","target":["https:\/\/milident.com\/fr\/evenements\/joignez-vous-a-nous-dans-le-cadre-dune-formation-de-synergy-training-pour-rehausser-votre-pratique\/"]}]},{"@type":"BreadcrumbList","@id":"https:\/\/milident.com\/fr\/evenements\/joignez-vous-a-nous-dans-le-cadre-dune-formation-de-synergy-training-pour-rehausser-votre-pratique\/#breadcrumb","itemListElement":[{"@type":"ListItem","position":1,"name":"Home","item":"https:\/\/milident.com\/fr\/"},{"@type":"ListItem","position":2,"name":"\u00c9v\u00e9nements","item":"https:\/\/milident.com\/fr\/evenements\/"},{"@type":"ListItem","position":3,"name":"Joignez-vous \u00e0 nous dans le cadre d\u2019une formation de Synergy Training pour rehausser votre pratique"}]},{"@type":"WebSite","@id":"https:\/\/milident.com\/fr\/#website","url":"https:\/\/milident.com\/fr\/","name":"Milident","description":"Fully digital laboratory","potentialAction":[{"@type":"SearchAction","target":{"@type":"EntryPoint","urlTemplate":"https:\/\/milident.com\/fr\/?s={search_term_string}"},"query-input":{"@type":"PropertyValueSpecification","valueRequired":true,"valueName":"search_term_string"}}],"inLanguage":"fr-FR"}]}},"_links":{"self":[{"href":"https:\/\/milident.com\/fr\/wp-json\/wp\/v2\/pages\/8492","targetHints":{"allow":["GET"]}}],"collection":[{"href":"https:\/\/milident.com\/fr\/wp-json\/wp\/v2\/pages"}],"about":[{"href":"https:\/\/milident.com\/fr\/wp-json\/wp\/v2\/types\/page"}],"author":[{"embeddable":true,"href":"https:\/\/milident.com\/fr\/wp-json\/wp\/v2\/users\/14"}],"replies":[{"embeddable":true,"href":"https:\/\/milident.com\/fr\/wp-json\/wp\/v2\/comments?post=8492"}],"version-history":[{"count":6,"href":"https:\/\/milident.com\/fr\/wp-json\/wp\/v2\/pages\/8492\/revisions"}],"predecessor-version":[{"id":8498,"href":"https:\/\/milident.com\/fr\/wp-json\/wp\/v2\/pages\/8492\/revisions\/8498"}],"up":[{"embeddable":true,"href":"https:\/\/milident.com\/fr\/wp-json\/wp\/v2\/pages\/5895"}],"wp:attachment":[{"href":"https:\/\/milident.com\/fr\/wp-json\/wp\/v2\/media?parent=8492"}],"curies":[{"name":"wp","href":"https:\/\/api.w.org\/{rel}","templated":true}]}}