{"id":9054,"date":"2025-09-30T23:18:07","date_gmt":"2025-10-01T03:18:07","guid":{"rendered":"https:\/\/milident.com\/evenements\/two-locations-one-standard-of-excellence\/"},"modified":"2025-10-01T05:34:30","modified_gmt":"2025-10-01T09:34:30","slug":"deux-emplacements-une-seule-norme-dexcellence-milident","status":"publish","type":"page","link":"https:\/\/milident.com\/fr\/evenements\/deux-emplacements-une-seule-norme-dexcellence-milident\/","title":{"rendered":"Deux emplacements. Une seule norme d&rsquo;excellence Milident"},"content":{"rendered":"<div class=\"wpb-content-wrapper\">[vc_row full_width=\u00a0\u00bbstretch_row\u00a0\u00bb full_height=\u00a0\u00bbyes\u00a0\u00bb columns_placement=\u00a0\u00bbtop\u00a0\u00bb][vc_column width=\u00a0\u00bb1\/2&Prime;][vc_column_text css=\u00a0\u00bb\u00a0\u00bb]\n<h4 style=\"margin-bottom: 10px; text-align: left;\"><strong>Deux emplacements. Une seule norme d&rsquo;excellence Milident.<\/strong><\/h4>\n<p style=\"text-align: left;\"><em><strong>Milident Ottawa \u2014 Maintenant ouvert pour mieux servir les dentistes et les patients.<\/strong><\/em><\/p>\n<p style=\"text-align: left;\"><em>Gatineau, QC \u2014 30 septembre 2025<\/em> \u2014 Le laboratoire dentaire Milident, de confiance pour les dentistes depuis plus de 35 ans, annonce fi\u00e8rement l&rsquo;ouverture de son nouveau site \u00e0 Ottawa, \u00e0 compter du <strong>1er octobre 2025<\/strong>.<\/p>\n<p style=\"text-align: left;\">Avec un deuxi\u00e8me laboratoire op\u00e9rant d\u00e9sormais aux c\u00f4t\u00e9s de notre \u00e9tablissement principal de Gatineau, Milident apporte la m\u00eame pr\u00e9cision artisanale, des solutions compl\u00e8tes et un support technique personnalis\u00e9 plus pr\u00e8s des cabinets et de leurs patients dans la r\u00e9gion d&rsquo;Ottawa.<\/p>\n<blockquote style=\"border-justify: 4px solid #ccc; padding-justify: 12px; color: #555; font-style: italic; font-size: 14px;\">\n<p>\u00ab Ouvrir \u00e0 Ottawa nous permet de rapprocher notre expertise et notre technologie pour mieux servir les dentistes locaux et leurs patients \u00bb, a d\u00e9clar\u00e9 <strong>Eric Lebel<\/strong>, Directeur g\u00e9n\u00e9ral de Milident.<br \/>\n\u00ab Nous nous engageons \u00e0 rendre chaque cas fluide \u2014 de la prise de teinte \u00e0 la livraison finale \u2014 afin que les dentistes puissent se concentrer pleinement sur les soins aux patients. \u00bb<\/p>\n<\/blockquote>\n<h5 style=\"margin-top: 20px; text-align: left;\"><strong>Principaux avantages pour votre cabinet :<\/strong><\/h5>\n<ul style=\"text-align: left;\">\n<li><strong>Soins aux patients sur place<\/strong> \u2014 visites de prise de teinte et d\u2019ajustement pour des r\u00e9sultats plus pr\u00e9cis et une r\u00e9duction du temps de chaise Corrections.<\/li>\n<li><strong>Plus grande commodit\u00e9 et efficacit\u00e9<\/strong> \u2014 choisissez l&#8217;emplacement le plus accessible pour r\u00e9duire les temps de d\u00e9placement et de livraison.<\/li>\n<li><strong>Excellence du service complet<\/strong> \u2014 la m\u00eame qualit\u00e9 fiable de Milident avec plus de 35 ans d&rsquo;expertise, maintenant \u00e0 deux emplacements.<\/li>\n<\/ul>\n<h5 style=\"margin-top: 20px; text-align: left;\"><strong>Nouveau site \u00e0 Ottawa :<\/strong><\/h5>\n<p style=\"text-align: left;\"><strong>Laboratoire Dentaire Milident<\/strong><br \/>\n<i class=\"fa-solid fa-location-dot\" style=\"color: #d9534f; margin-right: 6px;\"><\/i> 415-1335, avenue Carling Ottawa, ON K1Z 8N8<br \/>\n<i class=\"fa-solid fa-phone\" style=\"color: #5cb85c; margin-right: 6px;\"><\/i> <a style=\"color: #333; text-decoration: none;\" href=\"tel:6137230562\">613-723-0562<\/a><\/p>\n[\/vc_column_text][vc_separator css=\u00a0\u00bb\u00a0\u00bb][vc_column_text css=\u00a0\u00bb\u00a0\u00bb]\n<h4 style=\"margin-top: 20px; text-align: left;\"><strong>\u00c0 propos du Laboratoire Dentaire Milident :<\/strong><\/h4>\n<p style=\"text-align: left;\">Fond\u00e9 en 1995, le Laboratoire Dentaire Milident est devenu l&rsquo;un des principaux laboratoires dentaires \u00e0 service complet du Canada, sp\u00e9cialis\u00e9 dans les restaurations complexes d&rsquo;implants, couronnes et ponts, proth\u00e8ses dentaires et orthodontie. Avec des sites \u00e0 Gatineau et Ottawa, Milident combine une technologie de pointe et une expertise technique hautement qualifi\u00e9e pour offrir pr\u00e9cision, fiabilit\u00e9 et une exp\u00e9rience patient sans faille.<\/p>\n[\/vc_column_text][vc_single_image image=\u00a0\u00bb9031&Prime; img_size=\u00a0\u00bbfull\u00a0\u00bb css=\u00a0\u00bb\u00a0\u00bb][vc_column_text css=\u00a0\u00bb\u00a0\u00bb]\n<h4 class=\"x_elementToProof\" style=\"text-align: left;\"><strong>Rencontrez Rob <\/strong><strong>Truhlarik, <\/strong><strong>notre chef RDT chez Milident Ottawa<\/strong><\/h4>\n<div class=\"page\" title=\"Page 1\">\n<div class=\"section\">\n<div class=\"layoutArea\">\n<div class=\"column\">\n<p style=\"text-align: left;\">Rob Truhlarik a plus de 40 ans d&rsquo;exp\u00e9rience allant des restaurations compl\u00e8tes complexes aux couronnes simples. Vos patients appr\u00e9cieront la livraison m\u00e9ticuleuse de Rob et son souci de perfection qui fait sourire les dentistes comme les patients du jour de l&rsquo;essai \u00e0 l&rsquo;insertion finale.<\/p>\n<\/div>\n<\/div>\n<\/div>\n<\/div>\n[\/vc_column_text][vc_separator][\/vc_column][vc_column width=\u00a0\u00bb1\/2&Prime;][vc_single_image image=\u00a0\u00bb9024&Prime; img_size=\u00a0\u00bblarge\u00a0\u00bb css=\u00a0\u00bb\u00a0\u00bb][vc_zigzag][vc_row_inner][vc_column_inner width=\u00a0\u00bb1\/2&Prime;][vc_btn title=\u00a0\u00bbPLANIFIER EN LIGNE\u00a0\u00bb shape=\u00a0\u00bbsquare\u00a0\u00bb color=\u00a0\u00bbgreen\u00a0\u00bb link=\u00a0\u00bburl:https%3A%2F%2Foutlook.office365.com%2Fbook%2FMilidentBooking%40smileinnovationsgroup.com%2F||target:%20_blank|\u00a0\u00bb][\/vc_column_inner][vc_column_inner width=\u00a0\u00bb1\/2&Prime;][vc_btn title=\u00a0\u00bbDemander un ramassage\u00a0\u00bb style=\u00a0\u00bbbtn-outline-primary\u00a0\u00bb color=\u00a0\u00bbdanger\u00a0\u00bb css=\u00a0\u00bb\u00a0\u00bb link=\u00a0\u00bburl:https%3A%2F%2Fmilident.com%2Frequest-pick-up%2F|target:_blank\u00a0\u00bb][\/vc_column_inner][\/vc_row_inner][vc_row_inner][vc_column_inner][vc_custom_heading text=\u00a0\u00bbMILIDENT &#8211; OTTAWA\u00a0\u00bb font_container=\u00a0\u00bbtag:h4|text_align:left\u00a0\u00bb google_fonts=\u00a0\u00bbfont_family:Montserrat%3Aregular%2C700|font_style:700%20bold%20regular%3A700%3Anormal\u00a0\u00bb css=\u00a0\u00bb\u00a0\u00bb][vc_column_text css=\u00a0\u00bb.vc_custom_1759067973794{padding-top: 45px !important;}\u00a0\u00bb]APPELER | <strong><a href=\"tel:613-723-0562\">613-723-0562<\/a><\/strong><br \/>\nEMAIL | <a href=\"mailto:info.ottawa@milident.com\"><strong>info.ottawa@milident.com<\/strong><\/a><br \/>\nADRESSE | <a href=\"https:\/\/maps.app.goo.gl\/ZLAWCLpgMuoJLk7o8\" target=\"_blank\" rel=\"noopener\"><strong>#415 &#8211; 1335 Carling Avenue, Ottawa, ON, K1Z 8N8<\/strong><\/a>[\/vc_column_text][vc_column_text css=\u00a0\u00bb\u00a0\u00bb]\n<h5><strong>Heures<\/strong><\/h5>\n<p>Du lundi au vendredi |<strong> 8h \u2013 17h<\/strong>[\/vc_column_text][vc_column_text]\n<h5><strong>Comment s\u2019y rendre<\/strong><\/h5>\n[\/vc_column_text][vc_gmaps link=\u00a0\u00bb#E-8_JTNDaWZyYW1lJTIwc3JjJTNEJTIyaHR0cHMlM0ElMkYlMkZ3d3cuZ29vZ2xlLmNvbSUyRm1hcHMlMkZlbWJlZCUzRnBiJTNEJTIxMW0xOCUyMTFtMTIlMjExbTMlMjExZDg4MjQuMzkzMzAxMDUzOTA4JTIxMmQtNzUuNzQxNDU3NjY5MTE5NzQlMjEzZDQ1LjM4NzU5NzEzNjAzNTI3JTIxMm0zJTIxMWYwJTIxMmYwJTIxM2YwJTIxM20yJTIxMWkxMDI0JTIxMmk3NjglMjE0ZjEzLjElMjEzbTMlMjExbTIlMjExczB4NGNjZTA2OWVlOGQ0NmFmMSUyNTNBMHg0MGRlYjk4NDE1YTNiYmI0JTIxMnMxMzM1JTI1MjBDYXJsaW5nJTI1MjBBdmUlMjUyMCUyNTIzNDE1JTI1MkMlMjUyME90dGF3YSUyNTJDJTI1MjBPTiUyNTIwSzFaJTI1MjA4TjglMjUyQyUyNTIwQ2FuYWRhJTIxNWUwJTIxM20yJTIxMXNlbiUyMTJzJTIxNHYxNzU5MDY3OTY1NTM3JTIxNW0yJTIxMXNlbiUyMTJzJTIyJTIwd2lkdGglM0QlMjI2MDAlMjIlMjBoZWlnaHQlM0QlMjI0NTAlMjIlMjBzdHlsZSUzRCUyMmJvcmRlciUzQTAlM0IlMjIlMjBhbGxvd2Z1bGxzY3JlZW4lM0QlMjIlMjIlMjBsb2FkaW5nJTNEJTIybGF6eSUyMiUyMHJlZmVycmVycG9saWN5JTNEJTIybm8tcmVmZXJyZXItd2hlbi1kb3duZ3JhZGUlMjIlM0UlM0MlMkZpZnJhbWUlM0U=\u00a0\u00bb css=\u00a0\u00bb.vc_custom_1759067989456{background-position: center !important;background-repeat: no-repeat !important;background-size: cover !important;}\u00a0\u00bb el_class=\u00a0\u00bbxtd-shadow&#8211;large-light\u00a0\u00bb][\/vc_column_inner][\/vc_row_inner][\/vc_column][\/vc_row][vc_row full_width=\u00a0\u00bbstretch_row\u00a0\u00bb curly_padding=\u00a0\u00bbcontent-padding-none\u00a0\u00bb el_class=\u00a0\u00bbcolor&#8211;text-inverted xtd-background-animation&#8211;left-right\u00a0\u00bb css=\u00a0\u00bb.vc_custom_1626212958924{background: #231f20 url(http:\/\/localhost\/dentist\/wp-content\/uploads\/sites\/20\/2017\/06\/Seamlessteethlight-bluepattern_d9c7faf5-9516-4c8b-af46-05a4aa273320-2.png?id=283) !important;}\u00a0\u00bb][vc_column][vc_column_text css=\u00a0\u00bb\u00a0\u00bb]\n<p style=\"text-align: center;\"><strong><span style=\"color: #ffffff;\">Allier tradition et innovation<\/span><\/strong><\/p>\n[\/vc_column_text][\/vc_column][\/vc_row]\n<\/div>","protected":false},"excerpt":{"rendered":"<p>[vc_row full_width=\u00a0\u00bbstretch_row\u00a0\u00bb full_height=\u00a0\u00bbyes\u00a0\u00bb columns_placement=\u00a0\u00bbtop\u00a0\u00bb][vc_column width=\u00a0\u00bb1\/2&Prime;][vc_column_text css=\u00a0\u00bb\u00a0\u00bb] Deux emplacements. Une seule norme d&rsquo;excellence Milident. Milident Ottawa \u2014 Maintenant ouvert pour mieux servir les dentistes et les patients. Gatineau, QC \u2014 30 septembre 2025 \u2014 Le laboratoire dentaire Milident, de confiance pour les dentistes depuis plus de 35 ans, annonce fi\u00e8rement l&rsquo;ouverture de son nouveau site \u00e0 Ottawa, \u00e0 compter du 1er [&hellip;]<\/p>\n","protected":false},"author":14,"featured_media":0,"parent":5895,"menu_order":0,"comment_status":"closed","ping_status":"closed","template":"","meta":{"inline_featured_image":false,"footnotes":""},"class_list":["post-9054","page","type-page","status-publish","hentry"],"yoast_head":"<!-- This site is optimized with the Yoast SEO plugin v27.2 - https:\/\/yoast.com\/product\/yoast-seo-wordpress\/ -->\n<title>Deux emplacements. Une seule norme d&#039;excellence Milident - Milident<\/title>\n<meta name=\"description\" content=\"Our upcoming events at the Milident Laboratory.\" \/>\n<meta name=\"robots\" content=\"index, follow, max-snippet:-1, max-image-preview:large, max-video-preview:-1\" \/>\n<link rel=\"canonical\" href=\"https:\/\/milident.com\/fr\/evenements\/deux-emplacements-une-seule-norme-dexcellence-milident\/\" \/>\n<meta property=\"og:locale\" content=\"fr_FR\" \/>\n<meta property=\"og:type\" content=\"article\" \/>\n<meta property=\"og:title\" content=\"Deux emplacements. Une seule norme d&#039;excellence Milident - Milident\" \/>\n<meta property=\"og:description\" content=\"Our upcoming events at the Milident Laboratory.\" \/>\n<meta property=\"og:url\" content=\"https:\/\/milident.com\/fr\/evenements\/deux-emplacements-une-seule-norme-dexcellence-milident\/\" \/>\n<meta property=\"og:site_name\" content=\"Milident\" \/>\n<meta property=\"article:publisher\" content=\"https:\/\/www.facebook.com\/capitalceramicsEdmonton\" \/>\n<meta property=\"article:modified_time\" content=\"2025-10-01T09:34:30+00:00\" \/>\n<meta name=\"twitter:card\" content=\"summary_large_image\" \/>\n<meta name=\"twitter:label1\" content=\"Dur\u00e9e de lecture estim\u00e9e\" \/>\n\t<meta name=\"twitter:data1\" content=\"3 minutes\" \/>\n<script type=\"application\/ld+json\" class=\"yoast-schema-graph\">{\"@context\":\"https:\/\/schema.org\",\"@graph\":[{\"@type\":\"WebPage\",\"@id\":\"https:\/\/milident.com\/fr\/evenements\/deux-emplacements-une-seule-norme-dexcellence-milident\/\",\"url\":\"https:\/\/milident.com\/fr\/evenements\/deux-emplacements-une-seule-norme-dexcellence-milident\/\",\"name\":\"Deux emplacements. Une seule norme d'excellence Milident - Milident\",\"isPartOf\":{\"@id\":\"https:\/\/milident.com\/fr\/#website\"},\"datePublished\":\"2025-10-01T03:18:07+00:00\",\"dateModified\":\"2025-10-01T09:34:30+00:00\",\"description\":\"Our upcoming events at the Milident Laboratory.\",\"breadcrumb\":{\"@id\":\"https:\/\/milident.com\/fr\/evenements\/deux-emplacements-une-seule-norme-dexcellence-milident\/#breadcrumb\"},\"inLanguage\":\"fr-FR\",\"potentialAction\":[{\"@type\":\"ReadAction\",\"target\":[\"https:\/\/milident.com\/fr\/evenements\/deux-emplacements-une-seule-norme-dexcellence-milident\/\"]}]},{\"@type\":\"BreadcrumbList\",\"@id\":\"https:\/\/milident.com\/fr\/evenements\/deux-emplacements-une-seule-norme-dexcellence-milident\/#breadcrumb\",\"itemListElement\":[{\"@type\":\"ListItem\",\"position\":1,\"name\":\"Home\",\"item\":\"https:\/\/milident.com\/fr\/\"},{\"@type\":\"ListItem\",\"position\":2,\"name\":\"\u00c9v\u00e9nements\",\"item\":\"https:\/\/milident.com\/fr\/evenements\/\"},{\"@type\":\"ListItem\",\"position\":3,\"name\":\"Deux emplacements. Une seule norme d&rsquo;excellence Milident\"}]},{\"@type\":\"WebSite\",\"@id\":\"https:\/\/milident.com\/fr\/#website\",\"url\":\"https:\/\/milident.com\/fr\/\",\"name\":\"Milident\",\"description\":\"Fully digital laboratory\",\"potentialAction\":[{\"@type\":\"SearchAction\",\"target\":{\"@type\":\"EntryPoint\",\"urlTemplate\":\"https:\/\/milident.com\/fr\/?s={search_term_string}\"},\"query-input\":{\"@type\":\"PropertyValueSpecification\",\"valueRequired\":true,\"valueName\":\"search_term_string\"}}],\"inLanguage\":\"fr-FR\"}]}<\/script>\n<!-- \/ Yoast SEO plugin. -->","yoast_head_json":{"title":"Deux emplacements. Une seule norme d'excellence Milident - Milident","description":"Our upcoming events at the Milident Laboratory.","robots":{"index":"index","follow":"follow","max-snippet":"max-snippet:-1","max-image-preview":"max-image-preview:large","max-video-preview":"max-video-preview:-1"},"canonical":"https:\/\/milident.com\/fr\/evenements\/deux-emplacements-une-seule-norme-dexcellence-milident\/","og_locale":"fr_FR","og_type":"article","og_title":"Deux emplacements. Une seule norme d'excellence Milident - Milident","og_description":"Our upcoming events at the Milident Laboratory.","og_url":"https:\/\/milident.com\/fr\/evenements\/deux-emplacements-une-seule-norme-dexcellence-milident\/","og_site_name":"Milident","article_publisher":"https:\/\/www.facebook.com\/capitalceramicsEdmonton","article_modified_time":"2025-10-01T09:34:30+00:00","twitter_card":"summary_large_image","twitter_misc":{"Dur\u00e9e de lecture estim\u00e9e":"3 minutes"},"schema":{"@context":"https:\/\/schema.org","@graph":[{"@type":"WebPage","@id":"https:\/\/milident.com\/fr\/evenements\/deux-emplacements-une-seule-norme-dexcellence-milident\/","url":"https:\/\/milident.com\/fr\/evenements\/deux-emplacements-une-seule-norme-dexcellence-milident\/","name":"Deux emplacements. Une seule norme d'excellence Milident - Milident","isPartOf":{"@id":"https:\/\/milident.com\/fr\/#website"},"datePublished":"2025-10-01T03:18:07+00:00","dateModified":"2025-10-01T09:34:30+00:00","description":"Our upcoming events at the Milident Laboratory.","breadcrumb":{"@id":"https:\/\/milident.com\/fr\/evenements\/deux-emplacements-une-seule-norme-dexcellence-milident\/#breadcrumb"},"inLanguage":"fr-FR","potentialAction":[{"@type":"ReadAction","target":["https:\/\/milident.com\/fr\/evenements\/deux-emplacements-une-seule-norme-dexcellence-milident\/"]}]},{"@type":"BreadcrumbList","@id":"https:\/\/milident.com\/fr\/evenements\/deux-emplacements-une-seule-norme-dexcellence-milident\/#breadcrumb","itemListElement":[{"@type":"ListItem","position":1,"name":"Home","item":"https:\/\/milident.com\/fr\/"},{"@type":"ListItem","position":2,"name":"\u00c9v\u00e9nements","item":"https:\/\/milident.com\/fr\/evenements\/"},{"@type":"ListItem","position":3,"name":"Deux emplacements. Une seule norme d&rsquo;excellence Milident"}]},{"@type":"WebSite","@id":"https:\/\/milident.com\/fr\/#website","url":"https:\/\/milident.com\/fr\/","name":"Milident","description":"Fully digital laboratory","potentialAction":[{"@type":"SearchAction","target":{"@type":"EntryPoint","urlTemplate":"https:\/\/milident.com\/fr\/?s={search_term_string}"},"query-input":{"@type":"PropertyValueSpecification","valueRequired":true,"valueName":"search_term_string"}}],"inLanguage":"fr-FR"}]}},"_links":{"self":[{"href":"https:\/\/milident.com\/fr\/wp-json\/wp\/v2\/pages\/9054","targetHints":{"allow":["GET"]}}],"collection":[{"href":"https:\/\/milident.com\/fr\/wp-json\/wp\/v2\/pages"}],"about":[{"href":"https:\/\/milident.com\/fr\/wp-json\/wp\/v2\/types\/page"}],"author":[{"embeddable":true,"href":"https:\/\/milident.com\/fr\/wp-json\/wp\/v2\/users\/14"}],"replies":[{"embeddable":true,"href":"https:\/\/milident.com\/fr\/wp-json\/wp\/v2\/comments?post=9054"}],"version-history":[{"count":5,"href":"https:\/\/milident.com\/fr\/wp-json\/wp\/v2\/pages\/9054\/revisions"}],"predecessor-version":[{"id":9059,"href":"https:\/\/milident.com\/fr\/wp-json\/wp\/v2\/pages\/9054\/revisions\/9059"}],"up":[{"embeddable":true,"href":"https:\/\/milident.com\/fr\/wp-json\/wp\/v2\/pages\/5895"}],"wp:attachment":[{"href":"https:\/\/milident.com\/fr\/wp-json\/wp\/v2\/media?parent=9054"}],"curies":[{"name":"wp","href":"https:\/\/api.w.org\/{rel}","templated":true}]}}