{"id":9351,"date":"2025-12-12T13:56:30","date_gmt":"2025-12-12T17:56:30","guid":{"rendered":"https:\/\/milident.com\/privacy-policy\/"},"modified":"2025-12-12T12:55:18","modified_gmt":"2025-12-12T16:55:18","slug":"privacy-policy","status":"publish","type":"page","link":"https:\/\/milident.com\/fr\/privacy-policy\/","title":{"rendered":"POLITIQUE DE CONFIDENTIALIT\u00c9"},"content":{"rendered":"<p><strong>Date d\u2019entr\u00e9e en vigueur<\/strong>: 8 d\u00e9cembre 2025<\/p>\n<p>Chez <strong>Laboratoire dentaire Milident<\/strong>, nous nous engageons \u00e0 prot\u00e9ger votre vie priv\u00e9e. La pr\u00e9sente Politique de confidentialit\u00e9 explique comment nous recueillons, utilisons, divulguons et prot\u00e9geons vos renseignements personnels conform\u00e9ment \u00e0 la Loi sur la protection des renseignements personnels et les documents \u00e9lectroniques (LPRPDE).<\/p>\n<p><strong>1. Collecte de renseignements personnels<\/strong><br \/>\nNous recueillons des renseignements personnels afin de fournir nos services, r\u00e9pondre aux demandes et am\u00e9liorer l\u2019exp\u00e9rience utilisateur. Les types de renseignements que nous recueillons comprennent:<br \/>\n&#8211; Coordonn\u00e9es (nom, adresse, courriel, num\u00e9ro de t\u00e9l\u00e9phone).<br \/>\n&#8211; Renseignements de paiement pour traiter les transactions.<br \/>\n&#8211; Donn\u00e9es provenant des interactions avec le site Web, incluant les adresses IP et le comportement de navigation.<\/p>\n<p><strong>2. Utilisation des renseignements personnels<\/strong><br \/>\nNous utilisons vos renseignements personnels aux fins suivantes :<br \/>\n&#8211; Fournir les produits ou services que vous demandez.<br \/>\n&#8211; Traiter les paiements et ex\u00e9cuter les commandes.<br \/>\n&#8211; Communiquer avec vous concernant nos services.<br \/>\n&#8211; Am\u00e9liorer notre site Web et l\u2019exp\u00e9rience client.<\/p>\n<p><strong>3. Consentement<\/strong><br \/>\nEn fournissant des renseignements personnels, vous consentez \u00e0 leur utilisation pour les fins indiqu\u00e9es. Vous pouvez retirer votre consentement en tout temps en nous contactant:<br \/>\n<strong>Laboratoire dentaire Milident<\/strong><br \/>\nT\u00c9L. | 1.819.243.5654<br \/>\nCOURRIEL | info@milident.com<br \/>\nADRESSE | 165, boul. de la Technologie, Gatineau, QC, J8Z 3G4<br \/>\nHEURES | Lundi au vendredi | 8 h \u00e0 17 h<br \/>\nSITE WEB | <a style=\"color: #006400;\" href=\"https:\/\/milident.com\/\">milident.com<\/a><\/p>\n<p><strong>4. Divulgation des renseignements personnels<\/strong><br \/>\nNous ne vendons ni ne louons vos renseignements personnels. Nous pouvons les partager avec :<br \/>\n&#8211; Des fournisseurs de services qui nous assistent dans nos op\u00e9rations.<br \/>\n&#8211; Des organismes de r\u00e9glementation, si la loi l\u2019exige.<\/p>\n<p><strong>5. S\u00e9curit\u00e9 des donn\u00e9es<\/strong><br \/>\nNous prenons des mesures raisonnables pour prot\u00e9ger vos renseignements personnels contre l\u2019acc\u00e8s non autoris\u00e9, la perte ou l\u2019utilisation abusive. Toutefois, aucun syst\u00e8me n\u2019est enti\u00e8rement s\u00e9curis\u00e9.<\/p>\n<p><strong>6. Vos droits<\/strong><br \/>\nVous avez le droit :<br \/>\n&#8211; D\u2019acc\u00e9der aux renseignements personnels que nous d\u00e9tenons \u00e0 votre sujet.<br \/>\n&#8211; De demander des corrections.<br \/>\n&#8211; De retirer votre consentement \u00e0 l\u2019utilisation continue de vos donn\u00e9es.<br \/>\nPour exercer ces droits, veuillez nous contacter.<\/p>\n<p><strong>7. Conservation des renseignements personnels<\/strong><br \/>\nNous conservons vos renseignements personnels seulement pour la p\u00e9riode n\u00e9cessaire aux fins pour lesquelles ils ont \u00e9t\u00e9 recueillis ou selon les exigences l\u00e9gales.<\/p>\n<p><strong>8. Modifications \u00e0 cette politique<\/strong><br \/>\nNous pouvons mettre \u00e0 jour la pr\u00e9sente Politique de confidentialit\u00e9 au besoin. Nous vous encourageons \u00e0 la consulter p\u00e9riodiquement. L\u2019utilisation continue du site apr\u00e8s des modifications signifie que vous acceptez la politique r\u00e9vis\u00e9e.<br \/>\n<strong>Contactez-nous<\/strong><br \/>\nPour toute question ou pr\u00e9occupation concernant cette Politique de confidentialit\u00e9, veuillez communiquer avec nous:<\/p>\n<p><strong>Laboratoire dentaire Milident<\/strong><br \/>\nT\u00c9L. | 1.819.243.5654<br \/>\nCOURRIEL | info@milident.com<br \/>\nADRESSE | 165, boul. de la Technologie, Gatineau, QC, J8Z 3G4<\/p>\n","protected":false},"excerpt":{"rendered":"<p>Date d\u2019entr\u00e9e en vigueur: 8 d\u00e9cembre 2025 Chez Laboratoire dentaire Milident, nous nous engageons \u00e0 prot\u00e9ger votre vie priv\u00e9e. La pr\u00e9sente Politique de confidentialit\u00e9 explique comment nous recueillons, utilisons, divulguons et prot\u00e9geons vos renseignements personnels conform\u00e9ment \u00e0 la Loi sur la protection des renseignements personnels et les documents \u00e9lectroniques (LPRPDE). 1. Collecte de renseignements personnels Nous recueillons des renseignements personnels [&hellip;]<\/p>\n","protected":false},"author":15,"featured_media":0,"parent":0,"menu_order":0,"comment_status":"closed","ping_status":"closed","template":"elementor_theme","meta":{"inline_featured_image":false,"footnotes":""},"class_list":["post-9351","page","type-page","status-publish","hentry"],"yoast_head":"<!-- This site is optimized with the Yoast SEO plugin v27.2 - https:\/\/yoast.com\/product\/yoast-seo-wordpress\/ -->\n<title>POLITIQUE DE CONFIDENTIALIT\u00c9 - Milident<\/title>\n<meta name=\"robots\" content=\"index, follow, max-snippet:-1, max-image-preview:large, max-video-preview:-1\" \/>\n<link rel=\"canonical\" href=\"https:\/\/milident.com\/fr\/privacy-policy\/\" \/>\n<meta property=\"og:locale\" content=\"fr_FR\" \/>\n<meta property=\"og:type\" content=\"article\" \/>\n<meta property=\"og:title\" content=\"POLITIQUE DE CONFIDENTIALIT\u00c9 - Milident\" \/>\n<meta property=\"og:description\" content=\"Date d\u2019entr\u00e9e en vigueur: 8 d\u00e9cembre 2025 Chez Laboratoire dentaire Milident, nous nous engageons \u00e0 prot\u00e9ger votre vie priv\u00e9e. La pr\u00e9sente Politique de confidentialit\u00e9 explique comment nous recueillons, utilisons, divulguons et prot\u00e9geons vos renseignements personnels conform\u00e9ment \u00e0 la Loi sur la protection des renseignements personnels et les documents \u00e9lectroniques (LPRPDE). 1. Collecte de renseignements personnels Nous recueillons des renseignements personnels [&hellip;]\" \/>\n<meta property=\"og:url\" content=\"https:\/\/milident.com\/fr\/privacy-policy\/\" \/>\n<meta property=\"og:site_name\" content=\"Milident\" \/>\n<meta property=\"article:publisher\" content=\"https:\/\/www.facebook.com\/capitalceramicsEdmonton\" \/>\n<meta name=\"twitter:card\" content=\"summary_large_image\" \/>\n<meta name=\"twitter:label1\" content=\"Dur\u00e9e de lecture estim\u00e9e\" \/>\n\t<meta name=\"twitter:data1\" content=\"2 minutes\" \/>\n<script type=\"application\/ld+json\" class=\"yoast-schema-graph\">{\"@context\":\"https:\/\/schema.org\",\"@graph\":[{\"@type\":\"WebPage\",\"@id\":\"https:\/\/milident.com\/fr\/privacy-policy\/\",\"url\":\"https:\/\/milident.com\/fr\/privacy-policy\/\",\"name\":\"POLITIQUE DE CONFIDENTIALIT\u00c9 - Milident\",\"isPartOf\":{\"@id\":\"https:\/\/milident.com\/fr\/#website\"},\"datePublished\":\"2025-12-12T17:56:30+00:00\",\"breadcrumb\":{\"@id\":\"https:\/\/milident.com\/fr\/privacy-policy\/#breadcrumb\"},\"inLanguage\":\"fr-FR\",\"potentialAction\":[{\"@type\":\"ReadAction\",\"target\":[\"https:\/\/milident.com\/fr\/privacy-policy\/\"]}]},{\"@type\":\"BreadcrumbList\",\"@id\":\"https:\/\/milident.com\/fr\/privacy-policy\/#breadcrumb\",\"itemListElement\":[{\"@type\":\"ListItem\",\"position\":1,\"name\":\"Home\",\"item\":\"https:\/\/milident.com\/fr\/\"},{\"@type\":\"ListItem\",\"position\":2,\"name\":\"POLITIQUE DE CONFIDENTIALIT\u00c9\"}]},{\"@type\":\"WebSite\",\"@id\":\"https:\/\/milident.com\/fr\/#website\",\"url\":\"https:\/\/milident.com\/fr\/\",\"name\":\"Milident\",\"description\":\"Fully digital laboratory\",\"potentialAction\":[{\"@type\":\"SearchAction\",\"target\":{\"@type\":\"EntryPoint\",\"urlTemplate\":\"https:\/\/milident.com\/fr\/?s={search_term_string}\"},\"query-input\":{\"@type\":\"PropertyValueSpecification\",\"valueRequired\":true,\"valueName\":\"search_term_string\"}}],\"inLanguage\":\"fr-FR\"}]}<\/script>\n<!-- \/ Yoast SEO plugin. -->","yoast_head_json":{"title":"POLITIQUE DE CONFIDENTIALIT\u00c9 - Milident","robots":{"index":"index","follow":"follow","max-snippet":"max-snippet:-1","max-image-preview":"max-image-preview:large","max-video-preview":"max-video-preview:-1"},"canonical":"https:\/\/milident.com\/fr\/privacy-policy\/","og_locale":"fr_FR","og_type":"article","og_title":"POLITIQUE DE CONFIDENTIALIT\u00c9 - Milident","og_description":"Date d\u2019entr\u00e9e en vigueur: 8 d\u00e9cembre 2025 Chez Laboratoire dentaire Milident, nous nous engageons \u00e0 prot\u00e9ger votre vie priv\u00e9e. La pr\u00e9sente Politique de confidentialit\u00e9 explique comment nous recueillons, utilisons, divulguons et prot\u00e9geons vos renseignements personnels conform\u00e9ment \u00e0 la Loi sur la protection des renseignements personnels et les documents \u00e9lectroniques (LPRPDE). 1. Collecte de renseignements personnels Nous recueillons des renseignements personnels [&hellip;]","og_url":"https:\/\/milident.com\/fr\/privacy-policy\/","og_site_name":"Milident","article_publisher":"https:\/\/www.facebook.com\/capitalceramicsEdmonton","twitter_card":"summary_large_image","twitter_misc":{"Dur\u00e9e de lecture estim\u00e9e":"2 minutes"},"schema":{"@context":"https:\/\/schema.org","@graph":[{"@type":"WebPage","@id":"https:\/\/milident.com\/fr\/privacy-policy\/","url":"https:\/\/milident.com\/fr\/privacy-policy\/","name":"POLITIQUE DE CONFIDENTIALIT\u00c9 - Milident","isPartOf":{"@id":"https:\/\/milident.com\/fr\/#website"},"datePublished":"2025-12-12T17:56:30+00:00","breadcrumb":{"@id":"https:\/\/milident.com\/fr\/privacy-policy\/#breadcrumb"},"inLanguage":"fr-FR","potentialAction":[{"@type":"ReadAction","target":["https:\/\/milident.com\/fr\/privacy-policy\/"]}]},{"@type":"BreadcrumbList","@id":"https:\/\/milident.com\/fr\/privacy-policy\/#breadcrumb","itemListElement":[{"@type":"ListItem","position":1,"name":"Home","item":"https:\/\/milident.com\/fr\/"},{"@type":"ListItem","position":2,"name":"POLITIQUE DE CONFIDENTIALIT\u00c9"}]},{"@type":"WebSite","@id":"https:\/\/milident.com\/fr\/#website","url":"https:\/\/milident.com\/fr\/","name":"Milident","description":"Fully digital laboratory","potentialAction":[{"@type":"SearchAction","target":{"@type":"EntryPoint","urlTemplate":"https:\/\/milident.com\/fr\/?s={search_term_string}"},"query-input":{"@type":"PropertyValueSpecification","valueRequired":true,"valueName":"search_term_string"}}],"inLanguage":"fr-FR"}]}},"_links":{"self":[{"href":"https:\/\/milident.com\/fr\/wp-json\/wp\/v2\/pages\/9351","targetHints":{"allow":["GET"]}}],"collection":[{"href":"https:\/\/milident.com\/fr\/wp-json\/wp\/v2\/pages"}],"about":[{"href":"https:\/\/milident.com\/fr\/wp-json\/wp\/v2\/types\/page"}],"author":[{"embeddable":true,"href":"https:\/\/milident.com\/fr\/wp-json\/wp\/v2\/users\/15"}],"replies":[{"embeddable":true,"href":"https:\/\/milident.com\/fr\/wp-json\/wp\/v2\/comments?post=9351"}],"version-history":[{"count":14,"href":"https:\/\/milident.com\/fr\/wp-json\/wp\/v2\/pages\/9351\/revisions"}],"predecessor-version":[{"id":9404,"href":"https:\/\/milident.com\/fr\/wp-json\/wp\/v2\/pages\/9351\/revisions\/9404"}],"wp:attachment":[{"href":"https:\/\/milident.com\/fr\/wp-json\/wp\/v2\/media?parent=9351"}],"curies":[{"name":"wp","href":"https:\/\/api.w.org\/{rel}","templated":true}]}}