{"id":9365,"date":"2025-12-12T13:47:26","date_gmt":"2025-12-12T17:47:26","guid":{"rendered":"https:\/\/milident.com\/copyright-policy\/"},"modified":"2025-12-12T12:54:29","modified_gmt":"2025-12-12T16:54:29","slug":"copyright-policy","status":"publish","type":"page","link":"https:\/\/milident.com\/fr\/copyright-policy\/","title":{"rendered":"POLITIQUE DE DROITS D\u2019AUTEUR"},"content":{"rendered":"<p><strong>Politique de droits d\u2019auteur<\/strong><\/p>\n<p><strong>Date d\u2019entr\u00e9e en vigueur<\/strong> : 8 d\u00e9cembre 2025<\/p>\n<p><strong>1. Propri\u00e9t\u00e9 des droits d\u2019auteur<\/strong><br \/>Tout le contenu de ce site Web, y compris, sans s\u2019y limiter, le texte, les images, les vid\u00e9os, les conceptions et le code source, est la propri\u00e9t\u00e9 exclusive du <strong>Laboratoire dentaire Milident<\/strong> et est prot\u00e9g\u00e9 par la Loi sur le droit d\u2019auteur du Canada et par les lois internationales en mati\u00e8re de droits d\u2019auteur. Toute utilisation, reproduction ou distribution non autoris\u00e9e de ce contenu est strictement interdite sans le consentement \u00e9crit pr\u00e9alable du <strong>Laboratoire dentaire Milident<\/strong>.<\/p>\n<p><strong>2. Utilisation du contenu<\/strong><br \/>Vous ne pouvez pas copier, modifier, distribuer ou r\u00e9utiliser le contenu de ce site Web sans l\u2019autorisation \u00e9crite expresse du <strong>Laboratoire dentaire Milident<\/strong>. Cela comprend, sans s\u2019y limiter, la reproduction d\u2019images, l\u2019utilisation de texte \u00e0 des fins commerciales ou la distribution de contenu vid\u00e9o. Si vous souhaitez utiliser l\u2019un des \u00e9l\u00e9ments figurant sur ce site, veuillez nous contacter pour obtenir l\u2019autorisation.<\/p>\n<p><strong>3. Violation des droits d\u2019auteur<\/strong><br \/>Si vous croyez qu\u2019un contenu de ce site Web porte atteinte \u00e0 vos droits de propri\u00e9t\u00e9 intellectuelle, veuillez nous contacter imm\u00e9diatement. Vous pouvez signaler une violation pr\u00e9sum\u00e9e en fournissant les renseignements suivants :<br \/>&#8211; Une description de l\u2019\u0153uvre prot\u00e9g\u00e9e par droit d\u2019auteur que vous pr\u00e9tendez avoir \u00e9t\u00e9 contrefaite.<br \/>&#8211; L\u2019emplacement exact (URL) sur le site o\u00f9 se trouve le contenu en question.<br \/>&#8211; Vos coordonn\u00e9es (nom, courriel, num\u00e9ro de t\u00e9l\u00e9phone).<br \/>&#8211; Une d\u00e9claration indiquant que vous avez des motifs raisonnables de croire que l\u2019utilisation du mat\u00e9riel n\u2019est pas autoris\u00e9e par le titulaire du droit d\u2019auteur, son mandataire ou la loi.<br \/>&#8211; Une d\u00e9claration confirmant l\u2019exactitude de votre demande et indiquant que vous \u00eates le titulaire du droit d\u2019auteur ou autoris\u00e9 \u00e0 agir en son nom.<br \/>Veuillez transmettre toute r\u00e9clamation \u00e0 info@milident.com. Nous examinerons rapidement votre demande et prendrons les mesures n\u00e9cessaires, pouvant inclure le retrait du contenu en cause.<\/p>\n<p><strong>4. Utilisation \u00e9quitable et exceptions<\/strong><br \/>En vertu de la loi canadienne sur le droit d\u2019auteur, certaines exceptions permettent l\u2019utilisation d\u2019\u0153uvres prot\u00e9g\u00e9es sans autorisation, notamment pour la recherche, l\u2019\u00e9ducation, la critique ou le compte rendu de nouvelles, conform\u00e9ment aux dispositions d\u2019utilisation \u00e9quitable de la Loi sur le droit d\u2019auteur. Si vous croyez que votre utilisation du contenu rel\u00e8ve de l\u2019utilisation \u00e9quitable, veuillez vous assurer de respecter ces dispositions.<\/p>\n<p><strong>5. Dur\u00e9e de la protection<\/strong><br \/>Les \u0153uvres cr\u00e9\u00e9es par le <strong>Laboratoire dentaire Milident<\/strong> sont prot\u00e9g\u00e9es par le droit d\u2019auteur pendant la vie de l\u2019auteur et pendant 70 ans apr\u00e8s son d\u00e9c\u00e8s, conform\u00e9ment au droit canadien. Apr\u00e8s cette p\u00e9riode, l\u2019\u0153uvre peut entrer dans le domaine public et \u00eatre utilis\u00e9e librement par d\u2019autres. Toutefois, d\u2019ici l\u00e0, tous les droits sont r\u00e9serv\u00e9s au <strong>Laboratoire dentaire Milident<\/strong>.<br \/>Pour plus de renseignements sur le droit d\u2019auteur au Canada, vous pouvez consulter le site de l\u2019Office de la propri\u00e9t\u00e9 intellectuelle du Canada.<\/p>\n","protected":false},"excerpt":{"rendered":"<p>Politique de droits d\u2019auteur Date d\u2019entr\u00e9e en vigueur : 8 d\u00e9cembre 2025 1. Propri\u00e9t\u00e9 des droits d\u2019auteurTout le contenu de ce site Web, y compris, sans s\u2019y limiter, le texte, les images, les vid\u00e9os, les conceptions et le code source, est la propri\u00e9t\u00e9 exclusive du Laboratoire dentaire Milident et est prot\u00e9g\u00e9 par la Loi sur le droit d\u2019auteur du Canada [&hellip;]<\/p>\n","protected":false},"author":15,"featured_media":0,"parent":0,"menu_order":0,"comment_status":"closed","ping_status":"closed","template":"elementor_theme","meta":{"inline_featured_image":false,"footnotes":""},"class_list":["post-9365","page","type-page","status-publish","hentry"],"yoast_head":"<!-- This site is optimized with the Yoast SEO plugin v27.2 - https:\/\/yoast.com\/product\/yoast-seo-wordpress\/ -->\n<title>POLITIQUE DE DROITS D\u2019AUTEUR - Milident<\/title>\n<meta name=\"robots\" content=\"index, follow, max-snippet:-1, max-image-preview:large, max-video-preview:-1\" \/>\n<link rel=\"canonical\" href=\"https:\/\/milident.com\/fr\/copyright-policy\/\" \/>\n<meta property=\"og:locale\" content=\"fr_FR\" \/>\n<meta property=\"og:type\" content=\"article\" \/>\n<meta property=\"og:title\" content=\"POLITIQUE DE DROITS D\u2019AUTEUR - Milident\" \/>\n<meta property=\"og:description\" content=\"Politique de droits d\u2019auteur Date d\u2019entr\u00e9e en vigueur : 8 d\u00e9cembre 2025 1. Propri\u00e9t\u00e9 des droits d\u2019auteurTout le contenu de ce site Web, y compris, sans s\u2019y limiter, le texte, les images, les vid\u00e9os, les conceptions et le code source, est la propri\u00e9t\u00e9 exclusive du Laboratoire dentaire Milident et est prot\u00e9g\u00e9 par la Loi sur le droit d\u2019auteur du Canada [&hellip;]\" \/>\n<meta property=\"og:url\" content=\"https:\/\/milident.com\/fr\/copyright-policy\/\" \/>\n<meta property=\"og:site_name\" content=\"Milident\" \/>\n<meta property=\"article:publisher\" content=\"https:\/\/www.facebook.com\/capitalceramicsEdmonton\" \/>\n<meta name=\"twitter:card\" content=\"summary_large_image\" \/>\n<meta name=\"twitter:label1\" content=\"Dur\u00e9e de lecture estim\u00e9e\" \/>\n\t<meta name=\"twitter:data1\" content=\"3 minutes\" \/>\n<script type=\"application\/ld+json\" class=\"yoast-schema-graph\">{\"@context\":\"https:\/\/schema.org\",\"@graph\":[{\"@type\":\"WebPage\",\"@id\":\"https:\/\/milident.com\/fr\/copyright-policy\/\",\"url\":\"https:\/\/milident.com\/fr\/copyright-policy\/\",\"name\":\"POLITIQUE DE DROITS D\u2019AUTEUR - Milident\",\"isPartOf\":{\"@id\":\"https:\/\/milident.com\/fr\/#website\"},\"datePublished\":\"2025-12-12T17:47:26+00:00\",\"breadcrumb\":{\"@id\":\"https:\/\/milident.com\/fr\/copyright-policy\/#breadcrumb\"},\"inLanguage\":\"fr-FR\",\"potentialAction\":[{\"@type\":\"ReadAction\",\"target\":[\"https:\/\/milident.com\/fr\/copyright-policy\/\"]}]},{\"@type\":\"BreadcrumbList\",\"@id\":\"https:\/\/milident.com\/fr\/copyright-policy\/#breadcrumb\",\"itemListElement\":[{\"@type\":\"ListItem\",\"position\":1,\"name\":\"Home\",\"item\":\"https:\/\/milident.com\/fr\/\"},{\"@type\":\"ListItem\",\"position\":2,\"name\":\"POLITIQUE DE DROITS D\u2019AUTEUR\"}]},{\"@type\":\"WebSite\",\"@id\":\"https:\/\/milident.com\/fr\/#website\",\"url\":\"https:\/\/milident.com\/fr\/\",\"name\":\"Milident\",\"description\":\"Fully digital laboratory\",\"potentialAction\":[{\"@type\":\"SearchAction\",\"target\":{\"@type\":\"EntryPoint\",\"urlTemplate\":\"https:\/\/milident.com\/fr\/?s={search_term_string}\"},\"query-input\":{\"@type\":\"PropertyValueSpecification\",\"valueRequired\":true,\"valueName\":\"search_term_string\"}}],\"inLanguage\":\"fr-FR\"}]}<\/script>\n<!-- \/ Yoast SEO plugin. -->","yoast_head_json":{"title":"POLITIQUE DE DROITS D\u2019AUTEUR - Milident","robots":{"index":"index","follow":"follow","max-snippet":"max-snippet:-1","max-image-preview":"max-image-preview:large","max-video-preview":"max-video-preview:-1"},"canonical":"https:\/\/milident.com\/fr\/copyright-policy\/","og_locale":"fr_FR","og_type":"article","og_title":"POLITIQUE DE DROITS D\u2019AUTEUR - Milident","og_description":"Politique de droits d\u2019auteur Date d\u2019entr\u00e9e en vigueur : 8 d\u00e9cembre 2025 1. Propri\u00e9t\u00e9 des droits d\u2019auteurTout le contenu de ce site Web, y compris, sans s\u2019y limiter, le texte, les images, les vid\u00e9os, les conceptions et le code source, est la propri\u00e9t\u00e9 exclusive du Laboratoire dentaire Milident et est prot\u00e9g\u00e9 par la Loi sur le droit d\u2019auteur du Canada [&hellip;]","og_url":"https:\/\/milident.com\/fr\/copyright-policy\/","og_site_name":"Milident","article_publisher":"https:\/\/www.facebook.com\/capitalceramicsEdmonton","twitter_card":"summary_large_image","twitter_misc":{"Dur\u00e9e de lecture estim\u00e9e":"3 minutes"},"schema":{"@context":"https:\/\/schema.org","@graph":[{"@type":"WebPage","@id":"https:\/\/milident.com\/fr\/copyright-policy\/","url":"https:\/\/milident.com\/fr\/copyright-policy\/","name":"POLITIQUE DE DROITS D\u2019AUTEUR - Milident","isPartOf":{"@id":"https:\/\/milident.com\/fr\/#website"},"datePublished":"2025-12-12T17:47:26+00:00","breadcrumb":{"@id":"https:\/\/milident.com\/fr\/copyright-policy\/#breadcrumb"},"inLanguage":"fr-FR","potentialAction":[{"@type":"ReadAction","target":["https:\/\/milident.com\/fr\/copyright-policy\/"]}]},{"@type":"BreadcrumbList","@id":"https:\/\/milident.com\/fr\/copyright-policy\/#breadcrumb","itemListElement":[{"@type":"ListItem","position":1,"name":"Home","item":"https:\/\/milident.com\/fr\/"},{"@type":"ListItem","position":2,"name":"POLITIQUE DE DROITS D\u2019AUTEUR"}]},{"@type":"WebSite","@id":"https:\/\/milident.com\/fr\/#website","url":"https:\/\/milident.com\/fr\/","name":"Milident","description":"Fully digital laboratory","potentialAction":[{"@type":"SearchAction","target":{"@type":"EntryPoint","urlTemplate":"https:\/\/milident.com\/fr\/?s={search_term_string}"},"query-input":{"@type":"PropertyValueSpecification","valueRequired":true,"valueName":"search_term_string"}}],"inLanguage":"fr-FR"}]}},"_links":{"self":[{"href":"https:\/\/milident.com\/fr\/wp-json\/wp\/v2\/pages\/9365","targetHints":{"allow":["GET"]}}],"collection":[{"href":"https:\/\/milident.com\/fr\/wp-json\/wp\/v2\/pages"}],"about":[{"href":"https:\/\/milident.com\/fr\/wp-json\/wp\/v2\/types\/page"}],"author":[{"embeddable":true,"href":"https:\/\/milident.com\/fr\/wp-json\/wp\/v2\/users\/15"}],"replies":[{"embeddable":true,"href":"https:\/\/milident.com\/fr\/wp-json\/wp\/v2\/comments?post=9365"}],"version-history":[{"count":6,"href":"https:\/\/milident.com\/fr\/wp-json\/wp\/v2\/pages\/9365\/revisions"}],"predecessor-version":[{"id":9373,"href":"https:\/\/milident.com\/fr\/wp-json\/wp\/v2\/pages\/9365\/revisions\/9373"}],"wp:attachment":[{"href":"https:\/\/milident.com\/fr\/wp-json\/wp\/v2\/media?parent=9365"}],"curies":[{"name":"wp","href":"https:\/\/api.w.org\/{rel}","templated":true}]}}