{"id":9383,"date":"2025-12-12T03:52:39","date_gmt":"2025-12-12T07:52:39","guid":{"rendered":"https:\/\/milident.com\/terms-of-use\/"},"modified":"2025-12-12T12:40:40","modified_gmt":"2025-12-12T16:40:40","slug":"terms-of-use","status":"publish","type":"page","link":"https:\/\/milident.com\/fr\/terms-of-use\/","title":{"rendered":"CONDITIONS D\u2019UTILISATION"},"content":{"rendered":"<p>Date d\u2019entr\u00e9e en vigueur : 8 d\u00e9cembre 2025<\/p>\n<p>Bienvenue sur milident.com! En acc\u00e9dant \u00e0 ce site, vous acceptez de respecter les pr\u00e9sentes Conditions d\u2019utilisation. Si vous n\u2019\u00eates pas d\u2019accord, veuillez cesser d\u2019utiliser le site imm\u00e9diatement.<\/p>\n<p><strong>1. Introduction<\/strong><br \/>\nCes Conditions r\u00e9gissent votre utilisation de milident.com, exploit\u00e9 par Laboratoire dentaire Milident. En utilisant ce site, vous acceptez l\u2019ensemble des Conditions.<\/p>\n<p><strong>2. Modifications des conditions<\/strong><br \/>\nNous pouvons mettre \u00e0 jour ces Conditions sans pr\u00e9avis. Les changements peuvent \u00eatre annonc\u00e9s par courriel, avis sur le site ou mise \u00e0 jour de la date d\u2019entr\u00e9e en vigueur.<br \/>\nL\u2019utilisation continue du site constitue une acceptation des nouvelles conditions.<\/p>\n<p><strong>3. Propri\u00e9t\u00e9 du contenu<\/strong><br \/>\nTout le contenu du site \u2014 texte, images, designs, code source \u2014 appartient \u00e0 Laboratoire dentaire Milident et est prot\u00e9g\u00e9 par les lois sur le droit d\u2019auteur. Toute utilisation non autoris\u00e9e est interdite.<\/p>\n<p><strong>4. Utilisation du site<\/strong><br \/>\nVous acceptez d\u2019utiliser ce site l\u00e9galement. Les comportements interdits incluent :<br \/>\nHarceler d\u2019autres utilisateurs<br \/>\nPublier du contenu offensant ou diffamatoire<br \/>\nTenter d\u2019acc\u00e9der au site ou \u00e0 ses syst\u00e8mes sans autorisation<\/p>\n<p><strong>5. Limitation de responsabilit\u00e9<\/strong><br \/>\nLaboratoire dentaire Milident n\u2019est pas responsable de tout dommage direct ou indirect r\u00e9sultant de l\u2019utilisation du site.<\/p>\n<p><strong>6. Politique de confidentialit\u00e9<\/strong><br \/>\nVotre utilisation du site est \u00e9galement r\u00e9gie par notre Politique de confidentialit\u00e9.<\/p>\n<p><strong>7. Droit applicable<\/strong><br \/>\nCes Conditions sont r\u00e9gies par les lois du Canada et de la province de Qu\u00e9bec. Les litiges seront soumis aux tribunaux de Gatineau.<\/p>\n<p><strong>8. Coordonn\u00e9es<\/strong><br \/>\n<strong>Laboratoire dentaire Milident\u2028<\/strong><\/p>\n<p>T\u00c9L. | 1.819.243.5654<\/p>\n<p>COURRIEL | info@milident.com<\/p>\n<p>ADRESSE | 165, boul. de la Technologie, Gatineau, QC, J8Z 3G4<\/p>\n<p>HEURES | Lundi au vendredi, 8 h \u00e0 17 h<\/p>\n<p><strong>9. Divisibilit\u00e9<\/strong><br \/>\nSi une clause est invalide, les autres demeurent en vigueur.<\/p>\n<p><strong>10. Accord complet<\/strong><br \/>\nCes Conditions et notre Politique de confidentialit\u00e9 constituent l\u2019accord complet.<\/p>\n","protected":false},"excerpt":{"rendered":"<p>Date d\u2019entr\u00e9e en vigueur : 8 d\u00e9cembre 2025 Bienvenue sur milident.com! En acc\u00e9dant \u00e0 ce site, vous acceptez de respecter les pr\u00e9sentes Conditions d\u2019utilisation. Si vous n\u2019\u00eates pas d\u2019accord, veuillez cesser d\u2019utiliser le site imm\u00e9diatement. 1. Introduction Ces Conditions r\u00e9gissent votre utilisation de milident.com, exploit\u00e9 par Laboratoire dentaire Milident. En utilisant ce site, vous acceptez l\u2019ensemble des Conditions. 2. Modifications [&hellip;]<\/p>\n","protected":false},"author":15,"featured_media":0,"parent":0,"menu_order":0,"comment_status":"closed","ping_status":"closed","template":"elementor_theme","meta":{"inline_featured_image":false,"footnotes":""},"class_list":["post-9383","page","type-page","status-publish","hentry"],"yoast_head":"<!-- This site is optimized with the Yoast SEO plugin v27.2 - https:\/\/yoast.com\/product\/yoast-seo-wordpress\/ -->\n<title>CONDITIONS D\u2019UTILISATION - Milident<\/title>\n<meta name=\"robots\" content=\"index, follow, max-snippet:-1, max-image-preview:large, max-video-preview:-1\" \/>\n<link rel=\"canonical\" href=\"https:\/\/milident.com\/fr\/terms-of-use\/\" \/>\n<meta property=\"og:locale\" content=\"fr_FR\" \/>\n<meta property=\"og:type\" content=\"article\" \/>\n<meta property=\"og:title\" content=\"CONDITIONS D\u2019UTILISATION - Milident\" \/>\n<meta property=\"og:description\" content=\"Date d\u2019entr\u00e9e en vigueur : 8 d\u00e9cembre 2025 Bienvenue sur milident.com! En acc\u00e9dant \u00e0 ce site, vous acceptez de respecter les pr\u00e9sentes Conditions d\u2019utilisation. Si vous n\u2019\u00eates pas d\u2019accord, veuillez cesser d\u2019utiliser le site imm\u00e9diatement. 1. Introduction Ces Conditions r\u00e9gissent votre utilisation de milident.com, exploit\u00e9 par Laboratoire dentaire Milident. En utilisant ce site, vous acceptez l\u2019ensemble des Conditions. 2. Modifications [&hellip;]\" \/>\n<meta property=\"og:url\" content=\"https:\/\/milident.com\/fr\/terms-of-use\/\" \/>\n<meta property=\"og:site_name\" content=\"Milident\" \/>\n<meta property=\"article:publisher\" content=\"https:\/\/www.facebook.com\/capitalceramicsEdmonton\" \/>\n<meta property=\"article:modified_time\" content=\"2025-12-12T16:40:40+00:00\" \/>\n<meta name=\"twitter:card\" content=\"summary_large_image\" \/>\n<meta name=\"twitter:label1\" content=\"Dur\u00e9e de lecture estim\u00e9e\" \/>\n\t<meta name=\"twitter:data1\" content=\"2 minutes\" \/>\n<script type=\"application\/ld+json\" class=\"yoast-schema-graph\">{\"@context\":\"https:\/\/schema.org\",\"@graph\":[{\"@type\":\"WebPage\",\"@id\":\"https:\/\/milident.com\/fr\/terms-of-use\/\",\"url\":\"https:\/\/milident.com\/fr\/terms-of-use\/\",\"name\":\"CONDITIONS D\u2019UTILISATION - Milident\",\"isPartOf\":{\"@id\":\"https:\/\/milident.com\/fr\/#website\"},\"datePublished\":\"2025-12-12T07:52:39+00:00\",\"dateModified\":\"2025-12-12T16:40:40+00:00\",\"breadcrumb\":{\"@id\":\"https:\/\/milident.com\/fr\/terms-of-use\/#breadcrumb\"},\"inLanguage\":\"fr-FR\",\"potentialAction\":[{\"@type\":\"ReadAction\",\"target\":[\"https:\/\/milident.com\/fr\/terms-of-use\/\"]}]},{\"@type\":\"BreadcrumbList\",\"@id\":\"https:\/\/milident.com\/fr\/terms-of-use\/#breadcrumb\",\"itemListElement\":[{\"@type\":\"ListItem\",\"position\":1,\"name\":\"Home\",\"item\":\"https:\/\/milident.com\/fr\/\"},{\"@type\":\"ListItem\",\"position\":2,\"name\":\"CONDITIONS D\u2019UTILISATION\"}]},{\"@type\":\"WebSite\",\"@id\":\"https:\/\/milident.com\/fr\/#website\",\"url\":\"https:\/\/milident.com\/fr\/\",\"name\":\"Milident\",\"description\":\"Fully digital laboratory\",\"potentialAction\":[{\"@type\":\"SearchAction\",\"target\":{\"@type\":\"EntryPoint\",\"urlTemplate\":\"https:\/\/milident.com\/fr\/?s={search_term_string}\"},\"query-input\":{\"@type\":\"PropertyValueSpecification\",\"valueRequired\":true,\"valueName\":\"search_term_string\"}}],\"inLanguage\":\"fr-FR\"}]}<\/script>\n<!-- \/ Yoast SEO plugin. -->","yoast_head_json":{"title":"CONDITIONS D\u2019UTILISATION - Milident","robots":{"index":"index","follow":"follow","max-snippet":"max-snippet:-1","max-image-preview":"max-image-preview:large","max-video-preview":"max-video-preview:-1"},"canonical":"https:\/\/milident.com\/fr\/terms-of-use\/","og_locale":"fr_FR","og_type":"article","og_title":"CONDITIONS D\u2019UTILISATION - Milident","og_description":"Date d\u2019entr\u00e9e en vigueur : 8 d\u00e9cembre 2025 Bienvenue sur milident.com! En acc\u00e9dant \u00e0 ce site, vous acceptez de respecter les pr\u00e9sentes Conditions d\u2019utilisation. Si vous n\u2019\u00eates pas d\u2019accord, veuillez cesser d\u2019utiliser le site imm\u00e9diatement. 1. Introduction Ces Conditions r\u00e9gissent votre utilisation de milident.com, exploit\u00e9 par Laboratoire dentaire Milident. En utilisant ce site, vous acceptez l\u2019ensemble des Conditions. 2. Modifications [&hellip;]","og_url":"https:\/\/milident.com\/fr\/terms-of-use\/","og_site_name":"Milident","article_publisher":"https:\/\/www.facebook.com\/capitalceramicsEdmonton","article_modified_time":"2025-12-12T16:40:40+00:00","twitter_card":"summary_large_image","twitter_misc":{"Dur\u00e9e de lecture estim\u00e9e":"2 minutes"},"schema":{"@context":"https:\/\/schema.org","@graph":[{"@type":"WebPage","@id":"https:\/\/milident.com\/fr\/terms-of-use\/","url":"https:\/\/milident.com\/fr\/terms-of-use\/","name":"CONDITIONS D\u2019UTILISATION - Milident","isPartOf":{"@id":"https:\/\/milident.com\/fr\/#website"},"datePublished":"2025-12-12T07:52:39+00:00","dateModified":"2025-12-12T16:40:40+00:00","breadcrumb":{"@id":"https:\/\/milident.com\/fr\/terms-of-use\/#breadcrumb"},"inLanguage":"fr-FR","potentialAction":[{"@type":"ReadAction","target":["https:\/\/milident.com\/fr\/terms-of-use\/"]}]},{"@type":"BreadcrumbList","@id":"https:\/\/milident.com\/fr\/terms-of-use\/#breadcrumb","itemListElement":[{"@type":"ListItem","position":1,"name":"Home","item":"https:\/\/milident.com\/fr\/"},{"@type":"ListItem","position":2,"name":"CONDITIONS D\u2019UTILISATION"}]},{"@type":"WebSite","@id":"https:\/\/milident.com\/fr\/#website","url":"https:\/\/milident.com\/fr\/","name":"Milident","description":"Fully digital laboratory","potentialAction":[{"@type":"SearchAction","target":{"@type":"EntryPoint","urlTemplate":"https:\/\/milident.com\/fr\/?s={search_term_string}"},"query-input":{"@type":"PropertyValueSpecification","valueRequired":true,"valueName":"search_term_string"}}],"inLanguage":"fr-FR"}]}},"_links":{"self":[{"href":"https:\/\/milident.com\/fr\/wp-json\/wp\/v2\/pages\/9383","targetHints":{"allow":["GET"]}}],"collection":[{"href":"https:\/\/milident.com\/fr\/wp-json\/wp\/v2\/pages"}],"about":[{"href":"https:\/\/milident.com\/fr\/wp-json\/wp\/v2\/types\/page"}],"author":[{"embeddable":true,"href":"https:\/\/milident.com\/fr\/wp-json\/wp\/v2\/users\/15"}],"replies":[{"embeddable":true,"href":"https:\/\/milident.com\/fr\/wp-json\/wp\/v2\/comments?post=9383"}],"version-history":[{"count":8,"href":"https:\/\/milident.com\/fr\/wp-json\/wp\/v2\/pages\/9383\/revisions"}],"predecessor-version":[{"id":9398,"href":"https:\/\/milident.com\/fr\/wp-json\/wp\/v2\/pages\/9383\/revisions\/9398"}],"wp:attachment":[{"href":"https:\/\/milident.com\/fr\/wp-json\/wp\/v2\/media?parent=9383"}],"curies":[{"name":"wp","href":"https:\/\/api.w.org\/{rel}","templated":true}]}}