{"id":9549,"date":"2026-01-18T21:22:54","date_gmt":"2026-01-19T01:22:54","guid":{"rendered":"https:\/\/milident.com\/evenements\/surgical-guides-in-dentistry-principles-applications-clinical-efficiency-english-presentation\/"},"modified":"2026-01-21T02:43:21","modified_gmt":"2026-01-21T06:43:21","slug":"guides-chirurgicaux-en-dentisterie-principes-applications-et-efficacite-clinique","status":"publish","type":"page","link":"https:\/\/milident.com\/fr\/evenements\/guides-chirurgicaux-en-dentisterie-principes-applications-et-efficacite-clinique\/","title":{"rendered":"GUIDES CHIRURGICAUX EN DENTISTERIE : PRINCIPES, APPLICATIONS ET EFFICACIT\u00c9 CLINIQUE"},"content":{"rendered":"<div class=\"wpb-content-wrapper\">[vc_row full_width=\u00a0\u00bbstretch_row\u00a0\u00bb full_height=\u00a0\u00bbyes\u00a0\u00bb columns_placement=\u00a0\u00bbtop\u00a0\u00bb][vc_column width=\u00a0\u00bb1\/2&Prime;][vc_column_text css=\u00a0\u00bb\u00a0\u00bb]\n<h4 class=\"x_elementToProof\">GUIDES CHIRURGICAUX EN DENTISTERIE : Principes, applications et efficacit\u00e9 clinique<\/h4>\n<div class=\"page\" title=\"Page 1\">\n<div class=\"section\">\n<div class=\"layoutArea\">\n<div class=\"column\">\n<p><i class=\"fas fa-tags\"><\/i> <strong>Co\u00fbt :<\/strong> $249 (TPS incluse)<br \/>\n<i class=\"fas fa-calendar-alt\"><\/i> <strong>Date :<\/strong> Le samedi 21 f\u00e9vrier 2026, de 9h \u00e0 16h<br \/>\n<i class=\"fas fa-map-marker-alt\"><\/i> <strong>Lieu :<\/strong> Laboratoire dentaire Milident &#8211; 165, boul. de la technologie, Gatineau, QC<\/p>\n<\/div>\n<\/div>\n<\/div>\n<\/div>\n[\/vc_column_text][vc_btn title=\u00a0\u00bbInscription\u00a0\u00bb css=\u00a0\u00bb\u00a0\u00bb link=\u00a0\u00bburl:https%3A%2F%2Fmilident.com%2Fpay-online-milident-event-surgical-guides-in-dentistry-principles-applications-clinical-efficiency%2F|target:_blank\u00a0\u00bb][vc_separator][vc_column_text css=\u00a0\u00bb\u00a0\u00bb]\n<p class=\"p2\"><b>PR\u00c9SENTATION DU PROFIL<\/b><\/p>\n[\/vc_column_text]<div class='xtd-carousel-mini__container  '><div class='xtd-carousel-mini'><div class='owl-carousel' data-autoplay='true' data-timeout='2000' data-hover='true' data-loop='true' data-dots='true'>[vc_single_image image=\u00a0\u00bb9555&Prime; img_size=\u00a0\u00bbfull\u00a0\u00bb css=\u00a0\u00bb\u00a0\u00bb][vc_single_image image=\u00a0\u00bb9557&Prime; img_size=\u00a0\u00bbfull\u00a0\u00bb css=\u00a0\u00bb\u00a0\u00bb][vc_single_image image=\u00a0\u00bb9559&Prime; img_size=\u00a0\u00bbfull\u00a0\u00bb css=\u00a0\u00bb\u00a0\u00bb][vc_single_image image=\u00a0\u00bb9561&Prime; img_size=\u00a0\u00bblarge\u00a0\u00bb css=\u00a0\u00bb\u00a0\u00bb]<\/div><\/div><\/div>[\/vc_column][vc_column width=\u00a0\u00bb1\/2&Prime;][vc_single_image image=\u00a0\u00bb9552&Prime; img_size=\u00a0\u00bblarge\u00a0\u00bb css=\u00a0\u00bb\u00a0\u00bb][\/vc_column][\/vc_row][vc_row full_width=\u00a0\u00bbstretch_row\u00a0\u00bb curly_padding=\u00a0\u00bbcontent-padding-none\u00a0\u00bb el_class=\u00a0\u00bbcolor&#8211;text-inverted xtd-background-animation&#8211;left-right\u00a0\u00bb css=\u00a0\u00bb.vc_custom_1626212958924{background: #231f20 url(http:\/\/localhost\/dentist\/wp-content\/uploads\/sites\/20\/2017\/06\/Seamlessteethlight-bluepattern_d9c7faf5-9516-4c8b-af46-05a4aa273320-2.png?id=283) !important;}\u00a0\u00bb][vc_column][vc_column_text]\n<p style=\"text-align: center;\">Combining Tradition with Innovation<\/p>\n[\/vc_column_text][\/vc_column][\/vc_row]\n<\/div>","protected":false},"excerpt":{"rendered":"<p>[vc_row full_width=\u00a0\u00bbstretch_row\u00a0\u00bb full_height=\u00a0\u00bbyes\u00a0\u00bb columns_placement=\u00a0\u00bbtop\u00a0\u00bb][vc_column width=\u00a0\u00bb1\/2&Prime;][vc_column_text css=\u00a0\u00bb\u00a0\u00bb] GUIDES CHIRURGICAUX EN DENTISTERIE : Principes, applications et efficacit\u00e9 clinique Co\u00fbt : $249 (TPS incluse) Date : Le samedi 21 f\u00e9vrier 2026, de 9h \u00e0 16h Lieu : Laboratoire dentaire Milident &#8211; 165, boul. de la technologie, Gatineau, QC [\/vc_column_text][vc_btn title=\u00a0\u00bbInscription\u00a0\u00bb css=\u00a0\u00bb\u00a0\u00bb link=\u00a0\u00bburl:https%3A%2F%2Fmilident.com%2Fpay-online-milident-event-surgical-guides-in-dentistry-principles-applications-clinical-efficiency%2F|target:_blank\u00a0\u00bb][vc_separator][vc_column_text css=\u00a0\u00bb\u00a0\u00bb] PR\u00c9SENTATION DU PROFIL [\/vc_column_text][\/vc_column][vc_column width=\u00a0\u00bb1\/2&Prime;][vc_single_image image=\u00a0\u00bb9552&Prime; img_size=\u00a0\u00bblarge\u00a0\u00bb css=\u00a0\u00bb\u00a0\u00bb][\/vc_column][\/vc_row][vc_row full_width=\u00a0\u00bbstretch_row\u00a0\u00bb curly_padding=\u00a0\u00bbcontent-padding-none\u00a0\u00bb [&hellip;]<\/p>\n","protected":false},"author":14,"featured_media":0,"parent":5895,"menu_order":0,"comment_status":"closed","ping_status":"closed","template":"","meta":{"inline_featured_image":false,"footnotes":""},"class_list":["post-9549","page","type-page","status-publish","hentry"],"yoast_head":"<!-- This site is optimized with the Yoast SEO plugin v27.2 - https:\/\/yoast.com\/product\/yoast-seo-wordpress\/ -->\n<title>GUIDES CHIRURGICAUX EN DENTISTERIE : PRINCIPES, APPLICATIONS ET EFFICACIT\u00c9 CLINIQUE - Milident<\/title>\n<meta name=\"description\" content=\"Our upcoming events at the Milident Laboratory.\" \/>\n<meta name=\"robots\" content=\"index, follow, max-snippet:-1, max-image-preview:large, max-video-preview:-1\" \/>\n<link rel=\"canonical\" href=\"https:\/\/milident.com\/fr\/evenements\/guides-chirurgicaux-en-dentisterie-principes-applications-et-efficacite-clinique\/\" \/>\n<meta property=\"og:locale\" content=\"fr_FR\" \/>\n<meta property=\"og:type\" content=\"article\" \/>\n<meta property=\"og:title\" content=\"GUIDES CHIRURGICAUX EN DENTISTERIE : PRINCIPES, APPLICATIONS ET EFFICACIT\u00c9 CLINIQUE - Milident\" \/>\n<meta property=\"og:description\" content=\"Our upcoming events at the Milident Laboratory.\" \/>\n<meta property=\"og:url\" content=\"https:\/\/milident.com\/fr\/evenements\/guides-chirurgicaux-en-dentisterie-principes-applications-et-efficacite-clinique\/\" \/>\n<meta property=\"og:site_name\" content=\"Milident\" \/>\n<meta property=\"article:publisher\" content=\"https:\/\/www.facebook.com\/capitalceramicsEdmonton\" \/>\n<meta property=\"article:modified_time\" content=\"2026-01-21T06:43:21+00:00\" \/>\n<meta name=\"twitter:card\" content=\"summary_large_image\" \/>\n<meta name=\"twitter:label1\" content=\"Dur\u00e9e de lecture estim\u00e9e\" \/>\n\t<meta name=\"twitter:data1\" content=\"2 minutes\" \/>\n<script type=\"application\/ld+json\" class=\"yoast-schema-graph\">{\"@context\":\"https:\/\/schema.org\",\"@graph\":[{\"@type\":\"WebPage\",\"@id\":\"https:\/\/milident.com\/fr\/evenements\/guides-chirurgicaux-en-dentisterie-principes-applications-et-efficacite-clinique\/\",\"url\":\"https:\/\/milident.com\/fr\/evenements\/guides-chirurgicaux-en-dentisterie-principes-applications-et-efficacite-clinique\/\",\"name\":\"GUIDES CHIRURGICAUX EN DENTISTERIE : PRINCIPES, APPLICATIONS ET EFFICACIT\u00c9 CLINIQUE - Milident\",\"isPartOf\":{\"@id\":\"https:\/\/milident.com\/fr\/#website\"},\"datePublished\":\"2026-01-19T01:22:54+00:00\",\"dateModified\":\"2026-01-21T06:43:21+00:00\",\"description\":\"Our upcoming events at the Milident Laboratory.\",\"breadcrumb\":{\"@id\":\"https:\/\/milident.com\/fr\/evenements\/guides-chirurgicaux-en-dentisterie-principes-applications-et-efficacite-clinique\/#breadcrumb\"},\"inLanguage\":\"fr-FR\",\"potentialAction\":[{\"@type\":\"ReadAction\",\"target\":[\"https:\/\/milident.com\/fr\/evenements\/guides-chirurgicaux-en-dentisterie-principes-applications-et-efficacite-clinique\/\"]}]},{\"@type\":\"BreadcrumbList\",\"@id\":\"https:\/\/milident.com\/fr\/evenements\/guides-chirurgicaux-en-dentisterie-principes-applications-et-efficacite-clinique\/#breadcrumb\",\"itemListElement\":[{\"@type\":\"ListItem\",\"position\":1,\"name\":\"Home\",\"item\":\"https:\/\/milident.com\/fr\/\"},{\"@type\":\"ListItem\",\"position\":2,\"name\":\"\u00c9v\u00e9nements\",\"item\":\"https:\/\/milident.com\/fr\/evenements\/\"},{\"@type\":\"ListItem\",\"position\":3,\"name\":\"GUIDES CHIRURGICAUX EN DENTISTERIE : PRINCIPES, APPLICATIONS ET EFFICACIT\u00c9 CLINIQUE\"}]},{\"@type\":\"WebSite\",\"@id\":\"https:\/\/milident.com\/fr\/#website\",\"url\":\"https:\/\/milident.com\/fr\/\",\"name\":\"Milident\",\"description\":\"Fully digital laboratory\",\"potentialAction\":[{\"@type\":\"SearchAction\",\"target\":{\"@type\":\"EntryPoint\",\"urlTemplate\":\"https:\/\/milident.com\/fr\/?s={search_term_string}\"},\"query-input\":{\"@type\":\"PropertyValueSpecification\",\"valueRequired\":true,\"valueName\":\"search_term_string\"}}],\"inLanguage\":\"fr-FR\"}]}<\/script>\n<!-- \/ Yoast SEO plugin. -->","yoast_head_json":{"title":"GUIDES CHIRURGICAUX EN DENTISTERIE : PRINCIPES, APPLICATIONS ET EFFICACIT\u00c9 CLINIQUE - Milident","description":"Our upcoming events at the Milident Laboratory.","robots":{"index":"index","follow":"follow","max-snippet":"max-snippet:-1","max-image-preview":"max-image-preview:large","max-video-preview":"max-video-preview:-1"},"canonical":"https:\/\/milident.com\/fr\/evenements\/guides-chirurgicaux-en-dentisterie-principes-applications-et-efficacite-clinique\/","og_locale":"fr_FR","og_type":"article","og_title":"GUIDES CHIRURGICAUX EN DENTISTERIE : PRINCIPES, APPLICATIONS ET EFFICACIT\u00c9 CLINIQUE - Milident","og_description":"Our upcoming events at the Milident Laboratory.","og_url":"https:\/\/milident.com\/fr\/evenements\/guides-chirurgicaux-en-dentisterie-principes-applications-et-efficacite-clinique\/","og_site_name":"Milident","article_publisher":"https:\/\/www.facebook.com\/capitalceramicsEdmonton","article_modified_time":"2026-01-21T06:43:21+00:00","twitter_card":"summary_large_image","twitter_misc":{"Dur\u00e9e de lecture estim\u00e9e":"2 minutes"},"schema":{"@context":"https:\/\/schema.org","@graph":[{"@type":"WebPage","@id":"https:\/\/milident.com\/fr\/evenements\/guides-chirurgicaux-en-dentisterie-principes-applications-et-efficacite-clinique\/","url":"https:\/\/milident.com\/fr\/evenements\/guides-chirurgicaux-en-dentisterie-principes-applications-et-efficacite-clinique\/","name":"GUIDES CHIRURGICAUX EN DENTISTERIE : PRINCIPES, APPLICATIONS ET EFFICACIT\u00c9 CLINIQUE - Milident","isPartOf":{"@id":"https:\/\/milident.com\/fr\/#website"},"datePublished":"2026-01-19T01:22:54+00:00","dateModified":"2026-01-21T06:43:21+00:00","description":"Our upcoming events at the Milident Laboratory.","breadcrumb":{"@id":"https:\/\/milident.com\/fr\/evenements\/guides-chirurgicaux-en-dentisterie-principes-applications-et-efficacite-clinique\/#breadcrumb"},"inLanguage":"fr-FR","potentialAction":[{"@type":"ReadAction","target":["https:\/\/milident.com\/fr\/evenements\/guides-chirurgicaux-en-dentisterie-principes-applications-et-efficacite-clinique\/"]}]},{"@type":"BreadcrumbList","@id":"https:\/\/milident.com\/fr\/evenements\/guides-chirurgicaux-en-dentisterie-principes-applications-et-efficacite-clinique\/#breadcrumb","itemListElement":[{"@type":"ListItem","position":1,"name":"Home","item":"https:\/\/milident.com\/fr\/"},{"@type":"ListItem","position":2,"name":"\u00c9v\u00e9nements","item":"https:\/\/milident.com\/fr\/evenements\/"},{"@type":"ListItem","position":3,"name":"GUIDES CHIRURGICAUX EN DENTISTERIE : PRINCIPES, APPLICATIONS ET EFFICACIT\u00c9 CLINIQUE"}]},{"@type":"WebSite","@id":"https:\/\/milident.com\/fr\/#website","url":"https:\/\/milident.com\/fr\/","name":"Milident","description":"Fully digital laboratory","potentialAction":[{"@type":"SearchAction","target":{"@type":"EntryPoint","urlTemplate":"https:\/\/milident.com\/fr\/?s={search_term_string}"},"query-input":{"@type":"PropertyValueSpecification","valueRequired":true,"valueName":"search_term_string"}}],"inLanguage":"fr-FR"}]}},"_links":{"self":[{"href":"https:\/\/milident.com\/fr\/wp-json\/wp\/v2\/pages\/9549","targetHints":{"allow":["GET"]}}],"collection":[{"href":"https:\/\/milident.com\/fr\/wp-json\/wp\/v2\/pages"}],"about":[{"href":"https:\/\/milident.com\/fr\/wp-json\/wp\/v2\/types\/page"}],"author":[{"embeddable":true,"href":"https:\/\/milident.com\/fr\/wp-json\/wp\/v2\/users\/14"}],"replies":[{"embeddable":true,"href":"https:\/\/milident.com\/fr\/wp-json\/wp\/v2\/comments?post=9549"}],"version-history":[{"count":6,"href":"https:\/\/milident.com\/fr\/wp-json\/wp\/v2\/pages\/9549\/revisions"}],"predecessor-version":[{"id":9582,"href":"https:\/\/milident.com\/fr\/wp-json\/wp\/v2\/pages\/9549\/revisions\/9582"}],"up":[{"embeddable":true,"href":"https:\/\/milident.com\/fr\/wp-json\/wp\/v2\/pages\/5895"}],"wp:attachment":[{"href":"https:\/\/milident.com\/fr\/wp-json\/wp\/v2\/media?parent=9549"}],"curies":[{"name":"wp","href":"https:\/\/api.w.org\/{rel}","templated":true}]}}