{"id":9565,"date":"2026-01-14T04:37:48","date_gmt":"2026-01-14T08:37:48","guid":{"rendered":"https:\/\/milident.com\/pay-online-milident-event-surgical-guides-in-dentistry-principles-applications-clinical-efficiency\/"},"modified":"2026-01-21T02:29:44","modified_gmt":"2026-01-21T06:29:44","slug":"paiement-en-ligne-evenement-milident-guides-chirurgicaux-en-dentisterie-principes-applications-et-efficacite-clinique","status":"publish","type":"page","link":"https:\/\/milident.com\/fr\/paiement-en-ligne-evenement-milident-guides-chirurgicaux-en-dentisterie-principes-applications-et-efficacite-clinique\/","title":{"rendered":"Paiement en ligne &#8211; \u00c9v\u00e9nement Milident &#8211; Guides chirurgicaux en dentisterie\u00a0: principes, applications et efficacit\u00e9 clinique"},"content":{"rendered":"<div class=\"wpb-content-wrapper\">[vc_row][vc_column width=\u00a0\u00bb1\/2&Prime;][vc_column_text css=\u00a0\u00bb\u00a0\u00bb]\n<div style=\"font-family: Arial, sans-serif; max-width: 600px; padding: 20px; border: 1px solid #e0e0e0; border-radius: 8px; line-height: 1.6; color: #000;\">\n<div style=\"font-weight: bold; text-transform: uppercase; font-size: 18px; margin-bottom: 15px; border-bottom: 2px solid #000; padding-bottom: 10px;\">Paiement en ligne &#8211; \u00c9v\u00e9nement Milident &#8211; Guides chirurgicaux en dentisterie\u00a0: principes, applications et efficacit\u00e9 clinique<\/div>\n<div style=\"display: flex; align-items: center; margin-bottom: 10px;\"><span style=\"font-size: 16px; margin-right: 10px;\"><i class=\"fas fa-tags\"><\/i> <strong>Co\u00fbt :<\/strong> $249 (TPS incluse)<br \/><i class=\"fas fa-calendar-alt\"><\/i> <strong>Date :<\/strong> Le samedi 21 f\u00e9vrier 2026, de 9h \u00e0 16h<br \/><i class=\"fas fa-map-marker-alt\"><\/i> <strong>Lieu :<\/strong> Laboratoire dentaire Milident &#8211; 165, boul. de la technologie, Gatineau, QC\u00a0<\/span><\/div>\n<div style=\"display: flex; align-items: flex-start; margin-bottom: 10px;\">\n<p>&nbsp;<\/p>\n<\/div>\n<\/div>\n[\/vc_column_text][\/vc_column][vc_column width=\u00a0\u00bb1\/2&Prime;][vc_row_inner][vc_column_inner][vc_column_text css=\u00a0\u00bb\u00a0\u00bb]\n<h5><strong>INFORMATIONS D&rsquo;INSCRIPTION:<\/strong><\/h5>\n[ninja_form id=26]\n<p>\u00a0<\/p>\n\n<div class=\"wp-block-image\">\n<figure class=\"aligncenter size-large is-resized\"><img decoding=\"async\" class=\"wp-image-2218\" src=\"https:\/\/milident.com\/wp-content\/uploads\/2020\/05\/02.-Your-Account-Logos-3--1024x145.jpg\" alt=\"\" width=\"360\" height=\"51\" srcset=\"https:\/\/milident.com\/wp-content\/uploads\/2020\/05\/02.-Your-Account-Logos-3--1024x145.jpg 1024w, https:\/\/milident.com\/wp-content\/uploads\/2020\/05\/02.-Your-Account-Logos-3--300x42.jpg 300w, https:\/\/milident.com\/wp-content\/uploads\/2020\/05\/02.-Your-Account-Logos-3--768x109.jpg 768w, https:\/\/milident.com\/wp-content\/uploads\/2020\/05\/02.-Your-Account-Logos-3-.jpg 1293w\" sizes=\"(max-width: 360px) 100vw, 360px\" \/><\/figure>\n<\/div>\n<p>\u00a0<\/p>\n[\/vc_column_text][\/vc_column_inner][\/vc_row_inner][\/vc_column][\/vc_row][vc_row][vc_column][\/vc_column][\/vc_row]\n<\/div>","protected":false},"excerpt":{"rendered":"<p>[vc_row][vc_column width=\u00a0\u00bb1\/2&Prime;][vc_column_text css=\u00a0\u00bb\u00a0\u00bb] Paiement en ligne &#8211; \u00c9v\u00e9nement Milident &#8211; Guides chirurgicaux en dentisterie\u00a0: principes, applications et efficacit\u00e9 clinique Co\u00fbt : $249 (TPS incluse) Date : Le samedi 21 f\u00e9vrier 2026, de 9h \u00e0 16h Lieu : Laboratoire dentaire Milident &#8211; 165, boul. de la technologie, Gatineau, QC\u00a0 &nbsp; [\/vc_column_text][\/vc_column][vc_column width=\u00a0\u00bb1\/2&Prime;][vc_row_inner][vc_column_inner][vc_column_text css=\u00a0\u00bb\u00a0\u00bb] INFORMATIONS D&rsquo;INSCRIPTION: [ninja_form id=26] \u00a0 \u00a0 [\/vc_column_text][\/vc_column_inner][\/vc_row_inner][\/vc_column][\/vc_row][vc_row][vc_column][\/vc_column][\/vc_row]<\/p>\n","protected":false},"author":14,"featured_media":0,"parent":0,"menu_order":0,"comment_status":"closed","ping_status":"closed","template":"","meta":{"inline_featured_image":false,"footnotes":""},"class_list":["post-9565","page","type-page","status-publish","hentry"],"yoast_head":"<!-- This site is optimized with the Yoast SEO plugin v27.2 - https:\/\/yoast.com\/product\/yoast-seo-wordpress\/ -->\n<title>Paiement en ligne - \u00c9v\u00e9nement Milident - Guides chirurgicaux en dentisterie\u00a0: principes, applications et efficacit\u00e9 clinique - Milident<\/title>\n<meta name=\"robots\" content=\"index, follow, max-snippet:-1, max-image-preview:large, max-video-preview:-1\" \/>\n<link rel=\"canonical\" href=\"https:\/\/milident.com\/fr\/paiement-en-ligne-evenement-milident-guides-chirurgicaux-en-dentisterie-principes-applications-et-efficacite-clinique\/\" \/>\n<meta property=\"og:locale\" content=\"fr_FR\" \/>\n<meta property=\"og:type\" content=\"article\" \/>\n<meta property=\"og:title\" content=\"Paiement en ligne - \u00c9v\u00e9nement Milident - Guides chirurgicaux en dentisterie\u00a0: principes, applications et efficacit\u00e9 clinique - Milident\" \/>\n<meta property=\"og:description\" content=\"[vc_row][vc_column width=\u00a0\u00bb1\/2&Prime;][vc_column_text css=\u00a0\u00bb\u00a0\u00bb] Paiement en ligne &#8211; \u00c9v\u00e9nement Milident &#8211; Guides chirurgicaux en dentisterie\u00a0: principes, applications et efficacit\u00e9 clinique Co\u00fbt : $249 (TPS incluse) Date : Le samedi 21 f\u00e9vrier 2026, de 9h \u00e0 16h Lieu : Laboratoire dentaire Milident &#8211; 165, boul. de la technologie, Gatineau, QC\u00a0 &nbsp; [\/vc_column_text][\/vc_column][vc_column width=\u00a0\u00bb1\/2&Prime;][vc_row_inner][vc_column_inner][vc_column_text css=\u00a0\u00bb\u00a0\u00bb] INFORMATIONS D&rsquo;INSCRIPTION: [ninja_form id=26] \u00a0 \u00a0 [\/vc_column_text][\/vc_column_inner][\/vc_row_inner][\/vc_column][\/vc_row][vc_row][vc_column][\/vc_column][\/vc_row]\" \/>\n<meta property=\"og:url\" content=\"https:\/\/milident.com\/fr\/paiement-en-ligne-evenement-milident-guides-chirurgicaux-en-dentisterie-principes-applications-et-efficacite-clinique\/\" \/>\n<meta property=\"og:site_name\" content=\"Milident\" \/>\n<meta property=\"article:publisher\" content=\"https:\/\/www.facebook.com\/capitalceramicsEdmonton\" \/>\n<meta property=\"article:modified_time\" content=\"2026-01-21T06:29:44+00:00\" \/>\n<meta property=\"og:image\" content=\"https:\/\/milident.com\/wp-content\/uploads\/2020\/05\/02.-Your-Account-Logos-3-.jpg\" \/>\n\t<meta property=\"og:image:width\" content=\"1293\" \/>\n\t<meta property=\"og:image:height\" content=\"183\" \/>\n\t<meta property=\"og:image:type\" content=\"image\/jpeg\" \/>\n<meta name=\"twitter:card\" content=\"summary_large_image\" \/>\n<meta name=\"twitter:label1\" content=\"Dur\u00e9e de lecture estim\u00e9e\" \/>\n\t<meta name=\"twitter:data1\" content=\"1 minute\" \/>\n<script type=\"application\/ld+json\" class=\"yoast-schema-graph\">{\"@context\":\"https:\/\/schema.org\",\"@graph\":[{\"@type\":\"WebPage\",\"@id\":\"https:\/\/milident.com\/fr\/paiement-en-ligne-evenement-milident-guides-chirurgicaux-en-dentisterie-principes-applications-et-efficacite-clinique\/\",\"url\":\"https:\/\/milident.com\/fr\/paiement-en-ligne-evenement-milident-guides-chirurgicaux-en-dentisterie-principes-applications-et-efficacite-clinique\/\",\"name\":\"Paiement en ligne - \u00c9v\u00e9nement Milident - Guides chirurgicaux en dentisterie\u00a0: principes, applications et efficacit\u00e9 clinique - Milident\",\"isPartOf\":{\"@id\":\"https:\/\/milident.com\/fr\/#website\"},\"primaryImageOfPage\":{\"@id\":\"https:\/\/milident.com\/fr\/paiement-en-ligne-evenement-milident-guides-chirurgicaux-en-dentisterie-principes-applications-et-efficacite-clinique\/#primaryimage\"},\"image\":{\"@id\":\"https:\/\/milident.com\/fr\/paiement-en-ligne-evenement-milident-guides-chirurgicaux-en-dentisterie-principes-applications-et-efficacite-clinique\/#primaryimage\"},\"thumbnailUrl\":\"https:\/\/milident.com\/wp-content\/uploads\/2020\/05\/02.-Your-Account-Logos-3--1024x145.jpg\",\"datePublished\":\"2026-01-14T08:37:48+00:00\",\"dateModified\":\"2026-01-21T06:29:44+00:00\",\"breadcrumb\":{\"@id\":\"https:\/\/milident.com\/fr\/paiement-en-ligne-evenement-milident-guides-chirurgicaux-en-dentisterie-principes-applications-et-efficacite-clinique\/#breadcrumb\"},\"inLanguage\":\"fr-FR\",\"potentialAction\":[{\"@type\":\"ReadAction\",\"target\":[\"https:\/\/milident.com\/fr\/paiement-en-ligne-evenement-milident-guides-chirurgicaux-en-dentisterie-principes-applications-et-efficacite-clinique\/\"]}]},{\"@type\":\"ImageObject\",\"inLanguage\":\"fr-FR\",\"@id\":\"https:\/\/milident.com\/fr\/paiement-en-ligne-evenement-milident-guides-chirurgicaux-en-dentisterie-principes-applications-et-efficacite-clinique\/#primaryimage\",\"url\":\"https:\/\/milident.com\/wp-content\/uploads\/2020\/05\/02.-Your-Account-Logos-3--1024x145.jpg\",\"contentUrl\":\"https:\/\/milident.com\/wp-content\/uploads\/2020\/05\/02.-Your-Account-Logos-3--1024x145.jpg\"},{\"@type\":\"BreadcrumbList\",\"@id\":\"https:\/\/milident.com\/fr\/paiement-en-ligne-evenement-milident-guides-chirurgicaux-en-dentisterie-principes-applications-et-efficacite-clinique\/#breadcrumb\",\"itemListElement\":[{\"@type\":\"ListItem\",\"position\":1,\"name\":\"Home\",\"item\":\"https:\/\/milident.com\/fr\/\"},{\"@type\":\"ListItem\",\"position\":2,\"name\":\"Paiement en ligne &#8211; \u00c9v\u00e9nement Milident &#8211; Guides chirurgicaux en dentisterie\u00a0: principes, applications et efficacit\u00e9 clinique\"}]},{\"@type\":\"WebSite\",\"@id\":\"https:\/\/milident.com\/fr\/#website\",\"url\":\"https:\/\/milident.com\/fr\/\",\"name\":\"Milident\",\"description\":\"Fully digital laboratory\",\"potentialAction\":[{\"@type\":\"SearchAction\",\"target\":{\"@type\":\"EntryPoint\",\"urlTemplate\":\"https:\/\/milident.com\/fr\/?s={search_term_string}\"},\"query-input\":{\"@type\":\"PropertyValueSpecification\",\"valueRequired\":true,\"valueName\":\"search_term_string\"}}],\"inLanguage\":\"fr-FR\"}]}<\/script>\n<!-- \/ Yoast SEO plugin. -->","yoast_head_json":{"title":"Paiement en ligne - \u00c9v\u00e9nement Milident - Guides chirurgicaux en dentisterie\u00a0: principes, applications et efficacit\u00e9 clinique - Milident","robots":{"index":"index","follow":"follow","max-snippet":"max-snippet:-1","max-image-preview":"max-image-preview:large","max-video-preview":"max-video-preview:-1"},"canonical":"https:\/\/milident.com\/fr\/paiement-en-ligne-evenement-milident-guides-chirurgicaux-en-dentisterie-principes-applications-et-efficacite-clinique\/","og_locale":"fr_FR","og_type":"article","og_title":"Paiement en ligne - \u00c9v\u00e9nement Milident - Guides chirurgicaux en dentisterie\u00a0: principes, applications et efficacit\u00e9 clinique - Milident","og_description":"[vc_row][vc_column width=\u00a0\u00bb1\/2&Prime;][vc_column_text css=\u00a0\u00bb\u00a0\u00bb] Paiement en ligne &#8211; \u00c9v\u00e9nement Milident &#8211; Guides chirurgicaux en dentisterie\u00a0: principes, applications et efficacit\u00e9 clinique Co\u00fbt : $249 (TPS incluse) Date : Le samedi 21 f\u00e9vrier 2026, de 9h \u00e0 16h Lieu : Laboratoire dentaire Milident &#8211; 165, boul. de la technologie, Gatineau, QC\u00a0 &nbsp; [\/vc_column_text][\/vc_column][vc_column width=\u00a0\u00bb1\/2&Prime;][vc_row_inner][vc_column_inner][vc_column_text css=\u00a0\u00bb\u00a0\u00bb] INFORMATIONS D&rsquo;INSCRIPTION: [ninja_form id=26] \u00a0 \u00a0 [\/vc_column_text][\/vc_column_inner][\/vc_row_inner][\/vc_column][\/vc_row][vc_row][vc_column][\/vc_column][\/vc_row]","og_url":"https:\/\/milident.com\/fr\/paiement-en-ligne-evenement-milident-guides-chirurgicaux-en-dentisterie-principes-applications-et-efficacite-clinique\/","og_site_name":"Milident","article_publisher":"https:\/\/www.facebook.com\/capitalceramicsEdmonton","article_modified_time":"2026-01-21T06:29:44+00:00","og_image":[{"width":1293,"height":183,"url":"https:\/\/milident.com\/wp-content\/uploads\/2020\/05\/02.-Your-Account-Logos-3-.jpg","type":"image\/jpeg"}],"twitter_card":"summary_large_image","twitter_misc":{"Dur\u00e9e de lecture estim\u00e9e":"1 minute"},"schema":{"@context":"https:\/\/schema.org","@graph":[{"@type":"WebPage","@id":"https:\/\/milident.com\/fr\/paiement-en-ligne-evenement-milident-guides-chirurgicaux-en-dentisterie-principes-applications-et-efficacite-clinique\/","url":"https:\/\/milident.com\/fr\/paiement-en-ligne-evenement-milident-guides-chirurgicaux-en-dentisterie-principes-applications-et-efficacite-clinique\/","name":"Paiement en ligne - \u00c9v\u00e9nement Milident - Guides chirurgicaux en dentisterie\u00a0: principes, applications et efficacit\u00e9 clinique - Milident","isPartOf":{"@id":"https:\/\/milident.com\/fr\/#website"},"primaryImageOfPage":{"@id":"https:\/\/milident.com\/fr\/paiement-en-ligne-evenement-milident-guides-chirurgicaux-en-dentisterie-principes-applications-et-efficacite-clinique\/#primaryimage"},"image":{"@id":"https:\/\/milident.com\/fr\/paiement-en-ligne-evenement-milident-guides-chirurgicaux-en-dentisterie-principes-applications-et-efficacite-clinique\/#primaryimage"},"thumbnailUrl":"https:\/\/milident.com\/wp-content\/uploads\/2020\/05\/02.-Your-Account-Logos-3--1024x145.jpg","datePublished":"2026-01-14T08:37:48+00:00","dateModified":"2026-01-21T06:29:44+00:00","breadcrumb":{"@id":"https:\/\/milident.com\/fr\/paiement-en-ligne-evenement-milident-guides-chirurgicaux-en-dentisterie-principes-applications-et-efficacite-clinique\/#breadcrumb"},"inLanguage":"fr-FR","potentialAction":[{"@type":"ReadAction","target":["https:\/\/milident.com\/fr\/paiement-en-ligne-evenement-milident-guides-chirurgicaux-en-dentisterie-principes-applications-et-efficacite-clinique\/"]}]},{"@type":"ImageObject","inLanguage":"fr-FR","@id":"https:\/\/milident.com\/fr\/paiement-en-ligne-evenement-milident-guides-chirurgicaux-en-dentisterie-principes-applications-et-efficacite-clinique\/#primaryimage","url":"https:\/\/milident.com\/wp-content\/uploads\/2020\/05\/02.-Your-Account-Logos-3--1024x145.jpg","contentUrl":"https:\/\/milident.com\/wp-content\/uploads\/2020\/05\/02.-Your-Account-Logos-3--1024x145.jpg"},{"@type":"BreadcrumbList","@id":"https:\/\/milident.com\/fr\/paiement-en-ligne-evenement-milident-guides-chirurgicaux-en-dentisterie-principes-applications-et-efficacite-clinique\/#breadcrumb","itemListElement":[{"@type":"ListItem","position":1,"name":"Home","item":"https:\/\/milident.com\/fr\/"},{"@type":"ListItem","position":2,"name":"Paiement en ligne &#8211; \u00c9v\u00e9nement Milident &#8211; Guides chirurgicaux en dentisterie\u00a0: principes, applications et efficacit\u00e9 clinique"}]},{"@type":"WebSite","@id":"https:\/\/milident.com\/fr\/#website","url":"https:\/\/milident.com\/fr\/","name":"Milident","description":"Fully digital laboratory","potentialAction":[{"@type":"SearchAction","target":{"@type":"EntryPoint","urlTemplate":"https:\/\/milident.com\/fr\/?s={search_term_string}"},"query-input":{"@type":"PropertyValueSpecification","valueRequired":true,"valueName":"search_term_string"}}],"inLanguage":"fr-FR"}]}},"_links":{"self":[{"href":"https:\/\/milident.com\/fr\/wp-json\/wp\/v2\/pages\/9565","targetHints":{"allow":["GET"]}}],"collection":[{"href":"https:\/\/milident.com\/fr\/wp-json\/wp\/v2\/pages"}],"about":[{"href":"https:\/\/milident.com\/fr\/wp-json\/wp\/v2\/types\/page"}],"author":[{"embeddable":true,"href":"https:\/\/milident.com\/fr\/wp-json\/wp\/v2\/users\/14"}],"replies":[{"embeddable":true,"href":"https:\/\/milident.com\/fr\/wp-json\/wp\/v2\/comments?post=9565"}],"version-history":[{"count":4,"href":"https:\/\/milident.com\/fr\/wp-json\/wp\/v2\/pages\/9565\/revisions"}],"predecessor-version":[{"id":9574,"href":"https:\/\/milident.com\/fr\/wp-json\/wp\/v2\/pages\/9565\/revisions\/9574"}],"wp:attachment":[{"href":"https:\/\/milident.com\/fr\/wp-json\/wp\/v2\/media?parent=9565"}],"curies":[{"name":"wp","href":"https:\/\/api.w.org\/{rel}","templated":true}]}}